{"id":17908,"date":"2019-06-20T14:42:18","date_gmt":"2019-06-20T12:42:18","guid":{"rendered":"https:\/\/ajatutaja.com\/izdelek\/soncna-krema-linea-mammababy-albertino-zf50-150ml\/"},"modified":"2026-04-08T16:06:51","modified_gmt":"2026-04-08T14:06:51","slug":"soncna-krema-linea-mammababy-albertino-zf50-150ml","status":"publish","type":"product","link":"https:\/\/ajatutaja.com\/hr\/proizvod\/soncna-krema-linea-mammababy-albertino-zf50-150ml\/","title":{"rendered":"Son\u010dna krema Linea MammaBaby &#8211; Albertino ZF50+ 150ml"},"content":{"rendered":"<p><strong><em>Krema je izredno mazljiva<\/em><\/strong> in se hitro vpije ter <strong><em>ne pu\u0161\u010da belih made\u017eev<\/em><\/strong>. Sprej enakomerno razporedi vsebino in omogo\u010da <strong><em>enostavno mazanje<\/em><\/strong>.<\/p>\n<p>Son\u010dna krema Angelina iz kolekcije kozmetike Linea MammaBaby je <strong><em>vodoodporna, dermatolo\u0161ko testirana<\/em><\/strong> na ob\u010dutljivi ko\u017ei, brez parabenov ter barvil, peg free, testirano za nikelj, krom in kobalt (*1ppm).<\/p>\n<p><em>Izdelki Linea MammaBaby so na voljo tudi v trgovini Ajatutaja Koper.<\/em><\/p>\n<p><em><strong>Lastnosti:<\/strong><\/em><\/p>\n<ul>\n<li>Ne pu\u0161\u010da made\u017eev,<\/li>\n<li>Ni masten ter ne vsebuje kemi\u010dnih ter sinteti\u010dnih repelantov,<\/li>\n<li>Dermatolo\u0161ko testiran na ob\u010dutljivi ko\u017ei,<\/li>\n<li>Testiran za te\u017eke kovine, nikelj, krom, kobalt (&lt;1ppm),<\/li>\n<li>Ne vsebuje barvil, parabenov in silikona.<\/li>\n<\/ul>\n<div class=\"product-content product-tab-1 product-content-current\">\n<p><strong>Sestavine (INCI):<\/strong><br \/>\nAqua (Water), Octocrylene, Ethylhexyl Methoxycinnamate, Phenylbenzimidazole Sulfonic Acid, Diethylamino Hydroxybenzoyl Hexyl Benzoate, Butyl Methoxydibenzoylmethane, Arginine, Diisopropyl Adipate, Polyglyceryl-3 Cocoate, Polyester-7, Bis-ethylhexyloxyphenol Methoxyphenyl Triazine, Neopentyl Glycol Diheptanoate, Glycerin, Polyglyceryl-6 Stearate, Glyceryl Stearate Citrate, Phenoxyethanol, Potassium Cetyl Phosphate, Sorbitol, Magnesium Aluminum Silicate, Diisopropyl Sebacate, Parfum (Fragrance), Tocopheryl Acetate, Ethylhexylglycerin, Polyglyceryl-6 Behenate.<\/p>\n<p><strong>Proizvajalec:<\/strong><br \/>\nOlcelli Farmaceutici srl, Giussano (MB), Italija<\/p>\n<p><strong>Pakiranje: 150 ml<\/strong><\/p>\n<p><strong><em>Uporaba: <\/em><\/strong>enakomerno razmazati direktno na ko\u017eo vsaj 30 minut pred izpostavljanju soncu.<\/p>\n<p><em><strong>Opozorilo:<\/strong><\/em> krema je primerna tudi za dojen\u010dke. Otrok ne izpostavljajte direktno soncu brez primerne za\u0161\u010dite. Izogibajte se soncu v opoldanskih urah ter prekomernemu izpostavljanju son\u010dnim \u017earkom, saj to lahko povzro\u010di \u0161kodljive posledice za zdravje. Krema je primerna za uporabo od rojstva naprej.<\/p>\n<div class=\"term-description\">\n<p><em>Linea MammaBaby izdelki so se razvili zaradi ljubezni do otrok ter prepri\u010danja, da je mal\u010dkom potrebno ponuditi le najbolj kakovostne kozmeti\u010dne proizvode. Izdelki so narejeni iz kakovostnih sestavin, ki va\u0161im otrokom zagotavljajo najbolj\u0161o za\u0161\u010dito. Celotna kolekcija priljubljenih izdelkov je izdelana v Italiji. Popolnoma vsi izdelki so biolo\u0161ko izdelani iz rastlinskih ekstraktov iz ekolo\u0161kih kmetij doma\u010dih kmetovalcev. Ta naravna kozmetika ne vsebuje barvil, parabenov, natrijevega sulfata ter drugih \u0161kodljivih snovi. Visoka kakovost izdelkov ter privla\u010dna in enostavna embala\u017ea bo vzbudila zanimanje ter veselje va\u0161ih malih son\u010dkov. Notranjost embala\u017ene \u0161katle nekaterih izdelkov je potiskana s pobarvanko, ki bo va\u0161ega mal\u010dka zagotovo z navdu\u0161enjem zaposlila.<\/em><\/p>\n<\/div>\n<p><em>\u00a0<\/em><\/p>\n<\/div>\n","protected":false},"excerpt":{"rendered":"<p>Son\u010dna krema Albertino ZF 50+\u00a0z visokim za\u0161\u010ditnim faktorjem 50 je izdelana posebej za otro\u0161ko ko\u017eo. Krema je primerna tudi za otroke zelo svetle polti.<br \/>\nZahvaljujo\u010d inovativnemu sistemu filtriranja (\u0161irok spekter za\u0161\u010dite pred UVB-UVA sevanjem) u\u010dinkovito, foto stabilno in naravno \u0161\u010diti ob\u010dutljivo ko\u017eo majhnih otrok pred son\u010dnimi opeklinami.\u00a0Prijetna mehka tekstura ter hitra vpojnost.<\/p>\n","protected":false},"featured_media":17909,"template":"","meta":[],"pwb-brand":[2672,2658],"product_brand":[],"product_cat":[2655,2657,2608,2742],"product_tag":[4049,5800],"class_list":{"0":"post-17908","1":"product","2":"type-product","3":"status-publish","4":"has-post-thumbnail","6":"pwb-brand-linea-mamma-baby-nega-in-kopanje","7":"pwb-brand-nega-in-kopanje","8":"product_cat-kozmetika-za-otroke","9":"product_cat-kreme-za-soncenje","10":"product_cat-nega-in-kopanje","11":"product_cat-outlet","12":"product_tag-linea-mammababy","13":"product_tag-summersale","15":"first","16":"outofstock","17":"sale","18":"taxable","19":"shipping-taxable","20":"purchasable","21":"product-type-simple","22":"add-to-wishlist-before_image"},"yoast_head":"<!-- This site is optimized with the Yoast SEO plugin v27.3 - https:\/\/yoast.com\/product\/yoast-seo-wordpress\/ -->\n<title>Son\u010dna krema Linea MammaBaby - Albertino ZF50+ 150ml | Ajatutaja<\/title>\n<meta name=\"description\" content=\"Son\u010dna krema Albertino ZF 50+ je najbolj\u0161a prijateljica mal\u010dkov, ki se radi igrajo in izpostavljajo son\u010dku in je izdelana za ob\u010dutljivo otro\u0161ko ko\u017eo.\" \/>\n<meta name=\"robots\" content=\"index, follow, max-snippet:-1, max-image-preview:large, max-video-preview:-1\" \/>\n<link rel=\"canonical\" href=\"https:\/\/ajatutaja.com\/izdelek\/soncna-krema-linea-mammababy-albertino-zf50-150ml\/\" \/>\n<meta property=\"og:locale\" content=\"hr_HR\" \/>\n<meta property=\"og:type\" content=\"article\" \/>\n<meta property=\"og:title\" content=\"Son\u010dna krema Linea MammaBaby - Albertino ZF50+ 150ml | Ajatutaja\" \/>\n<meta property=\"og:description\" content=\"Son\u010dna krema Albertino ZF 50+ je najbolj\u0161a prijateljica mal\u010dkov, ki se radi igrajo in izpostavljajo son\u010dku in je izdelana za ob\u010dutljivo otro\u0161ko ko\u017eo.\" \/>\n<meta property=\"og:url\" content=\"https:\/\/ajatutaja.com\/izdelek\/soncna-krema-linea-mammababy-albertino-zf50-150ml\/\" \/>\n<meta property=\"og:site_name\" content=\"Ajatutaja\" \/>\n<meta property=\"article:modified_time\" content=\"2026-04-08T14:06:51+00:00\" \/>\n<meta property=\"og:image\" content=\"https:\/\/ajatutaja.com\/wp-content\/uploads\/2021\/11\/Linea-MammaBaby-soncna-krema-v-spraju-za-otroke-50-ajatutaja-1.jpg\" \/>\n\t<meta property=\"og:image:width\" content=\"600\" \/>\n\t<meta property=\"og:image:height\" content=\"600\" \/>\n\t<meta property=\"og:image:type\" content=\"image\/jpeg\" \/>\n<meta name=\"twitter:card\" content=\"summary_large_image\" \/>\n<meta name=\"twitter:label1\" content=\"Procijenjeno vrijeme \u010ditanja\" \/>\n\t<meta name=\"twitter:data1\" content=\"2 minute\" \/>\n<script type=\"application\/ld+json\" class=\"yoast-schema-graph\">{\"@context\":\"https:\\\/\\\/schema.org\",\"@graph\":[{\"@type\":\"WebPage\",\"@id\":\"https:\\\/\\\/ajatutaja.com\\\/izdelek\\\/soncna-krema-linea-mammababy-albertino-zf50-150ml\\\/\",\"url\":\"https:\\\/\\\/ajatutaja.com\\\/izdelek\\\/soncna-krema-linea-mammababy-albertino-zf50-150ml\\\/\",\"name\":\"Son\u010dna krema Linea MammaBaby - Albertino ZF50+ 150ml | Ajatutaja\",\"isPartOf\":{\"@id\":\"https:\\\/\\\/ajatutaja.com\\\/#website\"},\"primaryImageOfPage\":{\"@id\":\"https:\\\/\\\/ajatutaja.com\\\/izdelek\\\/soncna-krema-linea-mammababy-albertino-zf50-150ml\\\/#primaryimage\"},\"image\":{\"@id\":\"https:\\\/\\\/ajatutaja.com\\\/izdelek\\\/soncna-krema-linea-mammababy-albertino-zf50-150ml\\\/#primaryimage\"},\"thumbnailUrl\":\"https:\\\/\\\/ajatutaja.com\\\/wp-content\\\/uploads\\\/2021\\\/11\\\/Linea-MammaBaby-soncna-krema-v-spraju-za-otroke-50-ajatutaja-1.jpg\",\"datePublished\":\"2019-06-20T12:42:18+00:00\",\"dateModified\":\"2026-04-08T14:06:51+00:00\",\"description\":\"Son\u010dna krema Albertino ZF 50+ je najbolj\u0161a prijateljica mal\u010dkov, ki se radi igrajo in izpostavljajo son\u010dku in je izdelana za ob\u010dutljivo otro\u0161ko ko\u017eo.\",\"breadcrumb\":{\"@id\":\"https:\\\/\\\/ajatutaja.com\\\/izdelek\\\/soncna-krema-linea-mammababy-albertino-zf50-150ml\\\/#breadcrumb\"},\"inLanguage\":\"hr\",\"potentialAction\":[{\"@type\":\"ReadAction\",\"target\":[\"https:\\\/\\\/ajatutaja.com\\\/izdelek\\\/soncna-krema-linea-mammababy-albertino-zf50-150ml\\\/\"]}]},{\"@type\":\"ImageObject\",\"inLanguage\":\"hr\",\"@id\":\"https:\\\/\\\/ajatutaja.com\\\/izdelek\\\/soncna-krema-linea-mammababy-albertino-zf50-150ml\\\/#primaryimage\",\"url\":\"https:\\\/\\\/ajatutaja.com\\\/wp-content\\\/uploads\\\/2021\\\/11\\\/Linea-MammaBaby-soncna-krema-v-spraju-za-otroke-50-ajatutaja-1.jpg\",\"contentUrl\":\"https:\\\/\\\/ajatutaja.com\\\/wp-content\\\/uploads\\\/2021\\\/11\\\/Linea-MammaBaby-soncna-krema-v-spraju-za-otroke-50-ajatutaja-1.jpg\",\"width\":600,\"height\":600},{\"@type\":\"BreadcrumbList\",\"@id\":\"https:\\\/\\\/ajatutaja.com\\\/izdelek\\\/soncna-krema-linea-mammababy-albertino-zf50-150ml\\\/#breadcrumb\",\"itemListElement\":[{\"@type\":\"ListItem\",\"position\":1,\"name\":\"Home\",\"item\":\"https:\\\/\\\/ajatutaja.com\\\/hr\\\/\"},{\"@type\":\"ListItem\",\"position\":2,\"name\":\"Trgovina\",\"item\":\"https:\\\/\\\/ajatutaja.com\\\/hr\\\/trgovina\\\/\"},{\"@type\":\"ListItem\",\"position\":3,\"name\":\"Son\u010dna krema Linea MammaBaby &#8211; Albertino ZF50+ 150ml\"}]},{\"@type\":\"WebSite\",\"@id\":\"https:\\\/\\\/ajatutaja.com\\\/#website\",\"url\":\"https:\\\/\\\/ajatutaja.com\\\/\",\"name\":\"Ajatutaja\",\"description\":\"Otro\u0161ka spletna trgovina AJATUTAJA\",\"publisher\":{\"@id\":\"https:\\\/\\\/ajatutaja.com\\\/#organization\"},\"potentialAction\":[{\"@type\":\"SearchAction\",\"target\":{\"@type\":\"EntryPoint\",\"urlTemplate\":\"https:\\\/\\\/ajatutaja.com\\\/?s={search_term_string}\"},\"query-input\":{\"@type\":\"PropertyValueSpecification\",\"valueRequired\":true,\"valueName\":\"search_term_string\"}}],\"inLanguage\":\"hr\"},{\"@type\":\"Organization\",\"@id\":\"https:\\\/\\\/ajatutaja.com\\\/#organization\",\"name\":\"Ajatutaja\",\"url\":\"https:\\\/\\\/ajatutaja.com\\\/\",\"logo\":{\"@type\":\"ImageObject\",\"inLanguage\":\"hr\",\"@id\":\"https:\\\/\\\/ajatutaja.com\\\/#\\\/schema\\\/logo\\\/image\\\/\",\"url\":\"https:\\\/\\\/ajatutaja.com\\\/wp-content\\\/uploads\\\/2021\\\/10\\\/logo.png\",\"contentUrl\":\"https:\\\/\\\/ajatutaja.com\\\/wp-content\\\/uploads\\\/2021\\\/10\\\/logo.png\",\"width\":555,\"height\":150,\"caption\":\"Ajatutaja\"},\"image\":{\"@id\":\"https:\\\/\\\/ajatutaja.com\\\/#\\\/schema\\\/logo\\\/image\\\/\"}}]}<\/script>\n<!-- \/ Yoast SEO plugin. -->","yoast_head_json":{"title":"Son\u010dna krema Linea MammaBaby - Albertino ZF50+ 150ml | Ajatutaja","description":"Son\u010dna krema Albertino ZF 50+ je najbolj\u0161a prijateljica mal\u010dkov, ki se radi igrajo in izpostavljajo son\u010dku in je izdelana za ob\u010dutljivo otro\u0161ko ko\u017eo.","robots":{"index":"index","follow":"follow","max-snippet":"max-snippet:-1","max-image-preview":"max-image-preview:large","max-video-preview":"max-video-preview:-1"},"canonical":"https:\/\/ajatutaja.com\/izdelek\/soncna-krema-linea-mammababy-albertino-zf50-150ml\/","og_locale":"hr_HR","og_type":"article","og_title":"Son\u010dna krema Linea MammaBaby - Albertino ZF50+ 150ml | Ajatutaja","og_description":"Son\u010dna krema Albertino ZF 50+ je najbolj\u0161a prijateljica mal\u010dkov, ki se radi igrajo in izpostavljajo son\u010dku in je izdelana za ob\u010dutljivo otro\u0161ko ko\u017eo.","og_url":"https:\/\/ajatutaja.com\/izdelek\/soncna-krema-linea-mammababy-albertino-zf50-150ml\/","og_site_name":"Ajatutaja","article_modified_time":"2026-04-08T14:06:51+00:00","og_image":[{"width":600,"height":600,"url":"https:\/\/ajatutaja.com\/wp-content\/uploads\/2021\/11\/Linea-MammaBaby-soncna-krema-v-spraju-za-otroke-50-ajatutaja-1.jpg","type":"image\/jpeg"}],"twitter_card":"summary_large_image","twitter_misc":{"Procijenjeno vrijeme \u010ditanja":"2 minute"},"schema":{"@context":"https:\/\/schema.org","@graph":[{"@type":"WebPage","@id":"https:\/\/ajatutaja.com\/izdelek\/soncna-krema-linea-mammababy-albertino-zf50-150ml\/","url":"https:\/\/ajatutaja.com\/izdelek\/soncna-krema-linea-mammababy-albertino-zf50-150ml\/","name":"Son\u010dna krema Linea MammaBaby - Albertino ZF50+ 150ml | Ajatutaja","isPartOf":{"@id":"https:\/\/ajatutaja.com\/#website"},"primaryImageOfPage":{"@id":"https:\/\/ajatutaja.com\/izdelek\/soncna-krema-linea-mammababy-albertino-zf50-150ml\/#primaryimage"},"image":{"@id":"https:\/\/ajatutaja.com\/izdelek\/soncna-krema-linea-mammababy-albertino-zf50-150ml\/#primaryimage"},"thumbnailUrl":"https:\/\/ajatutaja.com\/wp-content\/uploads\/2021\/11\/Linea-MammaBaby-soncna-krema-v-spraju-za-otroke-50-ajatutaja-1.jpg","datePublished":"2019-06-20T12:42:18+00:00","dateModified":"2026-04-08T14:06:51+00:00","description":"Son\u010dna krema Albertino ZF 50+ je najbolj\u0161a prijateljica mal\u010dkov, ki se radi igrajo in izpostavljajo son\u010dku in je izdelana za ob\u010dutljivo otro\u0161ko ko\u017eo.","breadcrumb":{"@id":"https:\/\/ajatutaja.com\/izdelek\/soncna-krema-linea-mammababy-albertino-zf50-150ml\/#breadcrumb"},"inLanguage":"hr","potentialAction":[{"@type":"ReadAction","target":["https:\/\/ajatutaja.com\/izdelek\/soncna-krema-linea-mammababy-albertino-zf50-150ml\/"]}]},{"@type":"ImageObject","inLanguage":"hr","@id":"https:\/\/ajatutaja.com\/izdelek\/soncna-krema-linea-mammababy-albertino-zf50-150ml\/#primaryimage","url":"https:\/\/ajatutaja.com\/wp-content\/uploads\/2021\/11\/Linea-MammaBaby-soncna-krema-v-spraju-za-otroke-50-ajatutaja-1.jpg","contentUrl":"https:\/\/ajatutaja.com\/wp-content\/uploads\/2021\/11\/Linea-MammaBaby-soncna-krema-v-spraju-za-otroke-50-ajatutaja-1.jpg","width":600,"height":600},{"@type":"BreadcrumbList","@id":"https:\/\/ajatutaja.com\/izdelek\/soncna-krema-linea-mammababy-albertino-zf50-150ml\/#breadcrumb","itemListElement":[{"@type":"ListItem","position":1,"name":"Home","item":"https:\/\/ajatutaja.com\/hr\/"},{"@type":"ListItem","position":2,"name":"Trgovina","item":"https:\/\/ajatutaja.com\/hr\/trgovina\/"},{"@type":"ListItem","position":3,"name":"Son\u010dna krema Linea MammaBaby &#8211; Albertino ZF50+ 150ml"}]},{"@type":"WebSite","@id":"https:\/\/ajatutaja.com\/#website","url":"https:\/\/ajatutaja.com\/","name":"Ajatutaja","description":"Otro\u0161ka spletna trgovina AJATUTAJA","publisher":{"@id":"https:\/\/ajatutaja.com\/#organization"},"potentialAction":[{"@type":"SearchAction","target":{"@type":"EntryPoint","urlTemplate":"https:\/\/ajatutaja.com\/?s={search_term_string}"},"query-input":{"@type":"PropertyValueSpecification","valueRequired":true,"valueName":"search_term_string"}}],"inLanguage":"hr"},{"@type":"Organization","@id":"https:\/\/ajatutaja.com\/#organization","name":"Ajatutaja","url":"https:\/\/ajatutaja.com\/","logo":{"@type":"ImageObject","inLanguage":"hr","@id":"https:\/\/ajatutaja.com\/#\/schema\/logo\/image\/","url":"https:\/\/ajatutaja.com\/wp-content\/uploads\/2021\/10\/logo.png","contentUrl":"https:\/\/ajatutaja.com\/wp-content\/uploads\/2021\/10\/logo.png","width":555,"height":150,"caption":"Ajatutaja"},"image":{"@id":"https:\/\/ajatutaja.com\/#\/schema\/logo\/image\/"}}]}},"brands":[{"id":2672,"name":"Linea Mamma Baby","slug":"linea-mamma-baby-nega-in-kopanje"},{"id":2658,"name":"Nega in kopanje","slug":"nega-in-kopanje"}],"_links":{"self":[{"href":"https:\/\/ajatutaja.com\/hr\/wp-json\/wp\/v2\/product\/17908","targetHints":{"allow":["GET"]}}],"collection":[{"href":"https:\/\/ajatutaja.com\/hr\/wp-json\/wp\/v2\/product"}],"about":[{"href":"https:\/\/ajatutaja.com\/hr\/wp-json\/wp\/v2\/types\/product"}],"wp:featuredmedia":[{"embeddable":true,"href":"https:\/\/ajatutaja.com\/hr\/wp-json\/wp\/v2\/media\/17909"}],"wp:attachment":[{"href":"https:\/\/ajatutaja.com\/hr\/wp-json\/wp\/v2\/media?parent=17908"}],"wp:term":[{"taxonomy":"pwb-brand","embeddable":true,"href":"https:\/\/ajatutaja.com\/hr\/wp-json\/wp\/v2\/pwb-brand?post=17908"},{"taxonomy":"product_brand","embeddable":true,"href":"https:\/\/ajatutaja.com\/hr\/wp-json\/wp\/v2\/product_brand?post=17908"},{"taxonomy":"product_cat","embeddable":true,"href":"https:\/\/ajatutaja.com\/hr\/wp-json\/wp\/v2\/product_cat?post=17908"},{"taxonomy":"product_tag","embeddable":true,"href":"https:\/\/ajatutaja.com\/hr\/wp-json\/wp\/v2\/product_tag?post=17908"}],"curies":[{"name":"wp","href":"https:\/\/api.w.org\/{rel}","templated":true}]}}