{"id":17759,"date":"2019-04-10T18:18:43","date_gmt":"2019-04-10T16:18:43","guid":{"rendered":"https:\/\/ajatutaja.com\/izdelek\/scootride-otroski-skiro-in-poganjalec-2v1-highwaykick-1-steel\/"},"modified":"2025-05-26T12:53:42","modified_gmt":"2025-05-26T10:53:42","slug":"scootride-otroski-skiro-in-poganjalec-2v1-highwaykick-1-steel","status":"publish","type":"product","link":"https:\/\/ajatutaja.com\/hr\/proizvod\/scootride-otroski-skiro-in-poganjalec-2v1-highwaykick-1-steel\/","title":{"rendered":"Scoot&amp;Ride otro\u0161ki skiro in poganjalec 2v1 Highwaykick 1 &#8211; Steel"},"content":{"rendered":"<p>[vc_row][vc_column][vc_column_text]<em>Scoot &amp; Ride Highwaykick 1 je razstavljen v trgovini Ajatutaja Koper, kjer ga va\u0161 mal\u010dek lahko tudi preizkusi!<\/em><\/p>\n<p>Otro\u0161ki poganjalec in skiro SCOOT &amp; RIDE\u00ae model Highwaykick1 2v1, je odli\u010dna izbira za prvi poganjalec, saj spodbuja naravne otrokove motori\u010dne sposobnosti in spretnosti ter pomaga pri pridobivanju ravnote\u017eja.<\/p>\n<ul>\n<li>Poganjalec in skiro Scoot and Ride model Highwaykick1 2v1,<\/li>\n<li>namenjen otrokom od 1. leta starosti dalje pa do 5 leta,<\/li>\n<li>stabilnost, nizek sedalni del in ergonomi\u010dno krmilo,<\/li>\n<li>iz poganjalca v skiro se pretvori v 1 sekundi BREZ pomo\u010di orodja,<\/li>\n<li>te\u017ea artikla: 2,8 kg.<\/li>\n<\/ul>\n<p><em>Scoot&amp;Ride poganjalec lahko va\u0161 mal\u010dek preizkusi v na\u0161i trgovini Ajatutaja Koper!<\/em><\/p>\n<p>Lastnosti, ki ga odlikujejo:<\/p>\n<ul>\n<li><strong>Stabilnost<\/strong>:\u00a0nizek sedalni del in ergonomi\u010dno krmilo<\/li>\n<li><strong>Varnost<\/strong>: varovalo pred sprednjimi kolesi, ki prepre\u010duje mo\u017enost padca naprej<\/li>\n<li><strong>Ravnote\u017eje<\/strong>: 2 kolesi spredaj za maksimalno ravnote\u017eje in udobno \u0161iroko sedalo<\/li>\n<li>Enostavno spreminjaje iz poganjalca v skiro s sprostitvijo gumba na sprednjem delu in obratom sedalnega dela se spremeni funkcija produkta poganjalec v skiro.<\/li>\n<\/ul>\n<p>Tehni\u010dne lastnosti:<\/p>\n<ul>\n<li>Starost: 1 \u2013 5 let<\/li>\n<li>Telesna vi\u0161ina otroka: 82 \u2013 118 cm<\/li>\n<li>Nosilnost: kot poganjalec do 20 kg, kot skiro do 50 kg<\/li>\n<li>Vi\u0161ina sede\u017ea: V poziciji poganjalec ima mo\u017enost nastavitve vi\u0161ine sedalnega dela od 22,5 \u2013 28,5 cm<\/li>\n<li>Krmilo je nastavljivo po vi\u0161ini: v poziciji skiro v vi\u0161ini od 57 do 64 cm<\/li>\n<li>Velikost koles: sprednji dve kolesi 120 mm, zadnje kolo 80 mm<\/li>\n<li>Te\u017ea artikla: 2,8kg.<\/li>\n<\/ul>\n<p>[\/vc_column_text][\/vc_column][\/vc_row]<\/p>\n","protected":false},"excerpt":{"rendered":"<p><strong>Scoot &amp; Ride<\/strong> Highwaykick 1 je edinstven <strong>skiro in poganjalec 2v1<\/strong>, ki se z enim samim dejanjem in brez uporabe orodja, preuredi iz otro\u0161kega poganjal\u010dka v stabilen in kvaliteten skiro za otroke &#8211; in obratno. Namenjen je otrokom od 1. leta, pa vse do 5 leta starosti otroka.<\/p>\n","protected":false},"featured_media":17228,"template":"","meta":[],"pwb-brand":[2452,2409,2428,2465],"product_brand":[],"product_cat":[3989,2362,2406,2361],"product_tag":[4364,4491],"class_list":{"0":"post-17759","1":"product","2":"type-product","3":"status-publish","4":"has-post-thumbnail","6":"pwb-brand-igranje","7":"pwb-brand-potepanje","8":"pwb-brand-scootride","9":"pwb-brand-scootride-igranje","10":"product_cat-12-mesecev-igrace","11":"product_cat-igranje","12":"product_cat-otroski-skiroji-in-poganjalci","13":"product_cat-potepanje","14":"product_tag-highwaykick-1","15":"product_tag-scootride","17":"first","18":"instock","19":"taxable","20":"shipping-taxable","21":"purchasable","22":"product-type-simple","23":"add-to-wishlist-before_image"},"yoast_head":"<!-- This site is optimized with the Yoast SEO plugin v27.3 - https:\/\/yoast.com\/product\/yoast-seo-wordpress\/ -->\n<title>Scoot&amp;Ride otro\u0161ki skiro in poganjalec 2v1 Highwaykick 1 - Steel | Ajatutaja<\/title>\n<meta name=\"description\" content=\"Scoot &amp; Ride Highwaykick 1 je edinstven skiro in poganjalec 2v1, ki se z enim samim gibom, preuredi iz otro\u0161kega poganjal\u010dka v stabilen in kvaliteten skiro.\" \/>\n<meta name=\"robots\" content=\"index, follow, max-snippet:-1, max-image-preview:large, max-video-preview:-1\" \/>\n<link rel=\"canonical\" href=\"https:\/\/ajatutaja.com\/izdelek\/scootride-otroski-skiro-in-poganjalec-2v1-highwaykick-1-steel\/\" \/>\n<meta property=\"og:locale\" content=\"hr_HR\" \/>\n<meta property=\"og:type\" content=\"article\" \/>\n<meta property=\"og:title\" content=\"Scoot&amp;Ride otro\u0161ki skiro in poganjalec 2v1 Highwaykick 1 - Steel | Ajatutaja\" \/>\n<meta property=\"og:description\" content=\"Scoot &amp; Ride Highwaykick 1 je edinstven skiro in poganjalec 2v1, ki se z enim samim gibom, preuredi iz otro\u0161kega poganjal\u010dka v stabilen in kvaliteten skiro.\" \/>\n<meta property=\"og:url\" content=\"https:\/\/ajatutaja.com\/izdelek\/scootride-otroski-skiro-in-poganjalec-2v1-highwaykick-1-steel\/\" \/>\n<meta property=\"og:site_name\" content=\"Ajatutaja\" \/>\n<meta property=\"article:modified_time\" content=\"2025-05-26T10:53:42+00:00\" \/>\n<meta property=\"og:image\" content=\"https:\/\/ajatutaja.com\/wp-content\/uploads\/2021\/11\/otroski-poganjalec-otroski-skiro-scoot-and-ride-highwaykick1-ajatutaja-steel.jpg\" \/>\n\t<meta property=\"og:image:width\" content=\"600\" \/>\n\t<meta property=\"og:image:height\" content=\"600\" \/>\n\t<meta property=\"og:image:type\" content=\"image\/jpeg\" \/>\n<meta name=\"twitter:card\" content=\"summary_large_image\" \/>\n<meta name=\"twitter:label1\" content=\"Procijenjeno vrijeme \u010ditanja\" \/>\n\t<meta name=\"twitter:data1\" content=\"1 minuta\" \/>\n<script type=\"application\/ld+json\" class=\"yoast-schema-graph\">{\"@context\":\"https:\\\/\\\/schema.org\",\"@graph\":[{\"@type\":\"WebPage\",\"@id\":\"https:\\\/\\\/ajatutaja.com\\\/izdelek\\\/scootride-otroski-skiro-in-poganjalec-2v1-highwaykick-1-steel\\\/\",\"url\":\"https:\\\/\\\/ajatutaja.com\\\/izdelek\\\/scootride-otroski-skiro-in-poganjalec-2v1-highwaykick-1-steel\\\/\",\"name\":\"Scoot&amp;Ride otro\u0161ki skiro in poganjalec 2v1 Highwaykick 1 - Steel | Ajatutaja\",\"isPartOf\":{\"@id\":\"https:\\\/\\\/ajatutaja.com\\\/#website\"},\"primaryImageOfPage\":{\"@id\":\"https:\\\/\\\/ajatutaja.com\\\/izdelek\\\/scootride-otroski-skiro-in-poganjalec-2v1-highwaykick-1-steel\\\/#primaryimage\"},\"image\":{\"@id\":\"https:\\\/\\\/ajatutaja.com\\\/izdelek\\\/scootride-otroski-skiro-in-poganjalec-2v1-highwaykick-1-steel\\\/#primaryimage\"},\"thumbnailUrl\":\"https:\\\/\\\/ajatutaja.com\\\/wp-content\\\/uploads\\\/2021\\\/11\\\/otroski-poganjalec-otroski-skiro-scoot-and-ride-highwaykick1-ajatutaja-steel.jpg\",\"datePublished\":\"2019-04-10T16:18:43+00:00\",\"dateModified\":\"2025-05-26T10:53:42+00:00\",\"description\":\"Scoot & Ride Highwaykick 1 je edinstven skiro in poganjalec 2v1, ki se z enim samim gibom, preuredi iz otro\u0161kega poganjal\u010dka v stabilen in kvaliteten skiro.\",\"breadcrumb\":{\"@id\":\"https:\\\/\\\/ajatutaja.com\\\/izdelek\\\/scootride-otroski-skiro-in-poganjalec-2v1-highwaykick-1-steel\\\/#breadcrumb\"},\"inLanguage\":\"hr\",\"potentialAction\":[{\"@type\":\"ReadAction\",\"target\":[\"https:\\\/\\\/ajatutaja.com\\\/izdelek\\\/scootride-otroski-skiro-in-poganjalec-2v1-highwaykick-1-steel\\\/\"]}]},{\"@type\":\"ImageObject\",\"inLanguage\":\"hr\",\"@id\":\"https:\\\/\\\/ajatutaja.com\\\/izdelek\\\/scootride-otroski-skiro-in-poganjalec-2v1-highwaykick-1-steel\\\/#primaryimage\",\"url\":\"https:\\\/\\\/ajatutaja.com\\\/wp-content\\\/uploads\\\/2021\\\/11\\\/otroski-poganjalec-otroski-skiro-scoot-and-ride-highwaykick1-ajatutaja-steel.jpg\",\"contentUrl\":\"https:\\\/\\\/ajatutaja.com\\\/wp-content\\\/uploads\\\/2021\\\/11\\\/otroski-poganjalec-otroski-skiro-scoot-and-ride-highwaykick1-ajatutaja-steel.jpg\",\"width\":600,\"height\":600},{\"@type\":\"BreadcrumbList\",\"@id\":\"https:\\\/\\\/ajatutaja.com\\\/izdelek\\\/scootride-otroski-skiro-in-poganjalec-2v1-highwaykick-1-steel\\\/#breadcrumb\",\"itemListElement\":[{\"@type\":\"ListItem\",\"position\":1,\"name\":\"Home\",\"item\":\"https:\\\/\\\/ajatutaja.com\\\/hr\\\/\"},{\"@type\":\"ListItem\",\"position\":2,\"name\":\"Trgovina\",\"item\":\"https:\\\/\\\/ajatutaja.com\\\/hr\\\/trgovina\\\/\"},{\"@type\":\"ListItem\",\"position\":3,\"name\":\"Scoot&amp;Ride otro\u0161ki skiro in poganjalec 2v1 Highwaykick 1 &#8211; Steel\"}]},{\"@type\":\"WebSite\",\"@id\":\"https:\\\/\\\/ajatutaja.com\\\/#website\",\"url\":\"https:\\\/\\\/ajatutaja.com\\\/\",\"name\":\"Ajatutaja\",\"description\":\"Otro\u0161ka spletna trgovina AJATUTAJA\",\"publisher\":{\"@id\":\"https:\\\/\\\/ajatutaja.com\\\/#organization\"},\"potentialAction\":[{\"@type\":\"SearchAction\",\"target\":{\"@type\":\"EntryPoint\",\"urlTemplate\":\"https:\\\/\\\/ajatutaja.com\\\/?s={search_term_string}\"},\"query-input\":{\"@type\":\"PropertyValueSpecification\",\"valueRequired\":true,\"valueName\":\"search_term_string\"}}],\"inLanguage\":\"hr\"},{\"@type\":\"Organization\",\"@id\":\"https:\\\/\\\/ajatutaja.com\\\/#organization\",\"name\":\"Ajatutaja\",\"url\":\"https:\\\/\\\/ajatutaja.com\\\/\",\"logo\":{\"@type\":\"ImageObject\",\"inLanguage\":\"hr\",\"@id\":\"https:\\\/\\\/ajatutaja.com\\\/#\\\/schema\\\/logo\\\/image\\\/\",\"url\":\"https:\\\/\\\/ajatutaja.com\\\/wp-content\\\/uploads\\\/2021\\\/10\\\/logo.png\",\"contentUrl\":\"https:\\\/\\\/ajatutaja.com\\\/wp-content\\\/uploads\\\/2021\\\/10\\\/logo.png\",\"width\":555,\"height\":150,\"caption\":\"Ajatutaja\"},\"image\":{\"@id\":\"https:\\\/\\\/ajatutaja.com\\\/#\\\/schema\\\/logo\\\/image\\\/\"}}]}<\/script>\n<!-- \/ Yoast SEO plugin. -->","yoast_head_json":{"title":"Scoot&amp;Ride otro\u0161ki skiro in poganjalec 2v1 Highwaykick 1 - Steel | Ajatutaja","description":"Scoot & Ride Highwaykick 1 je edinstven skiro in poganjalec 2v1, ki se z enim samim gibom, preuredi iz otro\u0161kega poganjal\u010dka v stabilen in kvaliteten skiro.","robots":{"index":"index","follow":"follow","max-snippet":"max-snippet:-1","max-image-preview":"max-image-preview:large","max-video-preview":"max-video-preview:-1"},"canonical":"https:\/\/ajatutaja.com\/izdelek\/scootride-otroski-skiro-in-poganjalec-2v1-highwaykick-1-steel\/","og_locale":"hr_HR","og_type":"article","og_title":"Scoot&amp;Ride otro\u0161ki skiro in poganjalec 2v1 Highwaykick 1 - Steel | Ajatutaja","og_description":"Scoot & Ride Highwaykick 1 je edinstven skiro in poganjalec 2v1, ki se z enim samim gibom, preuredi iz otro\u0161kega poganjal\u010dka v stabilen in kvaliteten skiro.","og_url":"https:\/\/ajatutaja.com\/izdelek\/scootride-otroski-skiro-in-poganjalec-2v1-highwaykick-1-steel\/","og_site_name":"Ajatutaja","article_modified_time":"2025-05-26T10:53:42+00:00","og_image":[{"width":600,"height":600,"url":"https:\/\/ajatutaja.com\/wp-content\/uploads\/2021\/11\/otroski-poganjalec-otroski-skiro-scoot-and-ride-highwaykick1-ajatutaja-steel.jpg","type":"image\/jpeg"}],"twitter_card":"summary_large_image","twitter_misc":{"Procijenjeno vrijeme \u010ditanja":"1 minuta"},"schema":{"@context":"https:\/\/schema.org","@graph":[{"@type":"WebPage","@id":"https:\/\/ajatutaja.com\/izdelek\/scootride-otroski-skiro-in-poganjalec-2v1-highwaykick-1-steel\/","url":"https:\/\/ajatutaja.com\/izdelek\/scootride-otroski-skiro-in-poganjalec-2v1-highwaykick-1-steel\/","name":"Scoot&amp;Ride otro\u0161ki skiro in poganjalec 2v1 Highwaykick 1 - Steel | Ajatutaja","isPartOf":{"@id":"https:\/\/ajatutaja.com\/#website"},"primaryImageOfPage":{"@id":"https:\/\/ajatutaja.com\/izdelek\/scootride-otroski-skiro-in-poganjalec-2v1-highwaykick-1-steel\/#primaryimage"},"image":{"@id":"https:\/\/ajatutaja.com\/izdelek\/scootride-otroski-skiro-in-poganjalec-2v1-highwaykick-1-steel\/#primaryimage"},"thumbnailUrl":"https:\/\/ajatutaja.com\/wp-content\/uploads\/2021\/11\/otroski-poganjalec-otroski-skiro-scoot-and-ride-highwaykick1-ajatutaja-steel.jpg","datePublished":"2019-04-10T16:18:43+00:00","dateModified":"2025-05-26T10:53:42+00:00","description":"Scoot & Ride Highwaykick 1 je edinstven skiro in poganjalec 2v1, ki se z enim samim gibom, preuredi iz otro\u0161kega poganjal\u010dka v stabilen in kvaliteten skiro.","breadcrumb":{"@id":"https:\/\/ajatutaja.com\/izdelek\/scootride-otroski-skiro-in-poganjalec-2v1-highwaykick-1-steel\/#breadcrumb"},"inLanguage":"hr","potentialAction":[{"@type":"ReadAction","target":["https:\/\/ajatutaja.com\/izdelek\/scootride-otroski-skiro-in-poganjalec-2v1-highwaykick-1-steel\/"]}]},{"@type":"ImageObject","inLanguage":"hr","@id":"https:\/\/ajatutaja.com\/izdelek\/scootride-otroski-skiro-in-poganjalec-2v1-highwaykick-1-steel\/#primaryimage","url":"https:\/\/ajatutaja.com\/wp-content\/uploads\/2021\/11\/otroski-poganjalec-otroski-skiro-scoot-and-ride-highwaykick1-ajatutaja-steel.jpg","contentUrl":"https:\/\/ajatutaja.com\/wp-content\/uploads\/2021\/11\/otroski-poganjalec-otroski-skiro-scoot-and-ride-highwaykick1-ajatutaja-steel.jpg","width":600,"height":600},{"@type":"BreadcrumbList","@id":"https:\/\/ajatutaja.com\/izdelek\/scootride-otroski-skiro-in-poganjalec-2v1-highwaykick-1-steel\/#breadcrumb","itemListElement":[{"@type":"ListItem","position":1,"name":"Home","item":"https:\/\/ajatutaja.com\/hr\/"},{"@type":"ListItem","position":2,"name":"Trgovina","item":"https:\/\/ajatutaja.com\/hr\/trgovina\/"},{"@type":"ListItem","position":3,"name":"Scoot&amp;Ride otro\u0161ki skiro in poganjalec 2v1 Highwaykick 1 &#8211; Steel"}]},{"@type":"WebSite","@id":"https:\/\/ajatutaja.com\/#website","url":"https:\/\/ajatutaja.com\/","name":"Ajatutaja","description":"Otro\u0161ka spletna trgovina AJATUTAJA","publisher":{"@id":"https:\/\/ajatutaja.com\/#organization"},"potentialAction":[{"@type":"SearchAction","target":{"@type":"EntryPoint","urlTemplate":"https:\/\/ajatutaja.com\/?s={search_term_string}"},"query-input":{"@type":"PropertyValueSpecification","valueRequired":true,"valueName":"search_term_string"}}],"inLanguage":"hr"},{"@type":"Organization","@id":"https:\/\/ajatutaja.com\/#organization","name":"Ajatutaja","url":"https:\/\/ajatutaja.com\/","logo":{"@type":"ImageObject","inLanguage":"hr","@id":"https:\/\/ajatutaja.com\/#\/schema\/logo\/image\/","url":"https:\/\/ajatutaja.com\/wp-content\/uploads\/2021\/10\/logo.png","contentUrl":"https:\/\/ajatutaja.com\/wp-content\/uploads\/2021\/10\/logo.png","width":555,"height":150,"caption":"Ajatutaja"},"image":{"@id":"https:\/\/ajatutaja.com\/#\/schema\/logo\/image\/"}}]}},"brands":[{"id":2452,"name":"Igranje","slug":"igranje"},{"id":2409,"name":"Potepanje","slug":"potepanje"},{"id":2428,"name":"Scoot&amp;Ride","slug":"scootride"},{"id":2465,"name":"Scoot&amp;Ride","slug":"scootride-igranje"}],"_links":{"self":[{"href":"https:\/\/ajatutaja.com\/hr\/wp-json\/wp\/v2\/product\/17759","targetHints":{"allow":["GET"]}}],"collection":[{"href":"https:\/\/ajatutaja.com\/hr\/wp-json\/wp\/v2\/product"}],"about":[{"href":"https:\/\/ajatutaja.com\/hr\/wp-json\/wp\/v2\/types\/product"}],"wp:featuredmedia":[{"embeddable":true,"href":"https:\/\/ajatutaja.com\/hr\/wp-json\/wp\/v2\/media\/17228"}],"wp:attachment":[{"href":"https:\/\/ajatutaja.com\/hr\/wp-json\/wp\/v2\/media?parent=17759"}],"wp:term":[{"taxonomy":"pwb-brand","embeddable":true,"href":"https:\/\/ajatutaja.com\/hr\/wp-json\/wp\/v2\/pwb-brand?post=17759"},{"taxonomy":"product_brand","embeddable":true,"href":"https:\/\/ajatutaja.com\/hr\/wp-json\/wp\/v2\/product_brand?post=17759"},{"taxonomy":"product_cat","embeddable":true,"href":"https:\/\/ajatutaja.com\/hr\/wp-json\/wp\/v2\/product_cat?post=17759"},{"taxonomy":"product_tag","embeddable":true,"href":"https:\/\/ajatutaja.com\/hr\/wp-json\/wp\/v2\/product_tag?post=17759"}],"curies":[{"name":"wp","href":"https:\/\/api.w.org\/{rel}","templated":true}]}}