{"id":17670,"date":"2019-02-23T17:35:59","date_gmt":"2019-02-23T16:35:59","guid":{"rendered":"https:\/\/ajatutaja.com\/izdelek\/kahlica-beaba-training-potty-pink\/"},"modified":"2025-07-05T16:50:23","modified_gmt":"2025-07-05T14:50:23","slug":"kahlica-beaba-training-potty-pink","status":"publish","type":"product","link":"https:\/\/ajatutaja.com\/hr\/proizvod\/kahlica-beaba-training-potty-pink\/","title":{"rendered":"Kahlica Beaba training potty &#8211; Pink"},"content":{"rendered":"<p>[vc_row][vc_column][vc_column_text]<strong>Otro\u0161ka kahlica BEABA je zasnovana z mislijo na otrokov udoben prehod iz plenic na uporabo \u0161koljke. Njena ergonomska oblika popolnoma sledi anatomiji tako de\u010dkov kot deklic, kar zagotavlja prijetno in naravno sedenje.<\/strong><\/p>\n<h3>Lastnosti kalhice Beaba Training Potty:<\/h3>\n<ul>\n<li>Odstranljiva notranja posoda s trimi prakti\u010dnimi oprijemali omogo\u010da hitro in enostavno praznjenje ter \u010di\u0161\u010denje.<\/li>\n<li>Nedrse\u010de gumijaste nogice poskrbijo za varnost in stabilnost na vseh vrstah tal.<\/li>\n<li>Integriran ro\u010daj na zadnji strani omogo\u010da preprosto prena\u0161anje \u2013 idealno za uporabo doma ali na obisku.<\/li>\n<li>Zahvaljujo\u010d kombinaciji funkcionalnosti in udobja je kahlica BEABA odli\u010dna izbira za star\u0161e, ki i\u0161\u010dejo zanesljiv in estetsko dovr\u0161en pripomo\u010dek za odvajanje od plenic.<\/li>\n<li>Dimenzije: 33\u202f\u00d7\u202f29\u202f\u00d7\u202f21\u202fcm<\/li>\n<li>Beaba kahlica je dovolj kompaktna in hkrati dovolj prostorna, da zagotavlja stabilno in udobno sedenje za otroke od pribli\u017eno 18. meseca dalje.<\/li>\n<\/ul>\n<p>[\/vc_column_text][\/vc_column][\/vc_row]<\/p>\n","protected":false},"excerpt":{"rendered":"<p style=\"text-align: justify\">Ergonomsko oblikovana otro\u0161ka kahlica s snemljivo posodo Beaba training potty je odli\u010dna izbira za odvajanje otroka od pleni\u010dke. Zgronji del kahlice je snemljiv, kar olaj\u0161a praznjenje in \u010di\u0161\u010denje. Gumijasta obroba na dnu pa zagotavlja stabilnost in varnost otroka pred zdrsom.<\/p>\n","protected":false},"featured_media":17668,"template":"","meta":[],"pwb-brand":[2665,2658],"product_brand":[],"product_cat":[2608,2651],"product_tag":[4055,5790,5791],"class_list":{"0":"post-17670","1":"product","2":"type-product","3":"status-publish","4":"has-post-thumbnail","6":"pwb-brand-beaba-nega-in-kopanje","7":"pwb-brand-nega-in-kopanje","8":"product_cat-nega-in-kopanje","9":"product_cat-otroske-kahlice","10":"product_tag-beaba","11":"product_tag-beaba-potty","12":"product_tag-odvajanje-od-plenick","14":"first","15":"instock","16":"taxable","17":"shipping-taxable","18":"purchasable","19":"product-type-simple","20":"add-to-wishlist-before_image"},"yoast_head":"<!-- This site is optimized with the Yoast SEO plugin v27.3 - https:\/\/yoast.com\/product\/yoast-seo-wordpress\/ -->\n<title>Kahlica Beaba training potty - Pink | Ajatutaja<\/title>\n<meta name=\"description\" content=\"Otro\u0161ka kahlica Beaba training potty je odli\u010dna izbira za odvajanje otroka od pleni\u010dke. Na voljo v dveh barvah. Primerna za deklice in de\u010dke.\" \/>\n<meta name=\"robots\" content=\"index, follow, max-snippet:-1, max-image-preview:large, max-video-preview:-1\" \/>\n<link rel=\"canonical\" href=\"https:\/\/ajatutaja.com\/izdelek\/kahlica-beaba-training-potty-pink\/\" \/>\n<meta property=\"og:locale\" content=\"hr_HR\" \/>\n<meta property=\"og:type\" content=\"article\" \/>\n<meta property=\"og:title\" content=\"Kahlica Beaba training potty - Pink | Ajatutaja\" \/>\n<meta property=\"og:description\" content=\"Otro\u0161ka kahlica Beaba training potty je odli\u010dna izbira za odvajanje otroka od pleni\u010dke. Na voljo v dveh barvah. Primerna za deklice in de\u010dke.\" \/>\n<meta property=\"og:url\" content=\"https:\/\/ajatutaja.com\/izdelek\/kahlica-beaba-training-potty-pink\/\" \/>\n<meta property=\"og:site_name\" content=\"Ajatutaja\" \/>\n<meta property=\"article:modified_time\" content=\"2025-07-05T14:50:23+00:00\" \/>\n<meta property=\"og:image\" content=\"https:\/\/ajatutaja.com\/wp-content\/uploads\/2021\/11\/Beaba-training-potty-old-pink.jpg\" \/>\n\t<meta property=\"og:image:width\" content=\"800\" \/>\n\t<meta property=\"og:image:height\" content=\"800\" \/>\n\t<meta property=\"og:image:type\" content=\"image\/jpeg\" \/>\n<meta name=\"twitter:card\" content=\"summary_large_image\" \/>\n<meta name=\"twitter:label1\" content=\"Procijenjeno vrijeme \u010ditanja\" \/>\n\t<meta name=\"twitter:data1\" content=\"1 minuta\" \/>\n<script type=\"application\/ld+json\" class=\"yoast-schema-graph\">{\"@context\":\"https:\\\/\\\/schema.org\",\"@graph\":[{\"@type\":\"WebPage\",\"@id\":\"https:\\\/\\\/ajatutaja.com\\\/izdelek\\\/kahlica-beaba-training-potty-pink\\\/\",\"url\":\"https:\\\/\\\/ajatutaja.com\\\/izdelek\\\/kahlica-beaba-training-potty-pink\\\/\",\"name\":\"Kahlica Beaba training potty - Pink | Ajatutaja\",\"isPartOf\":{\"@id\":\"https:\\\/\\\/ajatutaja.com\\\/#website\"},\"primaryImageOfPage\":{\"@id\":\"https:\\\/\\\/ajatutaja.com\\\/izdelek\\\/kahlica-beaba-training-potty-pink\\\/#primaryimage\"},\"image\":{\"@id\":\"https:\\\/\\\/ajatutaja.com\\\/izdelek\\\/kahlica-beaba-training-potty-pink\\\/#primaryimage\"},\"thumbnailUrl\":\"https:\\\/\\\/ajatutaja.com\\\/wp-content\\\/uploads\\\/2021\\\/11\\\/Beaba-training-potty-old-pink.jpg\",\"datePublished\":\"2019-02-23T16:35:59+00:00\",\"dateModified\":\"2025-07-05T14:50:23+00:00\",\"description\":\"Otro\u0161ka kahlica Beaba training potty je odli\u010dna izbira za odvajanje otroka od pleni\u010dke. Na voljo v dveh barvah. Primerna za deklice in de\u010dke.\",\"breadcrumb\":{\"@id\":\"https:\\\/\\\/ajatutaja.com\\\/izdelek\\\/kahlica-beaba-training-potty-pink\\\/#breadcrumb\"},\"inLanguage\":\"hr\",\"potentialAction\":[{\"@type\":\"ReadAction\",\"target\":[\"https:\\\/\\\/ajatutaja.com\\\/izdelek\\\/kahlica-beaba-training-potty-pink\\\/\"]}]},{\"@type\":\"ImageObject\",\"inLanguage\":\"hr\",\"@id\":\"https:\\\/\\\/ajatutaja.com\\\/izdelek\\\/kahlica-beaba-training-potty-pink\\\/#primaryimage\",\"url\":\"https:\\\/\\\/ajatutaja.com\\\/wp-content\\\/uploads\\\/2021\\\/11\\\/Beaba-training-potty-old-pink.jpg\",\"contentUrl\":\"https:\\\/\\\/ajatutaja.com\\\/wp-content\\\/uploads\\\/2021\\\/11\\\/Beaba-training-potty-old-pink.jpg\",\"width\":800,\"height\":800},{\"@type\":\"BreadcrumbList\",\"@id\":\"https:\\\/\\\/ajatutaja.com\\\/izdelek\\\/kahlica-beaba-training-potty-pink\\\/#breadcrumb\",\"itemListElement\":[{\"@type\":\"ListItem\",\"position\":1,\"name\":\"Home\",\"item\":\"https:\\\/\\\/ajatutaja.com\\\/hr\\\/\"},{\"@type\":\"ListItem\",\"position\":2,\"name\":\"Trgovina\",\"item\":\"https:\\\/\\\/ajatutaja.com\\\/hr\\\/trgovina\\\/\"},{\"@type\":\"ListItem\",\"position\":3,\"name\":\"Kahlica Beaba training potty &#8211; Pink\"}]},{\"@type\":\"WebSite\",\"@id\":\"https:\\\/\\\/ajatutaja.com\\\/#website\",\"url\":\"https:\\\/\\\/ajatutaja.com\\\/\",\"name\":\"Ajatutaja\",\"description\":\"Otro\u0161ka spletna trgovina AJATUTAJA\",\"publisher\":{\"@id\":\"https:\\\/\\\/ajatutaja.com\\\/#organization\"},\"potentialAction\":[{\"@type\":\"SearchAction\",\"target\":{\"@type\":\"EntryPoint\",\"urlTemplate\":\"https:\\\/\\\/ajatutaja.com\\\/?s={search_term_string}\"},\"query-input\":{\"@type\":\"PropertyValueSpecification\",\"valueRequired\":true,\"valueName\":\"search_term_string\"}}],\"inLanguage\":\"hr\"},{\"@type\":\"Organization\",\"@id\":\"https:\\\/\\\/ajatutaja.com\\\/#organization\",\"name\":\"Ajatutaja\",\"url\":\"https:\\\/\\\/ajatutaja.com\\\/\",\"logo\":{\"@type\":\"ImageObject\",\"inLanguage\":\"hr\",\"@id\":\"https:\\\/\\\/ajatutaja.com\\\/#\\\/schema\\\/logo\\\/image\\\/\",\"url\":\"https:\\\/\\\/ajatutaja.com\\\/wp-content\\\/uploads\\\/2021\\\/10\\\/logo.png\",\"contentUrl\":\"https:\\\/\\\/ajatutaja.com\\\/wp-content\\\/uploads\\\/2021\\\/10\\\/logo.png\",\"width\":555,\"height\":150,\"caption\":\"Ajatutaja\"},\"image\":{\"@id\":\"https:\\\/\\\/ajatutaja.com\\\/#\\\/schema\\\/logo\\\/image\\\/\"}}]}<\/script>\n<!-- \/ Yoast SEO plugin. -->","yoast_head_json":{"title":"Kahlica Beaba training potty - Pink | Ajatutaja","description":"Otro\u0161ka kahlica Beaba training potty je odli\u010dna izbira za odvajanje otroka od pleni\u010dke. Na voljo v dveh barvah. Primerna za deklice in de\u010dke.","robots":{"index":"index","follow":"follow","max-snippet":"max-snippet:-1","max-image-preview":"max-image-preview:large","max-video-preview":"max-video-preview:-1"},"canonical":"https:\/\/ajatutaja.com\/izdelek\/kahlica-beaba-training-potty-pink\/","og_locale":"hr_HR","og_type":"article","og_title":"Kahlica Beaba training potty - Pink | Ajatutaja","og_description":"Otro\u0161ka kahlica Beaba training potty je odli\u010dna izbira za odvajanje otroka od pleni\u010dke. Na voljo v dveh barvah. Primerna za deklice in de\u010dke.","og_url":"https:\/\/ajatutaja.com\/izdelek\/kahlica-beaba-training-potty-pink\/","og_site_name":"Ajatutaja","article_modified_time":"2025-07-05T14:50:23+00:00","og_image":[{"width":800,"height":800,"url":"https:\/\/ajatutaja.com\/wp-content\/uploads\/2021\/11\/Beaba-training-potty-old-pink.jpg","type":"image\/jpeg"}],"twitter_card":"summary_large_image","twitter_misc":{"Procijenjeno vrijeme \u010ditanja":"1 minuta"},"schema":{"@context":"https:\/\/schema.org","@graph":[{"@type":"WebPage","@id":"https:\/\/ajatutaja.com\/izdelek\/kahlica-beaba-training-potty-pink\/","url":"https:\/\/ajatutaja.com\/izdelek\/kahlica-beaba-training-potty-pink\/","name":"Kahlica Beaba training potty - Pink | Ajatutaja","isPartOf":{"@id":"https:\/\/ajatutaja.com\/#website"},"primaryImageOfPage":{"@id":"https:\/\/ajatutaja.com\/izdelek\/kahlica-beaba-training-potty-pink\/#primaryimage"},"image":{"@id":"https:\/\/ajatutaja.com\/izdelek\/kahlica-beaba-training-potty-pink\/#primaryimage"},"thumbnailUrl":"https:\/\/ajatutaja.com\/wp-content\/uploads\/2021\/11\/Beaba-training-potty-old-pink.jpg","datePublished":"2019-02-23T16:35:59+00:00","dateModified":"2025-07-05T14:50:23+00:00","description":"Otro\u0161ka kahlica Beaba training potty je odli\u010dna izbira za odvajanje otroka od pleni\u010dke. Na voljo v dveh barvah. Primerna za deklice in de\u010dke.","breadcrumb":{"@id":"https:\/\/ajatutaja.com\/izdelek\/kahlica-beaba-training-potty-pink\/#breadcrumb"},"inLanguage":"hr","potentialAction":[{"@type":"ReadAction","target":["https:\/\/ajatutaja.com\/izdelek\/kahlica-beaba-training-potty-pink\/"]}]},{"@type":"ImageObject","inLanguage":"hr","@id":"https:\/\/ajatutaja.com\/izdelek\/kahlica-beaba-training-potty-pink\/#primaryimage","url":"https:\/\/ajatutaja.com\/wp-content\/uploads\/2021\/11\/Beaba-training-potty-old-pink.jpg","contentUrl":"https:\/\/ajatutaja.com\/wp-content\/uploads\/2021\/11\/Beaba-training-potty-old-pink.jpg","width":800,"height":800},{"@type":"BreadcrumbList","@id":"https:\/\/ajatutaja.com\/izdelek\/kahlica-beaba-training-potty-pink\/#breadcrumb","itemListElement":[{"@type":"ListItem","position":1,"name":"Home","item":"https:\/\/ajatutaja.com\/hr\/"},{"@type":"ListItem","position":2,"name":"Trgovina","item":"https:\/\/ajatutaja.com\/hr\/trgovina\/"},{"@type":"ListItem","position":3,"name":"Kahlica Beaba training potty &#8211; Pink"}]},{"@type":"WebSite","@id":"https:\/\/ajatutaja.com\/#website","url":"https:\/\/ajatutaja.com\/","name":"Ajatutaja","description":"Otro\u0161ka spletna trgovina AJATUTAJA","publisher":{"@id":"https:\/\/ajatutaja.com\/#organization"},"potentialAction":[{"@type":"SearchAction","target":{"@type":"EntryPoint","urlTemplate":"https:\/\/ajatutaja.com\/?s={search_term_string}"},"query-input":{"@type":"PropertyValueSpecification","valueRequired":true,"valueName":"search_term_string"}}],"inLanguage":"hr"},{"@type":"Organization","@id":"https:\/\/ajatutaja.com\/#organization","name":"Ajatutaja","url":"https:\/\/ajatutaja.com\/","logo":{"@type":"ImageObject","inLanguage":"hr","@id":"https:\/\/ajatutaja.com\/#\/schema\/logo\/image\/","url":"https:\/\/ajatutaja.com\/wp-content\/uploads\/2021\/10\/logo.png","contentUrl":"https:\/\/ajatutaja.com\/wp-content\/uploads\/2021\/10\/logo.png","width":555,"height":150,"caption":"Ajatutaja"},"image":{"@id":"https:\/\/ajatutaja.com\/#\/schema\/logo\/image\/"}}]}},"brands":[{"id":2665,"name":"Beaba","slug":"beaba-nega-in-kopanje"},{"id":2658,"name":"Nega in kopanje","slug":"nega-in-kopanje"}],"_links":{"self":[{"href":"https:\/\/ajatutaja.com\/hr\/wp-json\/wp\/v2\/product\/17670","targetHints":{"allow":["GET"]}}],"collection":[{"href":"https:\/\/ajatutaja.com\/hr\/wp-json\/wp\/v2\/product"}],"about":[{"href":"https:\/\/ajatutaja.com\/hr\/wp-json\/wp\/v2\/types\/product"}],"wp:featuredmedia":[{"embeddable":true,"href":"https:\/\/ajatutaja.com\/hr\/wp-json\/wp\/v2\/media\/17668"}],"wp:attachment":[{"href":"https:\/\/ajatutaja.com\/hr\/wp-json\/wp\/v2\/media?parent=17670"}],"wp:term":[{"taxonomy":"pwb-brand","embeddable":true,"href":"https:\/\/ajatutaja.com\/hr\/wp-json\/wp\/v2\/pwb-brand?post=17670"},{"taxonomy":"product_brand","embeddable":true,"href":"https:\/\/ajatutaja.com\/hr\/wp-json\/wp\/v2\/product_brand?post=17670"},{"taxonomy":"product_cat","embeddable":true,"href":"https:\/\/ajatutaja.com\/hr\/wp-json\/wp\/v2\/product_cat?post=17670"},{"taxonomy":"product_tag","embeddable":true,"href":"https:\/\/ajatutaja.com\/hr\/wp-json\/wp\/v2\/product_tag?post=17670"}],"curies":[{"name":"wp","href":"https:\/\/api.w.org\/{rel}","templated":true}]}}