{"id":17643,"date":"2024-05-05T20:25:21","date_gmt":"2024-05-05T18:25:21","guid":{"rendered":"https:\/\/ajatutaja.com\/izdelek\/beaba-kopalni-lezalnik-za-novorojencke-transaldo-ii\/"},"modified":"2026-03-12T14:35:51","modified_gmt":"2026-03-12T13:35:51","slug":"beaba-kopalni-lezalnik-za-novorojencke-transaldo","status":"publish","type":"product","link":"https:\/\/ajatutaja.com\/hr\/proizvod\/beaba-kopalni-lezalnik-za-novorojencke-transaldo\/","title":{"rendered":"Beaba kopalni le\u017ealnik za novorojen\u010dke Transaldo"},"content":{"rendered":"<p>[vc_row][vc_column][vc_column_text]Beaba kopalni le\u017ealnik za novorojen\u010dke Transaldo\u00a0 je primeren od rojstva in vse do 6 meseca starosti. Vsebuje prevleko katera so prilagodi na obliko mal\u010dkovega telesa. Prevleko lahko enostavno sle\u010dete in operete v pralnem stroju. Le\u017ealnik je narejen iz visoko kvalitetnega materiala, ne drsi, antibakterijski in mehak ter udoben za va\u0161ega mal\u010dka.<\/p>\n<p>Glavne zna\u010dilnosti:<br \/>\n&#8211; mal\u010dek lahko le\u017ealnik uporablja od svojega rojstva in do 6 meseca oz. dokler ga ne preraste<br \/>\n&#8211; ogrodje s prevleko<br \/>\n&#8211; preprosta oskrba, prevleko lahko operete v pralnem stroju (perete na 30\u00b0)<br \/>\n&#8211; nedrse\u010da povr\u0161ina[\/vc_column_text][\/vc_column][\/vc_row]<\/p>\n","protected":false},"excerpt":{"rendered":"<p>Beaba le\u017ealnik za v banjico Transatdo II je nepogre\u0161ljiv vsakodnevni pripomo\u010dek za varno in veselo kopanje ali tu\u0161iranje va\u0161ega novorojen\u010dka do 6 meseca starosti. Univerzalna velikost omogo\u010da uporabo v vseh otro\u0161kih banjicah in kopalnih kadeh.<\/p>\n","protected":false},"featured_media":25766,"template":"","meta":[],"pwb-brand":[2665,2658],"product_brand":[],"product_cat":[2644,2608,2647],"product_tag":[4055],"class_list":{"0":"post-17643","1":"product","2":"type-product","3":"status-publish","4":"has-post-thumbnail","6":"pwb-brand-beaba-nega-in-kopanje","7":"pwb-brand-nega-in-kopanje","8":"product_cat-banjice-in-stojala","9":"product_cat-nega-in-kopanje","10":"product_cat-pripomocki-za-nego-kopanje","11":"product_tag-beaba","13":"first","14":"outofstock","15":"taxable","16":"shipping-taxable","17":"purchasable","18":"product-type-simple","19":"add-to-wishlist-before_image"},"yoast_head":"<!-- This site is optimized with the Yoast SEO plugin v27.3 - https:\/\/yoast.com\/product\/yoast-seo-wordpress\/ -->\n<title>Beaba kopalni le\u017ealnik za novorojen\u010dke Transaldo | Ajatutaja<\/title>\n<meta name=\"description\" content=\"Beaba le\u017ealnik za v banjico Transatdo II je nepogre\u0161ljiv vsakodnevni pripomo\u010dek za varno in veselo kopanje ali tu\u0161iranje va\u0161ega novorojen\u010dka do 6 meseca .\" \/>\n<meta name=\"robots\" content=\"index, follow, max-snippet:-1, max-image-preview:large, max-video-preview:-1\" \/>\n<link rel=\"canonical\" href=\"https:\/\/ajatutaja.com\/izdelek\/beaba-kopalni-lezalnik-za-novorojencke-transaldo\/\" \/>\n<meta property=\"og:locale\" content=\"hr_HR\" \/>\n<meta property=\"og:type\" content=\"article\" \/>\n<meta property=\"og:title\" content=\"Beaba kopalni le\u017ealnik za novorojen\u010dke Transaldo | Ajatutaja\" \/>\n<meta property=\"og:description\" content=\"Beaba le\u017ealnik za v banjico Transatdo II je nepogre\u0161ljiv vsakodnevni pripomo\u010dek za varno in veselo kopanje ali tu\u0161iranje va\u0161ega novorojen\u010dka do 6 meseca .\" \/>\n<meta property=\"og:url\" content=\"https:\/\/ajatutaja.com\/izdelek\/beaba-kopalni-lezalnik-za-novorojencke-transaldo\/\" \/>\n<meta property=\"og:site_name\" content=\"Ajatutaja\" \/>\n<meta property=\"article:modified_time\" content=\"2026-03-12T13:35:51+00:00\" \/>\n<meta property=\"og:image\" content=\"https:\/\/ajatutaja.com\/wp-content\/uploads\/2019\/02\/transatdo-parma-grey.jpg\" \/>\n\t<meta property=\"og:image:width\" content=\"800\" \/>\n\t<meta property=\"og:image:height\" content=\"800\" \/>\n\t<meta property=\"og:image:type\" content=\"image\/jpeg\" \/>\n<meta name=\"twitter:card\" content=\"summary_large_image\" \/>\n<meta name=\"twitter:label1\" content=\"Procijenjeno vrijeme \u010ditanja\" \/>\n\t<meta name=\"twitter:data1\" content=\"1 minuta\" \/>\n<script type=\"application\/ld+json\" class=\"yoast-schema-graph\">{\"@context\":\"https:\\\/\\\/schema.org\",\"@graph\":[{\"@type\":\"WebPage\",\"@id\":\"https:\\\/\\\/ajatutaja.com\\\/izdelek\\\/beaba-kopalni-lezalnik-za-novorojencke-transaldo\\\/\",\"url\":\"https:\\\/\\\/ajatutaja.com\\\/izdelek\\\/beaba-kopalni-lezalnik-za-novorojencke-transaldo\\\/\",\"name\":\"Beaba kopalni le\u017ealnik za novorojen\u010dke Transaldo | Ajatutaja\",\"isPartOf\":{\"@id\":\"https:\\\/\\\/ajatutaja.com\\\/#website\"},\"primaryImageOfPage\":{\"@id\":\"https:\\\/\\\/ajatutaja.com\\\/izdelek\\\/beaba-kopalni-lezalnik-za-novorojencke-transaldo\\\/#primaryimage\"},\"image\":{\"@id\":\"https:\\\/\\\/ajatutaja.com\\\/izdelek\\\/beaba-kopalni-lezalnik-za-novorojencke-transaldo\\\/#primaryimage\"},\"thumbnailUrl\":\"https:\\\/\\\/ajatutaja.com\\\/wp-content\\\/uploads\\\/2019\\\/02\\\/transatdo-parma-grey.jpg\",\"datePublished\":\"2024-05-05T18:25:21+00:00\",\"dateModified\":\"2026-03-12T13:35:51+00:00\",\"description\":\"Beaba le\u017ealnik za v banjico Transatdo II je nepogre\u0161ljiv vsakodnevni pripomo\u010dek za varno in veselo kopanje ali tu\u0161iranje va\u0161ega novorojen\u010dka do 6 meseca .\",\"breadcrumb\":{\"@id\":\"https:\\\/\\\/ajatutaja.com\\\/izdelek\\\/beaba-kopalni-lezalnik-za-novorojencke-transaldo\\\/#breadcrumb\"},\"inLanguage\":\"hr\",\"potentialAction\":[{\"@type\":\"ReadAction\",\"target\":[\"https:\\\/\\\/ajatutaja.com\\\/izdelek\\\/beaba-kopalni-lezalnik-za-novorojencke-transaldo\\\/\"]}]},{\"@type\":\"ImageObject\",\"inLanguage\":\"hr\",\"@id\":\"https:\\\/\\\/ajatutaja.com\\\/izdelek\\\/beaba-kopalni-lezalnik-za-novorojencke-transaldo\\\/#primaryimage\",\"url\":\"https:\\\/\\\/ajatutaja.com\\\/wp-content\\\/uploads\\\/2019\\\/02\\\/transatdo-parma-grey.jpg\",\"contentUrl\":\"https:\\\/\\\/ajatutaja.com\\\/wp-content\\\/uploads\\\/2019\\\/02\\\/transatdo-parma-grey.jpg\",\"width\":800,\"height\":800},{\"@type\":\"BreadcrumbList\",\"@id\":\"https:\\\/\\\/ajatutaja.com\\\/izdelek\\\/beaba-kopalni-lezalnik-za-novorojencke-transaldo\\\/#breadcrumb\",\"itemListElement\":[{\"@type\":\"ListItem\",\"position\":1,\"name\":\"Home\",\"item\":\"https:\\\/\\\/ajatutaja.com\\\/hr\\\/\"},{\"@type\":\"ListItem\",\"position\":2,\"name\":\"Trgovina\",\"item\":\"https:\\\/\\\/ajatutaja.com\\\/hr\\\/trgovina\\\/\"},{\"@type\":\"ListItem\",\"position\":3,\"name\":\"Beaba kopalni le\u017ealnik za novorojen\u010dke Transaldo\"}]},{\"@type\":\"WebSite\",\"@id\":\"https:\\\/\\\/ajatutaja.com\\\/#website\",\"url\":\"https:\\\/\\\/ajatutaja.com\\\/\",\"name\":\"Ajatutaja\",\"description\":\"Otro\u0161ka spletna trgovina AJATUTAJA\",\"publisher\":{\"@id\":\"https:\\\/\\\/ajatutaja.com\\\/#organization\"},\"potentialAction\":[{\"@type\":\"SearchAction\",\"target\":{\"@type\":\"EntryPoint\",\"urlTemplate\":\"https:\\\/\\\/ajatutaja.com\\\/?s={search_term_string}\"},\"query-input\":{\"@type\":\"PropertyValueSpecification\",\"valueRequired\":true,\"valueName\":\"search_term_string\"}}],\"inLanguage\":\"hr\"},{\"@type\":\"Organization\",\"@id\":\"https:\\\/\\\/ajatutaja.com\\\/#organization\",\"name\":\"Ajatutaja\",\"url\":\"https:\\\/\\\/ajatutaja.com\\\/\",\"logo\":{\"@type\":\"ImageObject\",\"inLanguage\":\"hr\",\"@id\":\"https:\\\/\\\/ajatutaja.com\\\/#\\\/schema\\\/logo\\\/image\\\/\",\"url\":\"https:\\\/\\\/ajatutaja.com\\\/wp-content\\\/uploads\\\/2021\\\/10\\\/logo.png\",\"contentUrl\":\"https:\\\/\\\/ajatutaja.com\\\/wp-content\\\/uploads\\\/2021\\\/10\\\/logo.png\",\"width\":555,\"height\":150,\"caption\":\"Ajatutaja\"},\"image\":{\"@id\":\"https:\\\/\\\/ajatutaja.com\\\/#\\\/schema\\\/logo\\\/image\\\/\"}}]}<\/script>\n<!-- \/ Yoast SEO plugin. -->","yoast_head_json":{"title":"Beaba kopalni le\u017ealnik za novorojen\u010dke Transaldo | Ajatutaja","description":"Beaba le\u017ealnik za v banjico Transatdo II je nepogre\u0161ljiv vsakodnevni pripomo\u010dek za varno in veselo kopanje ali tu\u0161iranje va\u0161ega novorojen\u010dka do 6 meseca .","robots":{"index":"index","follow":"follow","max-snippet":"max-snippet:-1","max-image-preview":"max-image-preview:large","max-video-preview":"max-video-preview:-1"},"canonical":"https:\/\/ajatutaja.com\/izdelek\/beaba-kopalni-lezalnik-za-novorojencke-transaldo\/","og_locale":"hr_HR","og_type":"article","og_title":"Beaba kopalni le\u017ealnik za novorojen\u010dke Transaldo | Ajatutaja","og_description":"Beaba le\u017ealnik za v banjico Transatdo II je nepogre\u0161ljiv vsakodnevni pripomo\u010dek za varno in veselo kopanje ali tu\u0161iranje va\u0161ega novorojen\u010dka do 6 meseca .","og_url":"https:\/\/ajatutaja.com\/izdelek\/beaba-kopalni-lezalnik-za-novorojencke-transaldo\/","og_site_name":"Ajatutaja","article_modified_time":"2026-03-12T13:35:51+00:00","og_image":[{"width":800,"height":800,"url":"https:\/\/ajatutaja.com\/wp-content\/uploads\/2019\/02\/transatdo-parma-grey.jpg","type":"image\/jpeg"}],"twitter_card":"summary_large_image","twitter_misc":{"Procijenjeno vrijeme \u010ditanja":"1 minuta"},"schema":{"@context":"https:\/\/schema.org","@graph":[{"@type":"WebPage","@id":"https:\/\/ajatutaja.com\/izdelek\/beaba-kopalni-lezalnik-za-novorojencke-transaldo\/","url":"https:\/\/ajatutaja.com\/izdelek\/beaba-kopalni-lezalnik-za-novorojencke-transaldo\/","name":"Beaba kopalni le\u017ealnik za novorojen\u010dke Transaldo | Ajatutaja","isPartOf":{"@id":"https:\/\/ajatutaja.com\/#website"},"primaryImageOfPage":{"@id":"https:\/\/ajatutaja.com\/izdelek\/beaba-kopalni-lezalnik-za-novorojencke-transaldo\/#primaryimage"},"image":{"@id":"https:\/\/ajatutaja.com\/izdelek\/beaba-kopalni-lezalnik-za-novorojencke-transaldo\/#primaryimage"},"thumbnailUrl":"https:\/\/ajatutaja.com\/wp-content\/uploads\/2019\/02\/transatdo-parma-grey.jpg","datePublished":"2024-05-05T18:25:21+00:00","dateModified":"2026-03-12T13:35:51+00:00","description":"Beaba le\u017ealnik za v banjico Transatdo II je nepogre\u0161ljiv vsakodnevni pripomo\u010dek za varno in veselo kopanje ali tu\u0161iranje va\u0161ega novorojen\u010dka do 6 meseca .","breadcrumb":{"@id":"https:\/\/ajatutaja.com\/izdelek\/beaba-kopalni-lezalnik-za-novorojencke-transaldo\/#breadcrumb"},"inLanguage":"hr","potentialAction":[{"@type":"ReadAction","target":["https:\/\/ajatutaja.com\/izdelek\/beaba-kopalni-lezalnik-za-novorojencke-transaldo\/"]}]},{"@type":"ImageObject","inLanguage":"hr","@id":"https:\/\/ajatutaja.com\/izdelek\/beaba-kopalni-lezalnik-za-novorojencke-transaldo\/#primaryimage","url":"https:\/\/ajatutaja.com\/wp-content\/uploads\/2019\/02\/transatdo-parma-grey.jpg","contentUrl":"https:\/\/ajatutaja.com\/wp-content\/uploads\/2019\/02\/transatdo-parma-grey.jpg","width":800,"height":800},{"@type":"BreadcrumbList","@id":"https:\/\/ajatutaja.com\/izdelek\/beaba-kopalni-lezalnik-za-novorojencke-transaldo\/#breadcrumb","itemListElement":[{"@type":"ListItem","position":1,"name":"Home","item":"https:\/\/ajatutaja.com\/hr\/"},{"@type":"ListItem","position":2,"name":"Trgovina","item":"https:\/\/ajatutaja.com\/hr\/trgovina\/"},{"@type":"ListItem","position":3,"name":"Beaba kopalni le\u017ealnik za novorojen\u010dke Transaldo"}]},{"@type":"WebSite","@id":"https:\/\/ajatutaja.com\/#website","url":"https:\/\/ajatutaja.com\/","name":"Ajatutaja","description":"Otro\u0161ka spletna trgovina AJATUTAJA","publisher":{"@id":"https:\/\/ajatutaja.com\/#organization"},"potentialAction":[{"@type":"SearchAction","target":{"@type":"EntryPoint","urlTemplate":"https:\/\/ajatutaja.com\/?s={search_term_string}"},"query-input":{"@type":"PropertyValueSpecification","valueRequired":true,"valueName":"search_term_string"}}],"inLanguage":"hr"},{"@type":"Organization","@id":"https:\/\/ajatutaja.com\/#organization","name":"Ajatutaja","url":"https:\/\/ajatutaja.com\/","logo":{"@type":"ImageObject","inLanguage":"hr","@id":"https:\/\/ajatutaja.com\/#\/schema\/logo\/image\/","url":"https:\/\/ajatutaja.com\/wp-content\/uploads\/2021\/10\/logo.png","contentUrl":"https:\/\/ajatutaja.com\/wp-content\/uploads\/2021\/10\/logo.png","width":555,"height":150,"caption":"Ajatutaja"},"image":{"@id":"https:\/\/ajatutaja.com\/#\/schema\/logo\/image\/"}}]}},"brands":[{"id":2665,"name":"Beaba","slug":"beaba-nega-in-kopanje"},{"id":2658,"name":"Nega in kopanje","slug":"nega-in-kopanje"}],"_links":{"self":[{"href":"https:\/\/ajatutaja.com\/hr\/wp-json\/wp\/v2\/product\/17643","targetHints":{"allow":["GET"]}}],"collection":[{"href":"https:\/\/ajatutaja.com\/hr\/wp-json\/wp\/v2\/product"}],"about":[{"href":"https:\/\/ajatutaja.com\/hr\/wp-json\/wp\/v2\/types\/product"}],"wp:featuredmedia":[{"embeddable":true,"href":"https:\/\/ajatutaja.com\/hr\/wp-json\/wp\/v2\/media\/25766"}],"wp:attachment":[{"href":"https:\/\/ajatutaja.com\/hr\/wp-json\/wp\/v2\/media?parent=17643"}],"wp:term":[{"taxonomy":"pwb-brand","embeddable":true,"href":"https:\/\/ajatutaja.com\/hr\/wp-json\/wp\/v2\/pwb-brand?post=17643"},{"taxonomy":"product_brand","embeddable":true,"href":"https:\/\/ajatutaja.com\/hr\/wp-json\/wp\/v2\/product_brand?post=17643"},{"taxonomy":"product_cat","embeddable":true,"href":"https:\/\/ajatutaja.com\/hr\/wp-json\/wp\/v2\/product_cat?post=17643"},{"taxonomy":"product_tag","embeddable":true,"href":"https:\/\/ajatutaja.com\/hr\/wp-json\/wp\/v2\/product_tag?post=17643"}],"curies":[{"name":"wp","href":"https:\/\/api.w.org\/{rel}","templated":true}]}}