{"id":17639,"date":"2025-07-07T15:58:38","date_gmt":"2025-07-07T13:58:38","guid":{"rendered":"https:\/\/ajatutaja.com\/izdelek\/beaba-stojalo-cameleo\/"},"modified":"2025-07-07T15:59:01","modified_gmt":"2025-07-07T13:59:01","slug":"beaba-stojalo-cameleo","status":"publish","type":"product","link":"https:\/\/ajatutaja.com\/hr\/proizvod\/beaba-stojalo-cameleo\/","title":{"rendered":"Beaba stojalo Camele&#8217;o"},"content":{"rendered":"<p>[vc_row][vc_column][vc_column_text]Beaba stojalo\u00a0Camele`o je zdru\u017eljivo s kopalno kadjo in previjalno desko Beaba Camele&#8217;o. Stojalo je zaradi svoje zasnove zelo stabilno in kompaktno.<\/p>\n<h4>Lastnosti stojala Beaba Camele`o:<\/h4>\n<ul>\n<li id=\"tw-target-text\" dir=\"ltr\" data-placeholder=\"Prevod\" aria-label=\"Prevedeno besedilo\" data-ved=\"2ahUKEwitp6Gx3tSHAxXh9bsIHXHBFIQQ3ewLegQIBxAU\"><span lang=\"sl\">Stojalo CAM\u00c9L\u00c9\u2019O razbremeni hrbet star\u0161ev med kopanjem novorojen\u010dka<\/span><\/li>\n<li dir=\"ltr\" data-placeholder=\"Prevod\" aria-label=\"Prevedeno besedilo\" data-ved=\"2ahUKEwitp6Gx3tSHAxXh9bsIHXHBFIQQ3ewLegQIBxAU\"><span lang=\"sl\">4 \u0161iroke blazinice: za \u0161e ve\u010djo stabilnost <\/span><\/li>\n<li dir=\"ltr\" data-placeholder=\"Prevod\" aria-label=\"Prevedeno besedilo\" data-ved=\"2ahUKEwitp6Gx3tSHAxXh9bsIHXHBFIQQ3ewLegQIBxAU\"><span lang=\"sl\">Sistem zaklepanja: pripenjanje in odpenjanje kadi CAM\u00c9L\u00c9\u2019O in previjalne podloge<\/span><\/li>\n<li dir=\"ltr\" data-placeholder=\"Prevod\" aria-label=\"Prevedeno besedilo\" data-ved=\"2ahUKEwitp6Gx3tSHAxXh9bsIHXHBFIQQ3ewLegQIBxAU\"><span lang=\"sl\">Stojalo je zlo\u017eljivo in zato zavzame res malo prostora, ko ga ne potrebujete<\/span><\/li>\n<li dir=\"ltr\" data-placeholder=\"Prevod\" aria-label=\"Prevedeno besedilo\" data-ved=\"2ahUKEwitp6Gx3tSHAxXh9bsIHXHBFIQQ3ewLegQIBxAU\"><span lang=\"sl\">Prostor za shranjevanje pripomo\u010dkov: lahko shranite toaletne in previjalne dodatke <\/span><\/li>\n<li dir=\"ltr\" data-placeholder=\"Prevod\" aria-label=\"Prevedeno besedilo\" data-ved=\"2ahUKEwitp6Gx3tSHAxXh9bsIHXHBFIQQ3ewLegQIBxAU\"><span lang=\"sl\">Dodatek: dobavljeno z odto\u010dno cevjo<\/span><\/li>\n<li dir=\"ltr\" data-placeholder=\"Prevod\" aria-label=\"Prevedeno besedilo\" data-ved=\"2ahUKEwitp6Gx3tSHAxXh9bsIHXHBFIQQ3ewLegQIBxAU\">Dimenzije odprtega stojala: 85x74x91cm \/ Dimenzije zlo\u017eenega stojala: 25x74x110cm.<\/li>\n<li dir=\"ltr\" data-placeholder=\"Prevod\" aria-label=\"Prevedeno besedilo\" data-ved=\"2ahUKEwitp6Gx3tSHAxXh9bsIHXHBFIQQ3ewLegQIBxAU\"><a href=\"https:\/\/ajatutaja.com\/wp-content\/uploads\/2019\/02\/Support-CameleO_Notice_2022_PRINT.pdf\">NAVODILA ZA UPORABO<\/a><\/li>\n<\/ul>\n<p>Dokupite \u0161e lahko:<\/p>\n<p>&#8211; Beaba stojalo za kopalno kad in previjalno mizo<br \/>\n&#8211; Beaba le\u017ealnik za v banjico Transatdo II<br \/>\n&#8211; Beaba kopalno kad Camele`o[\/vc_column_text][\/vc_column][\/vc_row]<\/p>\n","protected":false},"excerpt":{"rendered":"<p style=\"text-align: justify\">Da bo \u010dofotanje udobno in zabavno za mal\u010dka, ter \u010dim manj naporno za star\u0161e, je tu Beaba zlo\u017eljivo stojalo Camele`o. Na stojalo lahko fiksno namestimo Beaba kopalno kad Camele`o in pa Beaba previjalno desko Camele`o, ki se kupita lo\u010deno.<\/p>\n","protected":false},"featured_media":78092,"template":"","meta":[],"pwb-brand":[2665,2658],"product_brand":[],"product_cat":[2644,2608],"product_tag":[4055,5093],"class_list":{"0":"post-17639","1":"product","2":"type-product","3":"status-publish","4":"has-post-thumbnail","6":"pwb-brand-beaba-nega-in-kopanje","7":"pwb-brand-nega-in-kopanje","8":"product_cat-banjice-in-stojala","9":"product_cat-nega-in-kopanje","10":"product_tag-beaba","11":"product_tag-beaba-cameleo","13":"first","14":"onbackorder","15":"taxable","16":"shipping-taxable","17":"purchasable","18":"product-type-simple","19":"add-to-wishlist-before_image"},"yoast_head":"<!-- This site is optimized with the Yoast SEO plugin v27.3 - https:\/\/yoast.com\/product\/yoast-seo-wordpress\/ -->\n<title>Beaba stojalo Camele&#039;o | Ajatutaja<\/title>\n<meta name=\"description\" content=\"Da bo \u010dofotanje udobno in zabavno za mal\u010dka, ter \u010dim manj naporno za star\u0161e, je tu Beaba zlo\u017eljivo stojalo Camele`o. Nanj lahko namestimo kopalno kad in previjalno desko Camele`o.\" \/>\n<meta name=\"robots\" content=\"index, follow, max-snippet:-1, max-image-preview:large, max-video-preview:-1\" \/>\n<link rel=\"canonical\" href=\"https:\/\/ajatutaja.com\/izdelek\/beaba-stojalo-cameleo\/\" \/>\n<meta property=\"og:locale\" content=\"hr_HR\" \/>\n<meta property=\"og:type\" content=\"article\" \/>\n<meta property=\"og:title\" content=\"Beaba stojalo Camele&#039;o | Ajatutaja\" \/>\n<meta property=\"og:description\" content=\"Da bo \u010dofotanje udobno in zabavno za mal\u010dka, ter \u010dim manj naporno za star\u0161e, je tu Beaba zlo\u017eljivo stojalo Camele`o. Nanj lahko namestimo kopalno kad in previjalno desko Camele`o.\" \/>\n<meta property=\"og:url\" content=\"https:\/\/ajatutaja.com\/izdelek\/beaba-stojalo-cameleo\/\" \/>\n<meta property=\"og:site_name\" content=\"Ajatutaja\" \/>\n<meta property=\"article:modified_time\" content=\"2025-07-07T13:59:01+00:00\" \/>\n<meta property=\"og:image\" content=\"https:\/\/ajatutaja.com\/wp-content\/uploads\/2019\/02\/Beaba-stojalo-za-banjico-cameleo-1.jpg\" \/>\n\t<meta property=\"og:image:width\" content=\"800\" \/>\n\t<meta property=\"og:image:height\" content=\"800\" \/>\n\t<meta property=\"og:image:type\" content=\"image\/jpeg\" \/>\n<meta name=\"twitter:card\" content=\"summary_large_image\" \/>\n<meta name=\"twitter:label1\" content=\"Procijenjeno vrijeme \u010ditanja\" \/>\n\t<meta name=\"twitter:data1\" content=\"1 minuta\" \/>\n<script type=\"application\/ld+json\" class=\"yoast-schema-graph\">{\"@context\":\"https:\\\/\\\/schema.org\",\"@graph\":[{\"@type\":\"WebPage\",\"@id\":\"https:\\\/\\\/ajatutaja.com\\\/izdelek\\\/beaba-stojalo-cameleo\\\/\",\"url\":\"https:\\\/\\\/ajatutaja.com\\\/izdelek\\\/beaba-stojalo-cameleo\\\/\",\"name\":\"Beaba stojalo Camele'o | Ajatutaja\",\"isPartOf\":{\"@id\":\"https:\\\/\\\/ajatutaja.com\\\/#website\"},\"primaryImageOfPage\":{\"@id\":\"https:\\\/\\\/ajatutaja.com\\\/izdelek\\\/beaba-stojalo-cameleo\\\/#primaryimage\"},\"image\":{\"@id\":\"https:\\\/\\\/ajatutaja.com\\\/izdelek\\\/beaba-stojalo-cameleo\\\/#primaryimage\"},\"thumbnailUrl\":\"https:\\\/\\\/ajatutaja.com\\\/wp-content\\\/uploads\\\/2019\\\/02\\\/Beaba-stojalo-za-banjico-cameleo-1.jpg\",\"datePublished\":\"2025-07-07T13:58:38+00:00\",\"dateModified\":\"2025-07-07T13:59:01+00:00\",\"description\":\"Da bo \u010dofotanje udobno in zabavno za mal\u010dka, ter \u010dim manj naporno za star\u0161e, je tu Beaba zlo\u017eljivo stojalo Camele`o. Nanj lahko namestimo kopalno kad in previjalno desko Camele`o.\",\"breadcrumb\":{\"@id\":\"https:\\\/\\\/ajatutaja.com\\\/izdelek\\\/beaba-stojalo-cameleo\\\/#breadcrumb\"},\"inLanguage\":\"hr\",\"potentialAction\":[{\"@type\":\"ReadAction\",\"target\":[\"https:\\\/\\\/ajatutaja.com\\\/izdelek\\\/beaba-stojalo-cameleo\\\/\"]}]},{\"@type\":\"ImageObject\",\"inLanguage\":\"hr\",\"@id\":\"https:\\\/\\\/ajatutaja.com\\\/izdelek\\\/beaba-stojalo-cameleo\\\/#primaryimage\",\"url\":\"https:\\\/\\\/ajatutaja.com\\\/wp-content\\\/uploads\\\/2019\\\/02\\\/Beaba-stojalo-za-banjico-cameleo-1.jpg\",\"contentUrl\":\"https:\\\/\\\/ajatutaja.com\\\/wp-content\\\/uploads\\\/2019\\\/02\\\/Beaba-stojalo-za-banjico-cameleo-1.jpg\",\"width\":800,\"height\":800},{\"@type\":\"BreadcrumbList\",\"@id\":\"https:\\\/\\\/ajatutaja.com\\\/izdelek\\\/beaba-stojalo-cameleo\\\/#breadcrumb\",\"itemListElement\":[{\"@type\":\"ListItem\",\"position\":1,\"name\":\"Home\",\"item\":\"https:\\\/\\\/ajatutaja.com\\\/hr\\\/\"},{\"@type\":\"ListItem\",\"position\":2,\"name\":\"Trgovina\",\"item\":\"https:\\\/\\\/ajatutaja.com\\\/hr\\\/trgovina\\\/\"},{\"@type\":\"ListItem\",\"position\":3,\"name\":\"Beaba stojalo Camele&#8217;o\"}]},{\"@type\":\"WebSite\",\"@id\":\"https:\\\/\\\/ajatutaja.com\\\/#website\",\"url\":\"https:\\\/\\\/ajatutaja.com\\\/\",\"name\":\"Ajatutaja\",\"description\":\"Otro\u0161ka spletna trgovina AJATUTAJA\",\"publisher\":{\"@id\":\"https:\\\/\\\/ajatutaja.com\\\/#organization\"},\"potentialAction\":[{\"@type\":\"SearchAction\",\"target\":{\"@type\":\"EntryPoint\",\"urlTemplate\":\"https:\\\/\\\/ajatutaja.com\\\/?s={search_term_string}\"},\"query-input\":{\"@type\":\"PropertyValueSpecification\",\"valueRequired\":true,\"valueName\":\"search_term_string\"}}],\"inLanguage\":\"hr\"},{\"@type\":\"Organization\",\"@id\":\"https:\\\/\\\/ajatutaja.com\\\/#organization\",\"name\":\"Ajatutaja\",\"url\":\"https:\\\/\\\/ajatutaja.com\\\/\",\"logo\":{\"@type\":\"ImageObject\",\"inLanguage\":\"hr\",\"@id\":\"https:\\\/\\\/ajatutaja.com\\\/#\\\/schema\\\/logo\\\/image\\\/\",\"url\":\"https:\\\/\\\/ajatutaja.com\\\/wp-content\\\/uploads\\\/2021\\\/10\\\/logo.png\",\"contentUrl\":\"https:\\\/\\\/ajatutaja.com\\\/wp-content\\\/uploads\\\/2021\\\/10\\\/logo.png\",\"width\":555,\"height\":150,\"caption\":\"Ajatutaja\"},\"image\":{\"@id\":\"https:\\\/\\\/ajatutaja.com\\\/#\\\/schema\\\/logo\\\/image\\\/\"}}]}<\/script>\n<!-- \/ Yoast SEO plugin. -->","yoast_head_json":{"title":"Beaba stojalo Camele'o | Ajatutaja","description":"Da bo \u010dofotanje udobno in zabavno za mal\u010dka, ter \u010dim manj naporno za star\u0161e, je tu Beaba zlo\u017eljivo stojalo Camele`o. Nanj lahko namestimo kopalno kad in previjalno desko Camele`o.","robots":{"index":"index","follow":"follow","max-snippet":"max-snippet:-1","max-image-preview":"max-image-preview:large","max-video-preview":"max-video-preview:-1"},"canonical":"https:\/\/ajatutaja.com\/izdelek\/beaba-stojalo-cameleo\/","og_locale":"hr_HR","og_type":"article","og_title":"Beaba stojalo Camele'o | Ajatutaja","og_description":"Da bo \u010dofotanje udobno in zabavno za mal\u010dka, ter \u010dim manj naporno za star\u0161e, je tu Beaba zlo\u017eljivo stojalo Camele`o. Nanj lahko namestimo kopalno kad in previjalno desko Camele`o.","og_url":"https:\/\/ajatutaja.com\/izdelek\/beaba-stojalo-cameleo\/","og_site_name":"Ajatutaja","article_modified_time":"2025-07-07T13:59:01+00:00","og_image":[{"width":800,"height":800,"url":"https:\/\/ajatutaja.com\/wp-content\/uploads\/2019\/02\/Beaba-stojalo-za-banjico-cameleo-1.jpg","type":"image\/jpeg"}],"twitter_card":"summary_large_image","twitter_misc":{"Procijenjeno vrijeme \u010ditanja":"1 minuta"},"schema":{"@context":"https:\/\/schema.org","@graph":[{"@type":"WebPage","@id":"https:\/\/ajatutaja.com\/izdelek\/beaba-stojalo-cameleo\/","url":"https:\/\/ajatutaja.com\/izdelek\/beaba-stojalo-cameleo\/","name":"Beaba stojalo Camele'o | Ajatutaja","isPartOf":{"@id":"https:\/\/ajatutaja.com\/#website"},"primaryImageOfPage":{"@id":"https:\/\/ajatutaja.com\/izdelek\/beaba-stojalo-cameleo\/#primaryimage"},"image":{"@id":"https:\/\/ajatutaja.com\/izdelek\/beaba-stojalo-cameleo\/#primaryimage"},"thumbnailUrl":"https:\/\/ajatutaja.com\/wp-content\/uploads\/2019\/02\/Beaba-stojalo-za-banjico-cameleo-1.jpg","datePublished":"2025-07-07T13:58:38+00:00","dateModified":"2025-07-07T13:59:01+00:00","description":"Da bo \u010dofotanje udobno in zabavno za mal\u010dka, ter \u010dim manj naporno za star\u0161e, je tu Beaba zlo\u017eljivo stojalo Camele`o. Nanj lahko namestimo kopalno kad in previjalno desko Camele`o.","breadcrumb":{"@id":"https:\/\/ajatutaja.com\/izdelek\/beaba-stojalo-cameleo\/#breadcrumb"},"inLanguage":"hr","potentialAction":[{"@type":"ReadAction","target":["https:\/\/ajatutaja.com\/izdelek\/beaba-stojalo-cameleo\/"]}]},{"@type":"ImageObject","inLanguage":"hr","@id":"https:\/\/ajatutaja.com\/izdelek\/beaba-stojalo-cameleo\/#primaryimage","url":"https:\/\/ajatutaja.com\/wp-content\/uploads\/2019\/02\/Beaba-stojalo-za-banjico-cameleo-1.jpg","contentUrl":"https:\/\/ajatutaja.com\/wp-content\/uploads\/2019\/02\/Beaba-stojalo-za-banjico-cameleo-1.jpg","width":800,"height":800},{"@type":"BreadcrumbList","@id":"https:\/\/ajatutaja.com\/izdelek\/beaba-stojalo-cameleo\/#breadcrumb","itemListElement":[{"@type":"ListItem","position":1,"name":"Home","item":"https:\/\/ajatutaja.com\/hr\/"},{"@type":"ListItem","position":2,"name":"Trgovina","item":"https:\/\/ajatutaja.com\/hr\/trgovina\/"},{"@type":"ListItem","position":3,"name":"Beaba stojalo Camele&#8217;o"}]},{"@type":"WebSite","@id":"https:\/\/ajatutaja.com\/#website","url":"https:\/\/ajatutaja.com\/","name":"Ajatutaja","description":"Otro\u0161ka spletna trgovina AJATUTAJA","publisher":{"@id":"https:\/\/ajatutaja.com\/#organization"},"potentialAction":[{"@type":"SearchAction","target":{"@type":"EntryPoint","urlTemplate":"https:\/\/ajatutaja.com\/?s={search_term_string}"},"query-input":{"@type":"PropertyValueSpecification","valueRequired":true,"valueName":"search_term_string"}}],"inLanguage":"hr"},{"@type":"Organization","@id":"https:\/\/ajatutaja.com\/#organization","name":"Ajatutaja","url":"https:\/\/ajatutaja.com\/","logo":{"@type":"ImageObject","inLanguage":"hr","@id":"https:\/\/ajatutaja.com\/#\/schema\/logo\/image\/","url":"https:\/\/ajatutaja.com\/wp-content\/uploads\/2021\/10\/logo.png","contentUrl":"https:\/\/ajatutaja.com\/wp-content\/uploads\/2021\/10\/logo.png","width":555,"height":150,"caption":"Ajatutaja"},"image":{"@id":"https:\/\/ajatutaja.com\/#\/schema\/logo\/image\/"}}]}},"brands":[{"id":2665,"name":"Beaba","slug":"beaba-nega-in-kopanje"},{"id":2658,"name":"Nega in kopanje","slug":"nega-in-kopanje"}],"_links":{"self":[{"href":"https:\/\/ajatutaja.com\/hr\/wp-json\/wp\/v2\/product\/17639","targetHints":{"allow":["GET"]}}],"collection":[{"href":"https:\/\/ajatutaja.com\/hr\/wp-json\/wp\/v2\/product"}],"about":[{"href":"https:\/\/ajatutaja.com\/hr\/wp-json\/wp\/v2\/types\/product"}],"wp:featuredmedia":[{"embeddable":true,"href":"https:\/\/ajatutaja.com\/hr\/wp-json\/wp\/v2\/media\/78092"}],"wp:attachment":[{"href":"https:\/\/ajatutaja.com\/hr\/wp-json\/wp\/v2\/media?parent=17639"}],"wp:term":[{"taxonomy":"pwb-brand","embeddable":true,"href":"https:\/\/ajatutaja.com\/hr\/wp-json\/wp\/v2\/pwb-brand?post=17639"},{"taxonomy":"product_brand","embeddable":true,"href":"https:\/\/ajatutaja.com\/hr\/wp-json\/wp\/v2\/product_brand?post=17639"},{"taxonomy":"product_cat","embeddable":true,"href":"https:\/\/ajatutaja.com\/hr\/wp-json\/wp\/v2\/product_cat?post=17639"},{"taxonomy":"product_tag","embeddable":true,"href":"https:\/\/ajatutaja.com\/hr\/wp-json\/wp\/v2\/product_tag?post=17639"}],"curies":[{"name":"wp","href":"https:\/\/api.w.org\/{rel}","templated":true}]}}