{"id":17630,"date":"2024-07-07T18:25:28","date_gmt":"2024-07-07T16:25:28","guid":{"rendered":"https:\/\/ajatutaja.com\/izdelek\/beaba-otroska-kopalna-kad-cameleo\/"},"modified":"2026-04-19T09:42:29","modified_gmt":"2026-04-19T07:42:29","slug":"beaba-otroska-kopalna-kad-cameleo","status":"publish","type":"product","link":"https:\/\/ajatutaja.com\/hr\/proizvod\/beaba-otroska-kopalna-kad-cameleo\/","title":{"rendered":"Beaba otro\u0161ka kopalna kad Camele&#8217;o &#8211; Light Mist"},"content":{"rendered":"<p>[vc_row][vc_column][vc_column_text]Otro\u0161ka kopalna kad\u00a0 Beaba je ergonomsko oblikovana otro\u0161ka banjica z dr\u017ealom za tu\u0161 in protizdrsno podlogo, je je s stojalom Beaba Camele&#8217;o, na katerega se varno pri\u010dvrsti s posebnim zaklepom.<\/p>\n<h4>Lastnosti otro\u0161ke banjice Beaba Camele`o:<\/h4>\n<ul>\n<li>Ergonomsko oblikovana kad za kopanje otroka od rosjtva dalje<\/li>\n<li>Opremljena z dr\u017ealom za tu\u0161 in protizdrsno podlogo<\/li>\n<li>Mo\u017enost varne namestitve z zaklepom na stojalo Beaba Camele`o, ki se kupi lo\u010deno<\/li>\n<li>Velikost: 82x55x29cm<\/li>\n<li>Dokupite \u0161e lahko:\u00a0 Beaba stojalo za kopalno kad in previjalno mizo Camele`o \/ Beaba le\u017ealnik za v banjico Transatdo II \/\u00a0Beaba previjalno blazino Camele`o<\/li>\n<\/ul>\n<p>[\/vc_column_text][\/vc_column][\/vc_row]<\/p>\n","protected":false},"excerpt":{"rendered":"<p style=\"text-align: justify\">Da bo \u010dofotanje udobno in zabavno, je tukaj ergonomsko oblikovana banjica Beaba Camele`o z dr\u017ealom za tu\u0161 in protizdrsno podlogo. Zdru\u017eljiva je s stojalom Camele&#8217;o, na katerega se varno pri\u010dvrsti s posebnim zaklepom.<\/p>\n","protected":false},"featured_media":78098,"template":"","meta":[],"pwb-brand":[2665,2658],"product_brand":[],"product_cat":[3975,2644,2608],"product_tag":[4055,5093],"class_list":{"0":"post-17630","1":"product","2":"type-product","3":"status-publish","4":"has-post-thumbnail","6":"pwb-brand-beaba-nega-in-kopanje","7":"pwb-brand-nega-in-kopanje","8":"product_cat-akcija","9":"product_cat-banjice-in-stojala","10":"product_cat-nega-in-kopanje","11":"product_tag-beaba","12":"product_tag-beaba-cameleo","14":"first","15":"instock","16":"sale","17":"taxable","18":"shipping-taxable","19":"purchasable","20":"product-type-simple","21":"add-to-wishlist-before_image"},"yoast_head":"<!-- This site is optimized with the Yoast SEO plugin v27.3 - https:\/\/yoast.com\/product\/yoast-seo-wordpress\/ -->\n<title>Beaba otro\u0161ka kopalna kad Camele&#039;o - Light Mist | Ajatutaja<\/title>\n<meta name=\"description\" content=\"Otro\u0161ka kopalna kad Beaba je ergonomsko oblikovana otro\u0161ka banjica z dr\u017ealom za tu\u0161 in protizdrsno podlogo, je je s stojalom Camele&#039;o.\" \/>\n<meta name=\"robots\" content=\"index, follow, max-snippet:-1, max-image-preview:large, max-video-preview:-1\" \/>\n<link rel=\"canonical\" href=\"https:\/\/ajatutaja.com\/izdelek\/beaba-otroska-kopalna-kad-cameleo\/\" \/>\n<meta property=\"og:locale\" content=\"hr_HR\" \/>\n<meta property=\"og:type\" content=\"article\" \/>\n<meta property=\"og:title\" content=\"Beaba otro\u0161ka kopalna kad Camele&#039;o - Light Mist | Ajatutaja\" \/>\n<meta property=\"og:description\" content=\"Otro\u0161ka kopalna kad Beaba je ergonomsko oblikovana otro\u0161ka banjica z dr\u017ealom za tu\u0161 in protizdrsno podlogo, je je s stojalom Camele&#039;o.\" \/>\n<meta property=\"og:url\" content=\"https:\/\/ajatutaja.com\/izdelek\/beaba-otroska-kopalna-kad-cameleo\/\" \/>\n<meta property=\"og:site_name\" content=\"Ajatutaja\" \/>\n<meta property=\"article:modified_time\" content=\"2026-04-19T07:42:29+00:00\" \/>\n<meta property=\"og:image\" content=\"https:\/\/ajatutaja.com\/wp-content\/uploads\/2025\/07\/Beaba-otroska-banjica-siva-1.jpg\" \/>\n\t<meta property=\"og:image:width\" content=\"800\" \/>\n\t<meta property=\"og:image:height\" content=\"800\" \/>\n\t<meta property=\"og:image:type\" content=\"image\/jpeg\" \/>\n<meta name=\"twitter:card\" content=\"summary_large_image\" \/>\n<meta name=\"twitter:label1\" content=\"Procijenjeno vrijeme \u010ditanja\" \/>\n\t<meta name=\"twitter:data1\" content=\"1 minuta\" \/>\n<script type=\"application\/ld+json\" class=\"yoast-schema-graph\">{\"@context\":\"https:\\\/\\\/schema.org\",\"@graph\":[{\"@type\":\"WebPage\",\"@id\":\"https:\\\/\\\/ajatutaja.com\\\/izdelek\\\/beaba-otroska-kopalna-kad-cameleo\\\/\",\"url\":\"https:\\\/\\\/ajatutaja.com\\\/izdelek\\\/beaba-otroska-kopalna-kad-cameleo\\\/\",\"name\":\"Beaba otro\u0161ka kopalna kad Camele'o - Light Mist | Ajatutaja\",\"isPartOf\":{\"@id\":\"https:\\\/\\\/ajatutaja.com\\\/#website\"},\"primaryImageOfPage\":{\"@id\":\"https:\\\/\\\/ajatutaja.com\\\/izdelek\\\/beaba-otroska-kopalna-kad-cameleo\\\/#primaryimage\"},\"image\":{\"@id\":\"https:\\\/\\\/ajatutaja.com\\\/izdelek\\\/beaba-otroska-kopalna-kad-cameleo\\\/#primaryimage\"},\"thumbnailUrl\":\"https:\\\/\\\/ajatutaja.com\\\/wp-content\\\/uploads\\\/2025\\\/07\\\/Beaba-otroska-banjica-siva-1.jpg\",\"datePublished\":\"2024-07-07T16:25:28+00:00\",\"dateModified\":\"2026-04-19T07:42:29+00:00\",\"description\":\"Otro\u0161ka kopalna kad Beaba je ergonomsko oblikovana otro\u0161ka banjica z dr\u017ealom za tu\u0161 in protizdrsno podlogo, je je s stojalom Camele'o.\",\"breadcrumb\":{\"@id\":\"https:\\\/\\\/ajatutaja.com\\\/izdelek\\\/beaba-otroska-kopalna-kad-cameleo\\\/#breadcrumb\"},\"inLanguage\":\"hr\",\"potentialAction\":[{\"@type\":\"ReadAction\",\"target\":[\"https:\\\/\\\/ajatutaja.com\\\/izdelek\\\/beaba-otroska-kopalna-kad-cameleo\\\/\"]}]},{\"@type\":\"ImageObject\",\"inLanguage\":\"hr\",\"@id\":\"https:\\\/\\\/ajatutaja.com\\\/izdelek\\\/beaba-otroska-kopalna-kad-cameleo\\\/#primaryimage\",\"url\":\"https:\\\/\\\/ajatutaja.com\\\/wp-content\\\/uploads\\\/2025\\\/07\\\/Beaba-otroska-banjica-siva-1.jpg\",\"contentUrl\":\"https:\\\/\\\/ajatutaja.com\\\/wp-content\\\/uploads\\\/2025\\\/07\\\/Beaba-otroska-banjica-siva-1.jpg\",\"width\":800,\"height\":800},{\"@type\":\"BreadcrumbList\",\"@id\":\"https:\\\/\\\/ajatutaja.com\\\/izdelek\\\/beaba-otroska-kopalna-kad-cameleo\\\/#breadcrumb\",\"itemListElement\":[{\"@type\":\"ListItem\",\"position\":1,\"name\":\"Home\",\"item\":\"https:\\\/\\\/ajatutaja.com\\\/hr\\\/\"},{\"@type\":\"ListItem\",\"position\":2,\"name\":\"Trgovina\",\"item\":\"https:\\\/\\\/ajatutaja.com\\\/hr\\\/trgovina\\\/\"},{\"@type\":\"ListItem\",\"position\":3,\"name\":\"Beaba otro\u0161ka kopalna kad Camele&#8217;o &#8211; Light Mist\"}]},{\"@type\":\"WebSite\",\"@id\":\"https:\\\/\\\/ajatutaja.com\\\/#website\",\"url\":\"https:\\\/\\\/ajatutaja.com\\\/\",\"name\":\"Ajatutaja\",\"description\":\"Otro\u0161ka spletna trgovina AJATUTAJA\",\"publisher\":{\"@id\":\"https:\\\/\\\/ajatutaja.com\\\/#organization\"},\"potentialAction\":[{\"@type\":\"SearchAction\",\"target\":{\"@type\":\"EntryPoint\",\"urlTemplate\":\"https:\\\/\\\/ajatutaja.com\\\/?s={search_term_string}\"},\"query-input\":{\"@type\":\"PropertyValueSpecification\",\"valueRequired\":true,\"valueName\":\"search_term_string\"}}],\"inLanguage\":\"hr\"},{\"@type\":\"Organization\",\"@id\":\"https:\\\/\\\/ajatutaja.com\\\/#organization\",\"name\":\"Ajatutaja\",\"url\":\"https:\\\/\\\/ajatutaja.com\\\/\",\"logo\":{\"@type\":\"ImageObject\",\"inLanguage\":\"hr\",\"@id\":\"https:\\\/\\\/ajatutaja.com\\\/#\\\/schema\\\/logo\\\/image\\\/\",\"url\":\"https:\\\/\\\/ajatutaja.com\\\/wp-content\\\/uploads\\\/2021\\\/10\\\/logo.png\",\"contentUrl\":\"https:\\\/\\\/ajatutaja.com\\\/wp-content\\\/uploads\\\/2021\\\/10\\\/logo.png\",\"width\":555,\"height\":150,\"caption\":\"Ajatutaja\"},\"image\":{\"@id\":\"https:\\\/\\\/ajatutaja.com\\\/#\\\/schema\\\/logo\\\/image\\\/\"}}]}<\/script>\n<!-- \/ Yoast SEO plugin. -->","yoast_head_json":{"title":"Beaba otro\u0161ka kopalna kad Camele'o - Light Mist | Ajatutaja","description":"Otro\u0161ka kopalna kad Beaba je ergonomsko oblikovana otro\u0161ka banjica z dr\u017ealom za tu\u0161 in protizdrsno podlogo, je je s stojalom Camele'o.","robots":{"index":"index","follow":"follow","max-snippet":"max-snippet:-1","max-image-preview":"max-image-preview:large","max-video-preview":"max-video-preview:-1"},"canonical":"https:\/\/ajatutaja.com\/izdelek\/beaba-otroska-kopalna-kad-cameleo\/","og_locale":"hr_HR","og_type":"article","og_title":"Beaba otro\u0161ka kopalna kad Camele'o - Light Mist | Ajatutaja","og_description":"Otro\u0161ka kopalna kad Beaba je ergonomsko oblikovana otro\u0161ka banjica z dr\u017ealom za tu\u0161 in protizdrsno podlogo, je je s stojalom Camele'o.","og_url":"https:\/\/ajatutaja.com\/izdelek\/beaba-otroska-kopalna-kad-cameleo\/","og_site_name":"Ajatutaja","article_modified_time":"2026-04-19T07:42:29+00:00","og_image":[{"width":800,"height":800,"url":"https:\/\/ajatutaja.com\/wp-content\/uploads\/2025\/07\/Beaba-otroska-banjica-siva-1.jpg","type":"image\/jpeg"}],"twitter_card":"summary_large_image","twitter_misc":{"Procijenjeno vrijeme \u010ditanja":"1 minuta"},"schema":{"@context":"https:\/\/schema.org","@graph":[{"@type":"WebPage","@id":"https:\/\/ajatutaja.com\/izdelek\/beaba-otroska-kopalna-kad-cameleo\/","url":"https:\/\/ajatutaja.com\/izdelek\/beaba-otroska-kopalna-kad-cameleo\/","name":"Beaba otro\u0161ka kopalna kad Camele'o - Light Mist | Ajatutaja","isPartOf":{"@id":"https:\/\/ajatutaja.com\/#website"},"primaryImageOfPage":{"@id":"https:\/\/ajatutaja.com\/izdelek\/beaba-otroska-kopalna-kad-cameleo\/#primaryimage"},"image":{"@id":"https:\/\/ajatutaja.com\/izdelek\/beaba-otroska-kopalna-kad-cameleo\/#primaryimage"},"thumbnailUrl":"https:\/\/ajatutaja.com\/wp-content\/uploads\/2025\/07\/Beaba-otroska-banjica-siva-1.jpg","datePublished":"2024-07-07T16:25:28+00:00","dateModified":"2026-04-19T07:42:29+00:00","description":"Otro\u0161ka kopalna kad Beaba je ergonomsko oblikovana otro\u0161ka banjica z dr\u017ealom za tu\u0161 in protizdrsno podlogo, je je s stojalom Camele'o.","breadcrumb":{"@id":"https:\/\/ajatutaja.com\/izdelek\/beaba-otroska-kopalna-kad-cameleo\/#breadcrumb"},"inLanguage":"hr","potentialAction":[{"@type":"ReadAction","target":["https:\/\/ajatutaja.com\/izdelek\/beaba-otroska-kopalna-kad-cameleo\/"]}]},{"@type":"ImageObject","inLanguage":"hr","@id":"https:\/\/ajatutaja.com\/izdelek\/beaba-otroska-kopalna-kad-cameleo\/#primaryimage","url":"https:\/\/ajatutaja.com\/wp-content\/uploads\/2025\/07\/Beaba-otroska-banjica-siva-1.jpg","contentUrl":"https:\/\/ajatutaja.com\/wp-content\/uploads\/2025\/07\/Beaba-otroska-banjica-siva-1.jpg","width":800,"height":800},{"@type":"BreadcrumbList","@id":"https:\/\/ajatutaja.com\/izdelek\/beaba-otroska-kopalna-kad-cameleo\/#breadcrumb","itemListElement":[{"@type":"ListItem","position":1,"name":"Home","item":"https:\/\/ajatutaja.com\/hr\/"},{"@type":"ListItem","position":2,"name":"Trgovina","item":"https:\/\/ajatutaja.com\/hr\/trgovina\/"},{"@type":"ListItem","position":3,"name":"Beaba otro\u0161ka kopalna kad Camele&#8217;o &#8211; Light Mist"}]},{"@type":"WebSite","@id":"https:\/\/ajatutaja.com\/#website","url":"https:\/\/ajatutaja.com\/","name":"Ajatutaja","description":"Otro\u0161ka spletna trgovina AJATUTAJA","publisher":{"@id":"https:\/\/ajatutaja.com\/#organization"},"potentialAction":[{"@type":"SearchAction","target":{"@type":"EntryPoint","urlTemplate":"https:\/\/ajatutaja.com\/?s={search_term_string}"},"query-input":{"@type":"PropertyValueSpecification","valueRequired":true,"valueName":"search_term_string"}}],"inLanguage":"hr"},{"@type":"Organization","@id":"https:\/\/ajatutaja.com\/#organization","name":"Ajatutaja","url":"https:\/\/ajatutaja.com\/","logo":{"@type":"ImageObject","inLanguage":"hr","@id":"https:\/\/ajatutaja.com\/#\/schema\/logo\/image\/","url":"https:\/\/ajatutaja.com\/wp-content\/uploads\/2021\/10\/logo.png","contentUrl":"https:\/\/ajatutaja.com\/wp-content\/uploads\/2021\/10\/logo.png","width":555,"height":150,"caption":"Ajatutaja"},"image":{"@id":"https:\/\/ajatutaja.com\/#\/schema\/logo\/image\/"}}]}},"brands":[{"id":2665,"name":"Beaba","slug":"beaba-nega-in-kopanje"},{"id":2658,"name":"Nega in kopanje","slug":"nega-in-kopanje"}],"_links":{"self":[{"href":"https:\/\/ajatutaja.com\/hr\/wp-json\/wp\/v2\/product\/17630","targetHints":{"allow":["GET"]}}],"collection":[{"href":"https:\/\/ajatutaja.com\/hr\/wp-json\/wp\/v2\/product"}],"about":[{"href":"https:\/\/ajatutaja.com\/hr\/wp-json\/wp\/v2\/types\/product"}],"wp:featuredmedia":[{"embeddable":true,"href":"https:\/\/ajatutaja.com\/hr\/wp-json\/wp\/v2\/media\/78098"}],"wp:attachment":[{"href":"https:\/\/ajatutaja.com\/hr\/wp-json\/wp\/v2\/media?parent=17630"}],"wp:term":[{"taxonomy":"pwb-brand","embeddable":true,"href":"https:\/\/ajatutaja.com\/hr\/wp-json\/wp\/v2\/pwb-brand?post=17630"},{"taxonomy":"product_brand","embeddable":true,"href":"https:\/\/ajatutaja.com\/hr\/wp-json\/wp\/v2\/product_brand?post=17630"},{"taxonomy":"product_cat","embeddable":true,"href":"https:\/\/ajatutaja.com\/hr\/wp-json\/wp\/v2\/product_cat?post=17630"},{"taxonomy":"product_tag","embeddable":true,"href":"https:\/\/ajatutaja.com\/hr\/wp-json\/wp\/v2\/product_tag?post=17630"}],"curies":[{"name":"wp","href":"https:\/\/api.w.org\/{rel}","templated":true}]}}