{"id":17614,"date":"2019-02-19T15:37:12","date_gmt":"2019-02-19T14:37:12","guid":{"rendered":"https:\/\/ajatutaja.com\/izdelek\/pearhead-namizni-okvir-za-sliko-in-odtis-nogice\/"},"modified":"2026-03-04T12:49:22","modified_gmt":"2026-03-04T11:49:22","slug":"pearhead-namizni-okvir-za-sliko-in-odtis-nogice","status":"publish","type":"product","link":"https:\/\/ajatutaja.com\/hr\/proizvod\/pearhead-namizni-okvir-za-sliko-in-odtis-nogice\/","title":{"rendered":"Pearhead namizni okvir za sliko in odtis nogice"},"content":{"rendered":"<p>Pearhead namizni okvir za sliko in odtis nogice vklju\u010duje vse kar potrebujete za ustvarjanje mal\u010dkovega odtisa in hranjenje spomin\u010dka za vedno. Okvir vklju\u010duje en paket mehke gline, ki se su\u0161i na zraku, ravnilo in dvostranski lepilni trak. Gline ni treba me\u0161ati ali pe\u010di! Enostavno pregnetite in razvaljajte glino. Ne\u017eno pritisnite dojen\u010dkovo roko ali nogo v glino, vendar dovolj mo\u010dno, da pusti odtis. \u010ce naredite napako \u2013 ni\u010d hudega. Postopek lahko ponavljate, dokler ne dobite popolnega odtisa. Ko je ustvarjanje odtisa kon\u010dano, uporabite ravnilo za ustvarjanje kvadratne oblike okrog odtisnjene rokice ali nogice. Pustite, da se posu\u0161i 1\u20132 dni, zatem pa uporabite lepilni trak za pritrjevanje na tablo z ozadjem. Izbirate lahko med modrim in roza obojestranskim ozadjem! Zdaj se boste vedno lahko spominjali, kako majceni so bili odtisi va\u0161ega mal\u010dka, in jih hranili s Pearheadovim namiznim okvirjem babyprints.<\/p>\n<p>Pearhead namizni okvir za sliko in odtis, lastnosti:<\/p>\n<ul>\n<li>Vklju\u010duje okvir in obojestransko ozadje, ki je modro na eni in roza na drugi strani.<\/li>\n<li>Vklju\u010duje en paket mehke gline, ki se su\u0161i na zraku, ravnilo in dvostranski lepilni trak v obliki ravnila.<\/li>\n<li>Vklju\u010dena navodila za ustvarjanje odtisa roke ali noge.<\/li>\n<li>Fotografski vlo\u017eek: 10,16 cm x 15,24 cm.<\/li>\n<li>Beli okvir za vstavljanje iz lesa in standardnega stekla.<\/li>\n<li>Enostavno postavljanje na vsako mizo.<\/li>\n<li>100% varno za dojen\u010dka.<\/li>\n<li>Dimenzije izdelka: 29,84cm x 19,20 cm x 3,49 cm<\/li>\n<li>Dimenzije embala\u017ee: 31,11 cm x 20,99 cm x 6,35 cm<\/li>\n<\/ul>\n","protected":false},"excerpt":{"rendered":"<div align=\"justify\">Naredite in hranite za vedno odtise svojega mal\u010dka s Pearheadovim namiznim okvirjem. Ta klasi\u010dno beli, leseni okvir ima dve pov\u0161ini, kamor postavite sliko otroka na eni strani in odtis nogice ali rokice na drugi. Vklju\u010duje roza in modro podlogo za sliko.<\/div>\n<div align=\"justify\"><\/div>\n<div align=\"justify\">\u010cudovito darilo ob rojstvu otroka ali za Babyshower!<\/div>\n","protected":false},"featured_media":17615,"template":"","meta":[],"pwb-brand":[2267,2280,2642],"product_brand":[],"product_cat":[2264,2610,2711,2262,2607,2263],"product_tag":[4261],"class_list":{"0":"post-17614","1":"product","2":"type-product","3":"status-publish","4":"has-post-thumbnail","6":"pwb-brand-nosecnost","7":"pwb-brand-pearhead","8":"pwb-brand-pearhead-spanje","9":"product_cat-babyshower","10":"product_cat-darila","11":"product_cat-darilo-ob-rojstvu","12":"product_cat-darilo-za-nosecnico","13":"product_cat-dodatki-in-dekoracije","14":"product_cat-foto-spomini","15":"product_tag-pearhead","17":"first","18":"instock","19":"taxable","20":"shipping-taxable","21":"purchasable","22":"product-type-simple","23":"add-to-wishlist-before_image"},"yoast_head":"<!-- This site is optimized with the Yoast SEO plugin v27.3 - https:\/\/yoast.com\/product\/yoast-seo-wordpress\/ -->\n<title>Pearhead namizni okvir za sliko in odtis nogice | Ajatutaja<\/title>\n<meta name=\"description\" content=\"Pearhead beli, leseni okvir ima dve pov\u0161ini, kamor postavite sliko otroka na eni strani in odtis nogice ali rokice na drugi. Vklju\u010duje roza in modro podlogo za sliko.\" \/>\n<meta name=\"robots\" content=\"index, follow, max-snippet:-1, max-image-preview:large, max-video-preview:-1\" \/>\n<link rel=\"canonical\" href=\"https:\/\/ajatutaja.com\/izdelek\/pearhead-namizni-okvir-za-sliko-in-odtis-nogice\/\" \/>\n<meta property=\"og:locale\" content=\"hr_HR\" \/>\n<meta property=\"og:type\" content=\"article\" \/>\n<meta property=\"og:title\" content=\"Pearhead namizni okvir za sliko in odtis nogice | Ajatutaja\" \/>\n<meta property=\"og:description\" content=\"Pearhead beli, leseni okvir ima dve pov\u0161ini, kamor postavite sliko otroka na eni strani in odtis nogice ali rokice na drugi. Vklju\u010duje roza in modro podlogo za sliko.\" \/>\n<meta property=\"og:url\" content=\"https:\/\/ajatutaja.com\/izdelek\/pearhead-namizni-okvir-za-sliko-in-odtis-nogice\/\" \/>\n<meta property=\"og:site_name\" content=\"Ajatutaja\" \/>\n<meta property=\"article:modified_time\" content=\"2026-03-04T11:49:22+00:00\" \/>\n<meta property=\"og:image\" content=\"https:\/\/ajatutaja.com\/wp-content\/uploads\/2021\/11\/Ajatutaja-okvir-za-sliko-otrok-odtis-1.jpg\" \/>\n\t<meta property=\"og:image:width\" content=\"600\" \/>\n\t<meta property=\"og:image:height\" content=\"600\" \/>\n\t<meta property=\"og:image:type\" content=\"image\/jpeg\" \/>\n<meta name=\"twitter:card\" content=\"summary_large_image\" \/>\n<meta name=\"twitter:label1\" content=\"Procijenjeno vrijeme \u010ditanja\" \/>\n\t<meta name=\"twitter:data1\" content=\"1 minuta\" \/>\n<script type=\"application\/ld+json\" class=\"yoast-schema-graph\">{\"@context\":\"https:\\\/\\\/schema.org\",\"@graph\":[{\"@type\":\"WebPage\",\"@id\":\"https:\\\/\\\/ajatutaja.com\\\/izdelek\\\/pearhead-namizni-okvir-za-sliko-in-odtis-nogice\\\/\",\"url\":\"https:\\\/\\\/ajatutaja.com\\\/izdelek\\\/pearhead-namizni-okvir-za-sliko-in-odtis-nogice\\\/\",\"name\":\"Pearhead namizni okvir za sliko in odtis nogice | Ajatutaja\",\"isPartOf\":{\"@id\":\"https:\\\/\\\/ajatutaja.com\\\/#website\"},\"primaryImageOfPage\":{\"@id\":\"https:\\\/\\\/ajatutaja.com\\\/izdelek\\\/pearhead-namizni-okvir-za-sliko-in-odtis-nogice\\\/#primaryimage\"},\"image\":{\"@id\":\"https:\\\/\\\/ajatutaja.com\\\/izdelek\\\/pearhead-namizni-okvir-za-sliko-in-odtis-nogice\\\/#primaryimage\"},\"thumbnailUrl\":\"https:\\\/\\\/ajatutaja.com\\\/wp-content\\\/uploads\\\/2021\\\/11\\\/Ajatutaja-okvir-za-sliko-otrok-odtis-1.jpg\",\"datePublished\":\"2019-02-19T14:37:12+00:00\",\"dateModified\":\"2026-03-04T11:49:22+00:00\",\"description\":\"Pearhead beli, leseni okvir ima dve pov\u0161ini, kamor postavite sliko otroka na eni strani in odtis nogice ali rokice na drugi. Vklju\u010duje roza in modro podlogo za sliko.\",\"breadcrumb\":{\"@id\":\"https:\\\/\\\/ajatutaja.com\\\/izdelek\\\/pearhead-namizni-okvir-za-sliko-in-odtis-nogice\\\/#breadcrumb\"},\"inLanguage\":\"hr\",\"potentialAction\":[{\"@type\":\"ReadAction\",\"target\":[\"https:\\\/\\\/ajatutaja.com\\\/izdelek\\\/pearhead-namizni-okvir-za-sliko-in-odtis-nogice\\\/\"]}]},{\"@type\":\"ImageObject\",\"inLanguage\":\"hr\",\"@id\":\"https:\\\/\\\/ajatutaja.com\\\/izdelek\\\/pearhead-namizni-okvir-za-sliko-in-odtis-nogice\\\/#primaryimage\",\"url\":\"https:\\\/\\\/ajatutaja.com\\\/wp-content\\\/uploads\\\/2021\\\/11\\\/Ajatutaja-okvir-za-sliko-otrok-odtis-1.jpg\",\"contentUrl\":\"https:\\\/\\\/ajatutaja.com\\\/wp-content\\\/uploads\\\/2021\\\/11\\\/Ajatutaja-okvir-za-sliko-otrok-odtis-1.jpg\",\"width\":600,\"height\":600},{\"@type\":\"BreadcrumbList\",\"@id\":\"https:\\\/\\\/ajatutaja.com\\\/izdelek\\\/pearhead-namizni-okvir-za-sliko-in-odtis-nogice\\\/#breadcrumb\",\"itemListElement\":[{\"@type\":\"ListItem\",\"position\":1,\"name\":\"Home\",\"item\":\"https:\\\/\\\/ajatutaja.com\\\/hr\\\/\"},{\"@type\":\"ListItem\",\"position\":2,\"name\":\"Trgovina\",\"item\":\"https:\\\/\\\/ajatutaja.com\\\/hr\\\/trgovina\\\/\"},{\"@type\":\"ListItem\",\"position\":3,\"name\":\"Pearhead namizni okvir za sliko in odtis nogice\"}]},{\"@type\":\"WebSite\",\"@id\":\"https:\\\/\\\/ajatutaja.com\\\/#website\",\"url\":\"https:\\\/\\\/ajatutaja.com\\\/\",\"name\":\"Ajatutaja\",\"description\":\"Otro\u0161ka spletna trgovina AJATUTAJA\",\"publisher\":{\"@id\":\"https:\\\/\\\/ajatutaja.com\\\/#organization\"},\"potentialAction\":[{\"@type\":\"SearchAction\",\"target\":{\"@type\":\"EntryPoint\",\"urlTemplate\":\"https:\\\/\\\/ajatutaja.com\\\/?s={search_term_string}\"},\"query-input\":{\"@type\":\"PropertyValueSpecification\",\"valueRequired\":true,\"valueName\":\"search_term_string\"}}],\"inLanguage\":\"hr\"},{\"@type\":\"Organization\",\"@id\":\"https:\\\/\\\/ajatutaja.com\\\/#organization\",\"name\":\"Ajatutaja\",\"url\":\"https:\\\/\\\/ajatutaja.com\\\/\",\"logo\":{\"@type\":\"ImageObject\",\"inLanguage\":\"hr\",\"@id\":\"https:\\\/\\\/ajatutaja.com\\\/#\\\/schema\\\/logo\\\/image\\\/\",\"url\":\"https:\\\/\\\/ajatutaja.com\\\/wp-content\\\/uploads\\\/2021\\\/10\\\/logo.png\",\"contentUrl\":\"https:\\\/\\\/ajatutaja.com\\\/wp-content\\\/uploads\\\/2021\\\/10\\\/logo.png\",\"width\":555,\"height\":150,\"caption\":\"Ajatutaja\"},\"image\":{\"@id\":\"https:\\\/\\\/ajatutaja.com\\\/#\\\/schema\\\/logo\\\/image\\\/\"}}]}<\/script>\n<!-- \/ Yoast SEO plugin. -->","yoast_head_json":{"title":"Pearhead namizni okvir za sliko in odtis nogice | Ajatutaja","description":"Pearhead beli, leseni okvir ima dve pov\u0161ini, kamor postavite sliko otroka na eni strani in odtis nogice ali rokice na drugi. Vklju\u010duje roza in modro podlogo za sliko.","robots":{"index":"index","follow":"follow","max-snippet":"max-snippet:-1","max-image-preview":"max-image-preview:large","max-video-preview":"max-video-preview:-1"},"canonical":"https:\/\/ajatutaja.com\/izdelek\/pearhead-namizni-okvir-za-sliko-in-odtis-nogice\/","og_locale":"hr_HR","og_type":"article","og_title":"Pearhead namizni okvir za sliko in odtis nogice | Ajatutaja","og_description":"Pearhead beli, leseni okvir ima dve pov\u0161ini, kamor postavite sliko otroka na eni strani in odtis nogice ali rokice na drugi. Vklju\u010duje roza in modro podlogo za sliko.","og_url":"https:\/\/ajatutaja.com\/izdelek\/pearhead-namizni-okvir-za-sliko-in-odtis-nogice\/","og_site_name":"Ajatutaja","article_modified_time":"2026-03-04T11:49:22+00:00","og_image":[{"width":600,"height":600,"url":"https:\/\/ajatutaja.com\/wp-content\/uploads\/2021\/11\/Ajatutaja-okvir-za-sliko-otrok-odtis-1.jpg","type":"image\/jpeg"}],"twitter_card":"summary_large_image","twitter_misc":{"Procijenjeno vrijeme \u010ditanja":"1 minuta"},"schema":{"@context":"https:\/\/schema.org","@graph":[{"@type":"WebPage","@id":"https:\/\/ajatutaja.com\/izdelek\/pearhead-namizni-okvir-za-sliko-in-odtis-nogice\/","url":"https:\/\/ajatutaja.com\/izdelek\/pearhead-namizni-okvir-za-sliko-in-odtis-nogice\/","name":"Pearhead namizni okvir za sliko in odtis nogice | Ajatutaja","isPartOf":{"@id":"https:\/\/ajatutaja.com\/#website"},"primaryImageOfPage":{"@id":"https:\/\/ajatutaja.com\/izdelek\/pearhead-namizni-okvir-za-sliko-in-odtis-nogice\/#primaryimage"},"image":{"@id":"https:\/\/ajatutaja.com\/izdelek\/pearhead-namizni-okvir-za-sliko-in-odtis-nogice\/#primaryimage"},"thumbnailUrl":"https:\/\/ajatutaja.com\/wp-content\/uploads\/2021\/11\/Ajatutaja-okvir-za-sliko-otrok-odtis-1.jpg","datePublished":"2019-02-19T14:37:12+00:00","dateModified":"2026-03-04T11:49:22+00:00","description":"Pearhead beli, leseni okvir ima dve pov\u0161ini, kamor postavite sliko otroka na eni strani in odtis nogice ali rokice na drugi. Vklju\u010duje roza in modro podlogo za sliko.","breadcrumb":{"@id":"https:\/\/ajatutaja.com\/izdelek\/pearhead-namizni-okvir-za-sliko-in-odtis-nogice\/#breadcrumb"},"inLanguage":"hr","potentialAction":[{"@type":"ReadAction","target":["https:\/\/ajatutaja.com\/izdelek\/pearhead-namizni-okvir-za-sliko-in-odtis-nogice\/"]}]},{"@type":"ImageObject","inLanguage":"hr","@id":"https:\/\/ajatutaja.com\/izdelek\/pearhead-namizni-okvir-za-sliko-in-odtis-nogice\/#primaryimage","url":"https:\/\/ajatutaja.com\/wp-content\/uploads\/2021\/11\/Ajatutaja-okvir-za-sliko-otrok-odtis-1.jpg","contentUrl":"https:\/\/ajatutaja.com\/wp-content\/uploads\/2021\/11\/Ajatutaja-okvir-za-sliko-otrok-odtis-1.jpg","width":600,"height":600},{"@type":"BreadcrumbList","@id":"https:\/\/ajatutaja.com\/izdelek\/pearhead-namizni-okvir-za-sliko-in-odtis-nogice\/#breadcrumb","itemListElement":[{"@type":"ListItem","position":1,"name":"Home","item":"https:\/\/ajatutaja.com\/hr\/"},{"@type":"ListItem","position":2,"name":"Trgovina","item":"https:\/\/ajatutaja.com\/hr\/trgovina\/"},{"@type":"ListItem","position":3,"name":"Pearhead namizni okvir za sliko in odtis nogice"}]},{"@type":"WebSite","@id":"https:\/\/ajatutaja.com\/#website","url":"https:\/\/ajatutaja.com\/","name":"Ajatutaja","description":"Otro\u0161ka spletna trgovina AJATUTAJA","publisher":{"@id":"https:\/\/ajatutaja.com\/#organization"},"potentialAction":[{"@type":"SearchAction","target":{"@type":"EntryPoint","urlTemplate":"https:\/\/ajatutaja.com\/?s={search_term_string}"},"query-input":{"@type":"PropertyValueSpecification","valueRequired":true,"valueName":"search_term_string"}}],"inLanguage":"hr"},{"@type":"Organization","@id":"https:\/\/ajatutaja.com\/#organization","name":"Ajatutaja","url":"https:\/\/ajatutaja.com\/","logo":{"@type":"ImageObject","inLanguage":"hr","@id":"https:\/\/ajatutaja.com\/#\/schema\/logo\/image\/","url":"https:\/\/ajatutaja.com\/wp-content\/uploads\/2021\/10\/logo.png","contentUrl":"https:\/\/ajatutaja.com\/wp-content\/uploads\/2021\/10\/logo.png","width":555,"height":150,"caption":"Ajatutaja"},"image":{"@id":"https:\/\/ajatutaja.com\/#\/schema\/logo\/image\/"}}]}},"brands":[{"id":2267,"name":"Nose\u010dnost","slug":"nosecnost"},{"id":2280,"name":"Pearhead","slug":"pearhead"},{"id":2642,"name":"Pearhead","slug":"pearhead-spanje"}],"_links":{"self":[{"href":"https:\/\/ajatutaja.com\/hr\/wp-json\/wp\/v2\/product\/17614","targetHints":{"allow":["GET"]}}],"collection":[{"href":"https:\/\/ajatutaja.com\/hr\/wp-json\/wp\/v2\/product"}],"about":[{"href":"https:\/\/ajatutaja.com\/hr\/wp-json\/wp\/v2\/types\/product"}],"wp:featuredmedia":[{"embeddable":true,"href":"https:\/\/ajatutaja.com\/hr\/wp-json\/wp\/v2\/media\/17615"}],"wp:attachment":[{"href":"https:\/\/ajatutaja.com\/hr\/wp-json\/wp\/v2\/media?parent=17614"}],"wp:term":[{"taxonomy":"pwb-brand","embeddable":true,"href":"https:\/\/ajatutaja.com\/hr\/wp-json\/wp\/v2\/pwb-brand?post=17614"},{"taxonomy":"product_brand","embeddable":true,"href":"https:\/\/ajatutaja.com\/hr\/wp-json\/wp\/v2\/product_brand?post=17614"},{"taxonomy":"product_cat","embeddable":true,"href":"https:\/\/ajatutaja.com\/hr\/wp-json\/wp\/v2\/product_cat?post=17614"},{"taxonomy":"product_tag","embeddable":true,"href":"https:\/\/ajatutaja.com\/hr\/wp-json\/wp\/v2\/product_tag?post=17614"}],"curies":[{"name":"wp","href":"https:\/\/api.w.org\/{rel}","templated":true}]}}