{"id":17610,"date":"2019-02-19T15:07:54","date_gmt":"2019-02-19T14:07:54","guid":{"rendered":"https:\/\/ajatutaja.com\/izdelek\/pearhead-okvir-za-sliko-novorojencka-in-porodno-id-zapestnico\/"},"modified":"2025-03-04T14:47:00","modified_gmt":"2025-03-04T13:47:00","slug":"pearhead-okvir-za-sliko-novorojencka-in-porodno-id-zapestnico","status":"publish","type":"product","link":"https:\/\/ajatutaja.com\/hr\/proizvod\/pearhead-okvir-za-sliko-novorojencka-in-porodno-id-zapestnico\/","title":{"rendered":"Pearhead okvir za sliko novorojen\u010dka in porodno ID zapestnico"},"content":{"rendered":"<div class=\"art_title\"><\/div>\n<div class=\"right\">\n<div class=\"desc\">\n<div class=\"desc\">\n<div align=\"justify\">\n<div align=\"justify\">Za\u017eelite dobrodo\u0161lico svojemu novemu izviru veselja s Pearheadovim okvirjem za identifikacijsko zapestnico.<\/div>\n<ul>\n<li>Vklju\u010duje stojalo in kavelj\u010dek za obe\u0161anje<\/li>\n<li>Fotografski vlo\u017eek: 10,16 cm x 15,24 cm<\/li>\n<li>Beli okvir<\/li>\n<li>Odprtina za dojen\u010dkovo identifikacijsko zapestnico<\/li>\n<li>Material: Les in standardno steklo<\/li>\n<li>Dimenzije izdelka: 23,97 cm x 23,97 cm x 1,90 cm<\/li>\n<li>Dimenzije embala\u017ee: 25,4 cm x 26,03 cm x 5,39 cm<\/li>\n<\/ul>\n<\/div>\n<div align=\"justify\"><\/div>\n<\/div>\n<\/div>\n<\/div>\n","protected":false},"excerpt":{"rendered":"<p>Za\u017eelite dobrodo\u0161lico svojemu novemu izviru veselja s Pearheadovim okvirjem za identifikacijsko zapestnico. Poka\u017eite mal\u010dkovo identifikacijsko zapestnico v tem modernem okvirju.<\/p>\n<p>Enostavno jo vstavite v okvir in vklju\u010deno podlago. Moderno beli videz je popoln za prikaz kjer koli v va\u0161em domu ali pa v dojen\u010dkovi sobi. Prav tako lahko dodate tudi \u010dudovito 10,16 cm x 15,24 cm fotografijo svojega ljubkega mal\u010dka. Ta okvir je popoln okras za vsako mizo z vklju\u010denim stojalom. Lahko pa ga obesite tudi nekje v svojem domu s pomo\u010djo vklju\u010denega kavelj\u010dka za obe\u0161anje.<\/p>\n","protected":false},"featured_media":17611,"template":"","meta":[],"pwb-brand":[2267,2280,2642],"product_brand":[],"product_cat":[2264,2610,2711,2262,2607,2263],"product_tag":[4261],"class_list":{"0":"post-17610","1":"product","2":"type-product","3":"status-publish","4":"has-post-thumbnail","6":"pwb-brand-nosecnost","7":"pwb-brand-pearhead","8":"pwb-brand-pearhead-spanje","9":"product_cat-babyshower","10":"product_cat-darila","11":"product_cat-darilo-ob-rojstvu","12":"product_cat-darilo-za-nosecnico","13":"product_cat-dodatki-in-dekoracije","14":"product_cat-foto-spomini","15":"product_tag-pearhead","17":"first","18":"instock","19":"taxable","20":"shipping-taxable","21":"purchasable","22":"product-type-simple","23":"add-to-wishlist-before_image"},"yoast_head":"<!-- This site is optimized with the Yoast SEO plugin v27.3 - https:\/\/yoast.com\/product\/yoast-seo-wordpress\/ -->\n<title>Pearhead okvir za sliko novorojen\u010dka in porodno ID zapestnico | Ajatutaja<\/title>\n<meta name=\"description\" content=\"Pearhead okvir za sliko novorojen\u010dka in porodno ID zapestnico je popolno darilo ob rojstvu otroka. Okvir lahko obesite na steno ali pa polo\u017eite na polico.\" \/>\n<meta name=\"robots\" content=\"index, follow, max-snippet:-1, max-image-preview:large, max-video-preview:-1\" \/>\n<link rel=\"canonical\" href=\"https:\/\/ajatutaja.com\/izdelek\/pearhead-okvir-za-sliko-novorojencka-in-porodno-id-zapestnico\/\" \/>\n<meta property=\"og:locale\" content=\"hr_HR\" \/>\n<meta property=\"og:type\" content=\"article\" \/>\n<meta property=\"og:title\" content=\"Pearhead okvir za sliko novorojen\u010dka in porodno ID zapestnico | Ajatutaja\" \/>\n<meta property=\"og:description\" content=\"Pearhead okvir za sliko novorojen\u010dka in porodno ID zapestnico je popolno darilo ob rojstvu otroka. Okvir lahko obesite na steno ali pa polo\u017eite na polico.\" \/>\n<meta property=\"og:url\" content=\"https:\/\/ajatutaja.com\/izdelek\/pearhead-okvir-za-sliko-novorojencka-in-porodno-id-zapestnico\/\" \/>\n<meta property=\"og:site_name\" content=\"Ajatutaja\" \/>\n<meta property=\"article:modified_time\" content=\"2025-03-04T13:47:00+00:00\" \/>\n<meta property=\"og:image\" content=\"https:\/\/ajatutaja.com\/wp-content\/uploads\/2021\/11\/Ajatutaja-okvir-za-sliko-otrok-zapestnica.jpg\" \/>\n\t<meta property=\"og:image:width\" content=\"600\" \/>\n\t<meta property=\"og:image:height\" content=\"600\" \/>\n\t<meta property=\"og:image:type\" content=\"image\/jpeg\" \/>\n<meta name=\"twitter:card\" content=\"summary_large_image\" \/>\n<script type=\"application\/ld+json\" class=\"yoast-schema-graph\">{\"@context\":\"https:\\\/\\\/schema.org\",\"@graph\":[{\"@type\":\"WebPage\",\"@id\":\"https:\\\/\\\/ajatutaja.com\\\/izdelek\\\/pearhead-okvir-za-sliko-novorojencka-in-porodno-id-zapestnico\\\/\",\"url\":\"https:\\\/\\\/ajatutaja.com\\\/izdelek\\\/pearhead-okvir-za-sliko-novorojencka-in-porodno-id-zapestnico\\\/\",\"name\":\"Pearhead okvir za sliko novorojen\u010dka in porodno ID zapestnico | Ajatutaja\",\"isPartOf\":{\"@id\":\"https:\\\/\\\/ajatutaja.com\\\/#website\"},\"primaryImageOfPage\":{\"@id\":\"https:\\\/\\\/ajatutaja.com\\\/izdelek\\\/pearhead-okvir-za-sliko-novorojencka-in-porodno-id-zapestnico\\\/#primaryimage\"},\"image\":{\"@id\":\"https:\\\/\\\/ajatutaja.com\\\/izdelek\\\/pearhead-okvir-za-sliko-novorojencka-in-porodno-id-zapestnico\\\/#primaryimage\"},\"thumbnailUrl\":\"https:\\\/\\\/ajatutaja.com\\\/wp-content\\\/uploads\\\/2021\\\/11\\\/Ajatutaja-okvir-za-sliko-otrok-zapestnica.jpg\",\"datePublished\":\"2019-02-19T14:07:54+00:00\",\"dateModified\":\"2025-03-04T13:47:00+00:00\",\"description\":\"Pearhead okvir za sliko novorojen\u010dka in porodno ID zapestnico je popolno darilo ob rojstvu otroka. Okvir lahko obesite na steno ali pa polo\u017eite na polico.\",\"breadcrumb\":{\"@id\":\"https:\\\/\\\/ajatutaja.com\\\/izdelek\\\/pearhead-okvir-za-sliko-novorojencka-in-porodno-id-zapestnico\\\/#breadcrumb\"},\"inLanguage\":\"hr\",\"potentialAction\":[{\"@type\":\"ReadAction\",\"target\":[\"https:\\\/\\\/ajatutaja.com\\\/izdelek\\\/pearhead-okvir-za-sliko-novorojencka-in-porodno-id-zapestnico\\\/\"]}]},{\"@type\":\"ImageObject\",\"inLanguage\":\"hr\",\"@id\":\"https:\\\/\\\/ajatutaja.com\\\/izdelek\\\/pearhead-okvir-za-sliko-novorojencka-in-porodno-id-zapestnico\\\/#primaryimage\",\"url\":\"https:\\\/\\\/ajatutaja.com\\\/wp-content\\\/uploads\\\/2021\\\/11\\\/Ajatutaja-okvir-za-sliko-otrok-zapestnica.jpg\",\"contentUrl\":\"https:\\\/\\\/ajatutaja.com\\\/wp-content\\\/uploads\\\/2021\\\/11\\\/Ajatutaja-okvir-za-sliko-otrok-zapestnica.jpg\",\"width\":600,\"height\":600},{\"@type\":\"BreadcrumbList\",\"@id\":\"https:\\\/\\\/ajatutaja.com\\\/izdelek\\\/pearhead-okvir-za-sliko-novorojencka-in-porodno-id-zapestnico\\\/#breadcrumb\",\"itemListElement\":[{\"@type\":\"ListItem\",\"position\":1,\"name\":\"Home\",\"item\":\"https:\\\/\\\/ajatutaja.com\\\/hr\\\/\"},{\"@type\":\"ListItem\",\"position\":2,\"name\":\"Trgovina\",\"item\":\"https:\\\/\\\/ajatutaja.com\\\/hr\\\/trgovina\\\/\"},{\"@type\":\"ListItem\",\"position\":3,\"name\":\"Pearhead okvir za sliko novorojen\u010dka in porodno ID zapestnico\"}]},{\"@type\":\"WebSite\",\"@id\":\"https:\\\/\\\/ajatutaja.com\\\/#website\",\"url\":\"https:\\\/\\\/ajatutaja.com\\\/\",\"name\":\"Ajatutaja\",\"description\":\"Otro\u0161ka spletna trgovina AJATUTAJA\",\"publisher\":{\"@id\":\"https:\\\/\\\/ajatutaja.com\\\/#organization\"},\"potentialAction\":[{\"@type\":\"SearchAction\",\"target\":{\"@type\":\"EntryPoint\",\"urlTemplate\":\"https:\\\/\\\/ajatutaja.com\\\/?s={search_term_string}\"},\"query-input\":{\"@type\":\"PropertyValueSpecification\",\"valueRequired\":true,\"valueName\":\"search_term_string\"}}],\"inLanguage\":\"hr\"},{\"@type\":\"Organization\",\"@id\":\"https:\\\/\\\/ajatutaja.com\\\/#organization\",\"name\":\"Ajatutaja\",\"url\":\"https:\\\/\\\/ajatutaja.com\\\/\",\"logo\":{\"@type\":\"ImageObject\",\"inLanguage\":\"hr\",\"@id\":\"https:\\\/\\\/ajatutaja.com\\\/#\\\/schema\\\/logo\\\/image\\\/\",\"url\":\"https:\\\/\\\/ajatutaja.com\\\/wp-content\\\/uploads\\\/2021\\\/10\\\/logo.png\",\"contentUrl\":\"https:\\\/\\\/ajatutaja.com\\\/wp-content\\\/uploads\\\/2021\\\/10\\\/logo.png\",\"width\":555,\"height\":150,\"caption\":\"Ajatutaja\"},\"image\":{\"@id\":\"https:\\\/\\\/ajatutaja.com\\\/#\\\/schema\\\/logo\\\/image\\\/\"}}]}<\/script>\n<!-- \/ Yoast SEO plugin. -->","yoast_head_json":{"title":"Pearhead okvir za sliko novorojen\u010dka in porodno ID zapestnico | Ajatutaja","description":"Pearhead okvir za sliko novorojen\u010dka in porodno ID zapestnico je popolno darilo ob rojstvu otroka. Okvir lahko obesite na steno ali pa polo\u017eite na polico.","robots":{"index":"index","follow":"follow","max-snippet":"max-snippet:-1","max-image-preview":"max-image-preview:large","max-video-preview":"max-video-preview:-1"},"canonical":"https:\/\/ajatutaja.com\/izdelek\/pearhead-okvir-za-sliko-novorojencka-in-porodno-id-zapestnico\/","og_locale":"hr_HR","og_type":"article","og_title":"Pearhead okvir za sliko novorojen\u010dka in porodno ID zapestnico | Ajatutaja","og_description":"Pearhead okvir za sliko novorojen\u010dka in porodno ID zapestnico je popolno darilo ob rojstvu otroka. Okvir lahko obesite na steno ali pa polo\u017eite na polico.","og_url":"https:\/\/ajatutaja.com\/izdelek\/pearhead-okvir-za-sliko-novorojencka-in-porodno-id-zapestnico\/","og_site_name":"Ajatutaja","article_modified_time":"2025-03-04T13:47:00+00:00","og_image":[{"width":600,"height":600,"url":"https:\/\/ajatutaja.com\/wp-content\/uploads\/2021\/11\/Ajatutaja-okvir-za-sliko-otrok-zapestnica.jpg","type":"image\/jpeg"}],"twitter_card":"summary_large_image","schema":{"@context":"https:\/\/schema.org","@graph":[{"@type":"WebPage","@id":"https:\/\/ajatutaja.com\/izdelek\/pearhead-okvir-za-sliko-novorojencka-in-porodno-id-zapestnico\/","url":"https:\/\/ajatutaja.com\/izdelek\/pearhead-okvir-za-sliko-novorojencka-in-porodno-id-zapestnico\/","name":"Pearhead okvir za sliko novorojen\u010dka in porodno ID zapestnico | Ajatutaja","isPartOf":{"@id":"https:\/\/ajatutaja.com\/#website"},"primaryImageOfPage":{"@id":"https:\/\/ajatutaja.com\/izdelek\/pearhead-okvir-za-sliko-novorojencka-in-porodno-id-zapestnico\/#primaryimage"},"image":{"@id":"https:\/\/ajatutaja.com\/izdelek\/pearhead-okvir-za-sliko-novorojencka-in-porodno-id-zapestnico\/#primaryimage"},"thumbnailUrl":"https:\/\/ajatutaja.com\/wp-content\/uploads\/2021\/11\/Ajatutaja-okvir-za-sliko-otrok-zapestnica.jpg","datePublished":"2019-02-19T14:07:54+00:00","dateModified":"2025-03-04T13:47:00+00:00","description":"Pearhead okvir za sliko novorojen\u010dka in porodno ID zapestnico je popolno darilo ob rojstvu otroka. Okvir lahko obesite na steno ali pa polo\u017eite na polico.","breadcrumb":{"@id":"https:\/\/ajatutaja.com\/izdelek\/pearhead-okvir-za-sliko-novorojencka-in-porodno-id-zapestnico\/#breadcrumb"},"inLanguage":"hr","potentialAction":[{"@type":"ReadAction","target":["https:\/\/ajatutaja.com\/izdelek\/pearhead-okvir-za-sliko-novorojencka-in-porodno-id-zapestnico\/"]}]},{"@type":"ImageObject","inLanguage":"hr","@id":"https:\/\/ajatutaja.com\/izdelek\/pearhead-okvir-za-sliko-novorojencka-in-porodno-id-zapestnico\/#primaryimage","url":"https:\/\/ajatutaja.com\/wp-content\/uploads\/2021\/11\/Ajatutaja-okvir-za-sliko-otrok-zapestnica.jpg","contentUrl":"https:\/\/ajatutaja.com\/wp-content\/uploads\/2021\/11\/Ajatutaja-okvir-za-sliko-otrok-zapestnica.jpg","width":600,"height":600},{"@type":"BreadcrumbList","@id":"https:\/\/ajatutaja.com\/izdelek\/pearhead-okvir-za-sliko-novorojencka-in-porodno-id-zapestnico\/#breadcrumb","itemListElement":[{"@type":"ListItem","position":1,"name":"Home","item":"https:\/\/ajatutaja.com\/hr\/"},{"@type":"ListItem","position":2,"name":"Trgovina","item":"https:\/\/ajatutaja.com\/hr\/trgovina\/"},{"@type":"ListItem","position":3,"name":"Pearhead okvir za sliko novorojen\u010dka in porodno ID zapestnico"}]},{"@type":"WebSite","@id":"https:\/\/ajatutaja.com\/#website","url":"https:\/\/ajatutaja.com\/","name":"Ajatutaja","description":"Otro\u0161ka spletna trgovina AJATUTAJA","publisher":{"@id":"https:\/\/ajatutaja.com\/#organization"},"potentialAction":[{"@type":"SearchAction","target":{"@type":"EntryPoint","urlTemplate":"https:\/\/ajatutaja.com\/?s={search_term_string}"},"query-input":{"@type":"PropertyValueSpecification","valueRequired":true,"valueName":"search_term_string"}}],"inLanguage":"hr"},{"@type":"Organization","@id":"https:\/\/ajatutaja.com\/#organization","name":"Ajatutaja","url":"https:\/\/ajatutaja.com\/","logo":{"@type":"ImageObject","inLanguage":"hr","@id":"https:\/\/ajatutaja.com\/#\/schema\/logo\/image\/","url":"https:\/\/ajatutaja.com\/wp-content\/uploads\/2021\/10\/logo.png","contentUrl":"https:\/\/ajatutaja.com\/wp-content\/uploads\/2021\/10\/logo.png","width":555,"height":150,"caption":"Ajatutaja"},"image":{"@id":"https:\/\/ajatutaja.com\/#\/schema\/logo\/image\/"}}]}},"brands":[{"id":2267,"name":"Nose\u010dnost","slug":"nosecnost"},{"id":2280,"name":"Pearhead","slug":"pearhead"},{"id":2642,"name":"Pearhead","slug":"pearhead-spanje"}],"_links":{"self":[{"href":"https:\/\/ajatutaja.com\/hr\/wp-json\/wp\/v2\/product\/17610","targetHints":{"allow":["GET"]}}],"collection":[{"href":"https:\/\/ajatutaja.com\/hr\/wp-json\/wp\/v2\/product"}],"about":[{"href":"https:\/\/ajatutaja.com\/hr\/wp-json\/wp\/v2\/types\/product"}],"wp:featuredmedia":[{"embeddable":true,"href":"https:\/\/ajatutaja.com\/hr\/wp-json\/wp\/v2\/media\/17611"}],"wp:attachment":[{"href":"https:\/\/ajatutaja.com\/hr\/wp-json\/wp\/v2\/media?parent=17610"}],"wp:term":[{"taxonomy":"pwb-brand","embeddable":true,"href":"https:\/\/ajatutaja.com\/hr\/wp-json\/wp\/v2\/pwb-brand?post=17610"},{"taxonomy":"product_brand","embeddable":true,"href":"https:\/\/ajatutaja.com\/hr\/wp-json\/wp\/v2\/product_brand?post=17610"},{"taxonomy":"product_cat","embeddable":true,"href":"https:\/\/ajatutaja.com\/hr\/wp-json\/wp\/v2\/product_cat?post=17610"},{"taxonomy":"product_tag","embeddable":true,"href":"https:\/\/ajatutaja.com\/hr\/wp-json\/wp\/v2\/product_tag?post=17610"}],"curies":[{"name":"wp","href":"https:\/\/api.w.org\/{rel}","templated":true}]}}