{"id":17469,"date":"2019-01-31T20:06:49","date_gmt":"2019-01-31T19:06:49","guid":{"rendered":"https:\/\/ajatutaja.com\/izdelek\/posteljno-dno-childhome-90x200-cm\/"},"modified":"2024-03-21T19:28:33","modified_gmt":"2024-03-21T18:28:33","slug":"posteljno-dno-childhome-90x200-cm","status":"publish","type":"product","link":"https:\/\/ajatutaja.com\/hr\/proizvod\/posteljno-dno-childhome-90x200-cm\/","title":{"rendered":"Posteljno dno Childhome 90&#215;200 cm"},"content":{"rendered":"<p>Da ne bi imeli vzmetnice v direktnem kontaktu s tlemi, je <em><strong>Childhome<\/strong><\/em> izdelal posebno dno oblikovano za postelje <em><strong>kolekcije Tip<\/strong><strong>i<\/strong><\/em>. Tako je posteljno dno primerno za <em><strong>posteljni okvir Tipi<\/strong><\/em>. Moderna struktura postelje bo popestrila sobico in ji doprinesla poseben \u010dar.<\/p>\n<p>Dimenzije podlage: <em><strong>90 x 200 cm<\/strong><\/em><\/p>\n<p><em>Izdelke Chidhome iz Tipi kolekcije je mo\u017eno naro\u010diti samo po naro\u010dilu!<\/em><\/p>\n","protected":false},"excerpt":{"rendered":"<p>Posteljno dno za posteljne okvirje TIPI in HOUSE BED Childhome.<\/p>\n","protected":false},"featured_media":17470,"template":"","meta":[],"pwb-brand":[2616,2611],"product_brand":[],"product_cat":[2599,2593],"product_tag":[4019,4043,4427],"class_list":{"0":"post-17469","1":"product","2":"type-product","3":"status-publish","4":"has-post-thumbnail","6":"pwb-brand-childhome-spanje","7":"pwb-brand-spanje","8":"product_cat-lezisca-in-vzmetnice","9":"product_cat-spanje","10":"product_tag-200x90cm","11":"product_tag-childhome","12":"product_tag-tipi","14":"first","15":"instock","16":"taxable","17":"shipping-taxable","18":"purchasable","19":"product-type-simple","20":"add-to-wishlist-before_image"},"yoast_head":"<!-- This site is optimized with the Yoast SEO plugin v27.3 - https:\/\/yoast.com\/product\/yoast-seo-wordpress\/ -->\n<title>Posteljno dno Childhome 90x200 cm | Ajatutaja<\/title>\n<meta name=\"description\" content=\"Posteljno dno za posteljne okvirje TIPI in HOUSE BED Childhome.\" \/>\n<meta name=\"robots\" content=\"index, follow, max-snippet:-1, max-image-preview:large, max-video-preview:-1\" \/>\n<link rel=\"canonical\" href=\"https:\/\/ajatutaja.com\/izdelek\/posteljno-dno-childhome-90x200-cm\/\" \/>\n<meta property=\"og:locale\" content=\"hr_HR\" \/>\n<meta property=\"og:type\" content=\"article\" \/>\n<meta property=\"og:title\" content=\"Posteljno dno Childhome 90x200 cm | Ajatutaja\" \/>\n<meta property=\"og:description\" content=\"Posteljno dno za posteljne okvirje TIPI in HOUSE BED Childhome.\" \/>\n<meta property=\"og:url\" content=\"https:\/\/ajatutaja.com\/izdelek\/posteljno-dno-childhome-90x200-cm\/\" \/>\n<meta property=\"og:site_name\" content=\"Ajatutaja\" \/>\n<meta property=\"article:modified_time\" content=\"2024-03-21T18:28:33+00:00\" \/>\n<meta property=\"og:image\" content=\"https:\/\/ajatutaja.com\/wp-content\/uploads\/2021\/11\/Posteljno-dno-childhome-ajatutaja-e1548965089885.jpg\" \/>\n\t<meta property=\"og:image:width\" content=\"600\" \/>\n\t<meta property=\"og:image:height\" content=\"600\" \/>\n\t<meta property=\"og:image:type\" content=\"image\/jpeg\" \/>\n<meta name=\"twitter:card\" content=\"summary_large_image\" \/>\n<script type=\"application\/ld+json\" class=\"yoast-schema-graph\">{\"@context\":\"https:\\\/\\\/schema.org\",\"@graph\":[{\"@type\":\"WebPage\",\"@id\":\"https:\\\/\\\/ajatutaja.com\\\/izdelek\\\/posteljno-dno-childhome-90x200-cm\\\/\",\"url\":\"https:\\\/\\\/ajatutaja.com\\\/izdelek\\\/posteljno-dno-childhome-90x200-cm\\\/\",\"name\":\"Posteljno dno Childhome 90x200 cm | Ajatutaja\",\"isPartOf\":{\"@id\":\"https:\\\/\\\/ajatutaja.com\\\/#website\"},\"primaryImageOfPage\":{\"@id\":\"https:\\\/\\\/ajatutaja.com\\\/izdelek\\\/posteljno-dno-childhome-90x200-cm\\\/#primaryimage\"},\"image\":{\"@id\":\"https:\\\/\\\/ajatutaja.com\\\/izdelek\\\/posteljno-dno-childhome-90x200-cm\\\/#primaryimage\"},\"thumbnailUrl\":\"https:\\\/\\\/ajatutaja.com\\\/wp-content\\\/uploads\\\/2021\\\/11\\\/Posteljno-dno-childhome-ajatutaja-e1548965089885.jpg\",\"datePublished\":\"2019-01-31T19:06:49+00:00\",\"dateModified\":\"2024-03-21T18:28:33+00:00\",\"description\":\"Posteljno dno za posteljne okvirje TIPI in HOUSE BED Childhome.\",\"breadcrumb\":{\"@id\":\"https:\\\/\\\/ajatutaja.com\\\/izdelek\\\/posteljno-dno-childhome-90x200-cm\\\/#breadcrumb\"},\"inLanguage\":\"hr\",\"potentialAction\":[{\"@type\":\"ReadAction\",\"target\":[\"https:\\\/\\\/ajatutaja.com\\\/izdelek\\\/posteljno-dno-childhome-90x200-cm\\\/\"]}]},{\"@type\":\"ImageObject\",\"inLanguage\":\"hr\",\"@id\":\"https:\\\/\\\/ajatutaja.com\\\/izdelek\\\/posteljno-dno-childhome-90x200-cm\\\/#primaryimage\",\"url\":\"https:\\\/\\\/ajatutaja.com\\\/wp-content\\\/uploads\\\/2021\\\/11\\\/Posteljno-dno-childhome-ajatutaja-e1548965089885.jpg\",\"contentUrl\":\"https:\\\/\\\/ajatutaja.com\\\/wp-content\\\/uploads\\\/2021\\\/11\\\/Posteljno-dno-childhome-ajatutaja-e1548965089885.jpg\",\"width\":600,\"height\":600},{\"@type\":\"BreadcrumbList\",\"@id\":\"https:\\\/\\\/ajatutaja.com\\\/izdelek\\\/posteljno-dno-childhome-90x200-cm\\\/#breadcrumb\",\"itemListElement\":[{\"@type\":\"ListItem\",\"position\":1,\"name\":\"Home\",\"item\":\"https:\\\/\\\/ajatutaja.com\\\/hr\\\/\"},{\"@type\":\"ListItem\",\"position\":2,\"name\":\"Trgovina\",\"item\":\"https:\\\/\\\/ajatutaja.com\\\/hr\\\/trgovina\\\/\"},{\"@type\":\"ListItem\",\"position\":3,\"name\":\"Posteljno dno Childhome 90&#215;200 cm\"}]},{\"@type\":\"WebSite\",\"@id\":\"https:\\\/\\\/ajatutaja.com\\\/#website\",\"url\":\"https:\\\/\\\/ajatutaja.com\\\/\",\"name\":\"Ajatutaja\",\"description\":\"Otro\u0161ka spletna trgovina AJATUTAJA\",\"publisher\":{\"@id\":\"https:\\\/\\\/ajatutaja.com\\\/#organization\"},\"potentialAction\":[{\"@type\":\"SearchAction\",\"target\":{\"@type\":\"EntryPoint\",\"urlTemplate\":\"https:\\\/\\\/ajatutaja.com\\\/?s={search_term_string}\"},\"query-input\":{\"@type\":\"PropertyValueSpecification\",\"valueRequired\":true,\"valueName\":\"search_term_string\"}}],\"inLanguage\":\"hr\"},{\"@type\":\"Organization\",\"@id\":\"https:\\\/\\\/ajatutaja.com\\\/#organization\",\"name\":\"Ajatutaja\",\"url\":\"https:\\\/\\\/ajatutaja.com\\\/\",\"logo\":{\"@type\":\"ImageObject\",\"inLanguage\":\"hr\",\"@id\":\"https:\\\/\\\/ajatutaja.com\\\/#\\\/schema\\\/logo\\\/image\\\/\",\"url\":\"https:\\\/\\\/ajatutaja.com\\\/wp-content\\\/uploads\\\/2021\\\/10\\\/logo.png\",\"contentUrl\":\"https:\\\/\\\/ajatutaja.com\\\/wp-content\\\/uploads\\\/2021\\\/10\\\/logo.png\",\"width\":555,\"height\":150,\"caption\":\"Ajatutaja\"},\"image\":{\"@id\":\"https:\\\/\\\/ajatutaja.com\\\/#\\\/schema\\\/logo\\\/image\\\/\"}}]}<\/script>\n<!-- \/ Yoast SEO plugin. -->","yoast_head_json":{"title":"Posteljno dno Childhome 90x200 cm | Ajatutaja","description":"Posteljno dno za posteljne okvirje TIPI in HOUSE BED Childhome.","robots":{"index":"index","follow":"follow","max-snippet":"max-snippet:-1","max-image-preview":"max-image-preview:large","max-video-preview":"max-video-preview:-1"},"canonical":"https:\/\/ajatutaja.com\/izdelek\/posteljno-dno-childhome-90x200-cm\/","og_locale":"hr_HR","og_type":"article","og_title":"Posteljno dno Childhome 90x200 cm | Ajatutaja","og_description":"Posteljno dno za posteljne okvirje TIPI in HOUSE BED Childhome.","og_url":"https:\/\/ajatutaja.com\/izdelek\/posteljno-dno-childhome-90x200-cm\/","og_site_name":"Ajatutaja","article_modified_time":"2024-03-21T18:28:33+00:00","og_image":[{"width":600,"height":600,"url":"https:\/\/ajatutaja.com\/wp-content\/uploads\/2021\/11\/Posteljno-dno-childhome-ajatutaja-e1548965089885.jpg","type":"image\/jpeg"}],"twitter_card":"summary_large_image","schema":{"@context":"https:\/\/schema.org","@graph":[{"@type":"WebPage","@id":"https:\/\/ajatutaja.com\/izdelek\/posteljno-dno-childhome-90x200-cm\/","url":"https:\/\/ajatutaja.com\/izdelek\/posteljno-dno-childhome-90x200-cm\/","name":"Posteljno dno Childhome 90x200 cm | Ajatutaja","isPartOf":{"@id":"https:\/\/ajatutaja.com\/#website"},"primaryImageOfPage":{"@id":"https:\/\/ajatutaja.com\/izdelek\/posteljno-dno-childhome-90x200-cm\/#primaryimage"},"image":{"@id":"https:\/\/ajatutaja.com\/izdelek\/posteljno-dno-childhome-90x200-cm\/#primaryimage"},"thumbnailUrl":"https:\/\/ajatutaja.com\/wp-content\/uploads\/2021\/11\/Posteljno-dno-childhome-ajatutaja-e1548965089885.jpg","datePublished":"2019-01-31T19:06:49+00:00","dateModified":"2024-03-21T18:28:33+00:00","description":"Posteljno dno za posteljne okvirje TIPI in HOUSE BED Childhome.","breadcrumb":{"@id":"https:\/\/ajatutaja.com\/izdelek\/posteljno-dno-childhome-90x200-cm\/#breadcrumb"},"inLanguage":"hr","potentialAction":[{"@type":"ReadAction","target":["https:\/\/ajatutaja.com\/izdelek\/posteljno-dno-childhome-90x200-cm\/"]}]},{"@type":"ImageObject","inLanguage":"hr","@id":"https:\/\/ajatutaja.com\/izdelek\/posteljno-dno-childhome-90x200-cm\/#primaryimage","url":"https:\/\/ajatutaja.com\/wp-content\/uploads\/2021\/11\/Posteljno-dno-childhome-ajatutaja-e1548965089885.jpg","contentUrl":"https:\/\/ajatutaja.com\/wp-content\/uploads\/2021\/11\/Posteljno-dno-childhome-ajatutaja-e1548965089885.jpg","width":600,"height":600},{"@type":"BreadcrumbList","@id":"https:\/\/ajatutaja.com\/izdelek\/posteljno-dno-childhome-90x200-cm\/#breadcrumb","itemListElement":[{"@type":"ListItem","position":1,"name":"Home","item":"https:\/\/ajatutaja.com\/hr\/"},{"@type":"ListItem","position":2,"name":"Trgovina","item":"https:\/\/ajatutaja.com\/hr\/trgovina\/"},{"@type":"ListItem","position":3,"name":"Posteljno dno Childhome 90&#215;200 cm"}]},{"@type":"WebSite","@id":"https:\/\/ajatutaja.com\/#website","url":"https:\/\/ajatutaja.com\/","name":"Ajatutaja","description":"Otro\u0161ka spletna trgovina AJATUTAJA","publisher":{"@id":"https:\/\/ajatutaja.com\/#organization"},"potentialAction":[{"@type":"SearchAction","target":{"@type":"EntryPoint","urlTemplate":"https:\/\/ajatutaja.com\/?s={search_term_string}"},"query-input":{"@type":"PropertyValueSpecification","valueRequired":true,"valueName":"search_term_string"}}],"inLanguage":"hr"},{"@type":"Organization","@id":"https:\/\/ajatutaja.com\/#organization","name":"Ajatutaja","url":"https:\/\/ajatutaja.com\/","logo":{"@type":"ImageObject","inLanguage":"hr","@id":"https:\/\/ajatutaja.com\/#\/schema\/logo\/image\/","url":"https:\/\/ajatutaja.com\/wp-content\/uploads\/2021\/10\/logo.png","contentUrl":"https:\/\/ajatutaja.com\/wp-content\/uploads\/2021\/10\/logo.png","width":555,"height":150,"caption":"Ajatutaja"},"image":{"@id":"https:\/\/ajatutaja.com\/#\/schema\/logo\/image\/"}}]}},"brands":[{"id":2616,"name":"Childhome","slug":"childhome-spanje"},{"id":2611,"name":"Spanje","slug":"spanje"}],"_links":{"self":[{"href":"https:\/\/ajatutaja.com\/hr\/wp-json\/wp\/v2\/product\/17469","targetHints":{"allow":["GET"]}}],"collection":[{"href":"https:\/\/ajatutaja.com\/hr\/wp-json\/wp\/v2\/product"}],"about":[{"href":"https:\/\/ajatutaja.com\/hr\/wp-json\/wp\/v2\/types\/product"}],"wp:featuredmedia":[{"embeddable":true,"href":"https:\/\/ajatutaja.com\/hr\/wp-json\/wp\/v2\/media\/17470"}],"wp:attachment":[{"href":"https:\/\/ajatutaja.com\/hr\/wp-json\/wp\/v2\/media?parent=17469"}],"wp:term":[{"taxonomy":"pwb-brand","embeddable":true,"href":"https:\/\/ajatutaja.com\/hr\/wp-json\/wp\/v2\/pwb-brand?post=17469"},{"taxonomy":"product_brand","embeddable":true,"href":"https:\/\/ajatutaja.com\/hr\/wp-json\/wp\/v2\/product_brand?post=17469"},{"taxonomy":"product_cat","embeddable":true,"href":"https:\/\/ajatutaja.com\/hr\/wp-json\/wp\/v2\/product_cat?post=17469"},{"taxonomy":"product_tag","embeddable":true,"href":"https:\/\/ajatutaja.com\/hr\/wp-json\/wp\/v2\/product_tag?post=17469"}],"curies":[{"name":"wp","href":"https:\/\/api.w.org\/{rel}","templated":true}]}}