{"id":17455,"date":"2024-04-04T18:01:47","date_gmt":"2024-04-04T16:01:47","guid":{"rendered":"https:\/\/ajatutaja.com\/izdelek\/torba-mommy-bag-black-gold\/"},"modified":"2025-12-05T13:46:27","modified_gmt":"2025-12-05T12:46:27","slug":"torba-mommy-bag-black-gold","status":"publish","type":"product","link":"https:\/\/ajatutaja.com\/hr\/proizvod\/torba-mommy-bag-black-gold\/","title":{"rendered":"Torba MOMMY BAG &#8211; Black Gold"},"content":{"rendered":"<p style=\"text-align: justify\">Torba Mommy Bag Big je prostorna previjalna torba, ki jo mamice naravnost obo\u017eujejo. Vanjo namre\u010d lahko pospravijo ogromno re\u010di &#8211; obla\u010dila za mal\u010dka, plenice, kozmetiko, fla\u0161ko in igla\u010de.<\/p>\n<p><em>Na\u0161 namig: nadvse primerna za odhod v porodni\u0161nico ali pa kraj\u0161e dopuste. Mamice dvoj\u010dkov lahko vanjo pospravijo vse potrebno.<\/em><\/p>\n<p><em><span style=\"color: #ff9900\">Torba MOMMY BAG je na voljo tudi v trgovinici Ajatutaja Koper.<\/span><\/em><\/p>\n<p style=\"text-align: justify\">Kvalitetna izdelava previjalne torbe Mommy Bag, \u010dvrsti ro\u010daji in neverjetna prostornina bo navdu\u0161ila tudi vas!<\/p>\n<p style=\"text-align: justify\">Dimenzije: 55x30x30 cm<br \/>\nNosilnost: 10 kg<\/p>\n<p style=\"text-align: justify\">\u010ci\u0161\u010denje je zelo enostavno, saj\u00a0 torbo Mommy Bag obri\u0161emo z vla\u017eno krpo.<\/p>\n","protected":false},"excerpt":{"rendered":"<p style=\"text-align: justify\">Torba MOMMY BAG je ekstra prostorna previjalna torba, ki jo mamice po vsem svetu naravnost obo\u017eujejo! Mommy Bag zdru\u017euje stil in funkcionalnost. V torbi Mommy Bag je pospravljena tudi previjalna podloga.<\/p>\n","protected":false},"featured_media":17456,"template":"","meta":[],"pwb-brand":[2282,2422,2267,2409],"product_brand":[],"product_cat":[3975,2264,2262,2250],"product_tag":[4043,4358],"class_list":{"0":"post-17455","1":"product","2":"type-product","3":"status-publish","4":"has-post-thumbnail","6":"pwb-brand-childhome","7":"pwb-brand-childhome-potepanje","8":"pwb-brand-nosecnost","9":"pwb-brand-potepanje","10":"product_cat-akcija","11":"product_cat-babyshower","12":"product_cat-darilo-za-nosecnico","13":"product_cat-nosecnost","14":"product_tag-childhome","15":"product_tag-mommy-bag","17":"first","18":"instock","19":"sale","20":"taxable","21":"shipping-taxable","22":"purchasable","23":"product-type-simple","24":"add-to-wishlist-before_image"},"yoast_head":"<!-- This site is optimized with the Yoast SEO plugin v27.3 - https:\/\/yoast.com\/product\/yoast-seo-wordpress\/ -->\n<title>Torba MOMMY BAG - Black Gold | Ajatutaja<\/title>\n<meta name=\"description\" content=\"Torba Mommy Bag Big je prostorna previjalna torba, ki jo mamice naravnost obo\u017eujejo.Kvalitetna izdelava previjalne torbe, \u010dvrsti ro\u010daji in nosilnost do 10kg\" \/>\n<meta name=\"robots\" content=\"index, follow, max-snippet:-1, max-image-preview:large, max-video-preview:-1\" \/>\n<link rel=\"canonical\" href=\"https:\/\/ajatutaja.com\/izdelek\/torba-mommy-bag-black-gold\/\" \/>\n<meta property=\"og:locale\" content=\"hr_HR\" \/>\n<meta property=\"og:type\" content=\"article\" \/>\n<meta property=\"og:title\" content=\"Torba MOMMY BAG - Black Gold | Ajatutaja\" \/>\n<meta property=\"og:description\" content=\"Torba Mommy Bag Big je prostorna previjalna torba, ki jo mamice naravnost obo\u017eujejo.Kvalitetna izdelava previjalne torbe, \u010dvrsti ro\u010daji in nosilnost do 10kg\" \/>\n<meta property=\"og:url\" content=\"https:\/\/ajatutaja.com\/izdelek\/torba-mommy-bag-black-gold\/\" \/>\n<meta property=\"og:site_name\" content=\"Ajatutaja\" \/>\n<meta property=\"article:modified_time\" content=\"2025-12-05T12:46:27+00:00\" \/>\n<meta property=\"og:image\" content=\"https:\/\/ajatutaja.com\/wp-content\/uploads\/2021\/11\/mommy-bag-crna-ajatutaja.jpg\" \/>\n\t<meta property=\"og:image:width\" content=\"420\" \/>\n\t<meta property=\"og:image:height\" content=\"420\" \/>\n\t<meta property=\"og:image:type\" content=\"image\/jpeg\" \/>\n<meta name=\"twitter:card\" content=\"summary_large_image\" \/>\n<meta name=\"twitter:label1\" content=\"Procijenjeno vrijeme \u010ditanja\" \/>\n\t<meta name=\"twitter:data1\" content=\"1 minuta\" \/>\n<script type=\"application\/ld+json\" class=\"yoast-schema-graph\">{\"@context\":\"https:\\\/\\\/schema.org\",\"@graph\":[{\"@type\":\"WebPage\",\"@id\":\"https:\\\/\\\/ajatutaja.com\\\/izdelek\\\/torba-mommy-bag-black-gold\\\/\",\"url\":\"https:\\\/\\\/ajatutaja.com\\\/izdelek\\\/torba-mommy-bag-black-gold\\\/\",\"name\":\"Torba MOMMY BAG - Black Gold | Ajatutaja\",\"isPartOf\":{\"@id\":\"https:\\\/\\\/ajatutaja.com\\\/#website\"},\"primaryImageOfPage\":{\"@id\":\"https:\\\/\\\/ajatutaja.com\\\/izdelek\\\/torba-mommy-bag-black-gold\\\/#primaryimage\"},\"image\":{\"@id\":\"https:\\\/\\\/ajatutaja.com\\\/izdelek\\\/torba-mommy-bag-black-gold\\\/#primaryimage\"},\"thumbnailUrl\":\"https:\\\/\\\/ajatutaja.com\\\/wp-content\\\/uploads\\\/2021\\\/11\\\/mommy-bag-crna-ajatutaja.jpg\",\"datePublished\":\"2024-04-04T16:01:47+00:00\",\"dateModified\":\"2025-12-05T12:46:27+00:00\",\"description\":\"Torba Mommy Bag Big je prostorna previjalna torba, ki jo mamice naravnost obo\u017eujejo.Kvalitetna izdelava previjalne torbe, \u010dvrsti ro\u010daji in nosilnost do 10kg\",\"breadcrumb\":{\"@id\":\"https:\\\/\\\/ajatutaja.com\\\/izdelek\\\/torba-mommy-bag-black-gold\\\/#breadcrumb\"},\"inLanguage\":\"hr\",\"potentialAction\":[{\"@type\":\"ReadAction\",\"target\":[\"https:\\\/\\\/ajatutaja.com\\\/izdelek\\\/torba-mommy-bag-black-gold\\\/\"]}]},{\"@type\":\"ImageObject\",\"inLanguage\":\"hr\",\"@id\":\"https:\\\/\\\/ajatutaja.com\\\/izdelek\\\/torba-mommy-bag-black-gold\\\/#primaryimage\",\"url\":\"https:\\\/\\\/ajatutaja.com\\\/wp-content\\\/uploads\\\/2021\\\/11\\\/mommy-bag-crna-ajatutaja.jpg\",\"contentUrl\":\"https:\\\/\\\/ajatutaja.com\\\/wp-content\\\/uploads\\\/2021\\\/11\\\/mommy-bag-crna-ajatutaja.jpg\",\"width\":420,\"height\":420},{\"@type\":\"BreadcrumbList\",\"@id\":\"https:\\\/\\\/ajatutaja.com\\\/izdelek\\\/torba-mommy-bag-black-gold\\\/#breadcrumb\",\"itemListElement\":[{\"@type\":\"ListItem\",\"position\":1,\"name\":\"Home\",\"item\":\"https:\\\/\\\/ajatutaja.com\\\/hr\\\/\"},{\"@type\":\"ListItem\",\"position\":2,\"name\":\"Trgovina\",\"item\":\"https:\\\/\\\/ajatutaja.com\\\/hr\\\/trgovina\\\/\"},{\"@type\":\"ListItem\",\"position\":3,\"name\":\"Torba MOMMY BAG &#8211; Black Gold\"}]},{\"@type\":\"WebSite\",\"@id\":\"https:\\\/\\\/ajatutaja.com\\\/#website\",\"url\":\"https:\\\/\\\/ajatutaja.com\\\/\",\"name\":\"Ajatutaja\",\"description\":\"Otro\u0161ka spletna trgovina AJATUTAJA\",\"publisher\":{\"@id\":\"https:\\\/\\\/ajatutaja.com\\\/#organization\"},\"potentialAction\":[{\"@type\":\"SearchAction\",\"target\":{\"@type\":\"EntryPoint\",\"urlTemplate\":\"https:\\\/\\\/ajatutaja.com\\\/?s={search_term_string}\"},\"query-input\":{\"@type\":\"PropertyValueSpecification\",\"valueRequired\":true,\"valueName\":\"search_term_string\"}}],\"inLanguage\":\"hr\"},{\"@type\":\"Organization\",\"@id\":\"https:\\\/\\\/ajatutaja.com\\\/#organization\",\"name\":\"Ajatutaja\",\"url\":\"https:\\\/\\\/ajatutaja.com\\\/\",\"logo\":{\"@type\":\"ImageObject\",\"inLanguage\":\"hr\",\"@id\":\"https:\\\/\\\/ajatutaja.com\\\/#\\\/schema\\\/logo\\\/image\\\/\",\"url\":\"https:\\\/\\\/ajatutaja.com\\\/wp-content\\\/uploads\\\/2021\\\/10\\\/logo.png\",\"contentUrl\":\"https:\\\/\\\/ajatutaja.com\\\/wp-content\\\/uploads\\\/2021\\\/10\\\/logo.png\",\"width\":555,\"height\":150,\"caption\":\"Ajatutaja\"},\"image\":{\"@id\":\"https:\\\/\\\/ajatutaja.com\\\/#\\\/schema\\\/logo\\\/image\\\/\"}}]}<\/script>\n<!-- \/ Yoast SEO plugin. -->","yoast_head_json":{"title":"Torba MOMMY BAG - Black Gold | Ajatutaja","description":"Torba Mommy Bag Big je prostorna previjalna torba, ki jo mamice naravnost obo\u017eujejo.Kvalitetna izdelava previjalne torbe, \u010dvrsti ro\u010daji in nosilnost do 10kg","robots":{"index":"index","follow":"follow","max-snippet":"max-snippet:-1","max-image-preview":"max-image-preview:large","max-video-preview":"max-video-preview:-1"},"canonical":"https:\/\/ajatutaja.com\/izdelek\/torba-mommy-bag-black-gold\/","og_locale":"hr_HR","og_type":"article","og_title":"Torba MOMMY BAG - Black Gold | Ajatutaja","og_description":"Torba Mommy Bag Big je prostorna previjalna torba, ki jo mamice naravnost obo\u017eujejo.Kvalitetna izdelava previjalne torbe, \u010dvrsti ro\u010daji in nosilnost do 10kg","og_url":"https:\/\/ajatutaja.com\/izdelek\/torba-mommy-bag-black-gold\/","og_site_name":"Ajatutaja","article_modified_time":"2025-12-05T12:46:27+00:00","og_image":[{"width":420,"height":420,"url":"https:\/\/ajatutaja.com\/wp-content\/uploads\/2021\/11\/mommy-bag-crna-ajatutaja.jpg","type":"image\/jpeg"}],"twitter_card":"summary_large_image","twitter_misc":{"Procijenjeno vrijeme \u010ditanja":"1 minuta"},"schema":{"@context":"https:\/\/schema.org","@graph":[{"@type":"WebPage","@id":"https:\/\/ajatutaja.com\/izdelek\/torba-mommy-bag-black-gold\/","url":"https:\/\/ajatutaja.com\/izdelek\/torba-mommy-bag-black-gold\/","name":"Torba MOMMY BAG - Black Gold | Ajatutaja","isPartOf":{"@id":"https:\/\/ajatutaja.com\/#website"},"primaryImageOfPage":{"@id":"https:\/\/ajatutaja.com\/izdelek\/torba-mommy-bag-black-gold\/#primaryimage"},"image":{"@id":"https:\/\/ajatutaja.com\/izdelek\/torba-mommy-bag-black-gold\/#primaryimage"},"thumbnailUrl":"https:\/\/ajatutaja.com\/wp-content\/uploads\/2021\/11\/mommy-bag-crna-ajatutaja.jpg","datePublished":"2024-04-04T16:01:47+00:00","dateModified":"2025-12-05T12:46:27+00:00","description":"Torba Mommy Bag Big je prostorna previjalna torba, ki jo mamice naravnost obo\u017eujejo.Kvalitetna izdelava previjalne torbe, \u010dvrsti ro\u010daji in nosilnost do 10kg","breadcrumb":{"@id":"https:\/\/ajatutaja.com\/izdelek\/torba-mommy-bag-black-gold\/#breadcrumb"},"inLanguage":"hr","potentialAction":[{"@type":"ReadAction","target":["https:\/\/ajatutaja.com\/izdelek\/torba-mommy-bag-black-gold\/"]}]},{"@type":"ImageObject","inLanguage":"hr","@id":"https:\/\/ajatutaja.com\/izdelek\/torba-mommy-bag-black-gold\/#primaryimage","url":"https:\/\/ajatutaja.com\/wp-content\/uploads\/2021\/11\/mommy-bag-crna-ajatutaja.jpg","contentUrl":"https:\/\/ajatutaja.com\/wp-content\/uploads\/2021\/11\/mommy-bag-crna-ajatutaja.jpg","width":420,"height":420},{"@type":"BreadcrumbList","@id":"https:\/\/ajatutaja.com\/izdelek\/torba-mommy-bag-black-gold\/#breadcrumb","itemListElement":[{"@type":"ListItem","position":1,"name":"Home","item":"https:\/\/ajatutaja.com\/hr\/"},{"@type":"ListItem","position":2,"name":"Trgovina","item":"https:\/\/ajatutaja.com\/hr\/trgovina\/"},{"@type":"ListItem","position":3,"name":"Torba MOMMY BAG &#8211; Black Gold"}]},{"@type":"WebSite","@id":"https:\/\/ajatutaja.com\/#website","url":"https:\/\/ajatutaja.com\/","name":"Ajatutaja","description":"Otro\u0161ka spletna trgovina AJATUTAJA","publisher":{"@id":"https:\/\/ajatutaja.com\/#organization"},"potentialAction":[{"@type":"SearchAction","target":{"@type":"EntryPoint","urlTemplate":"https:\/\/ajatutaja.com\/?s={search_term_string}"},"query-input":{"@type":"PropertyValueSpecification","valueRequired":true,"valueName":"search_term_string"}}],"inLanguage":"hr"},{"@type":"Organization","@id":"https:\/\/ajatutaja.com\/#organization","name":"Ajatutaja","url":"https:\/\/ajatutaja.com\/","logo":{"@type":"ImageObject","inLanguage":"hr","@id":"https:\/\/ajatutaja.com\/#\/schema\/logo\/image\/","url":"https:\/\/ajatutaja.com\/wp-content\/uploads\/2021\/10\/logo.png","contentUrl":"https:\/\/ajatutaja.com\/wp-content\/uploads\/2021\/10\/logo.png","width":555,"height":150,"caption":"Ajatutaja"},"image":{"@id":"https:\/\/ajatutaja.com\/#\/schema\/logo\/image\/"}}]}},"brands":[{"id":2282,"name":"Childhome","slug":"childhome"},{"id":2422,"name":"Childhome","slug":"childhome-potepanje"},{"id":2267,"name":"Nose\u010dnost","slug":"nosecnost"},{"id":2409,"name":"Potepanje","slug":"potepanje"}],"_links":{"self":[{"href":"https:\/\/ajatutaja.com\/hr\/wp-json\/wp\/v2\/product\/17455","targetHints":{"allow":["GET"]}}],"collection":[{"href":"https:\/\/ajatutaja.com\/hr\/wp-json\/wp\/v2\/product"}],"about":[{"href":"https:\/\/ajatutaja.com\/hr\/wp-json\/wp\/v2\/types\/product"}],"wp:featuredmedia":[{"embeddable":true,"href":"https:\/\/ajatutaja.com\/hr\/wp-json\/wp\/v2\/media\/17456"}],"wp:attachment":[{"href":"https:\/\/ajatutaja.com\/hr\/wp-json\/wp\/v2\/media?parent=17455"}],"wp:term":[{"taxonomy":"pwb-brand","embeddable":true,"href":"https:\/\/ajatutaja.com\/hr\/wp-json\/wp\/v2\/pwb-brand?post=17455"},{"taxonomy":"product_brand","embeddable":true,"href":"https:\/\/ajatutaja.com\/hr\/wp-json\/wp\/v2\/product_brand?post=17455"},{"taxonomy":"product_cat","embeddable":true,"href":"https:\/\/ajatutaja.com\/hr\/wp-json\/wp\/v2\/product_cat?post=17455"},{"taxonomy":"product_tag","embeddable":true,"href":"https:\/\/ajatutaja.com\/hr\/wp-json\/wp\/v2\/product_tag?post=17455"}],"curies":[{"name":"wp","href":"https:\/\/api.w.org\/{rel}","templated":true}]}}