{"id":17378,"date":"2019-01-12T13:48:07","date_gmt":"2019-01-12T12:48:07","guid":{"rendered":"https:\/\/ajatutaja.com\/izdelek\/besafe-zascitna-prevleka-avtomobilski-sedez-in-vstavkom-za-tablet\/"},"modified":"2026-03-12T14:47:14","modified_gmt":"2026-03-12T13:47:14","slug":"besafe-zascitna-prevleka-avtomobilski-sedez-in-vstavkom-za-tablet","status":"publish","type":"product","link":"https:\/\/ajatutaja.com\/hr\/proizvod\/besafe-zascitna-prevleka-avtomobilski-sedez-in-vstavkom-za-tablet\/","title":{"rendered":"BeSafe za\u0161\u010ditna prevleka avtomobilski sede\u017e in vstavkom za tablet"},"content":{"rendered":"<div id=\"tab-description\" class=\"panel entry-content active\">\n<div id=\"x7272976815e9408\">\n<div id=\"x140ed4e665c3490f99045b92eef0bec8\">BeSafe za\u0161\u010ditna prevleka za sprednji\u00a0 ali zadnji sede\u017e avtomobila, omogo\u010da varno uporabo tabli\u010dnega ra\u010dunalnika med potovanjem, ker je testirana na avtomobilskih testih za nesre\u010de in je opremljena s\u00a0pametnim mehanizmom za zaklepanje \u201cFidlock\u201d, ki ohranja vse na svojem mestu.\u00a0Prav tako \u0161\u010diti sede\u017ee pred umazanijo in je enostavna za \u010di\u0161\u010denje. Zaradi mo\u017enosti nastavitve vi\u0161ine je primerna za vse vrste avtomobilskih sede\u017eev. Ker je sestavljena iz dveh lo\u010dljivih delov in z dodatnim varnostnim pasom se lahko uporablja tudi z naprej obrnjenim avtosede\u017eem.\u00a0Dva velika zaklepna \u017eepa zagotavljata prostor za majhne potrebe. ISOfix kompatibilen.<\/div>\n<\/div>\n<\/div>\n<div id=\"tab-reviews\" class=\"panel entry-content \">\n<div id=\"reviews\" class=\"row\">\n<div id=\"comments\" class=\"col large-12\">\n<h3 class=\"normal\"><\/h3>\n<\/div>\n<\/div>\n<\/div>\n","protected":false},"excerpt":{"rendered":"<p>BeSafe za\u0161\u010dita za avtomobislki sede\u017e slu\u017ei tudi kot organizator, saj ima vgrajene tudi \u017eepke za odlaganje stvari. Prav tako lahko vanjo namestite tablico, na kateri si bo otrok ogledoval risanke med vo\u017enjo.<\/p>\n<p>BeSafe za\u0161\u010dita je primerna za vse avtosede\u017ee \u2013 lupinice, avtosede\u017ee skupine 1 in jaha\u010de.<\/p>\n","protected":false},"featured_media":17379,"template":"","meta":[],"pwb-brand":[2351,2352],"product_brand":[],"product_cat":[2339,2349,2350],"product_tag":[4117],"class_list":{"0":"post-17378","1":"product","2":"type-product","3":"status-publish","4":"has-post-thumbnail","6":"pwb-brand-avtosedezi","7":"pwb-brand-besafe","8":"product_cat-avtosedezi","9":"product_cat-dodatna-oprema","10":"product_cat-podloge-in-prevleke","11":"product_tag-besafe","13":"first","14":"instock","15":"taxable","16":"shipping-taxable","17":"purchasable","18":"product-type-simple","19":"add-to-wishlist-before_image"},"yoast_head":"<!-- This site is optimized with the Yoast SEO plugin v27.3 - https:\/\/yoast.com\/product\/yoast-seo-wordpress\/ -->\n<title>BeSafe za\u0161\u010ditna prevleka avtomobilski sede\u017e in vstavkom za tablet | Ajatutaja<\/title>\n<meta name=\"description\" content=\"BeSafe za\u0161\u010dita za avtomobislki sede\u017e slu\u017ei tudi kot organizator, saj ima vgrajene tudi \u017eepke za odlaganje stvari. Z \u017eepkom za tablico.\" \/>\n<meta name=\"robots\" content=\"index, follow, max-snippet:-1, max-image-preview:large, max-video-preview:-1\" \/>\n<link rel=\"canonical\" href=\"https:\/\/ajatutaja.com\/izdelek\/besafe-zascitna-prevleka-avtomobilski-sedez-in-vstavkom-za-tablet\/\" \/>\n<meta property=\"og:locale\" content=\"hr_HR\" \/>\n<meta property=\"og:type\" content=\"article\" \/>\n<meta property=\"og:title\" content=\"BeSafe za\u0161\u010ditna prevleka avtomobilski sede\u017e in vstavkom za tablet | Ajatutaja\" \/>\n<meta property=\"og:description\" content=\"BeSafe za\u0161\u010dita za avtomobislki sede\u017e slu\u017ei tudi kot organizator, saj ima vgrajene tudi \u017eepke za odlaganje stvari. Z \u017eepkom za tablico.\" \/>\n<meta property=\"og:url\" content=\"https:\/\/ajatutaja.com\/izdelek\/besafe-zascitna-prevleka-avtomobilski-sedez-in-vstavkom-za-tablet\/\" \/>\n<meta property=\"og:site_name\" content=\"Ajatutaja\" \/>\n<meta property=\"article:modified_time\" content=\"2026-03-12T13:47:14+00:00\" \/>\n<meta property=\"og:image\" content=\"https:\/\/ajatutaja.com\/wp-content\/uploads\/2021\/11\/505167_BeSafe_tablet_seat_cover_web-1600x1600-510x510-1.jpg\" \/>\n\t<meta property=\"og:image:width\" content=\"510\" \/>\n\t<meta property=\"og:image:height\" content=\"510\" \/>\n\t<meta property=\"og:image:type\" content=\"image\/jpeg\" \/>\n<meta name=\"twitter:card\" content=\"summary_large_image\" \/>\n<meta name=\"twitter:label1\" content=\"Procijenjeno vrijeme \u010ditanja\" \/>\n\t<meta name=\"twitter:data1\" content=\"1 minuta\" \/>\n<script type=\"application\/ld+json\" class=\"yoast-schema-graph\">{\"@context\":\"https:\\\/\\\/schema.org\",\"@graph\":[{\"@type\":\"WebPage\",\"@id\":\"https:\\\/\\\/ajatutaja.com\\\/izdelek\\\/besafe-zascitna-prevleka-avtomobilski-sedez-in-vstavkom-za-tablet\\\/\",\"url\":\"https:\\\/\\\/ajatutaja.com\\\/izdelek\\\/besafe-zascitna-prevleka-avtomobilski-sedez-in-vstavkom-za-tablet\\\/\",\"name\":\"BeSafe za\u0161\u010ditna prevleka avtomobilski sede\u017e in vstavkom za tablet | Ajatutaja\",\"isPartOf\":{\"@id\":\"https:\\\/\\\/ajatutaja.com\\\/#website\"},\"primaryImageOfPage\":{\"@id\":\"https:\\\/\\\/ajatutaja.com\\\/izdelek\\\/besafe-zascitna-prevleka-avtomobilski-sedez-in-vstavkom-za-tablet\\\/#primaryimage\"},\"image\":{\"@id\":\"https:\\\/\\\/ajatutaja.com\\\/izdelek\\\/besafe-zascitna-prevleka-avtomobilski-sedez-in-vstavkom-za-tablet\\\/#primaryimage\"},\"thumbnailUrl\":\"https:\\\/\\\/ajatutaja.com\\\/wp-content\\\/uploads\\\/2021\\\/11\\\/505167_BeSafe_tablet_seat_cover_web-1600x1600-510x510-1.jpg\",\"datePublished\":\"2019-01-12T12:48:07+00:00\",\"dateModified\":\"2026-03-12T13:47:14+00:00\",\"description\":\"BeSafe za\u0161\u010dita za avtomobislki sede\u017e slu\u017ei tudi kot organizator, saj ima vgrajene tudi \u017eepke za odlaganje stvari. Z \u017eepkom za tablico.\",\"breadcrumb\":{\"@id\":\"https:\\\/\\\/ajatutaja.com\\\/izdelek\\\/besafe-zascitna-prevleka-avtomobilski-sedez-in-vstavkom-za-tablet\\\/#breadcrumb\"},\"inLanguage\":\"hr\",\"potentialAction\":[{\"@type\":\"ReadAction\",\"target\":[\"https:\\\/\\\/ajatutaja.com\\\/izdelek\\\/besafe-zascitna-prevleka-avtomobilski-sedez-in-vstavkom-za-tablet\\\/\"]}]},{\"@type\":\"ImageObject\",\"inLanguage\":\"hr\",\"@id\":\"https:\\\/\\\/ajatutaja.com\\\/izdelek\\\/besafe-zascitna-prevleka-avtomobilski-sedez-in-vstavkom-za-tablet\\\/#primaryimage\",\"url\":\"https:\\\/\\\/ajatutaja.com\\\/wp-content\\\/uploads\\\/2021\\\/11\\\/505167_BeSafe_tablet_seat_cover_web-1600x1600-510x510-1.jpg\",\"contentUrl\":\"https:\\\/\\\/ajatutaja.com\\\/wp-content\\\/uploads\\\/2021\\\/11\\\/505167_BeSafe_tablet_seat_cover_web-1600x1600-510x510-1.jpg\",\"width\":510,\"height\":510},{\"@type\":\"BreadcrumbList\",\"@id\":\"https:\\\/\\\/ajatutaja.com\\\/izdelek\\\/besafe-zascitna-prevleka-avtomobilski-sedez-in-vstavkom-za-tablet\\\/#breadcrumb\",\"itemListElement\":[{\"@type\":\"ListItem\",\"position\":1,\"name\":\"Home\",\"item\":\"https:\\\/\\\/ajatutaja.com\\\/hr\\\/\"},{\"@type\":\"ListItem\",\"position\":2,\"name\":\"Trgovina\",\"item\":\"https:\\\/\\\/ajatutaja.com\\\/hr\\\/trgovina\\\/\"},{\"@type\":\"ListItem\",\"position\":3,\"name\":\"BeSafe za\u0161\u010ditna prevleka avtomobilski sede\u017e in vstavkom za tablet\"}]},{\"@type\":\"WebSite\",\"@id\":\"https:\\\/\\\/ajatutaja.com\\\/#website\",\"url\":\"https:\\\/\\\/ajatutaja.com\\\/\",\"name\":\"Ajatutaja\",\"description\":\"Otro\u0161ka spletna trgovina AJATUTAJA\",\"publisher\":{\"@id\":\"https:\\\/\\\/ajatutaja.com\\\/#organization\"},\"potentialAction\":[{\"@type\":\"SearchAction\",\"target\":{\"@type\":\"EntryPoint\",\"urlTemplate\":\"https:\\\/\\\/ajatutaja.com\\\/?s={search_term_string}\"},\"query-input\":{\"@type\":\"PropertyValueSpecification\",\"valueRequired\":true,\"valueName\":\"search_term_string\"}}],\"inLanguage\":\"hr\"},{\"@type\":\"Organization\",\"@id\":\"https:\\\/\\\/ajatutaja.com\\\/#organization\",\"name\":\"Ajatutaja\",\"url\":\"https:\\\/\\\/ajatutaja.com\\\/\",\"logo\":{\"@type\":\"ImageObject\",\"inLanguage\":\"hr\",\"@id\":\"https:\\\/\\\/ajatutaja.com\\\/#\\\/schema\\\/logo\\\/image\\\/\",\"url\":\"https:\\\/\\\/ajatutaja.com\\\/wp-content\\\/uploads\\\/2021\\\/10\\\/logo.png\",\"contentUrl\":\"https:\\\/\\\/ajatutaja.com\\\/wp-content\\\/uploads\\\/2021\\\/10\\\/logo.png\",\"width\":555,\"height\":150,\"caption\":\"Ajatutaja\"},\"image\":{\"@id\":\"https:\\\/\\\/ajatutaja.com\\\/#\\\/schema\\\/logo\\\/image\\\/\"}}]}<\/script>\n<!-- \/ Yoast SEO plugin. -->","yoast_head_json":{"title":"BeSafe za\u0161\u010ditna prevleka avtomobilski sede\u017e in vstavkom za tablet | Ajatutaja","description":"BeSafe za\u0161\u010dita za avtomobislki sede\u017e slu\u017ei tudi kot organizator, saj ima vgrajene tudi \u017eepke za odlaganje stvari. Z \u017eepkom za tablico.","robots":{"index":"index","follow":"follow","max-snippet":"max-snippet:-1","max-image-preview":"max-image-preview:large","max-video-preview":"max-video-preview:-1"},"canonical":"https:\/\/ajatutaja.com\/izdelek\/besafe-zascitna-prevleka-avtomobilski-sedez-in-vstavkom-za-tablet\/","og_locale":"hr_HR","og_type":"article","og_title":"BeSafe za\u0161\u010ditna prevleka avtomobilski sede\u017e in vstavkom za tablet | Ajatutaja","og_description":"BeSafe za\u0161\u010dita za avtomobislki sede\u017e slu\u017ei tudi kot organizator, saj ima vgrajene tudi \u017eepke za odlaganje stvari. Z \u017eepkom za tablico.","og_url":"https:\/\/ajatutaja.com\/izdelek\/besafe-zascitna-prevleka-avtomobilski-sedez-in-vstavkom-za-tablet\/","og_site_name":"Ajatutaja","article_modified_time":"2026-03-12T13:47:14+00:00","og_image":[{"width":510,"height":510,"url":"https:\/\/ajatutaja.com\/wp-content\/uploads\/2021\/11\/505167_BeSafe_tablet_seat_cover_web-1600x1600-510x510-1.jpg","type":"image\/jpeg"}],"twitter_card":"summary_large_image","twitter_misc":{"Procijenjeno vrijeme \u010ditanja":"1 minuta"},"schema":{"@context":"https:\/\/schema.org","@graph":[{"@type":"WebPage","@id":"https:\/\/ajatutaja.com\/izdelek\/besafe-zascitna-prevleka-avtomobilski-sedez-in-vstavkom-za-tablet\/","url":"https:\/\/ajatutaja.com\/izdelek\/besafe-zascitna-prevleka-avtomobilski-sedez-in-vstavkom-za-tablet\/","name":"BeSafe za\u0161\u010ditna prevleka avtomobilski sede\u017e in vstavkom za tablet | Ajatutaja","isPartOf":{"@id":"https:\/\/ajatutaja.com\/#website"},"primaryImageOfPage":{"@id":"https:\/\/ajatutaja.com\/izdelek\/besafe-zascitna-prevleka-avtomobilski-sedez-in-vstavkom-za-tablet\/#primaryimage"},"image":{"@id":"https:\/\/ajatutaja.com\/izdelek\/besafe-zascitna-prevleka-avtomobilski-sedez-in-vstavkom-za-tablet\/#primaryimage"},"thumbnailUrl":"https:\/\/ajatutaja.com\/wp-content\/uploads\/2021\/11\/505167_BeSafe_tablet_seat_cover_web-1600x1600-510x510-1.jpg","datePublished":"2019-01-12T12:48:07+00:00","dateModified":"2026-03-12T13:47:14+00:00","description":"BeSafe za\u0161\u010dita za avtomobislki sede\u017e slu\u017ei tudi kot organizator, saj ima vgrajene tudi \u017eepke za odlaganje stvari. Z \u017eepkom za tablico.","breadcrumb":{"@id":"https:\/\/ajatutaja.com\/izdelek\/besafe-zascitna-prevleka-avtomobilski-sedez-in-vstavkom-za-tablet\/#breadcrumb"},"inLanguage":"hr","potentialAction":[{"@type":"ReadAction","target":["https:\/\/ajatutaja.com\/izdelek\/besafe-zascitna-prevleka-avtomobilski-sedez-in-vstavkom-za-tablet\/"]}]},{"@type":"ImageObject","inLanguage":"hr","@id":"https:\/\/ajatutaja.com\/izdelek\/besafe-zascitna-prevleka-avtomobilski-sedez-in-vstavkom-za-tablet\/#primaryimage","url":"https:\/\/ajatutaja.com\/wp-content\/uploads\/2021\/11\/505167_BeSafe_tablet_seat_cover_web-1600x1600-510x510-1.jpg","contentUrl":"https:\/\/ajatutaja.com\/wp-content\/uploads\/2021\/11\/505167_BeSafe_tablet_seat_cover_web-1600x1600-510x510-1.jpg","width":510,"height":510},{"@type":"BreadcrumbList","@id":"https:\/\/ajatutaja.com\/izdelek\/besafe-zascitna-prevleka-avtomobilski-sedez-in-vstavkom-za-tablet\/#breadcrumb","itemListElement":[{"@type":"ListItem","position":1,"name":"Home","item":"https:\/\/ajatutaja.com\/hr\/"},{"@type":"ListItem","position":2,"name":"Trgovina","item":"https:\/\/ajatutaja.com\/hr\/trgovina\/"},{"@type":"ListItem","position":3,"name":"BeSafe za\u0161\u010ditna prevleka avtomobilski sede\u017e in vstavkom za tablet"}]},{"@type":"WebSite","@id":"https:\/\/ajatutaja.com\/#website","url":"https:\/\/ajatutaja.com\/","name":"Ajatutaja","description":"Otro\u0161ka spletna trgovina AJATUTAJA","publisher":{"@id":"https:\/\/ajatutaja.com\/#organization"},"potentialAction":[{"@type":"SearchAction","target":{"@type":"EntryPoint","urlTemplate":"https:\/\/ajatutaja.com\/?s={search_term_string}"},"query-input":{"@type":"PropertyValueSpecification","valueRequired":true,"valueName":"search_term_string"}}],"inLanguage":"hr"},{"@type":"Organization","@id":"https:\/\/ajatutaja.com\/#organization","name":"Ajatutaja","url":"https:\/\/ajatutaja.com\/","logo":{"@type":"ImageObject","inLanguage":"hr","@id":"https:\/\/ajatutaja.com\/#\/schema\/logo\/image\/","url":"https:\/\/ajatutaja.com\/wp-content\/uploads\/2021\/10\/logo.png","contentUrl":"https:\/\/ajatutaja.com\/wp-content\/uploads\/2021\/10\/logo.png","width":555,"height":150,"caption":"Ajatutaja"},"image":{"@id":"https:\/\/ajatutaja.com\/#\/schema\/logo\/image\/"}}]}},"brands":[{"id":2351,"name":"Avtosede\u017ei","slug":"avtosedezi"},{"id":2352,"name":"BeSafe","slug":"besafe"}],"_links":{"self":[{"href":"https:\/\/ajatutaja.com\/hr\/wp-json\/wp\/v2\/product\/17378","targetHints":{"allow":["GET"]}}],"collection":[{"href":"https:\/\/ajatutaja.com\/hr\/wp-json\/wp\/v2\/product"}],"about":[{"href":"https:\/\/ajatutaja.com\/hr\/wp-json\/wp\/v2\/types\/product"}],"wp:featuredmedia":[{"embeddable":true,"href":"https:\/\/ajatutaja.com\/hr\/wp-json\/wp\/v2\/media\/17379"}],"wp:attachment":[{"href":"https:\/\/ajatutaja.com\/hr\/wp-json\/wp\/v2\/media?parent=17378"}],"wp:term":[{"taxonomy":"pwb-brand","embeddable":true,"href":"https:\/\/ajatutaja.com\/hr\/wp-json\/wp\/v2\/pwb-brand?post=17378"},{"taxonomy":"product_brand","embeddable":true,"href":"https:\/\/ajatutaja.com\/hr\/wp-json\/wp\/v2\/product_brand?post=17378"},{"taxonomy":"product_cat","embeddable":true,"href":"https:\/\/ajatutaja.com\/hr\/wp-json\/wp\/v2\/product_cat?post=17378"},{"taxonomy":"product_tag","embeddable":true,"href":"https:\/\/ajatutaja.com\/hr\/wp-json\/wp\/v2\/product_tag?post=17378"}],"curies":[{"name":"wp","href":"https:\/\/api.w.org\/{rel}","templated":true}]}}