{"id":17112,"date":"2018-07-17T12:22:03","date_gmt":"2018-07-17T10:22:03","guid":{"rendered":"https:\/\/ajatutaja.com\/izdelek\/lesena-verizica-za-dudo-heimess-nature-2\/"},"modified":"2025-04-28T15:46:31","modified_gmt":"2025-04-28T13:46:31","slug":"lesena-verizica-za-dudo-heimess-nature-2","status":"publish","type":"product","link":"https:\/\/ajatutaja.com\/hr\/proizvod\/lesena-verizica-za-dudo-heimess-nature-2\/","title":{"rendered":"Lesena veri\u017eica za dudo Heimess Nature"},"content":{"rendered":"<p>[vc_row][vc_column][vc_column_text]<\/p>\n<div id=\"tab-description\" class=\"accordion-content woocommerce-Tabs-panel woocommerce-Tabs-panel--description panel entry-content wc-tab\" role=\"tabpanel\" aria-labelledby=\"tab-title-description\" data-tab-content=\"\" aria-hidden=\"false\">\n<div class=\"vc_row wpb_row vc_row-fluid\">\n<div class=\"wpb_column vc_column_container vc_col-sm-12\">\n<div class=\"vc_column-inner\">\n<div class=\"wpb_wrapper\">\n<div class=\"wpb_text_column wpb_content_element \">\n<div class=\"wpb_wrapper\">\n<p>Veri\u017eica za dudo je izdelana iz lesa in je primerna za otroke od rojstva dalje. Otrok se bo z veri\u017eico rad igral, saj so lesene kroglice zanj zelo zabavne. Varna igra\u010da in enostavna namestitev.<\/p>\n<p>Priponka za dudo je izdelana izjeklene priponke in vrvice z lesenimi obro\u010dki, ki so pobarvani . Primerna za starost od rojstva dalje. Brez BPA.<\/p>\n<p>Dimenzije: 2.8 x 2.1 x 22.5 cm<\/p>\n<p>OPOZORILO! Izdelek vedno uporabljajte pod nadzorom odrasle osebe. Pred uporabo vedno preverite in \u010de opazite najmanj\u0161o po\u0161kodbo ali obrabo, ga takoj zavrzite. Nikoli ne podalj\u0161ajte dr\u017eala za dudo! Nikoli ne pritrdite na vrvice, trakove, vezalke ali ohlapne dele obla\u010dil, saj to lahko predstavlja nevarnost davljenja.<\/p>\n<\/div>\n<\/div>\n<\/div>\n<\/div>\n<\/div>\n<\/div>\n<\/div>\n<p>[\/vc_column_text][\/vc_column][\/vc_row]<\/p>\n","protected":false},"excerpt":{"rendered":"<p style=\"text-align: justify\">Veri\u017eica za dudo iz lesa je enostavna za uporabo. Na vrhnjem delu ima sponko, ki jo namestite na otrokovo obla\u010dilo. Na dnu pa s pomo\u010djo nitke pritrdite dudico. Na ogrlici so lesene perlice, s katerimi se bo va\u0161 otrok rad igral.<\/p>\n<p style=\"text-align: justify\">Proizvedeno v Nem\u010diji.<\/p>\n","protected":false},"featured_media":44038,"template":"","meta":[],"pwb-brand":[2456,2269],"product_brand":[],"product_cat":[2306,2266],"product_tag":[4180],"class_list":{"0":"post-17112","1":"product","2":"type-product","3":"status-publish","4":"has-post-thumbnail","6":"pwb-brand-goki","7":"pwb-brand-hranjenje","8":"product_cat-dude-in-priponke","9":"product_cat-hranjenje","10":"product_tag-goki","12":"first","13":"outofstock","14":"taxable","15":"shipping-taxable","16":"purchasable","17":"product-type-simple","18":"add-to-wishlist-before_image"},"yoast_head":"<!-- This site is optimized with the Yoast SEO plugin v27.3 - https:\/\/yoast.com\/product\/yoast-seo-wordpress\/ -->\n<title>Lesena veri\u017eica za dudo Heimess Nature | Ajatutaja<\/title>\n<meta name=\"description\" content=\"Veri\u017eica za dudo je izdelana iz lesa in je primerna za otroke od rojstva dalje. Varna igra\u010da in enostavna namestitev.\" \/>\n<meta name=\"robots\" content=\"index, follow, max-snippet:-1, max-image-preview:large, max-video-preview:-1\" \/>\n<link rel=\"canonical\" href=\"https:\/\/ajatutaja.com\/izdelek\/lesena-verizica-za-dudo-heimess-nature-2\/\" \/>\n<meta property=\"og:locale\" content=\"hr_HR\" \/>\n<meta property=\"og:type\" content=\"article\" \/>\n<meta property=\"og:title\" content=\"Lesena veri\u017eica za dudo Heimess Nature | Ajatutaja\" \/>\n<meta property=\"og:description\" content=\"Veri\u017eica za dudo je izdelana iz lesa in je primerna za otroke od rojstva dalje. Varna igra\u010da in enostavna namestitev.\" \/>\n<meta property=\"og:url\" content=\"https:\/\/ajatutaja.com\/izdelek\/lesena-verizica-za-dudo-heimess-nature-2\/\" \/>\n<meta property=\"og:site_name\" content=\"Ajatutaja\" \/>\n<meta property=\"article:modified_time\" content=\"2025-04-28T13:46:31+00:00\" \/>\n<meta property=\"og:image\" content=\"https:\/\/ajatutaja.com\/wp-content\/uploads\/2018\/07\/Goki-lesena-verizica-734660_s.jpg\" \/>\n\t<meta property=\"og:image:width\" content=\"600\" \/>\n\t<meta property=\"og:image:height\" content=\"600\" \/>\n\t<meta property=\"og:image:type\" content=\"image\/jpeg\" \/>\n<meta name=\"twitter:card\" content=\"summary_large_image\" \/>\n<meta name=\"twitter:label1\" content=\"Procijenjeno vrijeme \u010ditanja\" \/>\n\t<meta name=\"twitter:data1\" content=\"1 minuta\" \/>\n<script type=\"application\/ld+json\" class=\"yoast-schema-graph\">{\"@context\":\"https:\\\/\\\/schema.org\",\"@graph\":[{\"@type\":\"WebPage\",\"@id\":\"https:\\\/\\\/ajatutaja.com\\\/izdelek\\\/lesena-verizica-za-dudo-heimess-nature-2\\\/\",\"url\":\"https:\\\/\\\/ajatutaja.com\\\/izdelek\\\/lesena-verizica-za-dudo-heimess-nature-2\\\/\",\"name\":\"Lesena veri\u017eica za dudo Heimess Nature | Ajatutaja\",\"isPartOf\":{\"@id\":\"https:\\\/\\\/ajatutaja.com\\\/#website\"},\"primaryImageOfPage\":{\"@id\":\"https:\\\/\\\/ajatutaja.com\\\/izdelek\\\/lesena-verizica-za-dudo-heimess-nature-2\\\/#primaryimage\"},\"image\":{\"@id\":\"https:\\\/\\\/ajatutaja.com\\\/izdelek\\\/lesena-verizica-za-dudo-heimess-nature-2\\\/#primaryimage\"},\"thumbnailUrl\":\"https:\\\/\\\/ajatutaja.com\\\/wp-content\\\/uploads\\\/2018\\\/07\\\/Goki-lesena-verizica-734660_s.jpg\",\"datePublished\":\"2018-07-17T10:22:03+00:00\",\"dateModified\":\"2025-04-28T13:46:31+00:00\",\"description\":\"Veri\u017eica za dudo je izdelana iz lesa in je primerna za otroke od rojstva dalje. Varna igra\u010da in enostavna namestitev.\",\"breadcrumb\":{\"@id\":\"https:\\\/\\\/ajatutaja.com\\\/izdelek\\\/lesena-verizica-za-dudo-heimess-nature-2\\\/#breadcrumb\"},\"inLanguage\":\"hr\",\"potentialAction\":[{\"@type\":\"ReadAction\",\"target\":[\"https:\\\/\\\/ajatutaja.com\\\/izdelek\\\/lesena-verizica-za-dudo-heimess-nature-2\\\/\"]}]},{\"@type\":\"ImageObject\",\"inLanguage\":\"hr\",\"@id\":\"https:\\\/\\\/ajatutaja.com\\\/izdelek\\\/lesena-verizica-za-dudo-heimess-nature-2\\\/#primaryimage\",\"url\":\"https:\\\/\\\/ajatutaja.com\\\/wp-content\\\/uploads\\\/2018\\\/07\\\/Goki-lesena-verizica-734660_s.jpg\",\"contentUrl\":\"https:\\\/\\\/ajatutaja.com\\\/wp-content\\\/uploads\\\/2018\\\/07\\\/Goki-lesena-verizica-734660_s.jpg\",\"width\":600,\"height\":600},{\"@type\":\"BreadcrumbList\",\"@id\":\"https:\\\/\\\/ajatutaja.com\\\/izdelek\\\/lesena-verizica-za-dudo-heimess-nature-2\\\/#breadcrumb\",\"itemListElement\":[{\"@type\":\"ListItem\",\"position\":1,\"name\":\"Home\",\"item\":\"https:\\\/\\\/ajatutaja.com\\\/hr\\\/\"},{\"@type\":\"ListItem\",\"position\":2,\"name\":\"Trgovina\",\"item\":\"https:\\\/\\\/ajatutaja.com\\\/hr\\\/trgovina\\\/\"},{\"@type\":\"ListItem\",\"position\":3,\"name\":\"Lesena veri\u017eica za dudo Heimess Nature\"}]},{\"@type\":\"WebSite\",\"@id\":\"https:\\\/\\\/ajatutaja.com\\\/#website\",\"url\":\"https:\\\/\\\/ajatutaja.com\\\/\",\"name\":\"Ajatutaja\",\"description\":\"Otro\u0161ka spletna trgovina AJATUTAJA\",\"publisher\":{\"@id\":\"https:\\\/\\\/ajatutaja.com\\\/#organization\"},\"potentialAction\":[{\"@type\":\"SearchAction\",\"target\":{\"@type\":\"EntryPoint\",\"urlTemplate\":\"https:\\\/\\\/ajatutaja.com\\\/?s={search_term_string}\"},\"query-input\":{\"@type\":\"PropertyValueSpecification\",\"valueRequired\":true,\"valueName\":\"search_term_string\"}}],\"inLanguage\":\"hr\"},{\"@type\":\"Organization\",\"@id\":\"https:\\\/\\\/ajatutaja.com\\\/#organization\",\"name\":\"Ajatutaja\",\"url\":\"https:\\\/\\\/ajatutaja.com\\\/\",\"logo\":{\"@type\":\"ImageObject\",\"inLanguage\":\"hr\",\"@id\":\"https:\\\/\\\/ajatutaja.com\\\/#\\\/schema\\\/logo\\\/image\\\/\",\"url\":\"https:\\\/\\\/ajatutaja.com\\\/wp-content\\\/uploads\\\/2021\\\/10\\\/logo.png\",\"contentUrl\":\"https:\\\/\\\/ajatutaja.com\\\/wp-content\\\/uploads\\\/2021\\\/10\\\/logo.png\",\"width\":555,\"height\":150,\"caption\":\"Ajatutaja\"},\"image\":{\"@id\":\"https:\\\/\\\/ajatutaja.com\\\/#\\\/schema\\\/logo\\\/image\\\/\"}}]}<\/script>\n<!-- \/ Yoast SEO plugin. -->","yoast_head_json":{"title":"Lesena veri\u017eica za dudo Heimess Nature | Ajatutaja","description":"Veri\u017eica za dudo je izdelana iz lesa in je primerna za otroke od rojstva dalje. Varna igra\u010da in enostavna namestitev.","robots":{"index":"index","follow":"follow","max-snippet":"max-snippet:-1","max-image-preview":"max-image-preview:large","max-video-preview":"max-video-preview:-1"},"canonical":"https:\/\/ajatutaja.com\/izdelek\/lesena-verizica-za-dudo-heimess-nature-2\/","og_locale":"hr_HR","og_type":"article","og_title":"Lesena veri\u017eica za dudo Heimess Nature | Ajatutaja","og_description":"Veri\u017eica za dudo je izdelana iz lesa in je primerna za otroke od rojstva dalje. Varna igra\u010da in enostavna namestitev.","og_url":"https:\/\/ajatutaja.com\/izdelek\/lesena-verizica-za-dudo-heimess-nature-2\/","og_site_name":"Ajatutaja","article_modified_time":"2025-04-28T13:46:31+00:00","og_image":[{"width":600,"height":600,"url":"https:\/\/ajatutaja.com\/wp-content\/uploads\/2018\/07\/Goki-lesena-verizica-734660_s.jpg","type":"image\/jpeg"}],"twitter_card":"summary_large_image","twitter_misc":{"Procijenjeno vrijeme \u010ditanja":"1 minuta"},"schema":{"@context":"https:\/\/schema.org","@graph":[{"@type":"WebPage","@id":"https:\/\/ajatutaja.com\/izdelek\/lesena-verizica-za-dudo-heimess-nature-2\/","url":"https:\/\/ajatutaja.com\/izdelek\/lesena-verizica-za-dudo-heimess-nature-2\/","name":"Lesena veri\u017eica za dudo Heimess Nature | Ajatutaja","isPartOf":{"@id":"https:\/\/ajatutaja.com\/#website"},"primaryImageOfPage":{"@id":"https:\/\/ajatutaja.com\/izdelek\/lesena-verizica-za-dudo-heimess-nature-2\/#primaryimage"},"image":{"@id":"https:\/\/ajatutaja.com\/izdelek\/lesena-verizica-za-dudo-heimess-nature-2\/#primaryimage"},"thumbnailUrl":"https:\/\/ajatutaja.com\/wp-content\/uploads\/2018\/07\/Goki-lesena-verizica-734660_s.jpg","datePublished":"2018-07-17T10:22:03+00:00","dateModified":"2025-04-28T13:46:31+00:00","description":"Veri\u017eica za dudo je izdelana iz lesa in je primerna za otroke od rojstva dalje. Varna igra\u010da in enostavna namestitev.","breadcrumb":{"@id":"https:\/\/ajatutaja.com\/izdelek\/lesena-verizica-za-dudo-heimess-nature-2\/#breadcrumb"},"inLanguage":"hr","potentialAction":[{"@type":"ReadAction","target":["https:\/\/ajatutaja.com\/izdelek\/lesena-verizica-za-dudo-heimess-nature-2\/"]}]},{"@type":"ImageObject","inLanguage":"hr","@id":"https:\/\/ajatutaja.com\/izdelek\/lesena-verizica-za-dudo-heimess-nature-2\/#primaryimage","url":"https:\/\/ajatutaja.com\/wp-content\/uploads\/2018\/07\/Goki-lesena-verizica-734660_s.jpg","contentUrl":"https:\/\/ajatutaja.com\/wp-content\/uploads\/2018\/07\/Goki-lesena-verizica-734660_s.jpg","width":600,"height":600},{"@type":"BreadcrumbList","@id":"https:\/\/ajatutaja.com\/izdelek\/lesena-verizica-za-dudo-heimess-nature-2\/#breadcrumb","itemListElement":[{"@type":"ListItem","position":1,"name":"Home","item":"https:\/\/ajatutaja.com\/hr\/"},{"@type":"ListItem","position":2,"name":"Trgovina","item":"https:\/\/ajatutaja.com\/hr\/trgovina\/"},{"@type":"ListItem","position":3,"name":"Lesena veri\u017eica za dudo Heimess Nature"}]},{"@type":"WebSite","@id":"https:\/\/ajatutaja.com\/#website","url":"https:\/\/ajatutaja.com\/","name":"Ajatutaja","description":"Otro\u0161ka spletna trgovina AJATUTAJA","publisher":{"@id":"https:\/\/ajatutaja.com\/#organization"},"potentialAction":[{"@type":"SearchAction","target":{"@type":"EntryPoint","urlTemplate":"https:\/\/ajatutaja.com\/?s={search_term_string}"},"query-input":{"@type":"PropertyValueSpecification","valueRequired":true,"valueName":"search_term_string"}}],"inLanguage":"hr"},{"@type":"Organization","@id":"https:\/\/ajatutaja.com\/#organization","name":"Ajatutaja","url":"https:\/\/ajatutaja.com\/","logo":{"@type":"ImageObject","inLanguage":"hr","@id":"https:\/\/ajatutaja.com\/#\/schema\/logo\/image\/","url":"https:\/\/ajatutaja.com\/wp-content\/uploads\/2021\/10\/logo.png","contentUrl":"https:\/\/ajatutaja.com\/wp-content\/uploads\/2021\/10\/logo.png","width":555,"height":150,"caption":"Ajatutaja"},"image":{"@id":"https:\/\/ajatutaja.com\/#\/schema\/logo\/image\/"}}]}},"brands":[{"id":2456,"name":"Goki","slug":"goki"},{"id":2269,"name":"Hranjenje","slug":"hranjenje"}],"_links":{"self":[{"href":"https:\/\/ajatutaja.com\/hr\/wp-json\/wp\/v2\/product\/17112","targetHints":{"allow":["GET"]}}],"collection":[{"href":"https:\/\/ajatutaja.com\/hr\/wp-json\/wp\/v2\/product"}],"about":[{"href":"https:\/\/ajatutaja.com\/hr\/wp-json\/wp\/v2\/types\/product"}],"wp:featuredmedia":[{"embeddable":true,"href":"https:\/\/ajatutaja.com\/hr\/wp-json\/wp\/v2\/media\/44038"}],"wp:attachment":[{"href":"https:\/\/ajatutaja.com\/hr\/wp-json\/wp\/v2\/media?parent=17112"}],"wp:term":[{"taxonomy":"pwb-brand","embeddable":true,"href":"https:\/\/ajatutaja.com\/hr\/wp-json\/wp\/v2\/pwb-brand?post=17112"},{"taxonomy":"product_brand","embeddable":true,"href":"https:\/\/ajatutaja.com\/hr\/wp-json\/wp\/v2\/product_brand?post=17112"},{"taxonomy":"product_cat","embeddable":true,"href":"https:\/\/ajatutaja.com\/hr\/wp-json\/wp\/v2\/product_cat?post=17112"},{"taxonomy":"product_tag","embeddable":true,"href":"https:\/\/ajatutaja.com\/hr\/wp-json\/wp\/v2\/product_tag?post=17112"}],"curies":[{"name":"wp","href":"https:\/\/api.w.org\/{rel}","templated":true}]}}