{"id":16779,"date":"2017-07-18T16:05:50","date_gmt":"2017-07-18T14:05:50","guid":{"rendered":"https:\/\/ajatutaja.com\/izdelek\/posteljni-okvir-tipi-90x200cm\/"},"modified":"2024-03-21T19:26:20","modified_gmt":"2024-03-21T18:26:20","slug":"posteljni-okvir-tipi-90x200cm","status":"publish","type":"product","link":"https:\/\/ajatutaja.com\/hr\/proizvod\/posteljni-okvir-tipi-90x200cm\/","title":{"rendered":"Posteljni okvir TIPI 90x200cm"},"content":{"rendered":"<p style=\"text-align: justify\"><span lang=\"sl\">Posteljni okvir TIPI, proizvajalca Childhome, je izdelana iz bukovega lesa. V natur barvi in belimi vrhovi. Lepo se dopolnjuje z ostalim otro\u0161kim pohi\u0161tvom in pa\u0161e v vsako otro\u0161ko sobico. <\/span><\/p>\n<p style=\"text-align: justify\">Linija Childhome TIPI je namenjena malim pustolovcem. Otro\u0161ka sobica bo tako postala bolj zabavna in obenem funkcionalana in vedno lepo urejena.<\/p>\n<p style=\"text-align: justify\">Dimenzije postelje TIPI: 98 x 208 x 150 cm<\/p>\n<p style=\"text-align: justify\">Vzmetnica in posteljnina nista vklju\u010deni v ceno!<\/p>\n","protected":false},"excerpt":{"rendered":"<p dir=\"ltr\" style=\"text-align: justify\" data-placeholder=\"Prevod\"><span lang=\"sl\">Posteljni okvir TIPI iz bukovega lesa &#8211; dimezije 90&#215;200 cm bo zagotovo v\u0161e\u010d vsem malim in velikim nadobudne\u017eem!<br \/>\n<\/span><\/p>\n<p style=\"text-align: justify\">Z dodatki kot so bomba\u017ene lu\u010dke, zastavice, \u2026 lahko pri\u010darate otroku pravi domi\u0161ljijski svet.<\/p>\n<p dir=\"ltr\" style=\"text-align: justify\" data-placeholder=\"Prevod\"><span lang=\"sl\">Spoznajte celotno linijo Childhome TIPI iz bukovega lesa, ki obsega TIPI posteljni okvir, odprto omaro TIPI, TIPI poli\u010dke in\u00a0 TIPI \u0161otor\u010dke.<br \/>\n<\/span><\/p>\n","protected":false},"featured_media":16775,"template":"","meta":[],"pwb-brand":[2616,2611],"product_brand":[],"product_cat":[2594,2595,2593],"product_tag":[4019,4043,4427],"class_list":{"0":"post-16779","1":"product","2":"type-product","3":"status-publish","4":"has-post-thumbnail","6":"pwb-brand-childhome-spanje","7":"pwb-brand-spanje","8":"product_cat-otroska-sobica","9":"product_cat-otroske-postelje","10":"product_cat-spanje","11":"product_tag-200x90cm","12":"product_tag-childhome","13":"product_tag-tipi","15":"first","16":"instock","17":"taxable","18":"shipping-taxable","19":"purchasable","20":"product-type-simple","21":"add-to-wishlist-before_image"},"yoast_head":"<!-- This site is optimized with the Yoast SEO plugin v27.3 - https:\/\/yoast.com\/product\/yoast-seo-wordpress\/ -->\n<title>Posteljni okvir TIPI 90x200cm | Ajatutaja<\/title>\n<meta name=\"description\" content=\"Posteljni okvir TIPI iz bukovega lesa - dimezije 90x200 cm, bo zagotovo v\u0161e\u010d malim in velikim nadobudne\u017eem! Lepo se poda s TIPI \u0161otor\u010dkom in TIPI omaro.\" \/>\n<meta name=\"robots\" content=\"index, follow, max-snippet:-1, max-image-preview:large, max-video-preview:-1\" \/>\n<link rel=\"canonical\" href=\"https:\/\/ajatutaja.com\/izdelek\/posteljni-okvir-tipi-90x200cm\/\" \/>\n<meta property=\"og:locale\" content=\"hr_HR\" \/>\n<meta property=\"og:type\" content=\"article\" \/>\n<meta property=\"og:title\" content=\"Posteljni okvir TIPI 90x200cm | Ajatutaja\" \/>\n<meta property=\"og:description\" content=\"Posteljni okvir TIPI iz bukovega lesa - dimezije 90x200 cm, bo zagotovo v\u0161e\u010d malim in velikim nadobudne\u017eem! Lepo se poda s TIPI \u0161otor\u010dkom in TIPI omaro.\" \/>\n<meta property=\"og:url\" content=\"https:\/\/ajatutaja.com\/izdelek\/posteljni-okvir-tipi-90x200cm\/\" \/>\n<meta property=\"og:site_name\" content=\"Ajatutaja\" \/>\n<meta property=\"article:modified_time\" content=\"2024-03-21T18:26:20+00:00\" \/>\n<meta property=\"og:image\" content=\"https:\/\/ajatutaja.com\/wp-content\/uploads\/2021\/11\/B140TIPI-768x768-1.jpg\" \/>\n\t<meta property=\"og:image:width\" content=\"768\" \/>\n\t<meta property=\"og:image:height\" content=\"768\" \/>\n\t<meta property=\"og:image:type\" content=\"image\/jpeg\" \/>\n<meta name=\"twitter:card\" content=\"summary_large_image\" \/>\n<script type=\"application\/ld+json\" class=\"yoast-schema-graph\">{\"@context\":\"https:\\\/\\\/schema.org\",\"@graph\":[{\"@type\":\"WebPage\",\"@id\":\"https:\\\/\\\/ajatutaja.com\\\/izdelek\\\/posteljni-okvir-tipi-90x200cm\\\/\",\"url\":\"https:\\\/\\\/ajatutaja.com\\\/izdelek\\\/posteljni-okvir-tipi-90x200cm\\\/\",\"name\":\"Posteljni okvir TIPI 90x200cm | Ajatutaja\",\"isPartOf\":{\"@id\":\"https:\\\/\\\/ajatutaja.com\\\/#website\"},\"primaryImageOfPage\":{\"@id\":\"https:\\\/\\\/ajatutaja.com\\\/izdelek\\\/posteljni-okvir-tipi-90x200cm\\\/#primaryimage\"},\"image\":{\"@id\":\"https:\\\/\\\/ajatutaja.com\\\/izdelek\\\/posteljni-okvir-tipi-90x200cm\\\/#primaryimage\"},\"thumbnailUrl\":\"https:\\\/\\\/ajatutaja.com\\\/wp-content\\\/uploads\\\/2021\\\/11\\\/B140TIPI-768x768-1.jpg\",\"datePublished\":\"2017-07-18T14:05:50+00:00\",\"dateModified\":\"2024-03-21T18:26:20+00:00\",\"description\":\"Posteljni okvir TIPI iz bukovega lesa - dimezije 90x200 cm, bo zagotovo v\u0161e\u010d malim in velikim nadobudne\u017eem! Lepo se poda s TIPI \u0161otor\u010dkom in TIPI omaro.\",\"breadcrumb\":{\"@id\":\"https:\\\/\\\/ajatutaja.com\\\/izdelek\\\/posteljni-okvir-tipi-90x200cm\\\/#breadcrumb\"},\"inLanguage\":\"hr\",\"potentialAction\":[{\"@type\":\"ReadAction\",\"target\":[\"https:\\\/\\\/ajatutaja.com\\\/izdelek\\\/posteljni-okvir-tipi-90x200cm\\\/\"]}]},{\"@type\":\"ImageObject\",\"inLanguage\":\"hr\",\"@id\":\"https:\\\/\\\/ajatutaja.com\\\/izdelek\\\/posteljni-okvir-tipi-90x200cm\\\/#primaryimage\",\"url\":\"https:\\\/\\\/ajatutaja.com\\\/wp-content\\\/uploads\\\/2021\\\/11\\\/B140TIPI-768x768-1.jpg\",\"contentUrl\":\"https:\\\/\\\/ajatutaja.com\\\/wp-content\\\/uploads\\\/2021\\\/11\\\/B140TIPI-768x768-1.jpg\",\"width\":768,\"height\":768},{\"@type\":\"BreadcrumbList\",\"@id\":\"https:\\\/\\\/ajatutaja.com\\\/izdelek\\\/posteljni-okvir-tipi-90x200cm\\\/#breadcrumb\",\"itemListElement\":[{\"@type\":\"ListItem\",\"position\":1,\"name\":\"Home\",\"item\":\"https:\\\/\\\/ajatutaja.com\\\/hr\\\/\"},{\"@type\":\"ListItem\",\"position\":2,\"name\":\"Trgovina\",\"item\":\"https:\\\/\\\/ajatutaja.com\\\/hr\\\/trgovina\\\/\"},{\"@type\":\"ListItem\",\"position\":3,\"name\":\"Posteljni okvir TIPI 90x200cm\"}]},{\"@type\":\"WebSite\",\"@id\":\"https:\\\/\\\/ajatutaja.com\\\/#website\",\"url\":\"https:\\\/\\\/ajatutaja.com\\\/\",\"name\":\"Ajatutaja\",\"description\":\"Otro\u0161ka spletna trgovina AJATUTAJA\",\"publisher\":{\"@id\":\"https:\\\/\\\/ajatutaja.com\\\/#organization\"},\"potentialAction\":[{\"@type\":\"SearchAction\",\"target\":{\"@type\":\"EntryPoint\",\"urlTemplate\":\"https:\\\/\\\/ajatutaja.com\\\/?s={search_term_string}\"},\"query-input\":{\"@type\":\"PropertyValueSpecification\",\"valueRequired\":true,\"valueName\":\"search_term_string\"}}],\"inLanguage\":\"hr\"},{\"@type\":\"Organization\",\"@id\":\"https:\\\/\\\/ajatutaja.com\\\/#organization\",\"name\":\"Ajatutaja\",\"url\":\"https:\\\/\\\/ajatutaja.com\\\/\",\"logo\":{\"@type\":\"ImageObject\",\"inLanguage\":\"hr\",\"@id\":\"https:\\\/\\\/ajatutaja.com\\\/#\\\/schema\\\/logo\\\/image\\\/\",\"url\":\"https:\\\/\\\/ajatutaja.com\\\/wp-content\\\/uploads\\\/2021\\\/10\\\/logo.png\",\"contentUrl\":\"https:\\\/\\\/ajatutaja.com\\\/wp-content\\\/uploads\\\/2021\\\/10\\\/logo.png\",\"width\":555,\"height\":150,\"caption\":\"Ajatutaja\"},\"image\":{\"@id\":\"https:\\\/\\\/ajatutaja.com\\\/#\\\/schema\\\/logo\\\/image\\\/\"}}]}<\/script>\n<!-- \/ Yoast SEO plugin. -->","yoast_head_json":{"title":"Posteljni okvir TIPI 90x200cm | Ajatutaja","description":"Posteljni okvir TIPI iz bukovega lesa - dimezije 90x200 cm, bo zagotovo v\u0161e\u010d malim in velikim nadobudne\u017eem! Lepo se poda s TIPI \u0161otor\u010dkom in TIPI omaro.","robots":{"index":"index","follow":"follow","max-snippet":"max-snippet:-1","max-image-preview":"max-image-preview:large","max-video-preview":"max-video-preview:-1"},"canonical":"https:\/\/ajatutaja.com\/izdelek\/posteljni-okvir-tipi-90x200cm\/","og_locale":"hr_HR","og_type":"article","og_title":"Posteljni okvir TIPI 90x200cm | Ajatutaja","og_description":"Posteljni okvir TIPI iz bukovega lesa - dimezije 90x200 cm, bo zagotovo v\u0161e\u010d malim in velikim nadobudne\u017eem! Lepo se poda s TIPI \u0161otor\u010dkom in TIPI omaro.","og_url":"https:\/\/ajatutaja.com\/izdelek\/posteljni-okvir-tipi-90x200cm\/","og_site_name":"Ajatutaja","article_modified_time":"2024-03-21T18:26:20+00:00","og_image":[{"width":768,"height":768,"url":"https:\/\/ajatutaja.com\/wp-content\/uploads\/2021\/11\/B140TIPI-768x768-1.jpg","type":"image\/jpeg"}],"twitter_card":"summary_large_image","schema":{"@context":"https:\/\/schema.org","@graph":[{"@type":"WebPage","@id":"https:\/\/ajatutaja.com\/izdelek\/posteljni-okvir-tipi-90x200cm\/","url":"https:\/\/ajatutaja.com\/izdelek\/posteljni-okvir-tipi-90x200cm\/","name":"Posteljni okvir TIPI 90x200cm | Ajatutaja","isPartOf":{"@id":"https:\/\/ajatutaja.com\/#website"},"primaryImageOfPage":{"@id":"https:\/\/ajatutaja.com\/izdelek\/posteljni-okvir-tipi-90x200cm\/#primaryimage"},"image":{"@id":"https:\/\/ajatutaja.com\/izdelek\/posteljni-okvir-tipi-90x200cm\/#primaryimage"},"thumbnailUrl":"https:\/\/ajatutaja.com\/wp-content\/uploads\/2021\/11\/B140TIPI-768x768-1.jpg","datePublished":"2017-07-18T14:05:50+00:00","dateModified":"2024-03-21T18:26:20+00:00","description":"Posteljni okvir TIPI iz bukovega lesa - dimezije 90x200 cm, bo zagotovo v\u0161e\u010d malim in velikim nadobudne\u017eem! Lepo se poda s TIPI \u0161otor\u010dkom in TIPI omaro.","breadcrumb":{"@id":"https:\/\/ajatutaja.com\/izdelek\/posteljni-okvir-tipi-90x200cm\/#breadcrumb"},"inLanguage":"hr","potentialAction":[{"@type":"ReadAction","target":["https:\/\/ajatutaja.com\/izdelek\/posteljni-okvir-tipi-90x200cm\/"]}]},{"@type":"ImageObject","inLanguage":"hr","@id":"https:\/\/ajatutaja.com\/izdelek\/posteljni-okvir-tipi-90x200cm\/#primaryimage","url":"https:\/\/ajatutaja.com\/wp-content\/uploads\/2021\/11\/B140TIPI-768x768-1.jpg","contentUrl":"https:\/\/ajatutaja.com\/wp-content\/uploads\/2021\/11\/B140TIPI-768x768-1.jpg","width":768,"height":768},{"@type":"BreadcrumbList","@id":"https:\/\/ajatutaja.com\/izdelek\/posteljni-okvir-tipi-90x200cm\/#breadcrumb","itemListElement":[{"@type":"ListItem","position":1,"name":"Home","item":"https:\/\/ajatutaja.com\/hr\/"},{"@type":"ListItem","position":2,"name":"Trgovina","item":"https:\/\/ajatutaja.com\/hr\/trgovina\/"},{"@type":"ListItem","position":3,"name":"Posteljni okvir TIPI 90x200cm"}]},{"@type":"WebSite","@id":"https:\/\/ajatutaja.com\/#website","url":"https:\/\/ajatutaja.com\/","name":"Ajatutaja","description":"Otro\u0161ka spletna trgovina AJATUTAJA","publisher":{"@id":"https:\/\/ajatutaja.com\/#organization"},"potentialAction":[{"@type":"SearchAction","target":{"@type":"EntryPoint","urlTemplate":"https:\/\/ajatutaja.com\/?s={search_term_string}"},"query-input":{"@type":"PropertyValueSpecification","valueRequired":true,"valueName":"search_term_string"}}],"inLanguage":"hr"},{"@type":"Organization","@id":"https:\/\/ajatutaja.com\/#organization","name":"Ajatutaja","url":"https:\/\/ajatutaja.com\/","logo":{"@type":"ImageObject","inLanguage":"hr","@id":"https:\/\/ajatutaja.com\/#\/schema\/logo\/image\/","url":"https:\/\/ajatutaja.com\/wp-content\/uploads\/2021\/10\/logo.png","contentUrl":"https:\/\/ajatutaja.com\/wp-content\/uploads\/2021\/10\/logo.png","width":555,"height":150,"caption":"Ajatutaja"},"image":{"@id":"https:\/\/ajatutaja.com\/#\/schema\/logo\/image\/"}}]}},"brands":[{"id":2616,"name":"Childhome","slug":"childhome-spanje"},{"id":2611,"name":"Spanje","slug":"spanje"}],"_links":{"self":[{"href":"https:\/\/ajatutaja.com\/hr\/wp-json\/wp\/v2\/product\/16779","targetHints":{"allow":["GET"]}}],"collection":[{"href":"https:\/\/ajatutaja.com\/hr\/wp-json\/wp\/v2\/product"}],"about":[{"href":"https:\/\/ajatutaja.com\/hr\/wp-json\/wp\/v2\/types\/product"}],"wp:featuredmedia":[{"embeddable":true,"href":"https:\/\/ajatutaja.com\/hr\/wp-json\/wp\/v2\/media\/16775"}],"wp:attachment":[{"href":"https:\/\/ajatutaja.com\/hr\/wp-json\/wp\/v2\/media?parent=16779"}],"wp:term":[{"taxonomy":"pwb-brand","embeddable":true,"href":"https:\/\/ajatutaja.com\/hr\/wp-json\/wp\/v2\/pwb-brand?post=16779"},{"taxonomy":"product_brand","embeddable":true,"href":"https:\/\/ajatutaja.com\/hr\/wp-json\/wp\/v2\/product_brand?post=16779"},{"taxonomy":"product_cat","embeddable":true,"href":"https:\/\/ajatutaja.com\/hr\/wp-json\/wp\/v2\/product_cat?post=16779"},{"taxonomy":"product_tag","embeddable":true,"href":"https:\/\/ajatutaja.com\/hr\/wp-json\/wp\/v2\/product_tag?post=16779"}],"curies":[{"name":"wp","href":"https:\/\/api.w.org\/{rel}","templated":true}]}}