{"id":16769,"date":"2017-10-18T10:51:00","date_gmt":"2017-10-18T08:51:00","guid":{"rendered":"https:\/\/ajatutaja.com\/izdelek\/odprta-omara-za-obleke-tipi\/"},"modified":"2026-03-04T12:46:00","modified_gmt":"2026-03-04T11:46:00","slug":"odprta-omara-za-obleke-tipi","status":"publish","type":"product","link":"https:\/\/ajatutaja.com\/hr\/proizvod\/odprta-omara-za-obleke-tipi\/","title":{"rendered":"Odprta omara za obleke TIPI"},"content":{"rendered":"<p style=\"text-align: justify\"><span lang=\"sl\">Odprta omara za obleke TIPI, proizvajalca Childhome, je izdelana iz bukovega lesa. V natur barvi in belimi vrhovi. Lepo se dopolnjuje z ostalim otro\u0161kim pohi\u0161tvom in pa\u0161e v vsako otro\u0161ko sobico. <\/span><\/p>\n<p style=\"text-align: justify\">Linija Childhome TIPI je namenjena malim pustolovcem. Otro\u0161ka sobica bo tako postala bolj zabavna in obenem funkcionalana in vedno lepo urejena.<\/p>\n<p style=\"text-align: justify\">Dimenzije odprte omare TIPI: <span lang=\"sl\">106 x 48 x 138 cm\u00a0<\/span><\/p>\n","protected":false},"excerpt":{"rendered":"<p id=\"tw-target-text\" dir=\"ltr\" style=\"text-align: justify\" data-placeholder=\"Prevod\"><span lang=\"sl\">Odprta omara Childhome iz linije TIPI je idealna za vse male pustolovce. Na dnu ima polico za odlaganje, na vrhu pa palico za obe\u0161anje obla\u010dil.<\/span><\/p>\n<p dir=\"ltr\" style=\"text-align: justify\" data-placeholder=\"Prevod\"><span lang=\"sl\">Omara je izdelana iz\u00a0 bukovega lesa in je sestavni del celotne linije Tipi, ki obsega \u0161e TIPI posteljni okvir, TIPI poli\u010dke in\u00a0 TIPI \u0161otor\u010dke.<br \/>\n<\/span><\/p>\n","protected":false},"featured_media":16770,"template":"","meta":[],"pwb-brand":[2616,2611],"product_brand":[],"product_cat":[2607,2594,2593],"product_tag":[4043,4427],"class_list":{"0":"post-16769","1":"product","2":"type-product","3":"status-publish","4":"has-post-thumbnail","6":"pwb-brand-childhome-spanje","7":"pwb-brand-spanje","8":"product_cat-dodatki-in-dekoracije","9":"product_cat-otroska-sobica","10":"product_cat-spanje","11":"product_tag-childhome","12":"product_tag-tipi","14":"first","15":"instock","16":"taxable","17":"shipping-taxable","18":"purchasable","19":"product-type-simple","20":"add-to-wishlist-before_image"},"yoast_head":"<!-- This site is optimized with the Yoast SEO plugin v27.3 - https:\/\/yoast.com\/product\/yoast-seo-wordpress\/ -->\n<title>Odprta omara za obleke TIPI | Ajatutaja<\/title>\n<meta name=\"description\" content=\"Odprta omara Childhome iz linije TIPI je idealna za vse male pustolovce. Na dnu ima polico za odlaganje, na vrhu pa palico za obe\u0161anje obla\u010dil in torb.\" \/>\n<meta name=\"robots\" content=\"index, follow, max-snippet:-1, max-image-preview:large, max-video-preview:-1\" \/>\n<link rel=\"canonical\" href=\"https:\/\/ajatutaja.com\/izdelek\/odprta-omara-za-obleke-tipi\/\" \/>\n<meta property=\"og:locale\" content=\"hr_HR\" \/>\n<meta property=\"og:type\" content=\"article\" \/>\n<meta property=\"og:title\" content=\"Odprta omara za obleke TIPI | Ajatutaja\" \/>\n<meta property=\"og:description\" content=\"Odprta omara Childhome iz linije TIPI je idealna za vse male pustolovce. Na dnu ima polico za odlaganje, na vrhu pa palico za obe\u0161anje obla\u010dil in torb.\" \/>\n<meta property=\"og:url\" content=\"https:\/\/ajatutaja.com\/izdelek\/odprta-omara-za-obleke-tipi\/\" \/>\n<meta property=\"og:site_name\" content=\"Ajatutaja\" \/>\n<meta property=\"article:modified_time\" content=\"2026-03-04T11:46:00+00:00\" \/>\n<meta property=\"og:image\" content=\"https:\/\/ajatutaja.com\/wp-content\/uploads\/2021\/11\/Childhome_odprta_omara_Tipi_CLSTIPI_4.png\" \/>\n\t<meta property=\"og:image:width\" content=\"600\" \/>\n\t<meta property=\"og:image:height\" content=\"600\" \/>\n\t<meta property=\"og:image:type\" content=\"image\/png\" \/>\n<meta name=\"twitter:card\" content=\"summary_large_image\" \/>\n<script type=\"application\/ld+json\" class=\"yoast-schema-graph\">{\"@context\":\"https:\\\/\\\/schema.org\",\"@graph\":[{\"@type\":\"WebPage\",\"@id\":\"https:\\\/\\\/ajatutaja.com\\\/izdelek\\\/odprta-omara-za-obleke-tipi\\\/\",\"url\":\"https:\\\/\\\/ajatutaja.com\\\/izdelek\\\/odprta-omara-za-obleke-tipi\\\/\",\"name\":\"Odprta omara za obleke TIPI | Ajatutaja\",\"isPartOf\":{\"@id\":\"https:\\\/\\\/ajatutaja.com\\\/#website\"},\"primaryImageOfPage\":{\"@id\":\"https:\\\/\\\/ajatutaja.com\\\/izdelek\\\/odprta-omara-za-obleke-tipi\\\/#primaryimage\"},\"image\":{\"@id\":\"https:\\\/\\\/ajatutaja.com\\\/izdelek\\\/odprta-omara-za-obleke-tipi\\\/#primaryimage\"},\"thumbnailUrl\":\"https:\\\/\\\/ajatutaja.com\\\/wp-content\\\/uploads\\\/2021\\\/11\\\/Childhome_odprta_omara_Tipi_CLSTIPI_4.png\",\"datePublished\":\"2017-10-18T08:51:00+00:00\",\"dateModified\":\"2026-03-04T11:46:00+00:00\",\"description\":\"Odprta omara Childhome iz linije TIPI je idealna za vse male pustolovce. Na dnu ima polico za odlaganje, na vrhu pa palico za obe\u0161anje obla\u010dil in torb.\",\"breadcrumb\":{\"@id\":\"https:\\\/\\\/ajatutaja.com\\\/izdelek\\\/odprta-omara-za-obleke-tipi\\\/#breadcrumb\"},\"inLanguage\":\"hr\",\"potentialAction\":[{\"@type\":\"ReadAction\",\"target\":[\"https:\\\/\\\/ajatutaja.com\\\/izdelek\\\/odprta-omara-za-obleke-tipi\\\/\"]}]},{\"@type\":\"ImageObject\",\"inLanguage\":\"hr\",\"@id\":\"https:\\\/\\\/ajatutaja.com\\\/izdelek\\\/odprta-omara-za-obleke-tipi\\\/#primaryimage\",\"url\":\"https:\\\/\\\/ajatutaja.com\\\/wp-content\\\/uploads\\\/2021\\\/11\\\/Childhome_odprta_omara_Tipi_CLSTIPI_4.png\",\"contentUrl\":\"https:\\\/\\\/ajatutaja.com\\\/wp-content\\\/uploads\\\/2021\\\/11\\\/Childhome_odprta_omara_Tipi_CLSTIPI_4.png\",\"width\":600,\"height\":600},{\"@type\":\"BreadcrumbList\",\"@id\":\"https:\\\/\\\/ajatutaja.com\\\/izdelek\\\/odprta-omara-za-obleke-tipi\\\/#breadcrumb\",\"itemListElement\":[{\"@type\":\"ListItem\",\"position\":1,\"name\":\"Home\",\"item\":\"https:\\\/\\\/ajatutaja.com\\\/hr\\\/\"},{\"@type\":\"ListItem\",\"position\":2,\"name\":\"Trgovina\",\"item\":\"https:\\\/\\\/ajatutaja.com\\\/hr\\\/trgovina\\\/\"},{\"@type\":\"ListItem\",\"position\":3,\"name\":\"Odprta omara za obleke TIPI\"}]},{\"@type\":\"WebSite\",\"@id\":\"https:\\\/\\\/ajatutaja.com\\\/#website\",\"url\":\"https:\\\/\\\/ajatutaja.com\\\/\",\"name\":\"Ajatutaja\",\"description\":\"Otro\u0161ka spletna trgovina AJATUTAJA\",\"publisher\":{\"@id\":\"https:\\\/\\\/ajatutaja.com\\\/#organization\"},\"potentialAction\":[{\"@type\":\"SearchAction\",\"target\":{\"@type\":\"EntryPoint\",\"urlTemplate\":\"https:\\\/\\\/ajatutaja.com\\\/?s={search_term_string}\"},\"query-input\":{\"@type\":\"PropertyValueSpecification\",\"valueRequired\":true,\"valueName\":\"search_term_string\"}}],\"inLanguage\":\"hr\"},{\"@type\":\"Organization\",\"@id\":\"https:\\\/\\\/ajatutaja.com\\\/#organization\",\"name\":\"Ajatutaja\",\"url\":\"https:\\\/\\\/ajatutaja.com\\\/\",\"logo\":{\"@type\":\"ImageObject\",\"inLanguage\":\"hr\",\"@id\":\"https:\\\/\\\/ajatutaja.com\\\/#\\\/schema\\\/logo\\\/image\\\/\",\"url\":\"https:\\\/\\\/ajatutaja.com\\\/wp-content\\\/uploads\\\/2021\\\/10\\\/logo.png\",\"contentUrl\":\"https:\\\/\\\/ajatutaja.com\\\/wp-content\\\/uploads\\\/2021\\\/10\\\/logo.png\",\"width\":555,\"height\":150,\"caption\":\"Ajatutaja\"},\"image\":{\"@id\":\"https:\\\/\\\/ajatutaja.com\\\/#\\\/schema\\\/logo\\\/image\\\/\"}}]}<\/script>\n<!-- \/ Yoast SEO plugin. -->","yoast_head_json":{"title":"Odprta omara za obleke TIPI | Ajatutaja","description":"Odprta omara Childhome iz linije TIPI je idealna za vse male pustolovce. Na dnu ima polico za odlaganje, na vrhu pa palico za obe\u0161anje obla\u010dil in torb.","robots":{"index":"index","follow":"follow","max-snippet":"max-snippet:-1","max-image-preview":"max-image-preview:large","max-video-preview":"max-video-preview:-1"},"canonical":"https:\/\/ajatutaja.com\/izdelek\/odprta-omara-za-obleke-tipi\/","og_locale":"hr_HR","og_type":"article","og_title":"Odprta omara za obleke TIPI | Ajatutaja","og_description":"Odprta omara Childhome iz linije TIPI je idealna za vse male pustolovce. Na dnu ima polico za odlaganje, na vrhu pa palico za obe\u0161anje obla\u010dil in torb.","og_url":"https:\/\/ajatutaja.com\/izdelek\/odprta-omara-za-obleke-tipi\/","og_site_name":"Ajatutaja","article_modified_time":"2026-03-04T11:46:00+00:00","og_image":[{"width":600,"height":600,"url":"https:\/\/ajatutaja.com\/wp-content\/uploads\/2021\/11\/Childhome_odprta_omara_Tipi_CLSTIPI_4.png","type":"image\/png"}],"twitter_card":"summary_large_image","schema":{"@context":"https:\/\/schema.org","@graph":[{"@type":"WebPage","@id":"https:\/\/ajatutaja.com\/izdelek\/odprta-omara-za-obleke-tipi\/","url":"https:\/\/ajatutaja.com\/izdelek\/odprta-omara-za-obleke-tipi\/","name":"Odprta omara za obleke TIPI | Ajatutaja","isPartOf":{"@id":"https:\/\/ajatutaja.com\/#website"},"primaryImageOfPage":{"@id":"https:\/\/ajatutaja.com\/izdelek\/odprta-omara-za-obleke-tipi\/#primaryimage"},"image":{"@id":"https:\/\/ajatutaja.com\/izdelek\/odprta-omara-za-obleke-tipi\/#primaryimage"},"thumbnailUrl":"https:\/\/ajatutaja.com\/wp-content\/uploads\/2021\/11\/Childhome_odprta_omara_Tipi_CLSTIPI_4.png","datePublished":"2017-10-18T08:51:00+00:00","dateModified":"2026-03-04T11:46:00+00:00","description":"Odprta omara Childhome iz linije TIPI je idealna za vse male pustolovce. Na dnu ima polico za odlaganje, na vrhu pa palico za obe\u0161anje obla\u010dil in torb.","breadcrumb":{"@id":"https:\/\/ajatutaja.com\/izdelek\/odprta-omara-za-obleke-tipi\/#breadcrumb"},"inLanguage":"hr","potentialAction":[{"@type":"ReadAction","target":["https:\/\/ajatutaja.com\/izdelek\/odprta-omara-za-obleke-tipi\/"]}]},{"@type":"ImageObject","inLanguage":"hr","@id":"https:\/\/ajatutaja.com\/izdelek\/odprta-omara-za-obleke-tipi\/#primaryimage","url":"https:\/\/ajatutaja.com\/wp-content\/uploads\/2021\/11\/Childhome_odprta_omara_Tipi_CLSTIPI_4.png","contentUrl":"https:\/\/ajatutaja.com\/wp-content\/uploads\/2021\/11\/Childhome_odprta_omara_Tipi_CLSTIPI_4.png","width":600,"height":600},{"@type":"BreadcrumbList","@id":"https:\/\/ajatutaja.com\/izdelek\/odprta-omara-za-obleke-tipi\/#breadcrumb","itemListElement":[{"@type":"ListItem","position":1,"name":"Home","item":"https:\/\/ajatutaja.com\/hr\/"},{"@type":"ListItem","position":2,"name":"Trgovina","item":"https:\/\/ajatutaja.com\/hr\/trgovina\/"},{"@type":"ListItem","position":3,"name":"Odprta omara za obleke TIPI"}]},{"@type":"WebSite","@id":"https:\/\/ajatutaja.com\/#website","url":"https:\/\/ajatutaja.com\/","name":"Ajatutaja","description":"Otro\u0161ka spletna trgovina AJATUTAJA","publisher":{"@id":"https:\/\/ajatutaja.com\/#organization"},"potentialAction":[{"@type":"SearchAction","target":{"@type":"EntryPoint","urlTemplate":"https:\/\/ajatutaja.com\/?s={search_term_string}"},"query-input":{"@type":"PropertyValueSpecification","valueRequired":true,"valueName":"search_term_string"}}],"inLanguage":"hr"},{"@type":"Organization","@id":"https:\/\/ajatutaja.com\/#organization","name":"Ajatutaja","url":"https:\/\/ajatutaja.com\/","logo":{"@type":"ImageObject","inLanguage":"hr","@id":"https:\/\/ajatutaja.com\/#\/schema\/logo\/image\/","url":"https:\/\/ajatutaja.com\/wp-content\/uploads\/2021\/10\/logo.png","contentUrl":"https:\/\/ajatutaja.com\/wp-content\/uploads\/2021\/10\/logo.png","width":555,"height":150,"caption":"Ajatutaja"},"image":{"@id":"https:\/\/ajatutaja.com\/#\/schema\/logo\/image\/"}}]}},"brands":[{"id":2616,"name":"Childhome","slug":"childhome-spanje"},{"id":2611,"name":"Spanje","slug":"spanje"}],"_links":{"self":[{"href":"https:\/\/ajatutaja.com\/hr\/wp-json\/wp\/v2\/product\/16769","targetHints":{"allow":["GET"]}}],"collection":[{"href":"https:\/\/ajatutaja.com\/hr\/wp-json\/wp\/v2\/product"}],"about":[{"href":"https:\/\/ajatutaja.com\/hr\/wp-json\/wp\/v2\/types\/product"}],"wp:featuredmedia":[{"embeddable":true,"href":"https:\/\/ajatutaja.com\/hr\/wp-json\/wp\/v2\/media\/16770"}],"wp:attachment":[{"href":"https:\/\/ajatutaja.com\/hr\/wp-json\/wp\/v2\/media?parent=16769"}],"wp:term":[{"taxonomy":"pwb-brand","embeddable":true,"href":"https:\/\/ajatutaja.com\/hr\/wp-json\/wp\/v2\/pwb-brand?post=16769"},{"taxonomy":"product_brand","embeddable":true,"href":"https:\/\/ajatutaja.com\/hr\/wp-json\/wp\/v2\/product_brand?post=16769"},{"taxonomy":"product_cat","embeddable":true,"href":"https:\/\/ajatutaja.com\/hr\/wp-json\/wp\/v2\/product_cat?post=16769"},{"taxonomy":"product_tag","embeddable":true,"href":"https:\/\/ajatutaja.com\/hr\/wp-json\/wp\/v2\/product_tag?post=16769"}],"curies":[{"name":"wp","href":"https:\/\/api.w.org\/{rel}","templated":true}]}}