{"id":16731,"date":"2025-10-19T07:41:53","date_gmt":"2025-10-19T05:41:53","guid":{"rendered":"https:\/\/ajatutaja.com\/izdelek\/vzglavnik-in-presita-odejica-effiki-70x100cm\/"},"modified":"2026-04-16T17:02:17","modified_gmt":"2026-04-16T15:02:17","slug":"vzglavnik-in-presita-odejica-effiki-70x100cm","status":"publish","type":"product","link":"https:\/\/ajatutaja.com\/hr\/proizvod\/vzglavnik-in-presita-odejica-effiki-70x100cm\/","title":{"rendered":"Vzglavnik in pre\u0161ita odejica Effiki 70x100cm"},"content":{"rendered":"<p style=\"text-align: justify\"><strong>Vzglavnik in pre\u0161ita odejica Effiki\u00a0<\/strong> je iz\u00a0 tkanine primerne za alergene otroke in ga lahko uporabljate v vseh sezonah zaradi izjemne zra\u010dnosti. Posebna hipoalergena obloga zavira rast pr\u0161i\u010d in nastanka bakterij.<\/p>\n<p><span id=\"result_box\" class=\"\" lang=\"sl\"><span class=\"\">Certifikat OEKO-TEX \u2122 100<\/span><\/span><\/p>\n<p style=\"text-align: justify\"><span class=\"\" lang=\"sl\"><span class=\"\">Pranje na 40 stopinj, su\u0161enje na zraku. Priporo\u010damo tudi pogosto zra\u010denje na sve\u017eem zraku, saj s tem prepre\u010dujemo nastanek pr\u0161i\u010d, saj je zrak njihov najve\u010dji sovra\u017enik. <\/span><\/span><\/p>\n<p style=\"text-align: justify\">Dimenzije:<\/p>\n<ul>\n<li style=\"text-align: justify\">Pre\u0161ita odeja:\u00a0 70 cm x 100 cm<\/li>\n<li style=\"text-align: justify\">Vzglavnik: 40 cm x 30 cm<\/li>\n<\/ul>\n<p style=\"text-align: justify\"><span class=\"\" lang=\"sl\"><span class=\"\">Izdelano v EU. <\/span><\/span><\/p>\n<p style=\"text-align: justify\"><span class=\"\" lang=\"sl\"><span class=\"\">Vzglavnik in pre\u0161ita odejica Effiki 70&#215;100 cm\u00a0 se popolnoma prilega Effiki, Elodie Details in Done by deer posteljnini.<\/span><\/span><\/p>\n<p style=\"text-align: justify\"><a href=\"https:\/\/ajatutaja.com\/wp-content\/uploads\/2015\/09\/VZDRZEVANJE1.png\"><img loading=\"lazy\" decoding=\"async\" class=\"size-full wp-image-8366 aligncenter\" src=\"https:\/\/ajatutaja.com\/wp-content\/uploads\/2015\/09\/VZDRZEVANJE1.png\" alt=\"VZDRZEVANJE\" width=\"167\" height=\"22\" \/><\/a><\/p>\n","protected":false},"excerpt":{"rendered":"<p style=\"text-align: justify\">Komplet Effiki vklju\u010duje pre\u0161ito odejico dimenzije 70&#215;100 cm in vzglavnik.\u00a0 Za mal\u010dkovo lahkotno in udobno spanje bo poskrbela mehkoba in kvaliteta materialov. Posteljnina Effiki je iz tkanine, ki je primerne tudi za otroke z alergijami in ga lahko uporabljate v vseh sezonah zaradi izjemne zra\u010dnosti. Posebna hipoalergena obloga zavira rast pr\u0161i\u010d in nastanka bakterij.<\/p>\n","protected":false},"featured_media":29859,"template":"","meta":[],"pwb-brand":[2632,2611],"product_brand":[],"product_cat":[2603,2593,2602],"product_tag":[4005,4149,4306],"class_list":{"0":"post-16731","1":"product","2":"type-product","3":"status-publish","4":"has-post-thumbnail","6":"pwb-brand-effiki-spanje","7":"pwb-brand-spanje","8":"product_cat-otroska-posteljnina","9":"product_cat-spanje","10":"product_cat-vzglavniki","11":"product_tag-120x60","12":"product_tag-effiki","13":"product_tag-kaj-potrebujem-za-novorojencka","15":"first","16":"instock","17":"taxable","18":"shipping-taxable","19":"purchasable","20":"product-type-simple","21":"add-to-wishlist-before_image"},"yoast_head":"<!-- This site is optimized with the Yoast SEO plugin v27.3 - https:\/\/yoast.com\/product\/yoast-seo-wordpress\/ -->\n<title>Vzglavnik in pre\u0161ita odejica Effiki 70x100cm | Ajatutaja<\/title>\n<meta name=\"description\" content=\"Komplet Effiki pre\u0161ite odejice in vzglavnika, prijetnega otipa in kvalitetnih materialov, bo nudil va\u0161emu mal\u010dku udobno spanje.Certifikat OEKO-TEX \u2122 100\" \/>\n<meta name=\"robots\" content=\"index, follow, max-snippet:-1, max-image-preview:large, max-video-preview:-1\" \/>\n<link rel=\"canonical\" href=\"https:\/\/ajatutaja.com\/izdelek\/vzglavnik-in-presita-odejica-effiki-70x100cm\/\" \/>\n<meta property=\"og:locale\" content=\"hr_HR\" \/>\n<meta property=\"og:type\" content=\"article\" \/>\n<meta property=\"og:title\" content=\"Vzglavnik in pre\u0161ita odejica Effiki 70x100cm | Ajatutaja\" \/>\n<meta property=\"og:description\" content=\"Komplet Effiki pre\u0161ite odejice in vzglavnika, prijetnega otipa in kvalitetnih materialov, bo nudil va\u0161emu mal\u010dku udobno spanje.Certifikat OEKO-TEX \u2122 100\" \/>\n<meta property=\"og:url\" content=\"https:\/\/ajatutaja.com\/izdelek\/vzglavnik-in-presita-odejica-effiki-70x100cm\/\" \/>\n<meta property=\"og:site_name\" content=\"Ajatutaja\" \/>\n<meta property=\"article:modified_time\" content=\"2026-04-16T15:02:17+00:00\" \/>\n<meta property=\"og:image\" content=\"https:\/\/ajatutaja.com\/wp-content\/uploads\/2017\/10\/otroska-posteljnina-effiki-ajatutaja-koper-1.jpg\" \/>\n\t<meta property=\"og:image:width\" content=\"800\" \/>\n\t<meta property=\"og:image:height\" content=\"1000\" \/>\n\t<meta property=\"og:image:type\" content=\"image\/jpeg\" \/>\n<meta name=\"twitter:card\" content=\"summary_large_image\" \/>\n<meta name=\"twitter:label1\" content=\"Procijenjeno vrijeme \u010ditanja\" \/>\n\t<meta name=\"twitter:data1\" content=\"1 minuta\" \/>\n<script type=\"application\/ld+json\" class=\"yoast-schema-graph\">{\"@context\":\"https:\\\/\\\/schema.org\",\"@graph\":[{\"@type\":\"WebPage\",\"@id\":\"https:\\\/\\\/ajatutaja.com\\\/izdelek\\\/vzglavnik-in-presita-odejica-effiki-70x100cm\\\/\",\"url\":\"https:\\\/\\\/ajatutaja.com\\\/izdelek\\\/vzglavnik-in-presita-odejica-effiki-70x100cm\\\/\",\"name\":\"Vzglavnik in pre\u0161ita odejica Effiki 70x100cm | Ajatutaja\",\"isPartOf\":{\"@id\":\"https:\\\/\\\/ajatutaja.com\\\/#website\"},\"primaryImageOfPage\":{\"@id\":\"https:\\\/\\\/ajatutaja.com\\\/izdelek\\\/vzglavnik-in-presita-odejica-effiki-70x100cm\\\/#primaryimage\"},\"image\":{\"@id\":\"https:\\\/\\\/ajatutaja.com\\\/izdelek\\\/vzglavnik-in-presita-odejica-effiki-70x100cm\\\/#primaryimage\"},\"thumbnailUrl\":\"https:\\\/\\\/ajatutaja.com\\\/wp-content\\\/uploads\\\/2017\\\/10\\\/otroska-posteljnina-effiki-ajatutaja-koper-1.jpg\",\"datePublished\":\"2025-10-19T05:41:53+00:00\",\"dateModified\":\"2026-04-16T15:02:17+00:00\",\"description\":\"Komplet Effiki pre\u0161ite odejice in vzglavnika, prijetnega otipa in kvalitetnih materialov, bo nudil va\u0161emu mal\u010dku udobno spanje.Certifikat OEKO-TEX \u2122 100\",\"breadcrumb\":{\"@id\":\"https:\\\/\\\/ajatutaja.com\\\/izdelek\\\/vzglavnik-in-presita-odejica-effiki-70x100cm\\\/#breadcrumb\"},\"inLanguage\":\"hr\",\"potentialAction\":[{\"@type\":\"ReadAction\",\"target\":[\"https:\\\/\\\/ajatutaja.com\\\/izdelek\\\/vzglavnik-in-presita-odejica-effiki-70x100cm\\\/\"]}]},{\"@type\":\"ImageObject\",\"inLanguage\":\"hr\",\"@id\":\"https:\\\/\\\/ajatutaja.com\\\/izdelek\\\/vzglavnik-in-presita-odejica-effiki-70x100cm\\\/#primaryimage\",\"url\":\"https:\\\/\\\/ajatutaja.com\\\/wp-content\\\/uploads\\\/2017\\\/10\\\/otroska-posteljnina-effiki-ajatutaja-koper-1.jpg\",\"contentUrl\":\"https:\\\/\\\/ajatutaja.com\\\/wp-content\\\/uploads\\\/2017\\\/10\\\/otroska-posteljnina-effiki-ajatutaja-koper-1.jpg\",\"width\":800,\"height\":1000},{\"@type\":\"BreadcrumbList\",\"@id\":\"https:\\\/\\\/ajatutaja.com\\\/izdelek\\\/vzglavnik-in-presita-odejica-effiki-70x100cm\\\/#breadcrumb\",\"itemListElement\":[{\"@type\":\"ListItem\",\"position\":1,\"name\":\"Home\",\"item\":\"https:\\\/\\\/ajatutaja.com\\\/hr\\\/\"},{\"@type\":\"ListItem\",\"position\":2,\"name\":\"Trgovina\",\"item\":\"https:\\\/\\\/ajatutaja.com\\\/hr\\\/trgovina\\\/\"},{\"@type\":\"ListItem\",\"position\":3,\"name\":\"Vzglavnik in pre\u0161ita odejica Effiki 70x100cm\"}]},{\"@type\":\"WebSite\",\"@id\":\"https:\\\/\\\/ajatutaja.com\\\/#website\",\"url\":\"https:\\\/\\\/ajatutaja.com\\\/\",\"name\":\"Ajatutaja\",\"description\":\"Otro\u0161ka spletna trgovina AJATUTAJA\",\"publisher\":{\"@id\":\"https:\\\/\\\/ajatutaja.com\\\/#organization\"},\"potentialAction\":[{\"@type\":\"SearchAction\",\"target\":{\"@type\":\"EntryPoint\",\"urlTemplate\":\"https:\\\/\\\/ajatutaja.com\\\/?s={search_term_string}\"},\"query-input\":{\"@type\":\"PropertyValueSpecification\",\"valueRequired\":true,\"valueName\":\"search_term_string\"}}],\"inLanguage\":\"hr\"},{\"@type\":\"Organization\",\"@id\":\"https:\\\/\\\/ajatutaja.com\\\/#organization\",\"name\":\"Ajatutaja\",\"url\":\"https:\\\/\\\/ajatutaja.com\\\/\",\"logo\":{\"@type\":\"ImageObject\",\"inLanguage\":\"hr\",\"@id\":\"https:\\\/\\\/ajatutaja.com\\\/#\\\/schema\\\/logo\\\/image\\\/\",\"url\":\"https:\\\/\\\/ajatutaja.com\\\/wp-content\\\/uploads\\\/2021\\\/10\\\/logo.png\",\"contentUrl\":\"https:\\\/\\\/ajatutaja.com\\\/wp-content\\\/uploads\\\/2021\\\/10\\\/logo.png\",\"width\":555,\"height\":150,\"caption\":\"Ajatutaja\"},\"image\":{\"@id\":\"https:\\\/\\\/ajatutaja.com\\\/#\\\/schema\\\/logo\\\/image\\\/\"}}]}<\/script>\n<!-- \/ Yoast SEO plugin. -->","yoast_head_json":{"title":"Vzglavnik in pre\u0161ita odejica Effiki 70x100cm | Ajatutaja","description":"Komplet Effiki pre\u0161ite odejice in vzglavnika, prijetnega otipa in kvalitetnih materialov, bo nudil va\u0161emu mal\u010dku udobno spanje.Certifikat OEKO-TEX \u2122 100","robots":{"index":"index","follow":"follow","max-snippet":"max-snippet:-1","max-image-preview":"max-image-preview:large","max-video-preview":"max-video-preview:-1"},"canonical":"https:\/\/ajatutaja.com\/izdelek\/vzglavnik-in-presita-odejica-effiki-70x100cm\/","og_locale":"hr_HR","og_type":"article","og_title":"Vzglavnik in pre\u0161ita odejica Effiki 70x100cm | Ajatutaja","og_description":"Komplet Effiki pre\u0161ite odejice in vzglavnika, prijetnega otipa in kvalitetnih materialov, bo nudil va\u0161emu mal\u010dku udobno spanje.Certifikat OEKO-TEX \u2122 100","og_url":"https:\/\/ajatutaja.com\/izdelek\/vzglavnik-in-presita-odejica-effiki-70x100cm\/","og_site_name":"Ajatutaja","article_modified_time":"2026-04-16T15:02:17+00:00","og_image":[{"width":800,"height":1000,"url":"https:\/\/ajatutaja.com\/wp-content\/uploads\/2017\/10\/otroska-posteljnina-effiki-ajatutaja-koper-1.jpg","type":"image\/jpeg"}],"twitter_card":"summary_large_image","twitter_misc":{"Procijenjeno vrijeme \u010ditanja":"1 minuta"},"schema":{"@context":"https:\/\/schema.org","@graph":[{"@type":"WebPage","@id":"https:\/\/ajatutaja.com\/izdelek\/vzglavnik-in-presita-odejica-effiki-70x100cm\/","url":"https:\/\/ajatutaja.com\/izdelek\/vzglavnik-in-presita-odejica-effiki-70x100cm\/","name":"Vzglavnik in pre\u0161ita odejica Effiki 70x100cm | Ajatutaja","isPartOf":{"@id":"https:\/\/ajatutaja.com\/#website"},"primaryImageOfPage":{"@id":"https:\/\/ajatutaja.com\/izdelek\/vzglavnik-in-presita-odejica-effiki-70x100cm\/#primaryimage"},"image":{"@id":"https:\/\/ajatutaja.com\/izdelek\/vzglavnik-in-presita-odejica-effiki-70x100cm\/#primaryimage"},"thumbnailUrl":"https:\/\/ajatutaja.com\/wp-content\/uploads\/2017\/10\/otroska-posteljnina-effiki-ajatutaja-koper-1.jpg","datePublished":"2025-10-19T05:41:53+00:00","dateModified":"2026-04-16T15:02:17+00:00","description":"Komplet Effiki pre\u0161ite odejice in vzglavnika, prijetnega otipa in kvalitetnih materialov, bo nudil va\u0161emu mal\u010dku udobno spanje.Certifikat OEKO-TEX \u2122 100","breadcrumb":{"@id":"https:\/\/ajatutaja.com\/izdelek\/vzglavnik-in-presita-odejica-effiki-70x100cm\/#breadcrumb"},"inLanguage":"hr","potentialAction":[{"@type":"ReadAction","target":["https:\/\/ajatutaja.com\/izdelek\/vzglavnik-in-presita-odejica-effiki-70x100cm\/"]}]},{"@type":"ImageObject","inLanguage":"hr","@id":"https:\/\/ajatutaja.com\/izdelek\/vzglavnik-in-presita-odejica-effiki-70x100cm\/#primaryimage","url":"https:\/\/ajatutaja.com\/wp-content\/uploads\/2017\/10\/otroska-posteljnina-effiki-ajatutaja-koper-1.jpg","contentUrl":"https:\/\/ajatutaja.com\/wp-content\/uploads\/2017\/10\/otroska-posteljnina-effiki-ajatutaja-koper-1.jpg","width":800,"height":1000},{"@type":"BreadcrumbList","@id":"https:\/\/ajatutaja.com\/izdelek\/vzglavnik-in-presita-odejica-effiki-70x100cm\/#breadcrumb","itemListElement":[{"@type":"ListItem","position":1,"name":"Home","item":"https:\/\/ajatutaja.com\/hr\/"},{"@type":"ListItem","position":2,"name":"Trgovina","item":"https:\/\/ajatutaja.com\/hr\/trgovina\/"},{"@type":"ListItem","position":3,"name":"Vzglavnik in pre\u0161ita odejica Effiki 70x100cm"}]},{"@type":"WebSite","@id":"https:\/\/ajatutaja.com\/#website","url":"https:\/\/ajatutaja.com\/","name":"Ajatutaja","description":"Otro\u0161ka spletna trgovina AJATUTAJA","publisher":{"@id":"https:\/\/ajatutaja.com\/#organization"},"potentialAction":[{"@type":"SearchAction","target":{"@type":"EntryPoint","urlTemplate":"https:\/\/ajatutaja.com\/?s={search_term_string}"},"query-input":{"@type":"PropertyValueSpecification","valueRequired":true,"valueName":"search_term_string"}}],"inLanguage":"hr"},{"@type":"Organization","@id":"https:\/\/ajatutaja.com\/#organization","name":"Ajatutaja","url":"https:\/\/ajatutaja.com\/","logo":{"@type":"ImageObject","inLanguage":"hr","@id":"https:\/\/ajatutaja.com\/#\/schema\/logo\/image\/","url":"https:\/\/ajatutaja.com\/wp-content\/uploads\/2021\/10\/logo.png","contentUrl":"https:\/\/ajatutaja.com\/wp-content\/uploads\/2021\/10\/logo.png","width":555,"height":150,"caption":"Ajatutaja"},"image":{"@id":"https:\/\/ajatutaja.com\/#\/schema\/logo\/image\/"}}]}},"brands":[{"id":2632,"name":"Effiki","slug":"effiki-spanje"},{"id":2611,"name":"Spanje","slug":"spanje"}],"_links":{"self":[{"href":"https:\/\/ajatutaja.com\/hr\/wp-json\/wp\/v2\/product\/16731","targetHints":{"allow":["GET"]}}],"collection":[{"href":"https:\/\/ajatutaja.com\/hr\/wp-json\/wp\/v2\/product"}],"about":[{"href":"https:\/\/ajatutaja.com\/hr\/wp-json\/wp\/v2\/types\/product"}],"wp:featuredmedia":[{"embeddable":true,"href":"https:\/\/ajatutaja.com\/hr\/wp-json\/wp\/v2\/media\/29859"}],"wp:attachment":[{"href":"https:\/\/ajatutaja.com\/hr\/wp-json\/wp\/v2\/media?parent=16731"}],"wp:term":[{"taxonomy":"pwb-brand","embeddable":true,"href":"https:\/\/ajatutaja.com\/hr\/wp-json\/wp\/v2\/pwb-brand?post=16731"},{"taxonomy":"product_brand","embeddable":true,"href":"https:\/\/ajatutaja.com\/hr\/wp-json\/wp\/v2\/product_brand?post=16731"},{"taxonomy":"product_cat","embeddable":true,"href":"https:\/\/ajatutaja.com\/hr\/wp-json\/wp\/v2\/product_cat?post=16731"},{"taxonomy":"product_tag","embeddable":true,"href":"https:\/\/ajatutaja.com\/hr\/wp-json\/wp\/v2\/product_tag?post=16731"}],"curies":[{"name":"wp","href":"https:\/\/api.w.org\/{rel}","templated":true}]}}