{"id":16672,"date":"2017-10-04T08:24:41","date_gmt":"2017-10-04T06:24:41","guid":{"rendered":"https:\/\/ajatutaja.com\/izdelek\/silikonski-cover-za-pura-flaske\/"},"modified":"2026-03-04T12:46:00","modified_gmt":"2026-03-04T11:46:00","slug":"silikonski-cover-za-pura-flaske","status":"publish","type":"product","link":"https:\/\/ajatutaja.com\/hr\/proizvod\/silikonski-cover-za-pura-flaske\/","title":{"rendered":"Silikonski cover za Pura fla\u0161ke"},"content":{"rendered":"<p style=\"text-align: justify\">Silikonski PURA Kiki cover, je nastavek\u00a0 s pomo\u010djo katerega, za\u0161\u010ditimo cuclje na jekleni\u010dki Pura. Namestimo ga lahko na vse PURA stekleni\u010dke.<\/p>\n<p style=\"text-align: justify\">Fla\u0161ke Pura Kiki so izdelane v skladu z vsemi standardi kakovosti, ne vsebuje BPA in ostalih plasti\u010dnih delcev. Vse to prepre\u010duje, da se \u0161kodljivi mikroorganizmi naselijo v stekleni\u010dko va\u0161ega mal\u010dka. Stekleni\u010dko odlikuje certifikat varnosti (FDA, CPSC, EU 10\/2011) in do\u017eivljenska garancija. Vsi deli stekleni\u010dke, vklju\u010dno s cucljem so pralni v pomivalnem stroju, na zgornji ko\u0161arici.<\/p>\n<p style=\"text-align: justify\">Pura nudi visoko kvalitetni medicinski silikon. Omenjeni silikon je uporabljen pri vseh silikonskih cucljih, vklju\u010dujo\u010d cuclje za po\u010dasen, srednji in hiter tok ter nastavek za mal\u010dke. PURA cuclji omogo\u010dajo pestro izbiro razli\u010dnih pretokov, kar omogo\u010da lahek preskok iz dojenje do samostojne uporabe.<\/p>\n","protected":false},"excerpt":{"rendered":"<p style=\"text-align: justify\">Silikonski PURA Kiki cover, je nastavek\u00a0 s pomo\u010djo katerega, za\u0161\u010ditimo cuclje na jekleni\u010dki Pura. Namestimo ga lahko na vse PURA stekleni\u010dke. 2 kosa v kompletu.<\/p>\n<p style=\"text-align: justify\">Vse Pura Kiki jekleni\u010dke so kompatibilne s Pura Kiki cuclji za novorojen\u010dke in dojen\u010dke, nastavki za mal\u010dke ter pokrov\u010dki za shranjevanje, lahko pa se tudi enostavno spremenijo v stekleni\u010dko za vodo.<\/p>\n<p style=\"text-align: justify\">\n","protected":false},"featured_media":16673,"template":"","meta":[],"pwb-brand":[2269,2328],"product_brand":[],"product_cat":[2307,2266,2742],"product_tag":[4089],"class_list":{"0":"post-16672","1":"product","2":"type-product","3":"status-publish","4":"has-post-thumbnail","6":"pwb-brand-hranjenje","7":"pwb-brand-pura","8":"product_cat-flaske-in-steklenicke","9":"product_cat-hranjenje","10":"product_cat-outlet","11":"product_tag-pura","13":"first","14":"instock","15":"sale","16":"taxable","17":"shipping-taxable","18":"purchasable","19":"product-type-simple","20":"add-to-wishlist-before_image"},"yoast_head":"<!-- This site is optimized with the Yoast SEO plugin v27.3 - https:\/\/yoast.com\/product\/yoast-seo-wordpress\/ -->\n<title>Silikonski cover za Pura fla\u0161ke | Ajatutaja<\/title>\n<meta name=\"description\" content=\"Silikonski cover za PURA jekleni\u010dke.Fla\u0161ke Pura Kiki so izdelane v skladu z vsemi standardi kakovosti, ne vsebuje BPA in ostalih plasti\u010dnih delcev.\" \/>\n<meta name=\"robots\" content=\"index, follow, max-snippet:-1, max-image-preview:large, max-video-preview:-1\" \/>\n<link rel=\"canonical\" href=\"https:\/\/ajatutaja.com\/izdelek\/silikonski-cover-za-pura-flaske\/\" \/>\n<meta property=\"og:locale\" content=\"hr_HR\" \/>\n<meta property=\"og:type\" content=\"article\" \/>\n<meta property=\"og:title\" content=\"Silikonski cover za Pura fla\u0161ke | Ajatutaja\" \/>\n<meta property=\"og:description\" content=\"Silikonski cover za PURA jekleni\u010dke.Fla\u0161ke Pura Kiki so izdelane v skladu z vsemi standardi kakovosti, ne vsebuje BPA in ostalih plasti\u010dnih delcev.\" \/>\n<meta property=\"og:url\" content=\"https:\/\/ajatutaja.com\/izdelek\/silikonski-cover-za-pura-flaske\/\" \/>\n<meta property=\"og:site_name\" content=\"Ajatutaja\" \/>\n<meta property=\"article:modified_time\" content=\"2026-03-04T11:46:00+00:00\" \/>\n<meta property=\"og:image\" content=\"https:\/\/ajatutaja.com\/wp-content\/uploads\/2021\/11\/Pura_covers_embalaza.jpg\" \/>\n\t<meta property=\"og:image:width\" content=\"600\" \/>\n\t<meta property=\"og:image:height\" content=\"600\" \/>\n\t<meta property=\"og:image:type\" content=\"image\/jpeg\" \/>\n<meta name=\"twitter:card\" content=\"summary_large_image\" \/>\n<meta name=\"twitter:label1\" content=\"Procijenjeno vrijeme \u010ditanja\" \/>\n\t<meta name=\"twitter:data1\" content=\"1 minuta\" \/>\n<script type=\"application\/ld+json\" class=\"yoast-schema-graph\">{\"@context\":\"https:\\\/\\\/schema.org\",\"@graph\":[{\"@type\":\"WebPage\",\"@id\":\"https:\\\/\\\/ajatutaja.com\\\/izdelek\\\/silikonski-cover-za-pura-flaske\\\/\",\"url\":\"https:\\\/\\\/ajatutaja.com\\\/izdelek\\\/silikonski-cover-za-pura-flaske\\\/\",\"name\":\"Silikonski cover za Pura fla\u0161ke | Ajatutaja\",\"isPartOf\":{\"@id\":\"https:\\\/\\\/ajatutaja.com\\\/#website\"},\"primaryImageOfPage\":{\"@id\":\"https:\\\/\\\/ajatutaja.com\\\/izdelek\\\/silikonski-cover-za-pura-flaske\\\/#primaryimage\"},\"image\":{\"@id\":\"https:\\\/\\\/ajatutaja.com\\\/izdelek\\\/silikonski-cover-za-pura-flaske\\\/#primaryimage\"},\"thumbnailUrl\":\"https:\\\/\\\/ajatutaja.com\\\/wp-content\\\/uploads\\\/2021\\\/11\\\/Pura_covers_embalaza.jpg\",\"datePublished\":\"2017-10-04T06:24:41+00:00\",\"dateModified\":\"2026-03-04T11:46:00+00:00\",\"description\":\"Silikonski cover za PURA jekleni\u010dke.Fla\u0161ke Pura Kiki so izdelane v skladu z vsemi standardi kakovosti, ne vsebuje BPA in ostalih plasti\u010dnih delcev.\",\"breadcrumb\":{\"@id\":\"https:\\\/\\\/ajatutaja.com\\\/izdelek\\\/silikonski-cover-za-pura-flaske\\\/#breadcrumb\"},\"inLanguage\":\"hr\",\"potentialAction\":[{\"@type\":\"ReadAction\",\"target\":[\"https:\\\/\\\/ajatutaja.com\\\/izdelek\\\/silikonski-cover-za-pura-flaske\\\/\"]}]},{\"@type\":\"ImageObject\",\"inLanguage\":\"hr\",\"@id\":\"https:\\\/\\\/ajatutaja.com\\\/izdelek\\\/silikonski-cover-za-pura-flaske\\\/#primaryimage\",\"url\":\"https:\\\/\\\/ajatutaja.com\\\/wp-content\\\/uploads\\\/2021\\\/11\\\/Pura_covers_embalaza.jpg\",\"contentUrl\":\"https:\\\/\\\/ajatutaja.com\\\/wp-content\\\/uploads\\\/2021\\\/11\\\/Pura_covers_embalaza.jpg\",\"width\":600,\"height\":600},{\"@type\":\"BreadcrumbList\",\"@id\":\"https:\\\/\\\/ajatutaja.com\\\/izdelek\\\/silikonski-cover-za-pura-flaske\\\/#breadcrumb\",\"itemListElement\":[{\"@type\":\"ListItem\",\"position\":1,\"name\":\"Home\",\"item\":\"https:\\\/\\\/ajatutaja.com\\\/hr\\\/\"},{\"@type\":\"ListItem\",\"position\":2,\"name\":\"Trgovina\",\"item\":\"https:\\\/\\\/ajatutaja.com\\\/hr\\\/trgovina\\\/\"},{\"@type\":\"ListItem\",\"position\":3,\"name\":\"Silikonski cover za Pura fla\u0161ke\"}]},{\"@type\":\"WebSite\",\"@id\":\"https:\\\/\\\/ajatutaja.com\\\/#website\",\"url\":\"https:\\\/\\\/ajatutaja.com\\\/\",\"name\":\"Ajatutaja\",\"description\":\"Otro\u0161ka spletna trgovina AJATUTAJA\",\"publisher\":{\"@id\":\"https:\\\/\\\/ajatutaja.com\\\/#organization\"},\"potentialAction\":[{\"@type\":\"SearchAction\",\"target\":{\"@type\":\"EntryPoint\",\"urlTemplate\":\"https:\\\/\\\/ajatutaja.com\\\/?s={search_term_string}\"},\"query-input\":{\"@type\":\"PropertyValueSpecification\",\"valueRequired\":true,\"valueName\":\"search_term_string\"}}],\"inLanguage\":\"hr\"},{\"@type\":\"Organization\",\"@id\":\"https:\\\/\\\/ajatutaja.com\\\/#organization\",\"name\":\"Ajatutaja\",\"url\":\"https:\\\/\\\/ajatutaja.com\\\/\",\"logo\":{\"@type\":\"ImageObject\",\"inLanguage\":\"hr\",\"@id\":\"https:\\\/\\\/ajatutaja.com\\\/#\\\/schema\\\/logo\\\/image\\\/\",\"url\":\"https:\\\/\\\/ajatutaja.com\\\/wp-content\\\/uploads\\\/2021\\\/10\\\/logo.png\",\"contentUrl\":\"https:\\\/\\\/ajatutaja.com\\\/wp-content\\\/uploads\\\/2021\\\/10\\\/logo.png\",\"width\":555,\"height\":150,\"caption\":\"Ajatutaja\"},\"image\":{\"@id\":\"https:\\\/\\\/ajatutaja.com\\\/#\\\/schema\\\/logo\\\/image\\\/\"}}]}<\/script>\n<!-- \/ Yoast SEO plugin. -->","yoast_head_json":{"title":"Silikonski cover za Pura fla\u0161ke | Ajatutaja","description":"Silikonski cover za PURA jekleni\u010dke.Fla\u0161ke Pura Kiki so izdelane v skladu z vsemi standardi kakovosti, ne vsebuje BPA in ostalih plasti\u010dnih delcev.","robots":{"index":"index","follow":"follow","max-snippet":"max-snippet:-1","max-image-preview":"max-image-preview:large","max-video-preview":"max-video-preview:-1"},"canonical":"https:\/\/ajatutaja.com\/izdelek\/silikonski-cover-za-pura-flaske\/","og_locale":"hr_HR","og_type":"article","og_title":"Silikonski cover za Pura fla\u0161ke | Ajatutaja","og_description":"Silikonski cover za PURA jekleni\u010dke.Fla\u0161ke Pura Kiki so izdelane v skladu z vsemi standardi kakovosti, ne vsebuje BPA in ostalih plasti\u010dnih delcev.","og_url":"https:\/\/ajatutaja.com\/izdelek\/silikonski-cover-za-pura-flaske\/","og_site_name":"Ajatutaja","article_modified_time":"2026-03-04T11:46:00+00:00","og_image":[{"width":600,"height":600,"url":"https:\/\/ajatutaja.com\/wp-content\/uploads\/2021\/11\/Pura_covers_embalaza.jpg","type":"image\/jpeg"}],"twitter_card":"summary_large_image","twitter_misc":{"Procijenjeno vrijeme \u010ditanja":"1 minuta"},"schema":{"@context":"https:\/\/schema.org","@graph":[{"@type":"WebPage","@id":"https:\/\/ajatutaja.com\/izdelek\/silikonski-cover-za-pura-flaske\/","url":"https:\/\/ajatutaja.com\/izdelek\/silikonski-cover-za-pura-flaske\/","name":"Silikonski cover za Pura fla\u0161ke | Ajatutaja","isPartOf":{"@id":"https:\/\/ajatutaja.com\/#website"},"primaryImageOfPage":{"@id":"https:\/\/ajatutaja.com\/izdelek\/silikonski-cover-za-pura-flaske\/#primaryimage"},"image":{"@id":"https:\/\/ajatutaja.com\/izdelek\/silikonski-cover-za-pura-flaske\/#primaryimage"},"thumbnailUrl":"https:\/\/ajatutaja.com\/wp-content\/uploads\/2021\/11\/Pura_covers_embalaza.jpg","datePublished":"2017-10-04T06:24:41+00:00","dateModified":"2026-03-04T11:46:00+00:00","description":"Silikonski cover za PURA jekleni\u010dke.Fla\u0161ke Pura Kiki so izdelane v skladu z vsemi standardi kakovosti, ne vsebuje BPA in ostalih plasti\u010dnih delcev.","breadcrumb":{"@id":"https:\/\/ajatutaja.com\/izdelek\/silikonski-cover-za-pura-flaske\/#breadcrumb"},"inLanguage":"hr","potentialAction":[{"@type":"ReadAction","target":["https:\/\/ajatutaja.com\/izdelek\/silikonski-cover-za-pura-flaske\/"]}]},{"@type":"ImageObject","inLanguage":"hr","@id":"https:\/\/ajatutaja.com\/izdelek\/silikonski-cover-za-pura-flaske\/#primaryimage","url":"https:\/\/ajatutaja.com\/wp-content\/uploads\/2021\/11\/Pura_covers_embalaza.jpg","contentUrl":"https:\/\/ajatutaja.com\/wp-content\/uploads\/2021\/11\/Pura_covers_embalaza.jpg","width":600,"height":600},{"@type":"BreadcrumbList","@id":"https:\/\/ajatutaja.com\/izdelek\/silikonski-cover-za-pura-flaske\/#breadcrumb","itemListElement":[{"@type":"ListItem","position":1,"name":"Home","item":"https:\/\/ajatutaja.com\/hr\/"},{"@type":"ListItem","position":2,"name":"Trgovina","item":"https:\/\/ajatutaja.com\/hr\/trgovina\/"},{"@type":"ListItem","position":3,"name":"Silikonski cover za Pura fla\u0161ke"}]},{"@type":"WebSite","@id":"https:\/\/ajatutaja.com\/#website","url":"https:\/\/ajatutaja.com\/","name":"Ajatutaja","description":"Otro\u0161ka spletna trgovina AJATUTAJA","publisher":{"@id":"https:\/\/ajatutaja.com\/#organization"},"potentialAction":[{"@type":"SearchAction","target":{"@type":"EntryPoint","urlTemplate":"https:\/\/ajatutaja.com\/?s={search_term_string}"},"query-input":{"@type":"PropertyValueSpecification","valueRequired":true,"valueName":"search_term_string"}}],"inLanguage":"hr"},{"@type":"Organization","@id":"https:\/\/ajatutaja.com\/#organization","name":"Ajatutaja","url":"https:\/\/ajatutaja.com\/","logo":{"@type":"ImageObject","inLanguage":"hr","@id":"https:\/\/ajatutaja.com\/#\/schema\/logo\/image\/","url":"https:\/\/ajatutaja.com\/wp-content\/uploads\/2021\/10\/logo.png","contentUrl":"https:\/\/ajatutaja.com\/wp-content\/uploads\/2021\/10\/logo.png","width":555,"height":150,"caption":"Ajatutaja"},"image":{"@id":"https:\/\/ajatutaja.com\/#\/schema\/logo\/image\/"}}]}},"brands":[{"id":2269,"name":"Hranjenje","slug":"hranjenje"},{"id":2328,"name":"Pura","slug":"pura"}],"_links":{"self":[{"href":"https:\/\/ajatutaja.com\/hr\/wp-json\/wp\/v2\/product\/16672","targetHints":{"allow":["GET"]}}],"collection":[{"href":"https:\/\/ajatutaja.com\/hr\/wp-json\/wp\/v2\/product"}],"about":[{"href":"https:\/\/ajatutaja.com\/hr\/wp-json\/wp\/v2\/types\/product"}],"wp:featuredmedia":[{"embeddable":true,"href":"https:\/\/ajatutaja.com\/hr\/wp-json\/wp\/v2\/media\/16673"}],"wp:attachment":[{"href":"https:\/\/ajatutaja.com\/hr\/wp-json\/wp\/v2\/media?parent=16672"}],"wp:term":[{"taxonomy":"pwb-brand","embeddable":true,"href":"https:\/\/ajatutaja.com\/hr\/wp-json\/wp\/v2\/pwb-brand?post=16672"},{"taxonomy":"product_brand","embeddable":true,"href":"https:\/\/ajatutaja.com\/hr\/wp-json\/wp\/v2\/product_brand?post=16672"},{"taxonomy":"product_cat","embeddable":true,"href":"https:\/\/ajatutaja.com\/hr\/wp-json\/wp\/v2\/product_cat?post=16672"},{"taxonomy":"product_tag","embeddable":true,"href":"https:\/\/ajatutaja.com\/hr\/wp-json\/wp\/v2\/product_tag?post=16672"}],"curies":[{"name":"wp","href":"https:\/\/api.w.org\/{rel}","templated":true}]}}