{"id":16542,"date":"2017-04-14T06:23:26","date_gmt":"2017-04-14T04:23:26","guid":{"rendered":"https:\/\/ajatutaja.com\/izdelek\/torba-mommy-bag-off-white\/"},"modified":"2025-12-14T20:42:32","modified_gmt":"2025-12-14T19:42:32","slug":"torba-mommy-bag-off-white","status":"publish","type":"product","link":"https:\/\/ajatutaja.com\/hr\/proizvod\/torba-mommy-bag-off-white\/","title":{"rendered":"Torba MOMMY BAG &#8211; Off White"},"content":{"rendered":"<p>[vc_row][vc_column][vc_column_text]<\/p>\n<p style=\"text-align: justify\">Torba Mommy Bag Big je prostorna previjalna torba, ki jo mamice naravnost obo\u017eujejo. Vanjo namre\u010d lahko pospravijo ogromno re\u010di &#8211; obla\u010dila za mal\u010dka, plenice, kozmetiko, fla\u0161ko in igla\u010de.<\/p>\n<p><em>Na\u0161 namig: nadvse primerna za odhod v porodni\u0161nico ali pa kraj\u0161e dopuste. Mamice dvoj\u010dkov lahko vanjo pospravijo vse potrebno.<\/em><\/p>\n<p style=\"text-align: justify\">Kvalitetna izdelava previjalne torbe Mommy Bag, \u010dvrsti ro\u010daji in neverjetna prostornina bo navdu\u0161ila tudi vas!<\/p>\n<p style=\"text-align: justify\">Dimenzije: 55x30x30 cm<br \/>\nNosilnost: 10 kg<\/p>\n<p style=\"text-align: justify\">\u010ci\u0161\u010denje je zelo enostavno, saj\u00a0 torbo Mommy Bag obri\u0161emo z vla\u017eno krpo.<\/p>\n<p>[\/vc_column_text][\/vc_column][\/vc_row]<\/p>\n","protected":false},"excerpt":{"rendered":"<p style=\"text-align: justify\">Torba MOMMY BAG je ekstra prostorna previjalna torba, ki jo mamice po vsem svetu naravnost obo\u017eujejo! Mommy Bag zdru\u017euje stil in funkcionalnost. V torbi Mommy Bag je pospravljena turi previjalna podloga. Na voljo v ve\u010d barvah.<\/p>\n","protected":false},"featured_media":16543,"template":"","meta":[],"pwb-brand":[2422,2392,2409,2374],"product_brand":[],"product_cat":[2264,2711,2262,2250,2361,2398],"product_tag":[4043,4358],"class_list":{"0":"post-16542","1":"product","2":"type-product","3":"status-publish","4":"has-post-thumbnail","6":"pwb-brand-childhome-potepanje","7":"pwb-brand-childhome-vozicki","8":"pwb-brand-potepanje","9":"pwb-brand-vozicki","10":"product_cat-babyshower","11":"product_cat-darilo-ob-rojstvu","12":"product_cat-darilo-za-nosecnico","13":"product_cat-nosecnost","14":"product_cat-potepanje","15":"product_cat-previjalne-torbe","16":"product_tag-childhome","17":"product_tag-mommy-bag","19":"first","20":"instock","21":"taxable","22":"shipping-taxable","23":"purchasable","24":"product-type-simple","25":"add-to-wishlist-before_image"},"yoast_head":"<!-- This site is optimized with the Yoast SEO plugin v27.3 - https:\/\/yoast.com\/product\/yoast-seo-wordpress\/ -->\n<title>Torba MOMMY BAG - Off White | Ajatutaja<\/title>\n<meta name=\"description\" content=\"Torba Mommy Bag Big je prostorna previjalna torba, ki jo mamice naravnost obo\u017eujejo.Kvalitetna izdelava previjalne torbe, \u010dvrsti ro\u010daji in nosilnost do 10kg\" \/>\n<meta name=\"robots\" content=\"index, follow, max-snippet:-1, max-image-preview:large, max-video-preview:-1\" \/>\n<link rel=\"canonical\" href=\"https:\/\/ajatutaja.com\/izdelek\/torba-mommy-bag-off-white\/\" \/>\n<meta property=\"og:locale\" content=\"hr_HR\" \/>\n<meta property=\"og:type\" content=\"article\" \/>\n<meta property=\"og:title\" content=\"Torba MOMMY BAG - Off White | Ajatutaja\" \/>\n<meta property=\"og:description\" content=\"Torba Mommy Bag Big je prostorna previjalna torba, ki jo mamice naravnost obo\u017eujejo.Kvalitetna izdelava previjalne torbe, \u010dvrsti ro\u010daji in nosilnost do 10kg\" \/>\n<meta property=\"og:url\" content=\"https:\/\/ajatutaja.com\/izdelek\/torba-mommy-bag-off-white\/\" \/>\n<meta property=\"og:site_name\" content=\"Ajatutaja\" \/>\n<meta property=\"article:modified_time\" content=\"2025-12-14T19:42:32+00:00\" \/>\n<meta property=\"og:image\" content=\"https:\/\/ajatutaja.com\/wp-content\/uploads\/2021\/11\/Torba_mommy_bag_bela.jpg\" \/>\n\t<meta property=\"og:image:width\" content=\"499\" \/>\n\t<meta property=\"og:image:height\" content=\"355\" \/>\n\t<meta property=\"og:image:type\" content=\"image\/jpeg\" \/>\n<meta name=\"twitter:card\" content=\"summary_large_image\" \/>\n<meta name=\"twitter:label1\" content=\"Procijenjeno vrijeme \u010ditanja\" \/>\n\t<meta name=\"twitter:data1\" content=\"1 minuta\" \/>\n<script type=\"application\/ld+json\" class=\"yoast-schema-graph\">{\"@context\":\"https:\\\/\\\/schema.org\",\"@graph\":[{\"@type\":\"WebPage\",\"@id\":\"https:\\\/\\\/ajatutaja.com\\\/izdelek\\\/torba-mommy-bag-off-white\\\/\",\"url\":\"https:\\\/\\\/ajatutaja.com\\\/izdelek\\\/torba-mommy-bag-off-white\\\/\",\"name\":\"Torba MOMMY BAG - Off White | Ajatutaja\",\"isPartOf\":{\"@id\":\"https:\\\/\\\/ajatutaja.com\\\/#website\"},\"primaryImageOfPage\":{\"@id\":\"https:\\\/\\\/ajatutaja.com\\\/izdelek\\\/torba-mommy-bag-off-white\\\/#primaryimage\"},\"image\":{\"@id\":\"https:\\\/\\\/ajatutaja.com\\\/izdelek\\\/torba-mommy-bag-off-white\\\/#primaryimage\"},\"thumbnailUrl\":\"https:\\\/\\\/ajatutaja.com\\\/wp-content\\\/uploads\\\/2021\\\/11\\\/Torba_mommy_bag_bela.jpg\",\"datePublished\":\"2017-04-14T04:23:26+00:00\",\"dateModified\":\"2025-12-14T19:42:32+00:00\",\"description\":\"Torba Mommy Bag Big je prostorna previjalna torba, ki jo mamice naravnost obo\u017eujejo.Kvalitetna izdelava previjalne torbe, \u010dvrsti ro\u010daji in nosilnost do 10kg\",\"breadcrumb\":{\"@id\":\"https:\\\/\\\/ajatutaja.com\\\/izdelek\\\/torba-mommy-bag-off-white\\\/#breadcrumb\"},\"inLanguage\":\"hr\",\"potentialAction\":[{\"@type\":\"ReadAction\",\"target\":[\"https:\\\/\\\/ajatutaja.com\\\/izdelek\\\/torba-mommy-bag-off-white\\\/\"]}]},{\"@type\":\"ImageObject\",\"inLanguage\":\"hr\",\"@id\":\"https:\\\/\\\/ajatutaja.com\\\/izdelek\\\/torba-mommy-bag-off-white\\\/#primaryimage\",\"url\":\"https:\\\/\\\/ajatutaja.com\\\/wp-content\\\/uploads\\\/2021\\\/11\\\/Torba_mommy_bag_bela.jpg\",\"contentUrl\":\"https:\\\/\\\/ajatutaja.com\\\/wp-content\\\/uploads\\\/2021\\\/11\\\/Torba_mommy_bag_bela.jpg\",\"width\":499,\"height\":355},{\"@type\":\"BreadcrumbList\",\"@id\":\"https:\\\/\\\/ajatutaja.com\\\/izdelek\\\/torba-mommy-bag-off-white\\\/#breadcrumb\",\"itemListElement\":[{\"@type\":\"ListItem\",\"position\":1,\"name\":\"Home\",\"item\":\"https:\\\/\\\/ajatutaja.com\\\/hr\\\/\"},{\"@type\":\"ListItem\",\"position\":2,\"name\":\"Trgovina\",\"item\":\"https:\\\/\\\/ajatutaja.com\\\/hr\\\/trgovina\\\/\"},{\"@type\":\"ListItem\",\"position\":3,\"name\":\"Torba MOMMY BAG &#8211; Off White\"}]},{\"@type\":\"WebSite\",\"@id\":\"https:\\\/\\\/ajatutaja.com\\\/#website\",\"url\":\"https:\\\/\\\/ajatutaja.com\\\/\",\"name\":\"Ajatutaja\",\"description\":\"Otro\u0161ka spletna trgovina AJATUTAJA\",\"publisher\":{\"@id\":\"https:\\\/\\\/ajatutaja.com\\\/#organization\"},\"potentialAction\":[{\"@type\":\"SearchAction\",\"target\":{\"@type\":\"EntryPoint\",\"urlTemplate\":\"https:\\\/\\\/ajatutaja.com\\\/?s={search_term_string}\"},\"query-input\":{\"@type\":\"PropertyValueSpecification\",\"valueRequired\":true,\"valueName\":\"search_term_string\"}}],\"inLanguage\":\"hr\"},{\"@type\":\"Organization\",\"@id\":\"https:\\\/\\\/ajatutaja.com\\\/#organization\",\"name\":\"Ajatutaja\",\"url\":\"https:\\\/\\\/ajatutaja.com\\\/\",\"logo\":{\"@type\":\"ImageObject\",\"inLanguage\":\"hr\",\"@id\":\"https:\\\/\\\/ajatutaja.com\\\/#\\\/schema\\\/logo\\\/image\\\/\",\"url\":\"https:\\\/\\\/ajatutaja.com\\\/wp-content\\\/uploads\\\/2021\\\/10\\\/logo.png\",\"contentUrl\":\"https:\\\/\\\/ajatutaja.com\\\/wp-content\\\/uploads\\\/2021\\\/10\\\/logo.png\",\"width\":555,\"height\":150,\"caption\":\"Ajatutaja\"},\"image\":{\"@id\":\"https:\\\/\\\/ajatutaja.com\\\/#\\\/schema\\\/logo\\\/image\\\/\"}}]}<\/script>\n<!-- \/ Yoast SEO plugin. -->","yoast_head_json":{"title":"Torba MOMMY BAG - Off White | Ajatutaja","description":"Torba Mommy Bag Big je prostorna previjalna torba, ki jo mamice naravnost obo\u017eujejo.Kvalitetna izdelava previjalne torbe, \u010dvrsti ro\u010daji in nosilnost do 10kg","robots":{"index":"index","follow":"follow","max-snippet":"max-snippet:-1","max-image-preview":"max-image-preview:large","max-video-preview":"max-video-preview:-1"},"canonical":"https:\/\/ajatutaja.com\/izdelek\/torba-mommy-bag-off-white\/","og_locale":"hr_HR","og_type":"article","og_title":"Torba MOMMY BAG - Off White | Ajatutaja","og_description":"Torba Mommy Bag Big je prostorna previjalna torba, ki jo mamice naravnost obo\u017eujejo.Kvalitetna izdelava previjalne torbe, \u010dvrsti ro\u010daji in nosilnost do 10kg","og_url":"https:\/\/ajatutaja.com\/izdelek\/torba-mommy-bag-off-white\/","og_site_name":"Ajatutaja","article_modified_time":"2025-12-14T19:42:32+00:00","og_image":[{"width":499,"height":355,"url":"https:\/\/ajatutaja.com\/wp-content\/uploads\/2021\/11\/Torba_mommy_bag_bela.jpg","type":"image\/jpeg"}],"twitter_card":"summary_large_image","twitter_misc":{"Procijenjeno vrijeme \u010ditanja":"1 minuta"},"schema":{"@context":"https:\/\/schema.org","@graph":[{"@type":"WebPage","@id":"https:\/\/ajatutaja.com\/izdelek\/torba-mommy-bag-off-white\/","url":"https:\/\/ajatutaja.com\/izdelek\/torba-mommy-bag-off-white\/","name":"Torba MOMMY BAG - Off White | Ajatutaja","isPartOf":{"@id":"https:\/\/ajatutaja.com\/#website"},"primaryImageOfPage":{"@id":"https:\/\/ajatutaja.com\/izdelek\/torba-mommy-bag-off-white\/#primaryimage"},"image":{"@id":"https:\/\/ajatutaja.com\/izdelek\/torba-mommy-bag-off-white\/#primaryimage"},"thumbnailUrl":"https:\/\/ajatutaja.com\/wp-content\/uploads\/2021\/11\/Torba_mommy_bag_bela.jpg","datePublished":"2017-04-14T04:23:26+00:00","dateModified":"2025-12-14T19:42:32+00:00","description":"Torba Mommy Bag Big je prostorna previjalna torba, ki jo mamice naravnost obo\u017eujejo.Kvalitetna izdelava previjalne torbe, \u010dvrsti ro\u010daji in nosilnost do 10kg","breadcrumb":{"@id":"https:\/\/ajatutaja.com\/izdelek\/torba-mommy-bag-off-white\/#breadcrumb"},"inLanguage":"hr","potentialAction":[{"@type":"ReadAction","target":["https:\/\/ajatutaja.com\/izdelek\/torba-mommy-bag-off-white\/"]}]},{"@type":"ImageObject","inLanguage":"hr","@id":"https:\/\/ajatutaja.com\/izdelek\/torba-mommy-bag-off-white\/#primaryimage","url":"https:\/\/ajatutaja.com\/wp-content\/uploads\/2021\/11\/Torba_mommy_bag_bela.jpg","contentUrl":"https:\/\/ajatutaja.com\/wp-content\/uploads\/2021\/11\/Torba_mommy_bag_bela.jpg","width":499,"height":355},{"@type":"BreadcrumbList","@id":"https:\/\/ajatutaja.com\/izdelek\/torba-mommy-bag-off-white\/#breadcrumb","itemListElement":[{"@type":"ListItem","position":1,"name":"Home","item":"https:\/\/ajatutaja.com\/hr\/"},{"@type":"ListItem","position":2,"name":"Trgovina","item":"https:\/\/ajatutaja.com\/hr\/trgovina\/"},{"@type":"ListItem","position":3,"name":"Torba MOMMY BAG &#8211; Off White"}]},{"@type":"WebSite","@id":"https:\/\/ajatutaja.com\/#website","url":"https:\/\/ajatutaja.com\/","name":"Ajatutaja","description":"Otro\u0161ka spletna trgovina AJATUTAJA","publisher":{"@id":"https:\/\/ajatutaja.com\/#organization"},"potentialAction":[{"@type":"SearchAction","target":{"@type":"EntryPoint","urlTemplate":"https:\/\/ajatutaja.com\/?s={search_term_string}"},"query-input":{"@type":"PropertyValueSpecification","valueRequired":true,"valueName":"search_term_string"}}],"inLanguage":"hr"},{"@type":"Organization","@id":"https:\/\/ajatutaja.com\/#organization","name":"Ajatutaja","url":"https:\/\/ajatutaja.com\/","logo":{"@type":"ImageObject","inLanguage":"hr","@id":"https:\/\/ajatutaja.com\/#\/schema\/logo\/image\/","url":"https:\/\/ajatutaja.com\/wp-content\/uploads\/2021\/10\/logo.png","contentUrl":"https:\/\/ajatutaja.com\/wp-content\/uploads\/2021\/10\/logo.png","width":555,"height":150,"caption":"Ajatutaja"},"image":{"@id":"https:\/\/ajatutaja.com\/#\/schema\/logo\/image\/"}}]}},"brands":[{"id":2392,"name":"Childhome","slug":"childhome-vozicki"},{"id":2422,"name":"Childhome","slug":"childhome-potepanje"},{"id":2409,"name":"Potepanje","slug":"potepanje"},{"id":2374,"name":"Vozi\u010dki","slug":"vozicki"}],"_links":{"self":[{"href":"https:\/\/ajatutaja.com\/hr\/wp-json\/wp\/v2\/product\/16542","targetHints":{"allow":["GET"]}}],"collection":[{"href":"https:\/\/ajatutaja.com\/hr\/wp-json\/wp\/v2\/product"}],"about":[{"href":"https:\/\/ajatutaja.com\/hr\/wp-json\/wp\/v2\/types\/product"}],"wp:featuredmedia":[{"embeddable":true,"href":"https:\/\/ajatutaja.com\/hr\/wp-json\/wp\/v2\/media\/16543"}],"wp:attachment":[{"href":"https:\/\/ajatutaja.com\/hr\/wp-json\/wp\/v2\/media?parent=16542"}],"wp:term":[{"taxonomy":"pwb-brand","embeddable":true,"href":"https:\/\/ajatutaja.com\/hr\/wp-json\/wp\/v2\/pwb-brand?post=16542"},{"taxonomy":"product_brand","embeddable":true,"href":"https:\/\/ajatutaja.com\/hr\/wp-json\/wp\/v2\/product_brand?post=16542"},{"taxonomy":"product_cat","embeddable":true,"href":"https:\/\/ajatutaja.com\/hr\/wp-json\/wp\/v2\/product_cat?post=16542"},{"taxonomy":"product_tag","embeddable":true,"href":"https:\/\/ajatutaja.com\/hr\/wp-json\/wp\/v2\/product_tag?post=16542"}],"curies":[{"name":"wp","href":"https:\/\/api.w.org\/{rel}","templated":true}]}}