{"id":16398,"date":"2017-01-30T20:37:46","date_gmt":"2017-01-30T19:37:46","guid":{"rendered":"https:\/\/ajatutaja.com\/izdelek\/besafe-ogledalo\/"},"modified":"2026-03-12T15:34:15","modified_gmt":"2026-03-12T14:34:15","slug":"besafe-ogledalo","status":"publish","type":"product","link":"https:\/\/ajatutaja.com\/hr\/proizvod\/besafe-ogledalo\/","title":{"rendered":"BeSafe ogledalo"},"content":{"rendered":"<p style=\"text-align: justify\">BeSafe ogledalo omogo\u010da enostaven nadzor nad otrokom, ki je name\u0161\u010den v avtosede\u017eu &#8211; v nasprotni smeri vo\u017enje. Tako boste vedno vedeli, kaj po\u010dne va\u0161 otrok med vo\u017enjo, ne da bi odtrgali pozornost s ceste in ogro\u017eali varnost. Okvir ogledala je iz vzdr\u017eljive plastike.<\/p>\n","protected":false},"excerpt":{"rendered":"<p style=\"text-align: justify\">BeSafe ogledalo je pripomo\u010dek za la\u017eji nadzor otroka med vo\u017enjo. Zelo uporaben pripomo\u010dek ob uporabi lupinice in avtosede\u017ea, ki je name\u0161\u010den v sede\u017e obrnjen v nasprotni smeri vo\u017enje.<\/p>\n","protected":false},"featured_media":29633,"template":"","meta":[],"pwb-brand":[2351,2352],"product_brand":[],"product_cat":[2339,2349],"product_tag":[4117],"class_list":{"0":"post-16398","1":"product","2":"type-product","3":"status-publish","4":"has-post-thumbnail","6":"pwb-brand-avtosedezi","7":"pwb-brand-besafe","8":"product_cat-avtosedezi","9":"product_cat-dodatna-oprema","10":"product_tag-besafe","12":"first","13":"instock","14":"taxable","15":"shipping-taxable","16":"purchasable","17":"product-type-simple","18":"add-to-wishlist-before_image"},"yoast_head":"<!-- This site is optimized with the Yoast SEO plugin v27.3 - https:\/\/yoast.com\/product\/yoast-seo-wordpress\/ -->\n<title>BeSafe ogledalo | Ajatutaja<\/title>\n<meta name=\"description\" content=\"BeSafe nudi poleg vrhunskih avtosede\u017eev za otroke tudi obilo dodatne opreme, ki otroku in star\u0161em omogo\u010dajo udobnej\u0161o in varnej\u0161o vo\u017enjo z avtomobilom.\" \/>\n<meta name=\"robots\" content=\"index, follow, max-snippet:-1, max-image-preview:large, max-video-preview:-1\" \/>\n<link rel=\"canonical\" href=\"https:\/\/ajatutaja.com\/izdelek\/besafe-ogledalo\/\" \/>\n<meta property=\"og:locale\" content=\"hr_HR\" \/>\n<meta property=\"og:type\" content=\"article\" \/>\n<meta property=\"og:title\" content=\"BeSafe ogledalo | Ajatutaja\" \/>\n<meta property=\"og:description\" content=\"BeSafe nudi poleg vrhunskih avtosede\u017eev za otroke tudi obilo dodatne opreme, ki otroku in star\u0161em omogo\u010dajo udobnej\u0161o in varnej\u0161o vo\u017enjo z avtomobilom.\" \/>\n<meta property=\"og:url\" content=\"https:\/\/ajatutaja.com\/izdelek\/besafe-ogledalo\/\" \/>\n<meta property=\"og:site_name\" content=\"Ajatutaja\" \/>\n<meta property=\"article:modified_time\" content=\"2026-03-12T14:34:15+00:00\" \/>\n<meta property=\"og:image\" content=\"https:\/\/ajatutaja.com\/wp-content\/uploads\/2017\/01\/besafe-otrosko-ogledalo-1.jpeg\" \/>\n\t<meta property=\"og:image:width\" content=\"800\" \/>\n\t<meta property=\"og:image:height\" content=\"800\" \/>\n\t<meta property=\"og:image:type\" content=\"image\/jpeg\" \/>\n<meta name=\"twitter:card\" content=\"summary_large_image\" \/>\n<script type=\"application\/ld+json\" class=\"yoast-schema-graph\">{\"@context\":\"https:\\\/\\\/schema.org\",\"@graph\":[{\"@type\":\"WebPage\",\"@id\":\"https:\\\/\\\/ajatutaja.com\\\/izdelek\\\/besafe-ogledalo\\\/\",\"url\":\"https:\\\/\\\/ajatutaja.com\\\/izdelek\\\/besafe-ogledalo\\\/\",\"name\":\"BeSafe ogledalo | Ajatutaja\",\"isPartOf\":{\"@id\":\"https:\\\/\\\/ajatutaja.com\\\/#website\"},\"primaryImageOfPage\":{\"@id\":\"https:\\\/\\\/ajatutaja.com\\\/izdelek\\\/besafe-ogledalo\\\/#primaryimage\"},\"image\":{\"@id\":\"https:\\\/\\\/ajatutaja.com\\\/izdelek\\\/besafe-ogledalo\\\/#primaryimage\"},\"thumbnailUrl\":\"https:\\\/\\\/ajatutaja.com\\\/wp-content\\\/uploads\\\/2017\\\/01\\\/besafe-otrosko-ogledalo-1.jpeg\",\"datePublished\":\"2017-01-30T19:37:46+00:00\",\"dateModified\":\"2026-03-12T14:34:15+00:00\",\"description\":\"BeSafe nudi poleg vrhunskih avtosede\u017eev za otroke tudi obilo dodatne opreme, ki otroku in star\u0161em omogo\u010dajo udobnej\u0161o in varnej\u0161o vo\u017enjo z avtomobilom.\",\"breadcrumb\":{\"@id\":\"https:\\\/\\\/ajatutaja.com\\\/izdelek\\\/besafe-ogledalo\\\/#breadcrumb\"},\"inLanguage\":\"hr\",\"potentialAction\":[{\"@type\":\"ReadAction\",\"target\":[\"https:\\\/\\\/ajatutaja.com\\\/izdelek\\\/besafe-ogledalo\\\/\"]}]},{\"@type\":\"ImageObject\",\"inLanguage\":\"hr\",\"@id\":\"https:\\\/\\\/ajatutaja.com\\\/izdelek\\\/besafe-ogledalo\\\/#primaryimage\",\"url\":\"https:\\\/\\\/ajatutaja.com\\\/wp-content\\\/uploads\\\/2017\\\/01\\\/besafe-otrosko-ogledalo-1.jpeg\",\"contentUrl\":\"https:\\\/\\\/ajatutaja.com\\\/wp-content\\\/uploads\\\/2017\\\/01\\\/besafe-otrosko-ogledalo-1.jpeg\",\"width\":800,\"height\":800},{\"@type\":\"BreadcrumbList\",\"@id\":\"https:\\\/\\\/ajatutaja.com\\\/izdelek\\\/besafe-ogledalo\\\/#breadcrumb\",\"itemListElement\":[{\"@type\":\"ListItem\",\"position\":1,\"name\":\"Home\",\"item\":\"https:\\\/\\\/ajatutaja.com\\\/hr\\\/\"},{\"@type\":\"ListItem\",\"position\":2,\"name\":\"Trgovina\",\"item\":\"https:\\\/\\\/ajatutaja.com\\\/hr\\\/trgovina\\\/\"},{\"@type\":\"ListItem\",\"position\":3,\"name\":\"BeSafe ogledalo\"}]},{\"@type\":\"WebSite\",\"@id\":\"https:\\\/\\\/ajatutaja.com\\\/#website\",\"url\":\"https:\\\/\\\/ajatutaja.com\\\/\",\"name\":\"Ajatutaja\",\"description\":\"Otro\u0161ka spletna trgovina AJATUTAJA\",\"publisher\":{\"@id\":\"https:\\\/\\\/ajatutaja.com\\\/#organization\"},\"potentialAction\":[{\"@type\":\"SearchAction\",\"target\":{\"@type\":\"EntryPoint\",\"urlTemplate\":\"https:\\\/\\\/ajatutaja.com\\\/?s={search_term_string}\"},\"query-input\":{\"@type\":\"PropertyValueSpecification\",\"valueRequired\":true,\"valueName\":\"search_term_string\"}}],\"inLanguage\":\"hr\"},{\"@type\":\"Organization\",\"@id\":\"https:\\\/\\\/ajatutaja.com\\\/#organization\",\"name\":\"Ajatutaja\",\"url\":\"https:\\\/\\\/ajatutaja.com\\\/\",\"logo\":{\"@type\":\"ImageObject\",\"inLanguage\":\"hr\",\"@id\":\"https:\\\/\\\/ajatutaja.com\\\/#\\\/schema\\\/logo\\\/image\\\/\",\"url\":\"https:\\\/\\\/ajatutaja.com\\\/wp-content\\\/uploads\\\/2021\\\/10\\\/logo.png\",\"contentUrl\":\"https:\\\/\\\/ajatutaja.com\\\/wp-content\\\/uploads\\\/2021\\\/10\\\/logo.png\",\"width\":555,\"height\":150,\"caption\":\"Ajatutaja\"},\"image\":{\"@id\":\"https:\\\/\\\/ajatutaja.com\\\/#\\\/schema\\\/logo\\\/image\\\/\"}}]}<\/script>\n<!-- \/ Yoast SEO plugin. -->","yoast_head_json":{"title":"BeSafe ogledalo | Ajatutaja","description":"BeSafe nudi poleg vrhunskih avtosede\u017eev za otroke tudi obilo dodatne opreme, ki otroku in star\u0161em omogo\u010dajo udobnej\u0161o in varnej\u0161o vo\u017enjo z avtomobilom.","robots":{"index":"index","follow":"follow","max-snippet":"max-snippet:-1","max-image-preview":"max-image-preview:large","max-video-preview":"max-video-preview:-1"},"canonical":"https:\/\/ajatutaja.com\/izdelek\/besafe-ogledalo\/","og_locale":"hr_HR","og_type":"article","og_title":"BeSafe ogledalo | Ajatutaja","og_description":"BeSafe nudi poleg vrhunskih avtosede\u017eev za otroke tudi obilo dodatne opreme, ki otroku in star\u0161em omogo\u010dajo udobnej\u0161o in varnej\u0161o vo\u017enjo z avtomobilom.","og_url":"https:\/\/ajatutaja.com\/izdelek\/besafe-ogledalo\/","og_site_name":"Ajatutaja","article_modified_time":"2026-03-12T14:34:15+00:00","og_image":[{"width":800,"height":800,"url":"https:\/\/ajatutaja.com\/wp-content\/uploads\/2017\/01\/besafe-otrosko-ogledalo-1.jpeg","type":"image\/jpeg"}],"twitter_card":"summary_large_image","schema":{"@context":"https:\/\/schema.org","@graph":[{"@type":"WebPage","@id":"https:\/\/ajatutaja.com\/izdelek\/besafe-ogledalo\/","url":"https:\/\/ajatutaja.com\/izdelek\/besafe-ogledalo\/","name":"BeSafe ogledalo | Ajatutaja","isPartOf":{"@id":"https:\/\/ajatutaja.com\/#website"},"primaryImageOfPage":{"@id":"https:\/\/ajatutaja.com\/izdelek\/besafe-ogledalo\/#primaryimage"},"image":{"@id":"https:\/\/ajatutaja.com\/izdelek\/besafe-ogledalo\/#primaryimage"},"thumbnailUrl":"https:\/\/ajatutaja.com\/wp-content\/uploads\/2017\/01\/besafe-otrosko-ogledalo-1.jpeg","datePublished":"2017-01-30T19:37:46+00:00","dateModified":"2026-03-12T14:34:15+00:00","description":"BeSafe nudi poleg vrhunskih avtosede\u017eev za otroke tudi obilo dodatne opreme, ki otroku in star\u0161em omogo\u010dajo udobnej\u0161o in varnej\u0161o vo\u017enjo z avtomobilom.","breadcrumb":{"@id":"https:\/\/ajatutaja.com\/izdelek\/besafe-ogledalo\/#breadcrumb"},"inLanguage":"hr","potentialAction":[{"@type":"ReadAction","target":["https:\/\/ajatutaja.com\/izdelek\/besafe-ogledalo\/"]}]},{"@type":"ImageObject","inLanguage":"hr","@id":"https:\/\/ajatutaja.com\/izdelek\/besafe-ogledalo\/#primaryimage","url":"https:\/\/ajatutaja.com\/wp-content\/uploads\/2017\/01\/besafe-otrosko-ogledalo-1.jpeg","contentUrl":"https:\/\/ajatutaja.com\/wp-content\/uploads\/2017\/01\/besafe-otrosko-ogledalo-1.jpeg","width":800,"height":800},{"@type":"BreadcrumbList","@id":"https:\/\/ajatutaja.com\/izdelek\/besafe-ogledalo\/#breadcrumb","itemListElement":[{"@type":"ListItem","position":1,"name":"Home","item":"https:\/\/ajatutaja.com\/hr\/"},{"@type":"ListItem","position":2,"name":"Trgovina","item":"https:\/\/ajatutaja.com\/hr\/trgovina\/"},{"@type":"ListItem","position":3,"name":"BeSafe ogledalo"}]},{"@type":"WebSite","@id":"https:\/\/ajatutaja.com\/#website","url":"https:\/\/ajatutaja.com\/","name":"Ajatutaja","description":"Otro\u0161ka spletna trgovina AJATUTAJA","publisher":{"@id":"https:\/\/ajatutaja.com\/#organization"},"potentialAction":[{"@type":"SearchAction","target":{"@type":"EntryPoint","urlTemplate":"https:\/\/ajatutaja.com\/?s={search_term_string}"},"query-input":{"@type":"PropertyValueSpecification","valueRequired":true,"valueName":"search_term_string"}}],"inLanguage":"hr"},{"@type":"Organization","@id":"https:\/\/ajatutaja.com\/#organization","name":"Ajatutaja","url":"https:\/\/ajatutaja.com\/","logo":{"@type":"ImageObject","inLanguage":"hr","@id":"https:\/\/ajatutaja.com\/#\/schema\/logo\/image\/","url":"https:\/\/ajatutaja.com\/wp-content\/uploads\/2021\/10\/logo.png","contentUrl":"https:\/\/ajatutaja.com\/wp-content\/uploads\/2021\/10\/logo.png","width":555,"height":150,"caption":"Ajatutaja"},"image":{"@id":"https:\/\/ajatutaja.com\/#\/schema\/logo\/image\/"}}]}},"brands":[{"id":2351,"name":"Avtosede\u017ei","slug":"avtosedezi"},{"id":2352,"name":"BeSafe","slug":"besafe"}],"_links":{"self":[{"href":"https:\/\/ajatutaja.com\/hr\/wp-json\/wp\/v2\/product\/16398","targetHints":{"allow":["GET"]}}],"collection":[{"href":"https:\/\/ajatutaja.com\/hr\/wp-json\/wp\/v2\/product"}],"about":[{"href":"https:\/\/ajatutaja.com\/hr\/wp-json\/wp\/v2\/types\/product"}],"wp:featuredmedia":[{"embeddable":true,"href":"https:\/\/ajatutaja.com\/hr\/wp-json\/wp\/v2\/media\/29633"}],"wp:attachment":[{"href":"https:\/\/ajatutaja.com\/hr\/wp-json\/wp\/v2\/media?parent=16398"}],"wp:term":[{"taxonomy":"pwb-brand","embeddable":true,"href":"https:\/\/ajatutaja.com\/hr\/wp-json\/wp\/v2\/pwb-brand?post=16398"},{"taxonomy":"product_brand","embeddable":true,"href":"https:\/\/ajatutaja.com\/hr\/wp-json\/wp\/v2\/product_brand?post=16398"},{"taxonomy":"product_cat","embeddable":true,"href":"https:\/\/ajatutaja.com\/hr\/wp-json\/wp\/v2\/product_cat?post=16398"},{"taxonomy":"product_tag","embeddable":true,"href":"https:\/\/ajatutaja.com\/hr\/wp-json\/wp\/v2\/product_tag?post=16398"}],"curies":[{"name":"wp","href":"https:\/\/api.w.org\/{rel}","templated":true}]}}