{"id":16375,"date":"2016-11-24T12:26:30","date_gmt":"2016-11-24T11:26:30","guid":{"rendered":"https:\/\/ajatutaja.com\/izdelek\/ergobaby-blazinice-za-grizenje\/"},"modified":"2026-03-12T15:34:15","modified_gmt":"2026-03-12T14:34:15","slug":"ergobaby-blazinice-za-grizenje","status":"publish","type":"product","link":"https:\/\/ajatutaja.com\/hr\/proizvod\/ergobaby-blazinice-za-grizenje\/","title":{"rendered":"Ergobaby blazinice za grizenje"},"content":{"rendered":"<p style=\"text-align: justify\">Blazinice za grizenje so pralne in obojestranski ter so namenjeni uporabi z vsemi mehkimi nosilkami Ergobaby.\u00a0 <strong>Za\u0161\u010ditne blazinice s\u00a0slin\u010dkom so namenjene grizljanju in \u017eve\u010denju mal\u010dka<\/strong>, so udobne za dojen\u010dkova usta zato so idealne za mal\u010dkove dlesni pri izra\u0161\u010danju zobkov in zraven \u0161\u010ditijo nosilko.<\/p>\n<p style=\"text-align: justify\">Lastnosti blazinic Ergobaby:<\/p>\n<ul>\n<li>Za varno \u017eve\u010denje in grizljanje<\/li>\n<li>Daje otroku varno, \u010disto mesto\u00a0za grizljanje in ohranja nosilko\u00a0\u010disto<\/li>\n<li>Enostavna pritrditev blazinic na naramnice nosilke<\/li>\n<li>Pralne v pralnem stroju na programu za ob\u010dutljivo pranje<\/li>\n<li>Narejene posebej za uporabo z\u00a0nosilkami Ergobaby<\/li>\n<li>Izdelane iz visoko kakovostnega 100% bomba\u017enega frotirja<\/li>\n<li>Ustreza CPSIA pogojem (The Consumer Product Safety Improvement Act)<\/li>\n<\/ul>\n","protected":false},"excerpt":{"rendered":"<p style=\"text-align: justify\"><strong>Ergobaby blazinice za grizenje <\/strong>za\u0161\u010ditijo nosilko (naramnice) pred slinjenjem in grizenjem medtem, ko mal\u010dku nudijo mehko in varno mesto za grizenje.<\/p>\n<p style=\"text-align: justify\">Izdelane iz premium bomba\u017ea in pralne na 40\u00b0C v pralnem stroju.<\/p>\n","protected":false},"featured_media":16376,"template":"","meta":[],"pwb-brand":[2415,2409],"product_brand":[],"product_cat":[2397,2361],"product_tag":[3973,4170,4171],"class_list":{"0":"post-16375","1":"product","2":"type-product","3":"status-publish","4":"has-post-thumbnail","6":"pwb-brand-ergobaby-potepanje","7":"pwb-brand-potepanje","8":"product_cat-nosilke-za-otroke","9":"product_cat-potepanje","10":"product_tag-ergobaby","11":"product_tag-ergobaby-omni-360","12":"product_tag-ergobaby-omni-breeze","14":"first","15":"instock","16":"taxable","17":"shipping-taxable","18":"purchasable","19":"product-type-simple","20":"add-to-wishlist-before_image"},"yoast_head":"<!-- This site is optimized with the Yoast SEO plugin v27.3 - https:\/\/yoast.com\/product\/yoast-seo-wordpress\/ -->\n<title>Ergobaby blazinice za grizenje | Ajatutaja<\/title>\n<meta name=\"description\" content=\"Ergobaby blazinice za\u0161\u010ditijo nosilko pred grizljanjem in slinjenjem, medtem ko otroku nudijo varno in mehko mesto za \u017eve\u010denje. Enostavna namestitev.\" \/>\n<meta name=\"robots\" content=\"index, follow, max-snippet:-1, max-image-preview:large, max-video-preview:-1\" \/>\n<link rel=\"canonical\" href=\"https:\/\/ajatutaja.com\/izdelek\/ergobaby-blazinice-za-grizenje\/\" \/>\n<meta property=\"og:locale\" content=\"hr_HR\" \/>\n<meta property=\"og:type\" content=\"article\" \/>\n<meta property=\"og:title\" content=\"Ergobaby blazinice za grizenje | Ajatutaja\" \/>\n<meta property=\"og:description\" content=\"Ergobaby blazinice za\u0161\u010ditijo nosilko pred grizljanjem in slinjenjem, medtem ko otroku nudijo varno in mehko mesto za \u017eve\u010denje. Enostavna namestitev.\" \/>\n<meta property=\"og:url\" content=\"https:\/\/ajatutaja.com\/izdelek\/ergobaby-blazinice-za-grizenje\/\" \/>\n<meta property=\"og:site_name\" content=\"Ajatutaja\" \/>\n<meta property=\"article:modified_time\" content=\"2026-03-12T14:34:15+00:00\" \/>\n<meta property=\"og:image\" content=\"https:\/\/ajatutaja.com\/wp-content\/uploads\/2021\/11\/181_1.jpg\" \/>\n\t<meta property=\"og:image:width\" content=\"600\" \/>\n\t<meta property=\"og:image:height\" content=\"600\" \/>\n\t<meta property=\"og:image:type\" content=\"image\/jpeg\" \/>\n<meta name=\"twitter:card\" content=\"summary_large_image\" \/>\n<meta name=\"twitter:label1\" content=\"Procijenjeno vrijeme \u010ditanja\" \/>\n\t<meta name=\"twitter:data1\" content=\"1 minuta\" \/>\n<script type=\"application\/ld+json\" class=\"yoast-schema-graph\">{\"@context\":\"https:\\\/\\\/schema.org\",\"@graph\":[{\"@type\":\"WebPage\",\"@id\":\"https:\\\/\\\/ajatutaja.com\\\/izdelek\\\/ergobaby-blazinice-za-grizenje\\\/\",\"url\":\"https:\\\/\\\/ajatutaja.com\\\/izdelek\\\/ergobaby-blazinice-za-grizenje\\\/\",\"name\":\"Ergobaby blazinice za grizenje | Ajatutaja\",\"isPartOf\":{\"@id\":\"https:\\\/\\\/ajatutaja.com\\\/#website\"},\"primaryImageOfPage\":{\"@id\":\"https:\\\/\\\/ajatutaja.com\\\/izdelek\\\/ergobaby-blazinice-za-grizenje\\\/#primaryimage\"},\"image\":{\"@id\":\"https:\\\/\\\/ajatutaja.com\\\/izdelek\\\/ergobaby-blazinice-za-grizenje\\\/#primaryimage\"},\"thumbnailUrl\":\"https:\\\/\\\/ajatutaja.com\\\/wp-content\\\/uploads\\\/2021\\\/11\\\/181_1.jpg\",\"datePublished\":\"2016-11-24T11:26:30+00:00\",\"dateModified\":\"2026-03-12T14:34:15+00:00\",\"description\":\"Ergobaby blazinice za\u0161\u010ditijo nosilko pred grizljanjem in slinjenjem, medtem ko otroku nudijo varno in mehko mesto za \u017eve\u010denje. Enostavna namestitev.\",\"breadcrumb\":{\"@id\":\"https:\\\/\\\/ajatutaja.com\\\/izdelek\\\/ergobaby-blazinice-za-grizenje\\\/#breadcrumb\"},\"inLanguage\":\"hr\",\"potentialAction\":[{\"@type\":\"ReadAction\",\"target\":[\"https:\\\/\\\/ajatutaja.com\\\/izdelek\\\/ergobaby-blazinice-za-grizenje\\\/\"]}]},{\"@type\":\"ImageObject\",\"inLanguage\":\"hr\",\"@id\":\"https:\\\/\\\/ajatutaja.com\\\/izdelek\\\/ergobaby-blazinice-za-grizenje\\\/#primaryimage\",\"url\":\"https:\\\/\\\/ajatutaja.com\\\/wp-content\\\/uploads\\\/2021\\\/11\\\/181_1.jpg\",\"contentUrl\":\"https:\\\/\\\/ajatutaja.com\\\/wp-content\\\/uploads\\\/2021\\\/11\\\/181_1.jpg\",\"width\":600,\"height\":600},{\"@type\":\"BreadcrumbList\",\"@id\":\"https:\\\/\\\/ajatutaja.com\\\/izdelek\\\/ergobaby-blazinice-za-grizenje\\\/#breadcrumb\",\"itemListElement\":[{\"@type\":\"ListItem\",\"position\":1,\"name\":\"Home\",\"item\":\"https:\\\/\\\/ajatutaja.com\\\/hr\\\/\"},{\"@type\":\"ListItem\",\"position\":2,\"name\":\"Trgovina\",\"item\":\"https:\\\/\\\/ajatutaja.com\\\/hr\\\/trgovina\\\/\"},{\"@type\":\"ListItem\",\"position\":3,\"name\":\"Ergobaby blazinice za grizenje\"}]},{\"@type\":\"WebSite\",\"@id\":\"https:\\\/\\\/ajatutaja.com\\\/#website\",\"url\":\"https:\\\/\\\/ajatutaja.com\\\/\",\"name\":\"Ajatutaja\",\"description\":\"Otro\u0161ka spletna trgovina AJATUTAJA\",\"publisher\":{\"@id\":\"https:\\\/\\\/ajatutaja.com\\\/#organization\"},\"potentialAction\":[{\"@type\":\"SearchAction\",\"target\":{\"@type\":\"EntryPoint\",\"urlTemplate\":\"https:\\\/\\\/ajatutaja.com\\\/?s={search_term_string}\"},\"query-input\":{\"@type\":\"PropertyValueSpecification\",\"valueRequired\":true,\"valueName\":\"search_term_string\"}}],\"inLanguage\":\"hr\"},{\"@type\":\"Organization\",\"@id\":\"https:\\\/\\\/ajatutaja.com\\\/#organization\",\"name\":\"Ajatutaja\",\"url\":\"https:\\\/\\\/ajatutaja.com\\\/\",\"logo\":{\"@type\":\"ImageObject\",\"inLanguage\":\"hr\",\"@id\":\"https:\\\/\\\/ajatutaja.com\\\/#\\\/schema\\\/logo\\\/image\\\/\",\"url\":\"https:\\\/\\\/ajatutaja.com\\\/wp-content\\\/uploads\\\/2021\\\/10\\\/logo.png\",\"contentUrl\":\"https:\\\/\\\/ajatutaja.com\\\/wp-content\\\/uploads\\\/2021\\\/10\\\/logo.png\",\"width\":555,\"height\":150,\"caption\":\"Ajatutaja\"},\"image\":{\"@id\":\"https:\\\/\\\/ajatutaja.com\\\/#\\\/schema\\\/logo\\\/image\\\/\"}}]}<\/script>\n<!-- \/ Yoast SEO plugin. -->","yoast_head_json":{"title":"Ergobaby blazinice za grizenje | Ajatutaja","description":"Ergobaby blazinice za\u0161\u010ditijo nosilko pred grizljanjem in slinjenjem, medtem ko otroku nudijo varno in mehko mesto za \u017eve\u010denje. Enostavna namestitev.","robots":{"index":"index","follow":"follow","max-snippet":"max-snippet:-1","max-image-preview":"max-image-preview:large","max-video-preview":"max-video-preview:-1"},"canonical":"https:\/\/ajatutaja.com\/izdelek\/ergobaby-blazinice-za-grizenje\/","og_locale":"hr_HR","og_type":"article","og_title":"Ergobaby blazinice za grizenje | Ajatutaja","og_description":"Ergobaby blazinice za\u0161\u010ditijo nosilko pred grizljanjem in slinjenjem, medtem ko otroku nudijo varno in mehko mesto za \u017eve\u010denje. Enostavna namestitev.","og_url":"https:\/\/ajatutaja.com\/izdelek\/ergobaby-blazinice-za-grizenje\/","og_site_name":"Ajatutaja","article_modified_time":"2026-03-12T14:34:15+00:00","og_image":[{"width":600,"height":600,"url":"https:\/\/ajatutaja.com\/wp-content\/uploads\/2021\/11\/181_1.jpg","type":"image\/jpeg"}],"twitter_card":"summary_large_image","twitter_misc":{"Procijenjeno vrijeme \u010ditanja":"1 minuta"},"schema":{"@context":"https:\/\/schema.org","@graph":[{"@type":"WebPage","@id":"https:\/\/ajatutaja.com\/izdelek\/ergobaby-blazinice-za-grizenje\/","url":"https:\/\/ajatutaja.com\/izdelek\/ergobaby-blazinice-za-grizenje\/","name":"Ergobaby blazinice za grizenje | Ajatutaja","isPartOf":{"@id":"https:\/\/ajatutaja.com\/#website"},"primaryImageOfPage":{"@id":"https:\/\/ajatutaja.com\/izdelek\/ergobaby-blazinice-za-grizenje\/#primaryimage"},"image":{"@id":"https:\/\/ajatutaja.com\/izdelek\/ergobaby-blazinice-za-grizenje\/#primaryimage"},"thumbnailUrl":"https:\/\/ajatutaja.com\/wp-content\/uploads\/2021\/11\/181_1.jpg","datePublished":"2016-11-24T11:26:30+00:00","dateModified":"2026-03-12T14:34:15+00:00","description":"Ergobaby blazinice za\u0161\u010ditijo nosilko pred grizljanjem in slinjenjem, medtem ko otroku nudijo varno in mehko mesto za \u017eve\u010denje. Enostavna namestitev.","breadcrumb":{"@id":"https:\/\/ajatutaja.com\/izdelek\/ergobaby-blazinice-za-grizenje\/#breadcrumb"},"inLanguage":"hr","potentialAction":[{"@type":"ReadAction","target":["https:\/\/ajatutaja.com\/izdelek\/ergobaby-blazinice-za-grizenje\/"]}]},{"@type":"ImageObject","inLanguage":"hr","@id":"https:\/\/ajatutaja.com\/izdelek\/ergobaby-blazinice-za-grizenje\/#primaryimage","url":"https:\/\/ajatutaja.com\/wp-content\/uploads\/2021\/11\/181_1.jpg","contentUrl":"https:\/\/ajatutaja.com\/wp-content\/uploads\/2021\/11\/181_1.jpg","width":600,"height":600},{"@type":"BreadcrumbList","@id":"https:\/\/ajatutaja.com\/izdelek\/ergobaby-blazinice-za-grizenje\/#breadcrumb","itemListElement":[{"@type":"ListItem","position":1,"name":"Home","item":"https:\/\/ajatutaja.com\/hr\/"},{"@type":"ListItem","position":2,"name":"Trgovina","item":"https:\/\/ajatutaja.com\/hr\/trgovina\/"},{"@type":"ListItem","position":3,"name":"Ergobaby blazinice za grizenje"}]},{"@type":"WebSite","@id":"https:\/\/ajatutaja.com\/#website","url":"https:\/\/ajatutaja.com\/","name":"Ajatutaja","description":"Otro\u0161ka spletna trgovina AJATUTAJA","publisher":{"@id":"https:\/\/ajatutaja.com\/#organization"},"potentialAction":[{"@type":"SearchAction","target":{"@type":"EntryPoint","urlTemplate":"https:\/\/ajatutaja.com\/?s={search_term_string}"},"query-input":{"@type":"PropertyValueSpecification","valueRequired":true,"valueName":"search_term_string"}}],"inLanguage":"hr"},{"@type":"Organization","@id":"https:\/\/ajatutaja.com\/#organization","name":"Ajatutaja","url":"https:\/\/ajatutaja.com\/","logo":{"@type":"ImageObject","inLanguage":"hr","@id":"https:\/\/ajatutaja.com\/#\/schema\/logo\/image\/","url":"https:\/\/ajatutaja.com\/wp-content\/uploads\/2021\/10\/logo.png","contentUrl":"https:\/\/ajatutaja.com\/wp-content\/uploads\/2021\/10\/logo.png","width":555,"height":150,"caption":"Ajatutaja"},"image":{"@id":"https:\/\/ajatutaja.com\/#\/schema\/logo\/image\/"}}]}},"brands":[{"id":2415,"name":"Ergobaby","slug":"ergobaby-potepanje"},{"id":2409,"name":"Potepanje","slug":"potepanje"}],"_links":{"self":[{"href":"https:\/\/ajatutaja.com\/hr\/wp-json\/wp\/v2\/product\/16375","targetHints":{"allow":["GET"]}}],"collection":[{"href":"https:\/\/ajatutaja.com\/hr\/wp-json\/wp\/v2\/product"}],"about":[{"href":"https:\/\/ajatutaja.com\/hr\/wp-json\/wp\/v2\/types\/product"}],"wp:featuredmedia":[{"embeddable":true,"href":"https:\/\/ajatutaja.com\/hr\/wp-json\/wp\/v2\/media\/16376"}],"wp:attachment":[{"href":"https:\/\/ajatutaja.com\/hr\/wp-json\/wp\/v2\/media?parent=16375"}],"wp:term":[{"taxonomy":"pwb-brand","embeddable":true,"href":"https:\/\/ajatutaja.com\/hr\/wp-json\/wp\/v2\/pwb-brand?post=16375"},{"taxonomy":"product_brand","embeddable":true,"href":"https:\/\/ajatutaja.com\/hr\/wp-json\/wp\/v2\/product_brand?post=16375"},{"taxonomy":"product_cat","embeddable":true,"href":"https:\/\/ajatutaja.com\/hr\/wp-json\/wp\/v2\/product_cat?post=16375"},{"taxonomy":"product_tag","embeddable":true,"href":"https:\/\/ajatutaja.com\/hr\/wp-json\/wp\/v2\/product_tag?post=16375"}],"curies":[{"name":"wp","href":"https:\/\/api.w.org\/{rel}","templated":true}]}}