{"id":16350,"date":"2016-08-26T16:17:56","date_gmt":"2016-08-26T14:17:56","guid":{"rendered":"https:\/\/ajatutaja.com\/izdelek\/zracna-podloga-za-otrosko-posteljo-60x120cm\/"},"modified":"2025-03-14T15:45:26","modified_gmt":"2025-03-14T14:45:26","slug":"zracna-podloga-za-otrosko-posteljo-60x120cm","status":"publish","type":"product","link":"https:\/\/ajatutaja.com\/hr\/proizvod\/zracna-podloga-za-otrosko-posteljo-60x120cm\/","title":{"rendered":"Zra\u010dna podloga za otro\u0161ko posteljo 60x120cm"},"content":{"rendered":"<div>Zagotovite va\u0161emu mal\u010dku udobno spanje!<\/div>\n<div><\/div>\n<div style=\"text-align: justify\">Podloga je namenja za\u0161\u010diti in deluje proti potenju. Va\u0161 otrok se ne bo ve\u010d prebudil prepoten. Za\u0161\u010dita za vzmetnico Aerosleep s 3D strukturo satovja, omogo\u010da prosto kro\u017eenje zraka. Zahvajujo\u010d izjemni zra\u010dnosti,\u00a0 AEROSLEEP Baby protect podloga zmanj\u0161uje tveganje za nevarnosti, ki jim je izpostavljen otrok med spanjem.<\/div>\n<div>\n<div><\/div>\n<div><span style=\"color: #ff9900\"><em>Podloge Aerosleep in Aeromoov so na voljo tudi v na\u0161i trgovinci Ajatutaja Koper.<\/em><\/span><\/div>\n<\/div>\n<p style=\"text-align: justify\">Pod zra\u010dno plastjo je vodoodporen za\u0161\u010ditni in vpojni sloj, ki \u0161\u010diti vzmetnico pred teko\u010dino.\u00a0 AEROSLEEP Baby\u00a0Protect je primeren za uporabo na vseh vzmetnicah. Pralno pri 60 stopinjah.<\/p>\n<p style=\"text-align: justify\">DIMENZIJE PODLOGE AEROSLEEP:<br \/>\n60X120 cm<\/p>\n<p style=\"text-align: justify\">\n","protected":false},"excerpt":{"rendered":"<p style=\"text-align: justify\"><strong>Aerosleep<\/strong> Baby protect zra\u010dna podloga za otro\u0161ko posteljo (120&#215;60 cm) <strong>omogo\u010da kro\u017eenje zraka<\/strong> med otrokovo ko\u017eo in vzmetnico. Obenem za\u0161\u010diti vzmetnico, saj je ena od plasti prevleke <strong>vodoodporna<\/strong>. Edinstvena struktura v obliki satovja omogo\u010da stalen pretok zraka in <strong>zmanj\u0161uje mo\u017enost pojava &#8220;smrt v zibki&#8221;<\/strong> (cot death). <strong>Prepre\u010duje razdra\u017eenost ko\u017ee. Deluje antibakterijsko in protialergijsko.<\/strong><\/p>\n","protected":false},"featured_media":16346,"template":"","meta":[],"pwb-brand":[2612,2611],"product_brand":[],"product_cat":[2599,2603,2593],"product_tag":[4114],"class_list":{"0":"post-16350","1":"product","2":"type-product","3":"status-publish","4":"has-post-thumbnail","6":"pwb-brand-aeromoov-spanje","7":"pwb-brand-spanje","8":"product_cat-lezisca-in-vzmetnice","9":"product_cat-otroska-posteljnina","10":"product_cat-spanje","11":"product_tag-aeromoov","13":"first","14":"instock","15":"taxable","16":"shipping-taxable","17":"purchasable","18":"product-type-simple","19":"add-to-wishlist-before_image"},"yoast_head":"<!-- This site is optimized with the Yoast SEO plugin v27.3 - https:\/\/yoast.com\/product\/yoast-seo-wordpress\/ -->\n<title>Zra\u010dna podloga za otro\u0161ko posteljo 60x120cm | Ajatutaja<\/title>\n<meta name=\"description\" content=\"Zahvajujo\u010d izjemni zra\u010dnosti, AEROSLEEP podloga zmanj\u0161uje tveganje za nevarnosti, ki jim je izpostavljen otrok med spanjem.Vodoodporna plast \u0161\u010diti vzmetnico\" \/>\n<meta name=\"robots\" content=\"index, follow, max-snippet:-1, max-image-preview:large, max-video-preview:-1\" \/>\n<link rel=\"canonical\" href=\"https:\/\/ajatutaja.com\/izdelek\/zracna-podloga-za-otrosko-posteljo-60x120cm\/\" \/>\n<meta property=\"og:locale\" content=\"hr_HR\" \/>\n<meta property=\"og:type\" content=\"article\" \/>\n<meta property=\"og:title\" content=\"Zra\u010dna podloga za otro\u0161ko posteljo 60x120cm | Ajatutaja\" \/>\n<meta property=\"og:description\" content=\"Zahvajujo\u010d izjemni zra\u010dnosti, AEROSLEEP podloga zmanj\u0161uje tveganje za nevarnosti, ki jim je izpostavljen otrok med spanjem.Vodoodporna plast \u0161\u010diti vzmetnico\" \/>\n<meta property=\"og:url\" content=\"https:\/\/ajatutaja.com\/izdelek\/zracna-podloga-za-otrosko-posteljo-60x120cm\/\" \/>\n<meta property=\"og:site_name\" content=\"Ajatutaja\" \/>\n<meta property=\"article:modified_time\" content=\"2025-03-14T14:45:26+00:00\" \/>\n<meta property=\"og:image\" content=\"https:\/\/ajatutaja.com\/wp-content\/uploads\/2021\/11\/Aerosleep-Baby-Protect-podloga-za-zascito-in-proti-potenju.jpg\" \/>\n\t<meta property=\"og:image:width\" content=\"250\" \/>\n\t<meta property=\"og:image:height\" content=\"250\" \/>\n\t<meta property=\"og:image:type\" content=\"image\/jpeg\" \/>\n<meta name=\"twitter:card\" content=\"summary_large_image\" \/>\n<meta name=\"twitter:label1\" content=\"Procijenjeno vrijeme \u010ditanja\" \/>\n\t<meta name=\"twitter:data1\" content=\"1 minuta\" \/>\n<script type=\"application\/ld+json\" class=\"yoast-schema-graph\">{\"@context\":\"https:\\\/\\\/schema.org\",\"@graph\":[{\"@type\":\"WebPage\",\"@id\":\"https:\\\/\\\/ajatutaja.com\\\/izdelek\\\/zracna-podloga-za-otrosko-posteljo-60x120cm\\\/\",\"url\":\"https:\\\/\\\/ajatutaja.com\\\/izdelek\\\/zracna-podloga-za-otrosko-posteljo-60x120cm\\\/\",\"name\":\"Zra\u010dna podloga za otro\u0161ko posteljo 60x120cm | Ajatutaja\",\"isPartOf\":{\"@id\":\"https:\\\/\\\/ajatutaja.com\\\/#website\"},\"primaryImageOfPage\":{\"@id\":\"https:\\\/\\\/ajatutaja.com\\\/izdelek\\\/zracna-podloga-za-otrosko-posteljo-60x120cm\\\/#primaryimage\"},\"image\":{\"@id\":\"https:\\\/\\\/ajatutaja.com\\\/izdelek\\\/zracna-podloga-za-otrosko-posteljo-60x120cm\\\/#primaryimage\"},\"thumbnailUrl\":\"https:\\\/\\\/ajatutaja.com\\\/wp-content\\\/uploads\\\/2021\\\/11\\\/Aerosleep-Baby-Protect-podloga-za-zascito-in-proti-potenju.jpg\",\"datePublished\":\"2016-08-26T14:17:56+00:00\",\"dateModified\":\"2025-03-14T14:45:26+00:00\",\"description\":\"Zahvajujo\u010d izjemni zra\u010dnosti, AEROSLEEP podloga zmanj\u0161uje tveganje za nevarnosti, ki jim je izpostavljen otrok med spanjem.Vodoodporna plast \u0161\u010diti vzmetnico\",\"breadcrumb\":{\"@id\":\"https:\\\/\\\/ajatutaja.com\\\/izdelek\\\/zracna-podloga-za-otrosko-posteljo-60x120cm\\\/#breadcrumb\"},\"inLanguage\":\"hr\",\"potentialAction\":[{\"@type\":\"ReadAction\",\"target\":[\"https:\\\/\\\/ajatutaja.com\\\/izdelek\\\/zracna-podloga-za-otrosko-posteljo-60x120cm\\\/\"]}]},{\"@type\":\"ImageObject\",\"inLanguage\":\"hr\",\"@id\":\"https:\\\/\\\/ajatutaja.com\\\/izdelek\\\/zracna-podloga-za-otrosko-posteljo-60x120cm\\\/#primaryimage\",\"url\":\"https:\\\/\\\/ajatutaja.com\\\/wp-content\\\/uploads\\\/2021\\\/11\\\/Aerosleep-Baby-Protect-podloga-za-zascito-in-proti-potenju.jpg\",\"contentUrl\":\"https:\\\/\\\/ajatutaja.com\\\/wp-content\\\/uploads\\\/2021\\\/11\\\/Aerosleep-Baby-Protect-podloga-za-zascito-in-proti-potenju.jpg\",\"width\":250,\"height\":250},{\"@type\":\"BreadcrumbList\",\"@id\":\"https:\\\/\\\/ajatutaja.com\\\/izdelek\\\/zracna-podloga-za-otrosko-posteljo-60x120cm\\\/#breadcrumb\",\"itemListElement\":[{\"@type\":\"ListItem\",\"position\":1,\"name\":\"Home\",\"item\":\"https:\\\/\\\/ajatutaja.com\\\/hr\\\/\"},{\"@type\":\"ListItem\",\"position\":2,\"name\":\"Trgovina\",\"item\":\"https:\\\/\\\/ajatutaja.com\\\/hr\\\/trgovina\\\/\"},{\"@type\":\"ListItem\",\"position\":3,\"name\":\"Zra\u010dna podloga za otro\u0161ko posteljo 60x120cm\"}]},{\"@type\":\"WebSite\",\"@id\":\"https:\\\/\\\/ajatutaja.com\\\/#website\",\"url\":\"https:\\\/\\\/ajatutaja.com\\\/\",\"name\":\"Ajatutaja\",\"description\":\"Otro\u0161ka spletna trgovina AJATUTAJA\",\"publisher\":{\"@id\":\"https:\\\/\\\/ajatutaja.com\\\/#organization\"},\"potentialAction\":[{\"@type\":\"SearchAction\",\"target\":{\"@type\":\"EntryPoint\",\"urlTemplate\":\"https:\\\/\\\/ajatutaja.com\\\/?s={search_term_string}\"},\"query-input\":{\"@type\":\"PropertyValueSpecification\",\"valueRequired\":true,\"valueName\":\"search_term_string\"}}],\"inLanguage\":\"hr\"},{\"@type\":\"Organization\",\"@id\":\"https:\\\/\\\/ajatutaja.com\\\/#organization\",\"name\":\"Ajatutaja\",\"url\":\"https:\\\/\\\/ajatutaja.com\\\/\",\"logo\":{\"@type\":\"ImageObject\",\"inLanguage\":\"hr\",\"@id\":\"https:\\\/\\\/ajatutaja.com\\\/#\\\/schema\\\/logo\\\/image\\\/\",\"url\":\"https:\\\/\\\/ajatutaja.com\\\/wp-content\\\/uploads\\\/2021\\\/10\\\/logo.png\",\"contentUrl\":\"https:\\\/\\\/ajatutaja.com\\\/wp-content\\\/uploads\\\/2021\\\/10\\\/logo.png\",\"width\":555,\"height\":150,\"caption\":\"Ajatutaja\"},\"image\":{\"@id\":\"https:\\\/\\\/ajatutaja.com\\\/#\\\/schema\\\/logo\\\/image\\\/\"}}]}<\/script>\n<!-- \/ Yoast SEO plugin. -->","yoast_head_json":{"title":"Zra\u010dna podloga za otro\u0161ko posteljo 60x120cm | Ajatutaja","description":"Zahvajujo\u010d izjemni zra\u010dnosti, AEROSLEEP podloga zmanj\u0161uje tveganje za nevarnosti, ki jim je izpostavljen otrok med spanjem.Vodoodporna plast \u0161\u010diti vzmetnico","robots":{"index":"index","follow":"follow","max-snippet":"max-snippet:-1","max-image-preview":"max-image-preview:large","max-video-preview":"max-video-preview:-1"},"canonical":"https:\/\/ajatutaja.com\/izdelek\/zracna-podloga-za-otrosko-posteljo-60x120cm\/","og_locale":"hr_HR","og_type":"article","og_title":"Zra\u010dna podloga za otro\u0161ko posteljo 60x120cm | Ajatutaja","og_description":"Zahvajujo\u010d izjemni zra\u010dnosti, AEROSLEEP podloga zmanj\u0161uje tveganje za nevarnosti, ki jim je izpostavljen otrok med spanjem.Vodoodporna plast \u0161\u010diti vzmetnico","og_url":"https:\/\/ajatutaja.com\/izdelek\/zracna-podloga-za-otrosko-posteljo-60x120cm\/","og_site_name":"Ajatutaja","article_modified_time":"2025-03-14T14:45:26+00:00","og_image":[{"width":250,"height":250,"url":"https:\/\/ajatutaja.com\/wp-content\/uploads\/2021\/11\/Aerosleep-Baby-Protect-podloga-za-zascito-in-proti-potenju.jpg","type":"image\/jpeg"}],"twitter_card":"summary_large_image","twitter_misc":{"Procijenjeno vrijeme \u010ditanja":"1 minuta"},"schema":{"@context":"https:\/\/schema.org","@graph":[{"@type":"WebPage","@id":"https:\/\/ajatutaja.com\/izdelek\/zracna-podloga-za-otrosko-posteljo-60x120cm\/","url":"https:\/\/ajatutaja.com\/izdelek\/zracna-podloga-za-otrosko-posteljo-60x120cm\/","name":"Zra\u010dna podloga za otro\u0161ko posteljo 60x120cm | Ajatutaja","isPartOf":{"@id":"https:\/\/ajatutaja.com\/#website"},"primaryImageOfPage":{"@id":"https:\/\/ajatutaja.com\/izdelek\/zracna-podloga-za-otrosko-posteljo-60x120cm\/#primaryimage"},"image":{"@id":"https:\/\/ajatutaja.com\/izdelek\/zracna-podloga-za-otrosko-posteljo-60x120cm\/#primaryimage"},"thumbnailUrl":"https:\/\/ajatutaja.com\/wp-content\/uploads\/2021\/11\/Aerosleep-Baby-Protect-podloga-za-zascito-in-proti-potenju.jpg","datePublished":"2016-08-26T14:17:56+00:00","dateModified":"2025-03-14T14:45:26+00:00","description":"Zahvajujo\u010d izjemni zra\u010dnosti, AEROSLEEP podloga zmanj\u0161uje tveganje za nevarnosti, ki jim je izpostavljen otrok med spanjem.Vodoodporna plast \u0161\u010diti vzmetnico","breadcrumb":{"@id":"https:\/\/ajatutaja.com\/izdelek\/zracna-podloga-za-otrosko-posteljo-60x120cm\/#breadcrumb"},"inLanguage":"hr","potentialAction":[{"@type":"ReadAction","target":["https:\/\/ajatutaja.com\/izdelek\/zracna-podloga-za-otrosko-posteljo-60x120cm\/"]}]},{"@type":"ImageObject","inLanguage":"hr","@id":"https:\/\/ajatutaja.com\/izdelek\/zracna-podloga-za-otrosko-posteljo-60x120cm\/#primaryimage","url":"https:\/\/ajatutaja.com\/wp-content\/uploads\/2021\/11\/Aerosleep-Baby-Protect-podloga-za-zascito-in-proti-potenju.jpg","contentUrl":"https:\/\/ajatutaja.com\/wp-content\/uploads\/2021\/11\/Aerosleep-Baby-Protect-podloga-za-zascito-in-proti-potenju.jpg","width":250,"height":250},{"@type":"BreadcrumbList","@id":"https:\/\/ajatutaja.com\/izdelek\/zracna-podloga-za-otrosko-posteljo-60x120cm\/#breadcrumb","itemListElement":[{"@type":"ListItem","position":1,"name":"Home","item":"https:\/\/ajatutaja.com\/hr\/"},{"@type":"ListItem","position":2,"name":"Trgovina","item":"https:\/\/ajatutaja.com\/hr\/trgovina\/"},{"@type":"ListItem","position":3,"name":"Zra\u010dna podloga za otro\u0161ko posteljo 60x120cm"}]},{"@type":"WebSite","@id":"https:\/\/ajatutaja.com\/#website","url":"https:\/\/ajatutaja.com\/","name":"Ajatutaja","description":"Otro\u0161ka spletna trgovina AJATUTAJA","publisher":{"@id":"https:\/\/ajatutaja.com\/#organization"},"potentialAction":[{"@type":"SearchAction","target":{"@type":"EntryPoint","urlTemplate":"https:\/\/ajatutaja.com\/?s={search_term_string}"},"query-input":{"@type":"PropertyValueSpecification","valueRequired":true,"valueName":"search_term_string"}}],"inLanguage":"hr"},{"@type":"Organization","@id":"https:\/\/ajatutaja.com\/#organization","name":"Ajatutaja","url":"https:\/\/ajatutaja.com\/","logo":{"@type":"ImageObject","inLanguage":"hr","@id":"https:\/\/ajatutaja.com\/#\/schema\/logo\/image\/","url":"https:\/\/ajatutaja.com\/wp-content\/uploads\/2021\/10\/logo.png","contentUrl":"https:\/\/ajatutaja.com\/wp-content\/uploads\/2021\/10\/logo.png","width":555,"height":150,"caption":"Ajatutaja"},"image":{"@id":"https:\/\/ajatutaja.com\/#\/schema\/logo\/image\/"}}]}},"brands":[{"id":2612,"name":"Aeromoov","slug":"aeromoov-spanje"},{"id":2611,"name":"Spanje","slug":"spanje"}],"_links":{"self":[{"href":"https:\/\/ajatutaja.com\/hr\/wp-json\/wp\/v2\/product\/16350","targetHints":{"allow":["GET"]}}],"collection":[{"href":"https:\/\/ajatutaja.com\/hr\/wp-json\/wp\/v2\/product"}],"about":[{"href":"https:\/\/ajatutaja.com\/hr\/wp-json\/wp\/v2\/types\/product"}],"wp:featuredmedia":[{"embeddable":true,"href":"https:\/\/ajatutaja.com\/hr\/wp-json\/wp\/v2\/media\/16346"}],"wp:attachment":[{"href":"https:\/\/ajatutaja.com\/hr\/wp-json\/wp\/v2\/media?parent=16350"}],"wp:term":[{"taxonomy":"pwb-brand","embeddable":true,"href":"https:\/\/ajatutaja.com\/hr\/wp-json\/wp\/v2\/pwb-brand?post=16350"},{"taxonomy":"product_brand","embeddable":true,"href":"https:\/\/ajatutaja.com\/hr\/wp-json\/wp\/v2\/product_brand?post=16350"},{"taxonomy":"product_cat","embeddable":true,"href":"https:\/\/ajatutaja.com\/hr\/wp-json\/wp\/v2\/product_cat?post=16350"},{"taxonomy":"product_tag","embeddable":true,"href":"https:\/\/ajatutaja.com\/hr\/wp-json\/wp\/v2\/product_tag?post=16350"}],"curies":[{"name":"wp","href":"https:\/\/api.w.org\/{rel}","templated":true}]}}