{"id":16339,"date":"2017-08-30T13:08:40","date_gmt":"2017-08-30T11:08:40","guid":{"rendered":"https:\/\/ajatutaja.com\/izdelek\/blazina-za-dojenje-ergobaby-nursing-pillow-grey\/"},"modified":"2026-03-12T15:33:30","modified_gmt":"2026-03-12T14:33:30","slug":"blazina-za-dojenje-ergobaby-nursing-pillow-grey","status":"publish","type":"product","link":"https:\/\/ajatutaja.com\/hr\/proizvod\/blazina-za-dojenje-ergobaby-nursing-pillow-grey\/","title":{"rendered":"Blazina za dojenje Ergobaby nursing pillow &#8211; Grey"},"content":{"rendered":"<p>[vc_row][vc_column][vc_column_text]<\/p>\n<h3>Blazina za dojenje Ergobaby Nursing Pillow v sivi barvi je:<\/h3>\n<ol>\n<li style=\"text-align: justify\">Edinstveno oblikovana blazina iz spominske pene, ki se popolnoma prilagodi telesu doje\u010de mamice<\/li>\n<li style=\"text-align: justify\">Podpira otrokovo glavo, kar olaj\u0161a dojenje in izbolj\u0161a dojen\u010dkovo prebavo<\/li>\n<li style=\"text-align: justify\">\u00a0Enostavna in pravilna namestitev novorojen\u010dka, kar pripomore k bolj\u0161i dr\u017ei mamice in posledi\u010dno zmanj\u0161a bole\u010dine v hrbtenici zaradi sklanjanja<\/li>\n<li>Z dodanim ledvenim pasom za la\u017ejo uporabo<\/li>\n<li style=\"text-align: justify\">Prevleka blazine je snemljiva in pralna v pralnem stroju<\/li>\n<\/ol>\n<p style=\"text-align: justify\">SUROVINSKA SESTAVA: Blazina &#8211; 100% Poliester \/ Prevleka &#8211; 100% Bomba\u017e<\/p>\n<p>[\/vc_column_text][\/vc_column][\/vc_row]<\/p>\n","protected":false},"excerpt":{"rendered":"<p style=\"text-align: justify\">Blazina za dojenje Ergobaby Nursing Pillow je izdelana iz spominske pene, ki omogo\u010da \u0161e udobnej\u0161e dojenje, saj se prilagodi vsaki postavi. Posebna oblikovana blazina z anstavljivim pasom se lepo prile\u017ee maminim bokom in hrbtenici. Namestitev dojen\u010dka pa je izredno preprosto. Otro\u0161ka glavica je z uporabo blazine Ergobaby blazine pravilno dvignjena, kar novorojen\u010dku olaj\u0161a po\u017eiranje in obenem zmanj\u0161a mo\u017enost polivanja.<\/p>\n","protected":false},"featured_media":16340,"template":"","meta":[],"pwb-brand":[2268,2303],"product_brand":[],"product_cat":[2287,2265],"product_tag":[3973],"class_list":{"0":"post-16339","1":"product","2":"type-product","3":"status-publish","4":"has-post-thumbnail","6":"pwb-brand-dojenje","7":"pwb-brand-ergobaby","8":"product_cat-blazine-za-dojenje","9":"product_cat-dojenje","10":"product_tag-ergobaby","12":"first","13":"outofstock","14":"taxable","15":"shipping-taxable","16":"purchasable","17":"product-type-simple","18":"add-to-wishlist-before_image"},"yoast_head":"<!-- This site is optimized with the Yoast SEO plugin v27.3 - https:\/\/yoast.com\/product\/yoast-seo-wordpress\/ -->\n<title>Blazina za dojenje Ergobaby nursing pillow - Grey | Ajatutaja<\/title>\n<meta name=\"description\" content=\"Blazina za dojenje Ergobaby Nursing Pillow je izdelana iz spominske pene, ki omogo\u010da \u0161e udobnej\u0161e dojenje, saj se lepo prile\u017ee maminim bokom in hrbtenici.\" \/>\n<meta name=\"robots\" content=\"index, follow, max-snippet:-1, max-image-preview:large, max-video-preview:-1\" \/>\n<link rel=\"canonical\" href=\"https:\/\/ajatutaja.com\/izdelek\/blazina-za-dojenje-ergobaby-nursing-pillow-grey\/\" \/>\n<meta property=\"og:locale\" content=\"hr_HR\" \/>\n<meta property=\"og:type\" content=\"article\" \/>\n<meta property=\"og:title\" content=\"Blazina za dojenje Ergobaby nursing pillow - Grey | Ajatutaja\" \/>\n<meta property=\"og:description\" content=\"Blazina za dojenje Ergobaby Nursing Pillow je izdelana iz spominske pene, ki omogo\u010da \u0161e udobnej\u0161e dojenje, saj se lepo prile\u017ee maminim bokom in hrbtenici.\" \/>\n<meta property=\"og:url\" content=\"https:\/\/ajatutaja.com\/izdelek\/blazina-za-dojenje-ergobaby-nursing-pillow-grey\/\" \/>\n<meta property=\"og:site_name\" content=\"Ajatutaja\" \/>\n<meta property=\"article:modified_time\" content=\"2026-03-12T14:33:30+00:00\" \/>\n<meta property=\"og:image\" content=\"https:\/\/ajatutaja.com\/wp-content\/uploads\/2021\/11\/Blazina-za-dojenje-Ergobaby-Nursing-Pillow-lan1-e1527336515900.jpg\" \/>\n\t<meta property=\"og:image:width\" content=\"480\" \/>\n\t<meta property=\"og:image:height\" content=\"480\" \/>\n\t<meta property=\"og:image:type\" content=\"image\/jpeg\" \/>\n<meta name=\"twitter:card\" content=\"summary_large_image\" \/>\n<meta name=\"twitter:label1\" content=\"Procijenjeno vrijeme \u010ditanja\" \/>\n\t<meta name=\"twitter:data1\" content=\"1 minuta\" \/>\n<script type=\"application\/ld+json\" class=\"yoast-schema-graph\">{\"@context\":\"https:\\\/\\\/schema.org\",\"@graph\":[{\"@type\":\"WebPage\",\"@id\":\"https:\\\/\\\/ajatutaja.com\\\/izdelek\\\/blazina-za-dojenje-ergobaby-nursing-pillow-grey\\\/\",\"url\":\"https:\\\/\\\/ajatutaja.com\\\/izdelek\\\/blazina-za-dojenje-ergobaby-nursing-pillow-grey\\\/\",\"name\":\"Blazina za dojenje Ergobaby nursing pillow - Grey | Ajatutaja\",\"isPartOf\":{\"@id\":\"https:\\\/\\\/ajatutaja.com\\\/#website\"},\"primaryImageOfPage\":{\"@id\":\"https:\\\/\\\/ajatutaja.com\\\/izdelek\\\/blazina-za-dojenje-ergobaby-nursing-pillow-grey\\\/#primaryimage\"},\"image\":{\"@id\":\"https:\\\/\\\/ajatutaja.com\\\/izdelek\\\/blazina-za-dojenje-ergobaby-nursing-pillow-grey\\\/#primaryimage\"},\"thumbnailUrl\":\"https:\\\/\\\/ajatutaja.com\\\/wp-content\\\/uploads\\\/2021\\\/11\\\/Blazina-za-dojenje-Ergobaby-Nursing-Pillow-lan1-e1527336515900.jpg\",\"datePublished\":\"2017-08-30T11:08:40+00:00\",\"dateModified\":\"2026-03-12T14:33:30+00:00\",\"description\":\"Blazina za dojenje Ergobaby Nursing Pillow je izdelana iz spominske pene, ki omogo\u010da \u0161e udobnej\u0161e dojenje, saj se lepo prile\u017ee maminim bokom in hrbtenici.\",\"breadcrumb\":{\"@id\":\"https:\\\/\\\/ajatutaja.com\\\/izdelek\\\/blazina-za-dojenje-ergobaby-nursing-pillow-grey\\\/#breadcrumb\"},\"inLanguage\":\"hr\",\"potentialAction\":[{\"@type\":\"ReadAction\",\"target\":[\"https:\\\/\\\/ajatutaja.com\\\/izdelek\\\/blazina-za-dojenje-ergobaby-nursing-pillow-grey\\\/\"]}]},{\"@type\":\"ImageObject\",\"inLanguage\":\"hr\",\"@id\":\"https:\\\/\\\/ajatutaja.com\\\/izdelek\\\/blazina-za-dojenje-ergobaby-nursing-pillow-grey\\\/#primaryimage\",\"url\":\"https:\\\/\\\/ajatutaja.com\\\/wp-content\\\/uploads\\\/2021\\\/11\\\/Blazina-za-dojenje-Ergobaby-Nursing-Pillow-lan1-e1527336515900.jpg\",\"contentUrl\":\"https:\\\/\\\/ajatutaja.com\\\/wp-content\\\/uploads\\\/2021\\\/11\\\/Blazina-za-dojenje-Ergobaby-Nursing-Pillow-lan1-e1527336515900.jpg\",\"width\":480,\"height\":480},{\"@type\":\"BreadcrumbList\",\"@id\":\"https:\\\/\\\/ajatutaja.com\\\/izdelek\\\/blazina-za-dojenje-ergobaby-nursing-pillow-grey\\\/#breadcrumb\",\"itemListElement\":[{\"@type\":\"ListItem\",\"position\":1,\"name\":\"Home\",\"item\":\"https:\\\/\\\/ajatutaja.com\\\/hr\\\/\"},{\"@type\":\"ListItem\",\"position\":2,\"name\":\"Trgovina\",\"item\":\"https:\\\/\\\/ajatutaja.com\\\/hr\\\/trgovina\\\/\"},{\"@type\":\"ListItem\",\"position\":3,\"name\":\"Blazina za dojenje Ergobaby nursing pillow &#8211; Grey\"}]},{\"@type\":\"WebSite\",\"@id\":\"https:\\\/\\\/ajatutaja.com\\\/#website\",\"url\":\"https:\\\/\\\/ajatutaja.com\\\/\",\"name\":\"Ajatutaja\",\"description\":\"Otro\u0161ka spletna trgovina AJATUTAJA\",\"publisher\":{\"@id\":\"https:\\\/\\\/ajatutaja.com\\\/#organization\"},\"potentialAction\":[{\"@type\":\"SearchAction\",\"target\":{\"@type\":\"EntryPoint\",\"urlTemplate\":\"https:\\\/\\\/ajatutaja.com\\\/?s={search_term_string}\"},\"query-input\":{\"@type\":\"PropertyValueSpecification\",\"valueRequired\":true,\"valueName\":\"search_term_string\"}}],\"inLanguage\":\"hr\"},{\"@type\":\"Organization\",\"@id\":\"https:\\\/\\\/ajatutaja.com\\\/#organization\",\"name\":\"Ajatutaja\",\"url\":\"https:\\\/\\\/ajatutaja.com\\\/\",\"logo\":{\"@type\":\"ImageObject\",\"inLanguage\":\"hr\",\"@id\":\"https:\\\/\\\/ajatutaja.com\\\/#\\\/schema\\\/logo\\\/image\\\/\",\"url\":\"https:\\\/\\\/ajatutaja.com\\\/wp-content\\\/uploads\\\/2021\\\/10\\\/logo.png\",\"contentUrl\":\"https:\\\/\\\/ajatutaja.com\\\/wp-content\\\/uploads\\\/2021\\\/10\\\/logo.png\",\"width\":555,\"height\":150,\"caption\":\"Ajatutaja\"},\"image\":{\"@id\":\"https:\\\/\\\/ajatutaja.com\\\/#\\\/schema\\\/logo\\\/image\\\/\"}}]}<\/script>\n<!-- \/ Yoast SEO plugin. -->","yoast_head_json":{"title":"Blazina za dojenje Ergobaby nursing pillow - Grey | Ajatutaja","description":"Blazina za dojenje Ergobaby Nursing Pillow je izdelana iz spominske pene, ki omogo\u010da \u0161e udobnej\u0161e dojenje, saj se lepo prile\u017ee maminim bokom in hrbtenici.","robots":{"index":"index","follow":"follow","max-snippet":"max-snippet:-1","max-image-preview":"max-image-preview:large","max-video-preview":"max-video-preview:-1"},"canonical":"https:\/\/ajatutaja.com\/izdelek\/blazina-za-dojenje-ergobaby-nursing-pillow-grey\/","og_locale":"hr_HR","og_type":"article","og_title":"Blazina za dojenje Ergobaby nursing pillow - Grey | Ajatutaja","og_description":"Blazina za dojenje Ergobaby Nursing Pillow je izdelana iz spominske pene, ki omogo\u010da \u0161e udobnej\u0161e dojenje, saj se lepo prile\u017ee maminim bokom in hrbtenici.","og_url":"https:\/\/ajatutaja.com\/izdelek\/blazina-za-dojenje-ergobaby-nursing-pillow-grey\/","og_site_name":"Ajatutaja","article_modified_time":"2026-03-12T14:33:30+00:00","og_image":[{"width":480,"height":480,"url":"https:\/\/ajatutaja.com\/wp-content\/uploads\/2021\/11\/Blazina-za-dojenje-Ergobaby-Nursing-Pillow-lan1-e1527336515900.jpg","type":"image\/jpeg"}],"twitter_card":"summary_large_image","twitter_misc":{"Procijenjeno vrijeme \u010ditanja":"1 minuta"},"schema":{"@context":"https:\/\/schema.org","@graph":[{"@type":"WebPage","@id":"https:\/\/ajatutaja.com\/izdelek\/blazina-za-dojenje-ergobaby-nursing-pillow-grey\/","url":"https:\/\/ajatutaja.com\/izdelek\/blazina-za-dojenje-ergobaby-nursing-pillow-grey\/","name":"Blazina za dojenje Ergobaby nursing pillow - Grey | Ajatutaja","isPartOf":{"@id":"https:\/\/ajatutaja.com\/#website"},"primaryImageOfPage":{"@id":"https:\/\/ajatutaja.com\/izdelek\/blazina-za-dojenje-ergobaby-nursing-pillow-grey\/#primaryimage"},"image":{"@id":"https:\/\/ajatutaja.com\/izdelek\/blazina-za-dojenje-ergobaby-nursing-pillow-grey\/#primaryimage"},"thumbnailUrl":"https:\/\/ajatutaja.com\/wp-content\/uploads\/2021\/11\/Blazina-za-dojenje-Ergobaby-Nursing-Pillow-lan1-e1527336515900.jpg","datePublished":"2017-08-30T11:08:40+00:00","dateModified":"2026-03-12T14:33:30+00:00","description":"Blazina za dojenje Ergobaby Nursing Pillow je izdelana iz spominske pene, ki omogo\u010da \u0161e udobnej\u0161e dojenje, saj se lepo prile\u017ee maminim bokom in hrbtenici.","breadcrumb":{"@id":"https:\/\/ajatutaja.com\/izdelek\/blazina-za-dojenje-ergobaby-nursing-pillow-grey\/#breadcrumb"},"inLanguage":"hr","potentialAction":[{"@type":"ReadAction","target":["https:\/\/ajatutaja.com\/izdelek\/blazina-za-dojenje-ergobaby-nursing-pillow-grey\/"]}]},{"@type":"ImageObject","inLanguage":"hr","@id":"https:\/\/ajatutaja.com\/izdelek\/blazina-za-dojenje-ergobaby-nursing-pillow-grey\/#primaryimage","url":"https:\/\/ajatutaja.com\/wp-content\/uploads\/2021\/11\/Blazina-za-dojenje-Ergobaby-Nursing-Pillow-lan1-e1527336515900.jpg","contentUrl":"https:\/\/ajatutaja.com\/wp-content\/uploads\/2021\/11\/Blazina-za-dojenje-Ergobaby-Nursing-Pillow-lan1-e1527336515900.jpg","width":480,"height":480},{"@type":"BreadcrumbList","@id":"https:\/\/ajatutaja.com\/izdelek\/blazina-za-dojenje-ergobaby-nursing-pillow-grey\/#breadcrumb","itemListElement":[{"@type":"ListItem","position":1,"name":"Home","item":"https:\/\/ajatutaja.com\/hr\/"},{"@type":"ListItem","position":2,"name":"Trgovina","item":"https:\/\/ajatutaja.com\/hr\/trgovina\/"},{"@type":"ListItem","position":3,"name":"Blazina za dojenje Ergobaby nursing pillow &#8211; Grey"}]},{"@type":"WebSite","@id":"https:\/\/ajatutaja.com\/#website","url":"https:\/\/ajatutaja.com\/","name":"Ajatutaja","description":"Otro\u0161ka spletna trgovina AJATUTAJA","publisher":{"@id":"https:\/\/ajatutaja.com\/#organization"},"potentialAction":[{"@type":"SearchAction","target":{"@type":"EntryPoint","urlTemplate":"https:\/\/ajatutaja.com\/?s={search_term_string}"},"query-input":{"@type":"PropertyValueSpecification","valueRequired":true,"valueName":"search_term_string"}}],"inLanguage":"hr"},{"@type":"Organization","@id":"https:\/\/ajatutaja.com\/#organization","name":"Ajatutaja","url":"https:\/\/ajatutaja.com\/","logo":{"@type":"ImageObject","inLanguage":"hr","@id":"https:\/\/ajatutaja.com\/#\/schema\/logo\/image\/","url":"https:\/\/ajatutaja.com\/wp-content\/uploads\/2021\/10\/logo.png","contentUrl":"https:\/\/ajatutaja.com\/wp-content\/uploads\/2021\/10\/logo.png","width":555,"height":150,"caption":"Ajatutaja"},"image":{"@id":"https:\/\/ajatutaja.com\/#\/schema\/logo\/image\/"}}]}},"brands":[{"id":2268,"name":"Dojenje","slug":"dojenje"},{"id":2303,"name":"Ergobaby","slug":"ergobaby"}],"_links":{"self":[{"href":"https:\/\/ajatutaja.com\/hr\/wp-json\/wp\/v2\/product\/16339","targetHints":{"allow":["GET"]}}],"collection":[{"href":"https:\/\/ajatutaja.com\/hr\/wp-json\/wp\/v2\/product"}],"about":[{"href":"https:\/\/ajatutaja.com\/hr\/wp-json\/wp\/v2\/types\/product"}],"wp:featuredmedia":[{"embeddable":true,"href":"https:\/\/ajatutaja.com\/hr\/wp-json\/wp\/v2\/media\/16340"}],"wp:attachment":[{"href":"https:\/\/ajatutaja.com\/hr\/wp-json\/wp\/v2\/media?parent=16339"}],"wp:term":[{"taxonomy":"pwb-brand","embeddable":true,"href":"https:\/\/ajatutaja.com\/hr\/wp-json\/wp\/v2\/pwb-brand?post=16339"},{"taxonomy":"product_brand","embeddable":true,"href":"https:\/\/ajatutaja.com\/hr\/wp-json\/wp\/v2\/product_brand?post=16339"},{"taxonomy":"product_cat","embeddable":true,"href":"https:\/\/ajatutaja.com\/hr\/wp-json\/wp\/v2\/product_cat?post=16339"},{"taxonomy":"product_tag","embeddable":true,"href":"https:\/\/ajatutaja.com\/hr\/wp-json\/wp\/v2\/product_tag?post=16339"}],"curies":[{"name":"wp","href":"https:\/\/api.w.org\/{rel}","templated":true}]}}