{"id":16314,"date":"2016-04-28T15:38:18","date_gmt":"2016-04-28T13:38:18","guid":{"rendered":"https:\/\/ajatutaja.com\/izdelek\/aquascale-stojalo-za-banjico\/"},"modified":"2026-05-04T13:13:14","modified_gmt":"2026-05-04T11:13:14","slug":"aquascale-stojalo-za-banjico","status":"publish","type":"product","link":"https:\/\/ajatutaja.com\/hr\/proizvod\/aquascale-stojalo-za-banjico\/","title":{"rendered":"AQUASCALE stojalo za banjico"},"content":{"rendered":"<p>[vc_row][vc_column][vc_column_text]Stojalo je kompatibilno z Aquascale banjico &#8211; model V3 (2020), ki se kupi lo\u010deno. Enostavna uporama in hramba, saj se lepo zlo\u017ei.<\/p>\n<p>Dimenzije: 84 cm x 48 cm x 94 cm[\/vc_column_text][\/vc_column][\/vc_row]<\/p>\n","protected":false},"excerpt":{"rendered":"<p style=\"text-align: justify\">S stojalom za banjico AquaScale V3, bo kopanje postalo u\u017eitek tako za mamico, kot za mal\u010dka.<\/p>\n<p style=\"text-align: justify\">Banjico Aquascale v3 ni vklju\u010dena in jo je potrebno kupiti lo\u010deno! AquaScale je prva ve\u010dfunkcionalna otro\u0161ka kad, ki star\u0161em omogo\u010da enostavno tehtanje otroka, medtem ko nenehno spremlja temperaturo vode v \u010dasu kopeli.<\/p>\n","protected":false},"featured_media":16315,"template":"","meta":[],"pwb-brand":[2659,2658],"product_brand":[],"product_cat":[2644,2608],"product_tag":[4054],"class_list":{"0":"post-16314","1":"product","2":"type-product","3":"status-publish","4":"has-post-thumbnail","6":"pwb-brand-aquascale","7":"pwb-brand-nega-in-kopanje","8":"product_cat-banjice-in-stojala","9":"product_cat-nega-in-kopanje","10":"product_tag-aquascale","12":"first","13":"instock","14":"taxable","15":"shipping-taxable","16":"purchasable","17":"product-type-simple","18":"add-to-wishlist-before_image"},"yoast_head":"<!-- This site is optimized with the Yoast SEO plugin v27.3 - https:\/\/yoast.com\/product\/yoast-seo-wordpress\/ -->\n<title>AQUASCALE stojalo za banjico | Ajatutaja<\/title>\n<meta name=\"description\" content=\"S stojalom za banjico AQUASCALE, bo kopanje postalo u\u017eitek tako za mamico, kot za mal\u010dka. Aqua Scale je prva ve\u010dfunkcionalna otro\u0161ka kad, ki star\u0161em omogo\u010da enostavno tehtanje otroka, medtem ko nenehno spremlja temperaturo vode v \u010dasu kopeli. Le-ta se kupi lo\u010deno.\" \/>\n<meta name=\"robots\" content=\"index, follow, max-snippet:-1, max-image-preview:large, max-video-preview:-1\" \/>\n<link rel=\"canonical\" href=\"https:\/\/ajatutaja.com\/izdelek\/aquascale-stojalo-za-banjico\/\" \/>\n<meta property=\"og:locale\" content=\"hr_HR\" \/>\n<meta property=\"og:type\" content=\"article\" \/>\n<meta property=\"og:title\" content=\"AQUASCALE stojalo za banjico | Ajatutaja\" \/>\n<meta property=\"og:description\" content=\"S stojalom za banjico AQUASCALE, bo kopanje postalo u\u017eitek tako za mamico, kot za mal\u010dka. Aqua Scale je prva ve\u010dfunkcionalna otro\u0161ka kad, ki star\u0161em omogo\u010da enostavno tehtanje otroka, medtem ko nenehno spremlja temperaturo vode v \u010dasu kopeli. Le-ta se kupi lo\u010deno.\" \/>\n<meta property=\"og:url\" content=\"https:\/\/ajatutaja.com\/izdelek\/aquascale-stojalo-za-banjico\/\" \/>\n<meta property=\"og:site_name\" content=\"Ajatutaja\" \/>\n<meta property=\"article:modified_time\" content=\"2026-05-04T11:13:14+00:00\" \/>\n<meta property=\"og:image\" content=\"https:\/\/ajatutaja.com\/wp-content\/uploads\/2021\/11\/Aquascale-banjica-stojalo-baby-patent-ajatutaja-1-1.jpg\" \/>\n\t<meta property=\"og:image:width\" content=\"800\" \/>\n\t<meta property=\"og:image:height\" content=\"800\" \/>\n\t<meta property=\"og:image:type\" content=\"image\/jpeg\" \/>\n<meta name=\"twitter:card\" content=\"summary_large_image\" \/>\n<script type=\"application\/ld+json\" class=\"yoast-schema-graph\">{\"@context\":\"https:\\\/\\\/schema.org\",\"@graph\":[{\"@type\":\"WebPage\",\"@id\":\"https:\\\/\\\/ajatutaja.com\\\/izdelek\\\/aquascale-stojalo-za-banjico\\\/\",\"url\":\"https:\\\/\\\/ajatutaja.com\\\/izdelek\\\/aquascale-stojalo-za-banjico\\\/\",\"name\":\"AQUASCALE stojalo za banjico | Ajatutaja\",\"isPartOf\":{\"@id\":\"https:\\\/\\\/ajatutaja.com\\\/#website\"},\"primaryImageOfPage\":{\"@id\":\"https:\\\/\\\/ajatutaja.com\\\/izdelek\\\/aquascale-stojalo-za-banjico\\\/#primaryimage\"},\"image\":{\"@id\":\"https:\\\/\\\/ajatutaja.com\\\/izdelek\\\/aquascale-stojalo-za-banjico\\\/#primaryimage\"},\"thumbnailUrl\":\"https:\\\/\\\/ajatutaja.com\\\/wp-content\\\/uploads\\\/2021\\\/11\\\/Aquascale-banjica-stojalo-baby-patent-ajatutaja-1-1.jpg\",\"datePublished\":\"2016-04-28T13:38:18+00:00\",\"dateModified\":\"2026-05-04T11:13:14+00:00\",\"description\":\"S stojalom za banjico AQUASCALE, bo kopanje postalo u\u017eitek tako za mamico, kot za mal\u010dka. Aqua Scale je prva ve\u010dfunkcionalna otro\u0161ka kad, ki star\u0161em omogo\u010da enostavno tehtanje otroka, medtem ko nenehno spremlja temperaturo vode v \u010dasu kopeli. Le-ta se kupi lo\u010deno.\",\"breadcrumb\":{\"@id\":\"https:\\\/\\\/ajatutaja.com\\\/izdelek\\\/aquascale-stojalo-za-banjico\\\/#breadcrumb\"},\"inLanguage\":\"hr\",\"potentialAction\":[{\"@type\":\"ReadAction\",\"target\":[\"https:\\\/\\\/ajatutaja.com\\\/izdelek\\\/aquascale-stojalo-za-banjico\\\/\"]}]},{\"@type\":\"ImageObject\",\"inLanguage\":\"hr\",\"@id\":\"https:\\\/\\\/ajatutaja.com\\\/izdelek\\\/aquascale-stojalo-za-banjico\\\/#primaryimage\",\"url\":\"https:\\\/\\\/ajatutaja.com\\\/wp-content\\\/uploads\\\/2021\\\/11\\\/Aquascale-banjica-stojalo-baby-patent-ajatutaja-1-1.jpg\",\"contentUrl\":\"https:\\\/\\\/ajatutaja.com\\\/wp-content\\\/uploads\\\/2021\\\/11\\\/Aquascale-banjica-stojalo-baby-patent-ajatutaja-1-1.jpg\",\"width\":800,\"height\":800},{\"@type\":\"BreadcrumbList\",\"@id\":\"https:\\\/\\\/ajatutaja.com\\\/izdelek\\\/aquascale-stojalo-za-banjico\\\/#breadcrumb\",\"itemListElement\":[{\"@type\":\"ListItem\",\"position\":1,\"name\":\"Home\",\"item\":\"https:\\\/\\\/ajatutaja.com\\\/hr\\\/\"},{\"@type\":\"ListItem\",\"position\":2,\"name\":\"Trgovina\",\"item\":\"https:\\\/\\\/ajatutaja.com\\\/hr\\\/trgovina\\\/\"},{\"@type\":\"ListItem\",\"position\":3,\"name\":\"AQUASCALE stojalo za banjico\"}]},{\"@type\":\"WebSite\",\"@id\":\"https:\\\/\\\/ajatutaja.com\\\/#website\",\"url\":\"https:\\\/\\\/ajatutaja.com\\\/\",\"name\":\"Ajatutaja\",\"description\":\"Otro\u0161ka spletna trgovina AJATUTAJA\",\"publisher\":{\"@id\":\"https:\\\/\\\/ajatutaja.com\\\/#organization\"},\"potentialAction\":[{\"@type\":\"SearchAction\",\"target\":{\"@type\":\"EntryPoint\",\"urlTemplate\":\"https:\\\/\\\/ajatutaja.com\\\/?s={search_term_string}\"},\"query-input\":{\"@type\":\"PropertyValueSpecification\",\"valueRequired\":true,\"valueName\":\"search_term_string\"}}],\"inLanguage\":\"hr\"},{\"@type\":\"Organization\",\"@id\":\"https:\\\/\\\/ajatutaja.com\\\/#organization\",\"name\":\"Ajatutaja\",\"url\":\"https:\\\/\\\/ajatutaja.com\\\/\",\"logo\":{\"@type\":\"ImageObject\",\"inLanguage\":\"hr\",\"@id\":\"https:\\\/\\\/ajatutaja.com\\\/#\\\/schema\\\/logo\\\/image\\\/\",\"url\":\"https:\\\/\\\/ajatutaja.com\\\/wp-content\\\/uploads\\\/2021\\\/10\\\/logo.png\",\"contentUrl\":\"https:\\\/\\\/ajatutaja.com\\\/wp-content\\\/uploads\\\/2021\\\/10\\\/logo.png\",\"width\":555,\"height\":150,\"caption\":\"Ajatutaja\"},\"image\":{\"@id\":\"https:\\\/\\\/ajatutaja.com\\\/#\\\/schema\\\/logo\\\/image\\\/\"}}]}<\/script>\n<!-- \/ Yoast SEO plugin. -->","yoast_head_json":{"title":"AQUASCALE stojalo za banjico | Ajatutaja","description":"S stojalom za banjico AQUASCALE, bo kopanje postalo u\u017eitek tako za mamico, kot za mal\u010dka. Aqua Scale je prva ve\u010dfunkcionalna otro\u0161ka kad, ki star\u0161em omogo\u010da enostavno tehtanje otroka, medtem ko nenehno spremlja temperaturo vode v \u010dasu kopeli. Le-ta se kupi lo\u010deno.","robots":{"index":"index","follow":"follow","max-snippet":"max-snippet:-1","max-image-preview":"max-image-preview:large","max-video-preview":"max-video-preview:-1"},"canonical":"https:\/\/ajatutaja.com\/izdelek\/aquascale-stojalo-za-banjico\/","og_locale":"hr_HR","og_type":"article","og_title":"AQUASCALE stojalo za banjico | Ajatutaja","og_description":"S stojalom za banjico AQUASCALE, bo kopanje postalo u\u017eitek tako za mamico, kot za mal\u010dka. Aqua Scale je prva ve\u010dfunkcionalna otro\u0161ka kad, ki star\u0161em omogo\u010da enostavno tehtanje otroka, medtem ko nenehno spremlja temperaturo vode v \u010dasu kopeli. Le-ta se kupi lo\u010deno.","og_url":"https:\/\/ajatutaja.com\/izdelek\/aquascale-stojalo-za-banjico\/","og_site_name":"Ajatutaja","article_modified_time":"2026-05-04T11:13:14+00:00","og_image":[{"width":800,"height":800,"url":"https:\/\/ajatutaja.com\/wp-content\/uploads\/2021\/11\/Aquascale-banjica-stojalo-baby-patent-ajatutaja-1-1.jpg","type":"image\/jpeg"}],"twitter_card":"summary_large_image","schema":{"@context":"https:\/\/schema.org","@graph":[{"@type":"WebPage","@id":"https:\/\/ajatutaja.com\/izdelek\/aquascale-stojalo-za-banjico\/","url":"https:\/\/ajatutaja.com\/izdelek\/aquascale-stojalo-za-banjico\/","name":"AQUASCALE stojalo za banjico | Ajatutaja","isPartOf":{"@id":"https:\/\/ajatutaja.com\/#website"},"primaryImageOfPage":{"@id":"https:\/\/ajatutaja.com\/izdelek\/aquascale-stojalo-za-banjico\/#primaryimage"},"image":{"@id":"https:\/\/ajatutaja.com\/izdelek\/aquascale-stojalo-za-banjico\/#primaryimage"},"thumbnailUrl":"https:\/\/ajatutaja.com\/wp-content\/uploads\/2021\/11\/Aquascale-banjica-stojalo-baby-patent-ajatutaja-1-1.jpg","datePublished":"2016-04-28T13:38:18+00:00","dateModified":"2026-05-04T11:13:14+00:00","description":"S stojalom za banjico AQUASCALE, bo kopanje postalo u\u017eitek tako za mamico, kot za mal\u010dka. Aqua Scale je prva ve\u010dfunkcionalna otro\u0161ka kad, ki star\u0161em omogo\u010da enostavno tehtanje otroka, medtem ko nenehno spremlja temperaturo vode v \u010dasu kopeli. Le-ta se kupi lo\u010deno.","breadcrumb":{"@id":"https:\/\/ajatutaja.com\/izdelek\/aquascale-stojalo-za-banjico\/#breadcrumb"},"inLanguage":"hr","potentialAction":[{"@type":"ReadAction","target":["https:\/\/ajatutaja.com\/izdelek\/aquascale-stojalo-za-banjico\/"]}]},{"@type":"ImageObject","inLanguage":"hr","@id":"https:\/\/ajatutaja.com\/izdelek\/aquascale-stojalo-za-banjico\/#primaryimage","url":"https:\/\/ajatutaja.com\/wp-content\/uploads\/2021\/11\/Aquascale-banjica-stojalo-baby-patent-ajatutaja-1-1.jpg","contentUrl":"https:\/\/ajatutaja.com\/wp-content\/uploads\/2021\/11\/Aquascale-banjica-stojalo-baby-patent-ajatutaja-1-1.jpg","width":800,"height":800},{"@type":"BreadcrumbList","@id":"https:\/\/ajatutaja.com\/izdelek\/aquascale-stojalo-za-banjico\/#breadcrumb","itemListElement":[{"@type":"ListItem","position":1,"name":"Home","item":"https:\/\/ajatutaja.com\/hr\/"},{"@type":"ListItem","position":2,"name":"Trgovina","item":"https:\/\/ajatutaja.com\/hr\/trgovina\/"},{"@type":"ListItem","position":3,"name":"AQUASCALE stojalo za banjico"}]},{"@type":"WebSite","@id":"https:\/\/ajatutaja.com\/#website","url":"https:\/\/ajatutaja.com\/","name":"Ajatutaja","description":"Otro\u0161ka spletna trgovina AJATUTAJA","publisher":{"@id":"https:\/\/ajatutaja.com\/#organization"},"potentialAction":[{"@type":"SearchAction","target":{"@type":"EntryPoint","urlTemplate":"https:\/\/ajatutaja.com\/?s={search_term_string}"},"query-input":{"@type":"PropertyValueSpecification","valueRequired":true,"valueName":"search_term_string"}}],"inLanguage":"hr"},{"@type":"Organization","@id":"https:\/\/ajatutaja.com\/#organization","name":"Ajatutaja","url":"https:\/\/ajatutaja.com\/","logo":{"@type":"ImageObject","inLanguage":"hr","@id":"https:\/\/ajatutaja.com\/#\/schema\/logo\/image\/","url":"https:\/\/ajatutaja.com\/wp-content\/uploads\/2021\/10\/logo.png","contentUrl":"https:\/\/ajatutaja.com\/wp-content\/uploads\/2021\/10\/logo.png","width":555,"height":150,"caption":"Ajatutaja"},"image":{"@id":"https:\/\/ajatutaja.com\/#\/schema\/logo\/image\/"}}]}},"brands":[{"id":2659,"name":"Aquascale","slug":"aquascale"},{"id":2658,"name":"Nega in kopanje","slug":"nega-in-kopanje"}],"_links":{"self":[{"href":"https:\/\/ajatutaja.com\/hr\/wp-json\/wp\/v2\/product\/16314","targetHints":{"allow":["GET"]}}],"collection":[{"href":"https:\/\/ajatutaja.com\/hr\/wp-json\/wp\/v2\/product"}],"about":[{"href":"https:\/\/ajatutaja.com\/hr\/wp-json\/wp\/v2\/types\/product"}],"wp:featuredmedia":[{"embeddable":true,"href":"https:\/\/ajatutaja.com\/hr\/wp-json\/wp\/v2\/media\/16315"}],"wp:attachment":[{"href":"https:\/\/ajatutaja.com\/hr\/wp-json\/wp\/v2\/media?parent=16314"}],"wp:term":[{"taxonomy":"pwb-brand","embeddable":true,"href":"https:\/\/ajatutaja.com\/hr\/wp-json\/wp\/v2\/pwb-brand?post=16314"},{"taxonomy":"product_brand","embeddable":true,"href":"https:\/\/ajatutaja.com\/hr\/wp-json\/wp\/v2\/product_brand?post=16314"},{"taxonomy":"product_cat","embeddable":true,"href":"https:\/\/ajatutaja.com\/hr\/wp-json\/wp\/v2\/product_cat?post=16314"},{"taxonomy":"product_tag","embeddable":true,"href":"https:\/\/ajatutaja.com\/hr\/wp-json\/wp\/v2\/product_tag?post=16314"}],"curies":[{"name":"wp","href":"https:\/\/api.w.org\/{rel}","templated":true}]}}