{"id":16250,"date":"2015-12-14T16:35:11","date_gmt":"2015-12-14T15:35:11","guid":{"rendered":"https:\/\/ajatutaja.com\/izdelek\/magnetni-ribolov-janod\/"},"modified":"2026-04-01T10:55:28","modified_gmt":"2026-04-01T08:55:28","slug":"magnetni-ribolov-janod","status":"publish","type":"product","link":"https:\/\/ajatutaja.com\/hr\/proizvod\/magnetni-ribolov-janod\/","title":{"rendered":"Magnetni ribolov Janod"},"content":{"rendered":"<p>[vc_row][vc_column][vc_column_text]<\/p>\n<p style=\"text-align: justify\">Magnetni ribolov Janod<br \/>\nKon\u010dno je na voljo nekaj mehur\u010dkastih barv za dobro znano igro! Tukaj ribe ujamete s pomo\u010djo magnetkov &#8230;<\/p>\n<p>Svetlo, barvito in dobro poznano igro Ribolov sestavlja 11 lesenih ribic, katere lahko ujamete z uporabo dveh magnetnih ribi\u0161kih palic. Otroci bodo u\u017eivali v lovljenju ribic, hkrati pa razvijali fine motori\u010dne spretnosti ter koordinacijo roke-o\u010di.<\/p>\n<p>Janod igra\u010de so oblikovane v Franciji, izdelava pa je kakovostna, zaradi \u010desar so njihove igra\u010de trpe\u017ene in dolgo obstojne.<\/p>\n<p>LASTNOSTI:<br \/>\n&#8211; velikost ribic: 7cm x 5cm x 1cm<br \/>\n&#8211; velikost palic: 47cm<br \/>\n&#8211; primerno za otroke od 3. leta dalje<\/p>\n<p style=\"text-align: justify\"><b>OPOZORILO:<\/b> Igra\u010da ni primerna za otroke do 3. leta starosti. Majhni delci so nevarni, ker jih otroci lahko vdihnejo ali pogoltnejo. Predno otroku izro\u010dite igra\u010do odstranite embala\u017eo. Shranite informacije za poznej\u0161o rabo.<\/p>\n<p>[\/vc_column_text][\/vc_column][\/vc_row]<\/p>\n","protected":false},"excerpt":{"rendered":"<p style=\"text-align: justify\">Magnetni ribolov je igra, s katero se bodo zabavali stari in mladi. Enajst lesenih ribic je potrebno uloviti s pomo\u010djo dveh lesenih magnetnih ribi\u0161kih palic, zmaga pa tisti, ki ujame ribice z najve\u010djim \u0161tevilom to\u010dk! Zagotovljena zabava za vso dru\u017eino.<\/p>\n<p style=\"text-align: justify\">\n","protected":false},"featured_media":16251,"template":"","meta":[],"pwb-brand":[2452,2455],"product_brand":[],"product_cat":[3992,2441,5072,2610,2716,2450,2451,2362,2448,2443,2447,3985],"product_tag":[3981],"class_list":{"0":"post-16250","1":"product","2":"type-product","3":"status-publish","4":"has-post-thumbnail","6":"pwb-brand-igranje","7":"pwb-brand-janod-igranje","8":"product_cat-3-leta-igrace","9":"product_cat-aktivnostne-igrace","10":"product_cat-bozicna-darila","11":"product_cat-darila","12":"product_cat-darilo-do-30e","13":"product_cat-druzabne-igre","14":"product_cat-igra-na-prostem","15":"product_cat-igranje","16":"product_cat-igranje-vlog","17":"product_cat-lesene-igrace","18":"product_cat-magnetne-igre","19":"product_cat-po-starosti","20":"product_tag-janod","22":"first","23":"instock","24":"taxable","25":"shipping-taxable","26":"purchasable","27":"product-type-simple","28":"add-to-wishlist-before_image"},"yoast_head":"<!-- This site is optimized with the Yoast SEO plugin v27.3 - https:\/\/yoast.com\/product\/yoast-seo-wordpress\/ -->\n<title>Magnetni ribolov Janod | Ajatutaja<\/title>\n<meta name=\"description\" content=\"Kon\u010dno je na voljo nekaj mehur\u010dkastih barv za dobro znano igro! Tukaj ribe ujamete s pomo\u010djo magnetkov na ribicah in dvemi palicami.\" \/>\n<meta name=\"robots\" content=\"index, follow, max-snippet:-1, max-image-preview:large, max-video-preview:-1\" \/>\n<link rel=\"canonical\" href=\"https:\/\/ajatutaja.com\/izdelek\/magnetni-ribolov-janod\/\" \/>\n<meta property=\"og:locale\" content=\"hr_HR\" \/>\n<meta property=\"og:type\" content=\"article\" \/>\n<meta property=\"og:title\" content=\"Magnetni ribolov Janod | Ajatutaja\" \/>\n<meta property=\"og:description\" content=\"Kon\u010dno je na voljo nekaj mehur\u010dkastih barv za dobro znano igro! Tukaj ribe ujamete s pomo\u010djo magnetkov na ribicah in dvemi palicami.\" \/>\n<meta property=\"og:url\" content=\"https:\/\/ajatutaja.com\/izdelek\/magnetni-ribolov-janod\/\" \/>\n<meta property=\"og:site_name\" content=\"Ajatutaja\" \/>\n<meta property=\"article:modified_time\" content=\"2026-04-01T08:55:28+00:00\" \/>\n<meta property=\"og:image\" content=\"https:\/\/ajatutaja.com\/wp-content\/uploads\/2021\/11\/janod-lets-go-fishing-e1618312520469.jpg\" \/>\n\t<meta property=\"og:image:width\" content=\"600\" \/>\n\t<meta property=\"og:image:height\" content=\"600\" \/>\n\t<meta property=\"og:image:type\" content=\"image\/jpeg\" \/>\n<meta name=\"twitter:card\" content=\"summary_large_image\" \/>\n<meta name=\"twitter:label1\" content=\"Procijenjeno vrijeme \u010ditanja\" \/>\n\t<meta name=\"twitter:data1\" content=\"1 minuta\" \/>\n<script type=\"application\/ld+json\" class=\"yoast-schema-graph\">{\"@context\":\"https:\\\/\\\/schema.org\",\"@graph\":[{\"@type\":\"WebPage\",\"@id\":\"https:\\\/\\\/ajatutaja.com\\\/izdelek\\\/magnetni-ribolov-janod\\\/\",\"url\":\"https:\\\/\\\/ajatutaja.com\\\/izdelek\\\/magnetni-ribolov-janod\\\/\",\"name\":\"Magnetni ribolov Janod | Ajatutaja\",\"isPartOf\":{\"@id\":\"https:\\\/\\\/ajatutaja.com\\\/#website\"},\"primaryImageOfPage\":{\"@id\":\"https:\\\/\\\/ajatutaja.com\\\/izdelek\\\/magnetni-ribolov-janod\\\/#primaryimage\"},\"image\":{\"@id\":\"https:\\\/\\\/ajatutaja.com\\\/izdelek\\\/magnetni-ribolov-janod\\\/#primaryimage\"},\"thumbnailUrl\":\"https:\\\/\\\/ajatutaja.com\\\/wp-content\\\/uploads\\\/2021\\\/11\\\/janod-lets-go-fishing-e1618312520469.jpg\",\"datePublished\":\"2015-12-14T15:35:11+00:00\",\"dateModified\":\"2026-04-01T08:55:28+00:00\",\"description\":\"Kon\u010dno je na voljo nekaj mehur\u010dkastih barv za dobro znano igro! Tukaj ribe ujamete s pomo\u010djo magnetkov na ribicah in dvemi palicami.\",\"breadcrumb\":{\"@id\":\"https:\\\/\\\/ajatutaja.com\\\/izdelek\\\/magnetni-ribolov-janod\\\/#breadcrumb\"},\"inLanguage\":\"hr\",\"potentialAction\":[{\"@type\":\"ReadAction\",\"target\":[\"https:\\\/\\\/ajatutaja.com\\\/izdelek\\\/magnetni-ribolov-janod\\\/\"]}]},{\"@type\":\"ImageObject\",\"inLanguage\":\"hr\",\"@id\":\"https:\\\/\\\/ajatutaja.com\\\/izdelek\\\/magnetni-ribolov-janod\\\/#primaryimage\",\"url\":\"https:\\\/\\\/ajatutaja.com\\\/wp-content\\\/uploads\\\/2021\\\/11\\\/janod-lets-go-fishing-e1618312520469.jpg\",\"contentUrl\":\"https:\\\/\\\/ajatutaja.com\\\/wp-content\\\/uploads\\\/2021\\\/11\\\/janod-lets-go-fishing-e1618312520469.jpg\",\"width\":600,\"height\":600},{\"@type\":\"BreadcrumbList\",\"@id\":\"https:\\\/\\\/ajatutaja.com\\\/izdelek\\\/magnetni-ribolov-janod\\\/#breadcrumb\",\"itemListElement\":[{\"@type\":\"ListItem\",\"position\":1,\"name\":\"Home\",\"item\":\"https:\\\/\\\/ajatutaja.com\\\/hr\\\/\"},{\"@type\":\"ListItem\",\"position\":2,\"name\":\"Trgovina\",\"item\":\"https:\\\/\\\/ajatutaja.com\\\/hr\\\/trgovina\\\/\"},{\"@type\":\"ListItem\",\"position\":3,\"name\":\"Magnetni ribolov Janod\"}]},{\"@type\":\"WebSite\",\"@id\":\"https:\\\/\\\/ajatutaja.com\\\/#website\",\"url\":\"https:\\\/\\\/ajatutaja.com\\\/\",\"name\":\"Ajatutaja\",\"description\":\"Otro\u0161ka spletna trgovina AJATUTAJA\",\"publisher\":{\"@id\":\"https:\\\/\\\/ajatutaja.com\\\/#organization\"},\"potentialAction\":[{\"@type\":\"SearchAction\",\"target\":{\"@type\":\"EntryPoint\",\"urlTemplate\":\"https:\\\/\\\/ajatutaja.com\\\/?s={search_term_string}\"},\"query-input\":{\"@type\":\"PropertyValueSpecification\",\"valueRequired\":true,\"valueName\":\"search_term_string\"}}],\"inLanguage\":\"hr\"},{\"@type\":\"Organization\",\"@id\":\"https:\\\/\\\/ajatutaja.com\\\/#organization\",\"name\":\"Ajatutaja\",\"url\":\"https:\\\/\\\/ajatutaja.com\\\/\",\"logo\":{\"@type\":\"ImageObject\",\"inLanguage\":\"hr\",\"@id\":\"https:\\\/\\\/ajatutaja.com\\\/#\\\/schema\\\/logo\\\/image\\\/\",\"url\":\"https:\\\/\\\/ajatutaja.com\\\/wp-content\\\/uploads\\\/2021\\\/10\\\/logo.png\",\"contentUrl\":\"https:\\\/\\\/ajatutaja.com\\\/wp-content\\\/uploads\\\/2021\\\/10\\\/logo.png\",\"width\":555,\"height\":150,\"caption\":\"Ajatutaja\"},\"image\":{\"@id\":\"https:\\\/\\\/ajatutaja.com\\\/#\\\/schema\\\/logo\\\/image\\\/\"}}]}<\/script>\n<!-- \/ Yoast SEO plugin. -->","yoast_head_json":{"title":"Magnetni ribolov Janod | Ajatutaja","description":"Kon\u010dno je na voljo nekaj mehur\u010dkastih barv za dobro znano igro! Tukaj ribe ujamete s pomo\u010djo magnetkov na ribicah in dvemi palicami.","robots":{"index":"index","follow":"follow","max-snippet":"max-snippet:-1","max-image-preview":"max-image-preview:large","max-video-preview":"max-video-preview:-1"},"canonical":"https:\/\/ajatutaja.com\/izdelek\/magnetni-ribolov-janod\/","og_locale":"hr_HR","og_type":"article","og_title":"Magnetni ribolov Janod | Ajatutaja","og_description":"Kon\u010dno je na voljo nekaj mehur\u010dkastih barv za dobro znano igro! Tukaj ribe ujamete s pomo\u010djo magnetkov na ribicah in dvemi palicami.","og_url":"https:\/\/ajatutaja.com\/izdelek\/magnetni-ribolov-janod\/","og_site_name":"Ajatutaja","article_modified_time":"2026-04-01T08:55:28+00:00","og_image":[{"width":600,"height":600,"url":"https:\/\/ajatutaja.com\/wp-content\/uploads\/2021\/11\/janod-lets-go-fishing-e1618312520469.jpg","type":"image\/jpeg"}],"twitter_card":"summary_large_image","twitter_misc":{"Procijenjeno vrijeme \u010ditanja":"1 minuta"},"schema":{"@context":"https:\/\/schema.org","@graph":[{"@type":"WebPage","@id":"https:\/\/ajatutaja.com\/izdelek\/magnetni-ribolov-janod\/","url":"https:\/\/ajatutaja.com\/izdelek\/magnetni-ribolov-janod\/","name":"Magnetni ribolov Janod | Ajatutaja","isPartOf":{"@id":"https:\/\/ajatutaja.com\/#website"},"primaryImageOfPage":{"@id":"https:\/\/ajatutaja.com\/izdelek\/magnetni-ribolov-janod\/#primaryimage"},"image":{"@id":"https:\/\/ajatutaja.com\/izdelek\/magnetni-ribolov-janod\/#primaryimage"},"thumbnailUrl":"https:\/\/ajatutaja.com\/wp-content\/uploads\/2021\/11\/janod-lets-go-fishing-e1618312520469.jpg","datePublished":"2015-12-14T15:35:11+00:00","dateModified":"2026-04-01T08:55:28+00:00","description":"Kon\u010dno je na voljo nekaj mehur\u010dkastih barv za dobro znano igro! Tukaj ribe ujamete s pomo\u010djo magnetkov na ribicah in dvemi palicami.","breadcrumb":{"@id":"https:\/\/ajatutaja.com\/izdelek\/magnetni-ribolov-janod\/#breadcrumb"},"inLanguage":"hr","potentialAction":[{"@type":"ReadAction","target":["https:\/\/ajatutaja.com\/izdelek\/magnetni-ribolov-janod\/"]}]},{"@type":"ImageObject","inLanguage":"hr","@id":"https:\/\/ajatutaja.com\/izdelek\/magnetni-ribolov-janod\/#primaryimage","url":"https:\/\/ajatutaja.com\/wp-content\/uploads\/2021\/11\/janod-lets-go-fishing-e1618312520469.jpg","contentUrl":"https:\/\/ajatutaja.com\/wp-content\/uploads\/2021\/11\/janod-lets-go-fishing-e1618312520469.jpg","width":600,"height":600},{"@type":"BreadcrumbList","@id":"https:\/\/ajatutaja.com\/izdelek\/magnetni-ribolov-janod\/#breadcrumb","itemListElement":[{"@type":"ListItem","position":1,"name":"Home","item":"https:\/\/ajatutaja.com\/hr\/"},{"@type":"ListItem","position":2,"name":"Trgovina","item":"https:\/\/ajatutaja.com\/hr\/trgovina\/"},{"@type":"ListItem","position":3,"name":"Magnetni ribolov Janod"}]},{"@type":"WebSite","@id":"https:\/\/ajatutaja.com\/#website","url":"https:\/\/ajatutaja.com\/","name":"Ajatutaja","description":"Otro\u0161ka spletna trgovina AJATUTAJA","publisher":{"@id":"https:\/\/ajatutaja.com\/#organization"},"potentialAction":[{"@type":"SearchAction","target":{"@type":"EntryPoint","urlTemplate":"https:\/\/ajatutaja.com\/?s={search_term_string}"},"query-input":{"@type":"PropertyValueSpecification","valueRequired":true,"valueName":"search_term_string"}}],"inLanguage":"hr"},{"@type":"Organization","@id":"https:\/\/ajatutaja.com\/#organization","name":"Ajatutaja","url":"https:\/\/ajatutaja.com\/","logo":{"@type":"ImageObject","inLanguage":"hr","@id":"https:\/\/ajatutaja.com\/#\/schema\/logo\/image\/","url":"https:\/\/ajatutaja.com\/wp-content\/uploads\/2021\/10\/logo.png","contentUrl":"https:\/\/ajatutaja.com\/wp-content\/uploads\/2021\/10\/logo.png","width":555,"height":150,"caption":"Ajatutaja"},"image":{"@id":"https:\/\/ajatutaja.com\/#\/schema\/logo\/image\/"}}]}},"brands":[{"id":2452,"name":"Igranje","slug":"igranje"},{"id":2455,"name":"Janod","slug":"janod-igranje"}],"_links":{"self":[{"href":"https:\/\/ajatutaja.com\/hr\/wp-json\/wp\/v2\/product\/16250","targetHints":{"allow":["GET"]}}],"collection":[{"href":"https:\/\/ajatutaja.com\/hr\/wp-json\/wp\/v2\/product"}],"about":[{"href":"https:\/\/ajatutaja.com\/hr\/wp-json\/wp\/v2\/types\/product"}],"wp:featuredmedia":[{"embeddable":true,"href":"https:\/\/ajatutaja.com\/hr\/wp-json\/wp\/v2\/media\/16251"}],"wp:attachment":[{"href":"https:\/\/ajatutaja.com\/hr\/wp-json\/wp\/v2\/media?parent=16250"}],"wp:term":[{"taxonomy":"pwb-brand","embeddable":true,"href":"https:\/\/ajatutaja.com\/hr\/wp-json\/wp\/v2\/pwb-brand?post=16250"},{"taxonomy":"product_brand","embeddable":true,"href":"https:\/\/ajatutaja.com\/hr\/wp-json\/wp\/v2\/product_brand?post=16250"},{"taxonomy":"product_cat","embeddable":true,"href":"https:\/\/ajatutaja.com\/hr\/wp-json\/wp\/v2\/product_cat?post=16250"},{"taxonomy":"product_tag","embeddable":true,"href":"https:\/\/ajatutaja.com\/hr\/wp-json\/wp\/v2\/product_tag?post=16250"}],"curies":[{"name":"wp","href":"https:\/\/api.w.org\/{rel}","templated":true}]}}