{"id":16189,"date":"2015-09-24T13:21:16","date_gmt":"2015-09-24T11:21:16","guid":{"rendered":"https:\/\/ajatutaja.com\/izdelek\/nosni-aspirator-nosefrida\/"},"modified":"2026-03-04T12:35:48","modified_gmt":"2026-03-04T11:35:48","slug":"nosni-aspirator-nosefrida","status":"publish","type":"product","link":"https:\/\/ajatutaja.com\/hr\/proizvod\/nosni-aspirator-nosefrida\/","title":{"rendered":"FridaBaby\u00ae Nosni aspirator NoseFrida"},"content":{"rendered":"<p>[vc_row][vc_column][vc_column_text]<\/p>\n<div class=\"span9\">\n<p><strong>Klju\u010dne lastnosti nosnega aspiratorja NoseFrida:<\/strong><\/p>\n<ul>\n<li>Filtri za enkratno uporabo klini\u010dno dokazano prepre\u010dujejo prenos mikrobov med \u010di\u0161\u010denjem<\/li>\n<li>Udoben in neinvaziven postopek<\/li>\n<li>Mo\u017enost pranja v pomivalnem stroju<\/li>\n<li>Narejeno na \u0160vedskem, brez BPA<\/li>\n<\/ul>\n<p><strong>Paket vsebuje:<\/strong><\/p>\n<ul>\n<li>1 nosni aspirator<\/li>\n<li>4 filtri za enkratno uporabo<\/li>\n<\/ul>\n<p><strong><u>NAVODILA ZA PRAVILNO UPORABO Nosefrida \u00ae<br \/>\n<\/u><\/strong><\/p>\n<ol>\n<li>Higieni\u010den filter more biti name\u0161\u010den, da prepre\u010di vnos sluzi in bakterij v usta.<\/li>\n<li>Ne\u017eno namestite tubo v otrokov nos.<\/li>\n<li>Uporabite rde\u010di nastavek za usta in ne\u017eno povlecite sluz iz nosa. Nasvet: tubo ne\u017eno kro\u017eno vrtite in sli\u0161ali in videli boste, kako prihja sluz iz nosa. Nekaj kapljic fiziolo\u0161ke raztopine v vsako nosnico bo pomagalo stopiti trdo sluz in Nosefrida bo bolj u\u010dinkovita.<\/li>\n<li>Pri \u010di\u0161\u010denju odstranite vsak del posebej. Vse dele lahko sperete s toplo vodo in detergentom za pranje posode, razen dolge tanke cevke. Le to lahko sperete z nekaj kapljicami medicinskega alkohola in pustite da se posu\u0161i.<\/li>\n<\/ol>\n<p><strong><u>OPOZORILA<\/u><br \/>\n<\/strong><\/p>\n<ul>\n<li>Nosefrida ni igra\u010da \u2013 shranjujte izven dosega otroka.<\/li>\n<li>Nosefrido uporabljajte le za \u010di\u0161\u010denje otrokovega nosu.<\/li>\n<li>Ne pihajte zraka v rde\u010d ustnik, ko je tuba name\u0161\u010dena v otrokov nos.<\/li>\n<li>Nikoli ne priklopite Nosefride na katero od mehanskih naprav.<\/li>\n<\/ul>\n<\/div>\n<div class=\"span9\"><\/div>\n<p>[\/vc_column_text][\/vc_column][\/vc_row]<\/p>\n","protected":false},"excerpt":{"rendered":"<p>FridaBaby otro\u0161ki nosni aspirator NoseFrida je odli\u010dna re\u0161itev za zama\u0161ene noske va\u0161ih mal\u010dkov (tudi novorojen\u010dkov). To je nepogre\u0161ljiv pripomo\u010dek s katerim star\u0161i s pomo\u010djo lastnega sesanja, varno in u\u010dinkovito o\u010distijo zama\u0161en nos. NoseFrida\u00ae je originalen in patentirani \u0161vedski proizvod, testiran s strani otorinolaringologov ter pediatrov.<\/p>\n<p style=\"text-align: justify\">Z uporabo NoseFrida\u00ae aspiratorja svojemu otroku pomagate, da bo la\u017eje dihal, jedel in spal.<\/p>\n<p style=\"text-align: justify\">\n","protected":false},"featured_media":54666,"template":"","meta":[],"pwb-brand":[2666,2658],"product_brand":[],"product_cat":[2608,2647],"product_tag":[4496,4239],"class_list":{"0":"post-16189","1":"product","2":"type-product","3":"status-publish","4":"has-post-thumbnail","6":"pwb-brand-frida-nega-in-kopanje","7":"pwb-brand-nega-in-kopanje","8":"product_cat-nega-in-kopanje","9":"product_cat-pripomocki-za-nego-kopanje","10":"product_tag-fridababy","11":"product_tag-nosefrida","13":"first","14":"instock","15":"taxable","16":"shipping-taxable","17":"purchasable","18":"product-type-simple","19":"add-to-wishlist-before_image"},"yoast_head":"<!-- This site is optimized with the Yoast SEO plugin v27.3 - https:\/\/yoast.com\/product\/yoast-seo-wordpress\/ -->\n<title>FridaBaby\u00ae Nosni aspirator NoseFrida | Ajatutaja<\/title>\n<meta name=\"description\" content=\"NoseFrida \u00ae nosni aspirator je prakti\u010den pripomo\u010dek za \u010di\u0161\u010denje noska. Originalen \u0161vedski proizvod, testiran s strani otorinolaringologov ter pediatrov.\" \/>\n<meta name=\"robots\" content=\"index, follow, max-snippet:-1, max-image-preview:large, max-video-preview:-1\" \/>\n<link rel=\"canonical\" href=\"https:\/\/ajatutaja.com\/izdelek\/nosni-aspirator-nosefrida\/\" \/>\n<meta property=\"og:locale\" content=\"hr_HR\" \/>\n<meta property=\"og:type\" content=\"article\" \/>\n<meta property=\"og:title\" content=\"FridaBaby\u00ae Nosni aspirator NoseFrida | Ajatutaja\" \/>\n<meta property=\"og:description\" content=\"NoseFrida \u00ae nosni aspirator je prakti\u010den pripomo\u010dek za \u010di\u0161\u010denje noska. Originalen \u0161vedski proizvod, testiran s strani otorinolaringologov ter pediatrov.\" \/>\n<meta property=\"og:url\" content=\"https:\/\/ajatutaja.com\/izdelek\/nosni-aspirator-nosefrida\/\" \/>\n<meta property=\"og:site_name\" content=\"Ajatutaja\" \/>\n<meta property=\"article:modified_time\" content=\"2026-03-04T11:35:48+00:00\" \/>\n<meta property=\"og:image\" content=\"https:\/\/ajatutaja.com\/wp-content\/uploads\/2015\/09\/Nose-Frida.jpg\" \/>\n\t<meta property=\"og:image:width\" content=\"1000\" \/>\n\t<meta property=\"og:image:height\" content=\"1000\" \/>\n\t<meta property=\"og:image:type\" content=\"image\/jpeg\" \/>\n<meta name=\"twitter:card\" content=\"summary_large_image\" \/>\n<meta name=\"twitter:label1\" content=\"Procijenjeno vrijeme \u010ditanja\" \/>\n\t<meta name=\"twitter:data1\" content=\"1 minuta\" \/>\n<script type=\"application\/ld+json\" class=\"yoast-schema-graph\">{\"@context\":\"https:\\\/\\\/schema.org\",\"@graph\":[{\"@type\":\"WebPage\",\"@id\":\"https:\\\/\\\/ajatutaja.com\\\/izdelek\\\/nosni-aspirator-nosefrida\\\/\",\"url\":\"https:\\\/\\\/ajatutaja.com\\\/izdelek\\\/nosni-aspirator-nosefrida\\\/\",\"name\":\"FridaBaby\u00ae Nosni aspirator NoseFrida | Ajatutaja\",\"isPartOf\":{\"@id\":\"https:\\\/\\\/ajatutaja.com\\\/#website\"},\"primaryImageOfPage\":{\"@id\":\"https:\\\/\\\/ajatutaja.com\\\/izdelek\\\/nosni-aspirator-nosefrida\\\/#primaryimage\"},\"image\":{\"@id\":\"https:\\\/\\\/ajatutaja.com\\\/izdelek\\\/nosni-aspirator-nosefrida\\\/#primaryimage\"},\"thumbnailUrl\":\"https:\\\/\\\/ajatutaja.com\\\/wp-content\\\/uploads\\\/2015\\\/09\\\/Nose-Frida.jpg\",\"datePublished\":\"2015-09-24T11:21:16+00:00\",\"dateModified\":\"2026-03-04T11:35:48+00:00\",\"description\":\"NoseFrida \u00ae nosni aspirator je prakti\u010den pripomo\u010dek za \u010di\u0161\u010denje noska. Originalen \u0161vedski proizvod, testiran s strani otorinolaringologov ter pediatrov.\",\"breadcrumb\":{\"@id\":\"https:\\\/\\\/ajatutaja.com\\\/izdelek\\\/nosni-aspirator-nosefrida\\\/#breadcrumb\"},\"inLanguage\":\"hr\",\"potentialAction\":[{\"@type\":\"ReadAction\",\"target\":[\"https:\\\/\\\/ajatutaja.com\\\/izdelek\\\/nosni-aspirator-nosefrida\\\/\"]}]},{\"@type\":\"ImageObject\",\"inLanguage\":\"hr\",\"@id\":\"https:\\\/\\\/ajatutaja.com\\\/izdelek\\\/nosni-aspirator-nosefrida\\\/#primaryimage\",\"url\":\"https:\\\/\\\/ajatutaja.com\\\/wp-content\\\/uploads\\\/2015\\\/09\\\/Nose-Frida.jpg\",\"contentUrl\":\"https:\\\/\\\/ajatutaja.com\\\/wp-content\\\/uploads\\\/2015\\\/09\\\/Nose-Frida.jpg\",\"width\":1000,\"height\":1000},{\"@type\":\"BreadcrumbList\",\"@id\":\"https:\\\/\\\/ajatutaja.com\\\/izdelek\\\/nosni-aspirator-nosefrida\\\/#breadcrumb\",\"itemListElement\":[{\"@type\":\"ListItem\",\"position\":1,\"name\":\"Home\",\"item\":\"https:\\\/\\\/ajatutaja.com\\\/hr\\\/\"},{\"@type\":\"ListItem\",\"position\":2,\"name\":\"Trgovina\",\"item\":\"https:\\\/\\\/ajatutaja.com\\\/hr\\\/trgovina\\\/\"},{\"@type\":\"ListItem\",\"position\":3,\"name\":\"FridaBaby\u00ae Nosni aspirator NoseFrida\"}]},{\"@type\":\"WebSite\",\"@id\":\"https:\\\/\\\/ajatutaja.com\\\/#website\",\"url\":\"https:\\\/\\\/ajatutaja.com\\\/\",\"name\":\"Ajatutaja\",\"description\":\"Otro\u0161ka spletna trgovina AJATUTAJA\",\"publisher\":{\"@id\":\"https:\\\/\\\/ajatutaja.com\\\/#organization\"},\"potentialAction\":[{\"@type\":\"SearchAction\",\"target\":{\"@type\":\"EntryPoint\",\"urlTemplate\":\"https:\\\/\\\/ajatutaja.com\\\/?s={search_term_string}\"},\"query-input\":{\"@type\":\"PropertyValueSpecification\",\"valueRequired\":true,\"valueName\":\"search_term_string\"}}],\"inLanguage\":\"hr\"},{\"@type\":\"Organization\",\"@id\":\"https:\\\/\\\/ajatutaja.com\\\/#organization\",\"name\":\"Ajatutaja\",\"url\":\"https:\\\/\\\/ajatutaja.com\\\/\",\"logo\":{\"@type\":\"ImageObject\",\"inLanguage\":\"hr\",\"@id\":\"https:\\\/\\\/ajatutaja.com\\\/#\\\/schema\\\/logo\\\/image\\\/\",\"url\":\"https:\\\/\\\/ajatutaja.com\\\/wp-content\\\/uploads\\\/2021\\\/10\\\/logo.png\",\"contentUrl\":\"https:\\\/\\\/ajatutaja.com\\\/wp-content\\\/uploads\\\/2021\\\/10\\\/logo.png\",\"width\":555,\"height\":150,\"caption\":\"Ajatutaja\"},\"image\":{\"@id\":\"https:\\\/\\\/ajatutaja.com\\\/#\\\/schema\\\/logo\\\/image\\\/\"}}]}<\/script>\n<!-- \/ Yoast SEO plugin. -->","yoast_head_json":{"title":"FridaBaby\u00ae Nosni aspirator NoseFrida | Ajatutaja","description":"NoseFrida \u00ae nosni aspirator je prakti\u010den pripomo\u010dek za \u010di\u0161\u010denje noska. Originalen \u0161vedski proizvod, testiran s strani otorinolaringologov ter pediatrov.","robots":{"index":"index","follow":"follow","max-snippet":"max-snippet:-1","max-image-preview":"max-image-preview:large","max-video-preview":"max-video-preview:-1"},"canonical":"https:\/\/ajatutaja.com\/izdelek\/nosni-aspirator-nosefrida\/","og_locale":"hr_HR","og_type":"article","og_title":"FridaBaby\u00ae Nosni aspirator NoseFrida | Ajatutaja","og_description":"NoseFrida \u00ae nosni aspirator je prakti\u010den pripomo\u010dek za \u010di\u0161\u010denje noska. Originalen \u0161vedski proizvod, testiran s strani otorinolaringologov ter pediatrov.","og_url":"https:\/\/ajatutaja.com\/izdelek\/nosni-aspirator-nosefrida\/","og_site_name":"Ajatutaja","article_modified_time":"2026-03-04T11:35:48+00:00","og_image":[{"width":1000,"height":1000,"url":"https:\/\/ajatutaja.com\/wp-content\/uploads\/2015\/09\/Nose-Frida.jpg","type":"image\/jpeg"}],"twitter_card":"summary_large_image","twitter_misc":{"Procijenjeno vrijeme \u010ditanja":"1 minuta"},"schema":{"@context":"https:\/\/schema.org","@graph":[{"@type":"WebPage","@id":"https:\/\/ajatutaja.com\/izdelek\/nosni-aspirator-nosefrida\/","url":"https:\/\/ajatutaja.com\/izdelek\/nosni-aspirator-nosefrida\/","name":"FridaBaby\u00ae Nosni aspirator NoseFrida | Ajatutaja","isPartOf":{"@id":"https:\/\/ajatutaja.com\/#website"},"primaryImageOfPage":{"@id":"https:\/\/ajatutaja.com\/izdelek\/nosni-aspirator-nosefrida\/#primaryimage"},"image":{"@id":"https:\/\/ajatutaja.com\/izdelek\/nosni-aspirator-nosefrida\/#primaryimage"},"thumbnailUrl":"https:\/\/ajatutaja.com\/wp-content\/uploads\/2015\/09\/Nose-Frida.jpg","datePublished":"2015-09-24T11:21:16+00:00","dateModified":"2026-03-04T11:35:48+00:00","description":"NoseFrida \u00ae nosni aspirator je prakti\u010den pripomo\u010dek za \u010di\u0161\u010denje noska. Originalen \u0161vedski proizvod, testiran s strani otorinolaringologov ter pediatrov.","breadcrumb":{"@id":"https:\/\/ajatutaja.com\/izdelek\/nosni-aspirator-nosefrida\/#breadcrumb"},"inLanguage":"hr","potentialAction":[{"@type":"ReadAction","target":["https:\/\/ajatutaja.com\/izdelek\/nosni-aspirator-nosefrida\/"]}]},{"@type":"ImageObject","inLanguage":"hr","@id":"https:\/\/ajatutaja.com\/izdelek\/nosni-aspirator-nosefrida\/#primaryimage","url":"https:\/\/ajatutaja.com\/wp-content\/uploads\/2015\/09\/Nose-Frida.jpg","contentUrl":"https:\/\/ajatutaja.com\/wp-content\/uploads\/2015\/09\/Nose-Frida.jpg","width":1000,"height":1000},{"@type":"BreadcrumbList","@id":"https:\/\/ajatutaja.com\/izdelek\/nosni-aspirator-nosefrida\/#breadcrumb","itemListElement":[{"@type":"ListItem","position":1,"name":"Home","item":"https:\/\/ajatutaja.com\/hr\/"},{"@type":"ListItem","position":2,"name":"Trgovina","item":"https:\/\/ajatutaja.com\/hr\/trgovina\/"},{"@type":"ListItem","position":3,"name":"FridaBaby\u00ae Nosni aspirator NoseFrida"}]},{"@type":"WebSite","@id":"https:\/\/ajatutaja.com\/#website","url":"https:\/\/ajatutaja.com\/","name":"Ajatutaja","description":"Otro\u0161ka spletna trgovina AJATUTAJA","publisher":{"@id":"https:\/\/ajatutaja.com\/#organization"},"potentialAction":[{"@type":"SearchAction","target":{"@type":"EntryPoint","urlTemplate":"https:\/\/ajatutaja.com\/?s={search_term_string}"},"query-input":{"@type":"PropertyValueSpecification","valueRequired":true,"valueName":"search_term_string"}}],"inLanguage":"hr"},{"@type":"Organization","@id":"https:\/\/ajatutaja.com\/#organization","name":"Ajatutaja","url":"https:\/\/ajatutaja.com\/","logo":{"@type":"ImageObject","inLanguage":"hr","@id":"https:\/\/ajatutaja.com\/#\/schema\/logo\/image\/","url":"https:\/\/ajatutaja.com\/wp-content\/uploads\/2021\/10\/logo.png","contentUrl":"https:\/\/ajatutaja.com\/wp-content\/uploads\/2021\/10\/logo.png","width":555,"height":150,"caption":"Ajatutaja"},"image":{"@id":"https:\/\/ajatutaja.com\/#\/schema\/logo\/image\/"}}]}},"brands":[{"id":2666,"name":"Frida Baby","slug":"frida-nega-in-kopanje"},{"id":2658,"name":"Nega in kopanje","slug":"nega-in-kopanje"}],"_links":{"self":[{"href":"https:\/\/ajatutaja.com\/hr\/wp-json\/wp\/v2\/product\/16189","targetHints":{"allow":["GET"]}}],"collection":[{"href":"https:\/\/ajatutaja.com\/hr\/wp-json\/wp\/v2\/product"}],"about":[{"href":"https:\/\/ajatutaja.com\/hr\/wp-json\/wp\/v2\/types\/product"}],"wp:featuredmedia":[{"embeddable":true,"href":"https:\/\/ajatutaja.com\/hr\/wp-json\/wp\/v2\/media\/54666"}],"wp:attachment":[{"href":"https:\/\/ajatutaja.com\/hr\/wp-json\/wp\/v2\/media?parent=16189"}],"wp:term":[{"taxonomy":"pwb-brand","embeddable":true,"href":"https:\/\/ajatutaja.com\/hr\/wp-json\/wp\/v2\/pwb-brand?post=16189"},{"taxonomy":"product_brand","embeddable":true,"href":"https:\/\/ajatutaja.com\/hr\/wp-json\/wp\/v2\/product_brand?post=16189"},{"taxonomy":"product_cat","embeddable":true,"href":"https:\/\/ajatutaja.com\/hr\/wp-json\/wp\/v2\/product_cat?post=16189"},{"taxonomy":"product_tag","embeddable":true,"href":"https:\/\/ajatutaja.com\/hr\/wp-json\/wp\/v2\/product_tag?post=16189"}],"curies":[{"name":"wp","href":"https:\/\/api.w.org\/{rel}","templated":true}]}}