{"id":16186,"date":"2015-09-19T20:38:58","date_gmt":"2015-09-19T18:38:58","guid":{"rendered":"https:\/\/ajatutaja.com\/izdelek\/pralne-blazinice-za-dojenje-iz-organskega-bombaza\/"},"modified":"2026-03-04T12:46:00","modified_gmt":"2026-03-04T11:46:00","slug":"pralne-blazinice-za-dojenje-iz-organskega-bombaza","status":"publish","type":"product","link":"https:\/\/ajatutaja.com\/hr\/proizvod\/pralne-blazinice-za-dojenje-iz-organskega-bombaza\/","title":{"rendered":"Pralne blazinice za dojenje iz organskega bomba\u017ea"},"content":{"rendered":"<p>Pralne blazinice za dojenje iz organskega bomba\u017ea so pospravljene v bomba\u017eno torbico. 6 kosov v kompletu.<\/p>\n<p>Surovinska sestava: 100% bomba\u017e<\/p>\n","protected":false},"excerpt":{"rendered":"<p style=\"text-align: justify\">Doje\u010de mamice porabijo ogromno prsnih blazinic za enkratno uporabo. To je velik finan\u010dni stro\u0161ek in breme za na\u0161e okolje. Odli\u010dna alternativa so blazinice za dojenje, ki se lahko operejo in ponovno uporabijo!<\/p>\n<p style=\"text-align: justify\">Blazinice so izdelane iz \u010distega organskega bomba\u017ea. Ob uporabi dajejo prijeten ob\u010dutek sve\u017eine in so zelo opojne. Blazinice so za ve\u010dkrtano uporabo in so pralne.<\/p>\n<p style=\"text-align: justify\">V priro\u010dni vre\u010dki je 6 kosov.<\/p>\n","protected":false},"featured_media":16187,"template":"","meta":[],"pwb-brand":[2295,2268],"product_brand":[],"product_cat":[2265,2288],"product_tag":[4027],"class_list":{"0":"post-16186","1":"product","2":"type-product","3":"status-publish","4":"has-post-thumbnail","6":"pwb-brand-anita-maternity-dojenje","7":"pwb-brand-dojenje","8":"product_cat-dojenje","9":"product_cat-pripomocki-za-dojenje","10":"product_tag-anita-maternity","12":"first","13":"instock","14":"taxable","15":"shipping-taxable","16":"purchasable","17":"product-type-simple","18":"add-to-wishlist-before_image"},"yoast_head":"<!-- This site is optimized with the Yoast SEO plugin v27.3 - https:\/\/yoast.com\/product\/yoast-seo-wordpress\/ -->\n<title>Pralne blazinice za dojenje iz organskega bomba\u017ea | Ajatutaja<\/title>\n<meta name=\"description\" content=\"Pralne blazinice za dojenje so izdelane iz \u010distega organskega bomba\u017ea. Ob uporabi dajejo prijeten ob\u010dutek sve\u017eine in so zelo opojne.\" \/>\n<meta name=\"robots\" content=\"index, follow, max-snippet:-1, max-image-preview:large, max-video-preview:-1\" \/>\n<link rel=\"canonical\" href=\"https:\/\/ajatutaja.com\/izdelek\/pralne-blazinice-za-dojenje-iz-organskega-bombaza\/\" \/>\n<meta property=\"og:locale\" content=\"hr_HR\" \/>\n<meta property=\"og:type\" content=\"article\" \/>\n<meta property=\"og:title\" content=\"Pralne blazinice za dojenje iz organskega bomba\u017ea | Ajatutaja\" \/>\n<meta property=\"og:description\" content=\"Pralne blazinice za dojenje so izdelane iz \u010distega organskega bomba\u017ea. Ob uporabi dajejo prijeten ob\u010dutek sve\u017eine in so zelo opojne.\" \/>\n<meta property=\"og:url\" content=\"https:\/\/ajatutaja.com\/izdelek\/pralne-blazinice-za-dojenje-iz-organskega-bombaza\/\" \/>\n<meta property=\"og:site_name\" content=\"Ajatutaja\" \/>\n<meta property=\"article:modified_time\" content=\"2026-03-04T11:46:00+00:00\" \/>\n<meta property=\"og:image\" content=\"https:\/\/ajatutaja.com\/wp-content\/uploads\/2021\/11\/5006_002_01.jpg\" \/>\n\t<meta property=\"og:image:width\" content=\"600\" \/>\n\t<meta property=\"og:image:height\" content=\"600\" \/>\n\t<meta property=\"og:image:type\" content=\"image\/jpeg\" \/>\n<meta name=\"twitter:card\" content=\"summary_large_image\" \/>\n<script type=\"application\/ld+json\" class=\"yoast-schema-graph\">{\"@context\":\"https:\\\/\\\/schema.org\",\"@graph\":[{\"@type\":\"WebPage\",\"@id\":\"https:\\\/\\\/ajatutaja.com\\\/izdelek\\\/pralne-blazinice-za-dojenje-iz-organskega-bombaza\\\/\",\"url\":\"https:\\\/\\\/ajatutaja.com\\\/izdelek\\\/pralne-blazinice-za-dojenje-iz-organskega-bombaza\\\/\",\"name\":\"Pralne blazinice za dojenje iz organskega bomba\u017ea | Ajatutaja\",\"isPartOf\":{\"@id\":\"https:\\\/\\\/ajatutaja.com\\\/#website\"},\"primaryImageOfPage\":{\"@id\":\"https:\\\/\\\/ajatutaja.com\\\/izdelek\\\/pralne-blazinice-za-dojenje-iz-organskega-bombaza\\\/#primaryimage\"},\"image\":{\"@id\":\"https:\\\/\\\/ajatutaja.com\\\/izdelek\\\/pralne-blazinice-za-dojenje-iz-organskega-bombaza\\\/#primaryimage\"},\"thumbnailUrl\":\"https:\\\/\\\/ajatutaja.com\\\/wp-content\\\/uploads\\\/2021\\\/11\\\/5006_002_01.jpg\",\"datePublished\":\"2015-09-19T18:38:58+00:00\",\"dateModified\":\"2026-03-04T11:46:00+00:00\",\"description\":\"Pralne blazinice za dojenje so izdelane iz \u010distega organskega bomba\u017ea. Ob uporabi dajejo prijeten ob\u010dutek sve\u017eine in so zelo opojne.\",\"breadcrumb\":{\"@id\":\"https:\\\/\\\/ajatutaja.com\\\/izdelek\\\/pralne-blazinice-za-dojenje-iz-organskega-bombaza\\\/#breadcrumb\"},\"inLanguage\":\"hr\",\"potentialAction\":[{\"@type\":\"ReadAction\",\"target\":[\"https:\\\/\\\/ajatutaja.com\\\/izdelek\\\/pralne-blazinice-za-dojenje-iz-organskega-bombaza\\\/\"]}]},{\"@type\":\"ImageObject\",\"inLanguage\":\"hr\",\"@id\":\"https:\\\/\\\/ajatutaja.com\\\/izdelek\\\/pralne-blazinice-za-dojenje-iz-organskega-bombaza\\\/#primaryimage\",\"url\":\"https:\\\/\\\/ajatutaja.com\\\/wp-content\\\/uploads\\\/2021\\\/11\\\/5006_002_01.jpg\",\"contentUrl\":\"https:\\\/\\\/ajatutaja.com\\\/wp-content\\\/uploads\\\/2021\\\/11\\\/5006_002_01.jpg\",\"width\":600,\"height\":600},{\"@type\":\"BreadcrumbList\",\"@id\":\"https:\\\/\\\/ajatutaja.com\\\/izdelek\\\/pralne-blazinice-za-dojenje-iz-organskega-bombaza\\\/#breadcrumb\",\"itemListElement\":[{\"@type\":\"ListItem\",\"position\":1,\"name\":\"Home\",\"item\":\"https:\\\/\\\/ajatutaja.com\\\/hr\\\/\"},{\"@type\":\"ListItem\",\"position\":2,\"name\":\"Trgovina\",\"item\":\"https:\\\/\\\/ajatutaja.com\\\/hr\\\/trgovina\\\/\"},{\"@type\":\"ListItem\",\"position\":3,\"name\":\"Pralne blazinice za dojenje iz organskega bomba\u017ea\"}]},{\"@type\":\"WebSite\",\"@id\":\"https:\\\/\\\/ajatutaja.com\\\/#website\",\"url\":\"https:\\\/\\\/ajatutaja.com\\\/\",\"name\":\"Ajatutaja\",\"description\":\"Otro\u0161ka spletna trgovina AJATUTAJA\",\"publisher\":{\"@id\":\"https:\\\/\\\/ajatutaja.com\\\/#organization\"},\"potentialAction\":[{\"@type\":\"SearchAction\",\"target\":{\"@type\":\"EntryPoint\",\"urlTemplate\":\"https:\\\/\\\/ajatutaja.com\\\/?s={search_term_string}\"},\"query-input\":{\"@type\":\"PropertyValueSpecification\",\"valueRequired\":true,\"valueName\":\"search_term_string\"}}],\"inLanguage\":\"hr\"},{\"@type\":\"Organization\",\"@id\":\"https:\\\/\\\/ajatutaja.com\\\/#organization\",\"name\":\"Ajatutaja\",\"url\":\"https:\\\/\\\/ajatutaja.com\\\/\",\"logo\":{\"@type\":\"ImageObject\",\"inLanguage\":\"hr\",\"@id\":\"https:\\\/\\\/ajatutaja.com\\\/#\\\/schema\\\/logo\\\/image\\\/\",\"url\":\"https:\\\/\\\/ajatutaja.com\\\/wp-content\\\/uploads\\\/2021\\\/10\\\/logo.png\",\"contentUrl\":\"https:\\\/\\\/ajatutaja.com\\\/wp-content\\\/uploads\\\/2021\\\/10\\\/logo.png\",\"width\":555,\"height\":150,\"caption\":\"Ajatutaja\"},\"image\":{\"@id\":\"https:\\\/\\\/ajatutaja.com\\\/#\\\/schema\\\/logo\\\/image\\\/\"}}]}<\/script>\n<!-- \/ Yoast SEO plugin. -->","yoast_head_json":{"title":"Pralne blazinice za dojenje iz organskega bomba\u017ea | Ajatutaja","description":"Pralne blazinice za dojenje so izdelane iz \u010distega organskega bomba\u017ea. Ob uporabi dajejo prijeten ob\u010dutek sve\u017eine in so zelo opojne.","robots":{"index":"index","follow":"follow","max-snippet":"max-snippet:-1","max-image-preview":"max-image-preview:large","max-video-preview":"max-video-preview:-1"},"canonical":"https:\/\/ajatutaja.com\/izdelek\/pralne-blazinice-za-dojenje-iz-organskega-bombaza\/","og_locale":"hr_HR","og_type":"article","og_title":"Pralne blazinice za dojenje iz organskega bomba\u017ea | Ajatutaja","og_description":"Pralne blazinice za dojenje so izdelane iz \u010distega organskega bomba\u017ea. Ob uporabi dajejo prijeten ob\u010dutek sve\u017eine in so zelo opojne.","og_url":"https:\/\/ajatutaja.com\/izdelek\/pralne-blazinice-za-dojenje-iz-organskega-bombaza\/","og_site_name":"Ajatutaja","article_modified_time":"2026-03-04T11:46:00+00:00","og_image":[{"width":600,"height":600,"url":"https:\/\/ajatutaja.com\/wp-content\/uploads\/2021\/11\/5006_002_01.jpg","type":"image\/jpeg"}],"twitter_card":"summary_large_image","schema":{"@context":"https:\/\/schema.org","@graph":[{"@type":"WebPage","@id":"https:\/\/ajatutaja.com\/izdelek\/pralne-blazinice-za-dojenje-iz-organskega-bombaza\/","url":"https:\/\/ajatutaja.com\/izdelek\/pralne-blazinice-za-dojenje-iz-organskega-bombaza\/","name":"Pralne blazinice za dojenje iz organskega bomba\u017ea | Ajatutaja","isPartOf":{"@id":"https:\/\/ajatutaja.com\/#website"},"primaryImageOfPage":{"@id":"https:\/\/ajatutaja.com\/izdelek\/pralne-blazinice-za-dojenje-iz-organskega-bombaza\/#primaryimage"},"image":{"@id":"https:\/\/ajatutaja.com\/izdelek\/pralne-blazinice-za-dojenje-iz-organskega-bombaza\/#primaryimage"},"thumbnailUrl":"https:\/\/ajatutaja.com\/wp-content\/uploads\/2021\/11\/5006_002_01.jpg","datePublished":"2015-09-19T18:38:58+00:00","dateModified":"2026-03-04T11:46:00+00:00","description":"Pralne blazinice za dojenje so izdelane iz \u010distega organskega bomba\u017ea. Ob uporabi dajejo prijeten ob\u010dutek sve\u017eine in so zelo opojne.","breadcrumb":{"@id":"https:\/\/ajatutaja.com\/izdelek\/pralne-blazinice-za-dojenje-iz-organskega-bombaza\/#breadcrumb"},"inLanguage":"hr","potentialAction":[{"@type":"ReadAction","target":["https:\/\/ajatutaja.com\/izdelek\/pralne-blazinice-za-dojenje-iz-organskega-bombaza\/"]}]},{"@type":"ImageObject","inLanguage":"hr","@id":"https:\/\/ajatutaja.com\/izdelek\/pralne-blazinice-za-dojenje-iz-organskega-bombaza\/#primaryimage","url":"https:\/\/ajatutaja.com\/wp-content\/uploads\/2021\/11\/5006_002_01.jpg","contentUrl":"https:\/\/ajatutaja.com\/wp-content\/uploads\/2021\/11\/5006_002_01.jpg","width":600,"height":600},{"@type":"BreadcrumbList","@id":"https:\/\/ajatutaja.com\/izdelek\/pralne-blazinice-za-dojenje-iz-organskega-bombaza\/#breadcrumb","itemListElement":[{"@type":"ListItem","position":1,"name":"Home","item":"https:\/\/ajatutaja.com\/hr\/"},{"@type":"ListItem","position":2,"name":"Trgovina","item":"https:\/\/ajatutaja.com\/hr\/trgovina\/"},{"@type":"ListItem","position":3,"name":"Pralne blazinice za dojenje iz organskega bomba\u017ea"}]},{"@type":"WebSite","@id":"https:\/\/ajatutaja.com\/#website","url":"https:\/\/ajatutaja.com\/","name":"Ajatutaja","description":"Otro\u0161ka spletna trgovina AJATUTAJA","publisher":{"@id":"https:\/\/ajatutaja.com\/#organization"},"potentialAction":[{"@type":"SearchAction","target":{"@type":"EntryPoint","urlTemplate":"https:\/\/ajatutaja.com\/?s={search_term_string}"},"query-input":{"@type":"PropertyValueSpecification","valueRequired":true,"valueName":"search_term_string"}}],"inLanguage":"hr"},{"@type":"Organization","@id":"https:\/\/ajatutaja.com\/#organization","name":"Ajatutaja","url":"https:\/\/ajatutaja.com\/","logo":{"@type":"ImageObject","inLanguage":"hr","@id":"https:\/\/ajatutaja.com\/#\/schema\/logo\/image\/","url":"https:\/\/ajatutaja.com\/wp-content\/uploads\/2021\/10\/logo.png","contentUrl":"https:\/\/ajatutaja.com\/wp-content\/uploads\/2021\/10\/logo.png","width":555,"height":150,"caption":"Ajatutaja"},"image":{"@id":"https:\/\/ajatutaja.com\/#\/schema\/logo\/image\/"}}]}},"brands":[{"id":2295,"name":"Anita Maternity","slug":"anita-maternity-dojenje"},{"id":2268,"name":"Dojenje","slug":"dojenje"}],"_links":{"self":[{"href":"https:\/\/ajatutaja.com\/hr\/wp-json\/wp\/v2\/product\/16186","targetHints":{"allow":["GET"]}}],"collection":[{"href":"https:\/\/ajatutaja.com\/hr\/wp-json\/wp\/v2\/product"}],"about":[{"href":"https:\/\/ajatutaja.com\/hr\/wp-json\/wp\/v2\/types\/product"}],"wp:featuredmedia":[{"embeddable":true,"href":"https:\/\/ajatutaja.com\/hr\/wp-json\/wp\/v2\/media\/16187"}],"wp:attachment":[{"href":"https:\/\/ajatutaja.com\/hr\/wp-json\/wp\/v2\/media?parent=16186"}],"wp:term":[{"taxonomy":"pwb-brand","embeddable":true,"href":"https:\/\/ajatutaja.com\/hr\/wp-json\/wp\/v2\/pwb-brand?post=16186"},{"taxonomy":"product_brand","embeddable":true,"href":"https:\/\/ajatutaja.com\/hr\/wp-json\/wp\/v2\/product_brand?post=16186"},{"taxonomy":"product_cat","embeddable":true,"href":"https:\/\/ajatutaja.com\/hr\/wp-json\/wp\/v2\/product_cat?post=16186"},{"taxonomy":"product_tag","embeddable":true,"href":"https:\/\/ajatutaja.com\/hr\/wp-json\/wp\/v2\/product_tag?post=16186"}],"curies":[{"name":"wp","href":"https:\/\/api.w.org\/{rel}","templated":true}]}}