{"id":16057,"date":"2015-11-26T14:42:38","date_gmt":"2015-11-26T13:42:38","guid":{"rendered":"https:\/\/ajatutaja.com\/izdelek\/zirafa-sophie-la-girafe-vulli\/"},"modified":"2026-03-12T14:55:48","modified_gmt":"2026-03-12T13:55:48","slug":"zirafa-sophie-la-girafe-vulli","status":"publish","type":"product","link":"https:\/\/ajatutaja.com\/hr\/proizvod\/zirafa-sophie-la-girafe-vulli\/","title":{"rendered":"\u017dirafa Sophie la Girafe VULLI"},"content":{"rendered":"<p style=\"text-align: justify\">\u017dirafa Sophie je izdelek, ki zadovolji vse dojen\u010dkove potrebe in je primeren za vsako stopnjo dojen\u010dkovega razvoja &#8211; \u017ee od rojstva dalje. Ko dojen\u010dek stisne \u017eirafo, ta proizvede ne\u017een zvok, ki spodbuja njegov sluh. Francoski proizvajalec Vulli je prvo \u017eirafo izdelal 25. maja davnega leta 1961\u2026to je dan Svete Sofije!\u00a0 Z leti je Sofija zaslovela po vsem svetu (v kar 71 dr\u017eavah jo prodajajo) in je prejemnica vrsto presti\u017enih priznanj in nagrad kot najbolj\u0161a igra\u010da za mal\u010dke.<\/p>\n<p><em>\u017dirafica Sophie in drugi izdelki iz kav\u010duka VULI vas \u010dakajo na policah Ajatutaja Koper!<\/em><\/p>\n<h3 style=\"text-align: justify\">\u017dirafa Sophie je DOJEN\u010cKOVA PRVA IGRA\u010cA, ki spodbuja prav VSAKEGA OD NJEGOVIH \u010cUTOV:<\/h3>\n<p style=\"text-align: justify\">VID:<br \/>\nDo starosti 3 mesecev je dojen\u010dkov vid omejen, zaradi \u010desar prepoznava le velike kontraste. Temne in opazne pike po celem telesu \u017dirafe Sophie privabljajo pozornost in omogo\u010dajo vizualno stimulacijo, \u017dirafa Sophie tako kmalu postane prepoznaven in pomirjajo\u010d predmet za dojen\u010dka.<\/p>\n<p style=\"text-align: justify\">SLUH:<br \/>\nZvok \u017eirafe Sophie zabava dojen\u010dka in spodbuja njegov sluh. Ko jo dojen\u010dek stisne, proizvede \u017dirafa Sophie sme\u0161en in prepoznaven zvok, ki sprva pomaga spodbujati dojen\u010dkov sluh, kasneje pa mu tudi pomaga razumeti povezavo med vzrokom in u\u010dinkom.<\/p>\n<p style=\"text-align: justify\">OKUS:<br \/>\n\u017dirafa Sophie je narejena iz 100% naravnega kav\u010duka in jedilne barve ter je popolnoma varna za \u017eve\u010denje, tako kot sesek stekleni\u010dke za hranjenje. Zaradi mehke teksture in \u0161tevilnih \u017eve\u010dljivih delov (u\u0161esa, rogovi, noge) je popolna za pomirjanje dojen\u010dkovih bole\u010dih dlesni, ko mu pri\u010dnejo rasti zobje.<\/p>\n<p style=\"text-align: justify\">DOTIK:<br \/>\nDotik je prvi na\u010din komunikacije dojen\u010dka z zunanjim svetom. Mehak ob\u010dutek \u017dirafe Sophie, tako kot ko\u017ea dojen\u010dkove mame, spodbuja psiholo\u0161ke in \u010dustvene odzive, ki dojen\u010dka pomirjajo in vzpodbujajo zdravo rast in dobro po\u010dutje.<\/p>\n<p style=\"text-align: justify\">VONJ:<br \/>\nZaradi edinstvenega vonja naravnega kav\u010duka iz drevesa Hevea va\u0161 dojen\u010dek zlahka prepozna \u017dirafo Sophie med vsemi drugimi igra\u010dami.<\/p>\n<p>PREPROST OPRIJEM:<br \/>\nOblika in velikost (18 cm) \u017dirafe Sophie sta prav\u0161nja za dojen\u010dkove majhne roke. \u017dirafa Sophie je zelo lahka, njene dolge noge in vrat pa omogo\u010dajo dojen\u010dku preprost oprijem \u017ee od svojih prvih dni.<\/p>\n","protected":false},"excerpt":{"rendered":"<p style=\"text-align: justify\">\u017dirafa Sophie ali Sofija je igra\u010da in grizalo, ki jo vsak dojen\u010dek takoj vzljubi. \u017dirafa Sophie je ro\u010dno izdelana igra\u010da &#8211; iz naravnega materiala &#8211; kav\u010duka in oddaja prijeten naraven vonj. Mal\u010dki si z nogicami \u017eirafe olaj\u0161ajo bole\u010dine pri izra\u0161\u010danju prvih zobkov. Oblika \u017eirafe omogo\u010da enostaven prijem &#8211; otrok poprime za vrat \u017eirafe in jo grizlja. Nogice \u017eirafe pa velikokrat nadomestijo mal\u010dkove prste v ustih.<\/p>\n","protected":false},"featured_media":16058,"template":"","meta":[],"pwb-brand":[2452,2454],"product_brand":[],"product_cat":[2441,2710,2610,2716,2711,2362],"product_tag":[3982,3983],"class_list":{"0":"post-16057","1":"product","2":"type-product","3":"status-publish","4":"has-post-thumbnail","6":"pwb-brand-igranje","7":"pwb-brand-vulli-igranje","8":"product_cat-aktivnostne-igrace","9":"product_cat-babyshower-darila","10":"product_cat-darila","11":"product_cat-darilo-do-30e","12":"product_cat-darilo-ob-rojstvu","13":"product_cat-igranje","14":"product_tag-vulli","15":"product_tag-zirafa-sofija","17":"first","18":"instock","19":"taxable","20":"shipping-taxable","21":"purchasable","22":"product-type-simple","23":"add-to-wishlist-before_image"},"yoast_head":"<!-- This site is optimized with the Yoast SEO plugin v27.3 - https:\/\/yoast.com\/product\/yoast-seo-wordpress\/ -->\n<title>\u017dirafa Sophie la Girafe VULLI | Ajatutaja<\/title>\n<meta name=\"description\" content=\"\u017dirafa Sophie je ro\u010dno izdelana igra\u010da - iz naravnega materiala - kav\u010duka. Mal\u010dki si z nogicami \u017eirafe olaj\u0161ajo bole\u010dine pri izra\u0161\u010danju prvih zobkov.\" \/>\n<meta name=\"robots\" content=\"index, follow, max-snippet:-1, max-image-preview:large, max-video-preview:-1\" \/>\n<link rel=\"canonical\" href=\"https:\/\/ajatutaja.com\/izdelek\/zirafa-sophie-la-girafe-vulli\/\" \/>\n<meta property=\"og:locale\" content=\"hr_HR\" \/>\n<meta property=\"og:type\" content=\"article\" \/>\n<meta property=\"og:title\" content=\"\u017dirafa Sophie la Girafe VULLI | Ajatutaja\" \/>\n<meta property=\"og:description\" content=\"\u017dirafa Sophie je ro\u010dno izdelana igra\u010da - iz naravnega materiala - kav\u010duka. Mal\u010dki si z nogicami \u017eirafe olaj\u0161ajo bole\u010dine pri izra\u0161\u010danju prvih zobkov.\" \/>\n<meta property=\"og:url\" content=\"https:\/\/ajatutaja.com\/izdelek\/zirafa-sophie-la-girafe-vulli\/\" \/>\n<meta property=\"og:site_name\" content=\"Ajatutaja\" \/>\n<meta property=\"article:modified_time\" content=\"2026-03-12T13:55:48+00:00\" \/>\n<meta property=\"og:image\" content=\"https:\/\/ajatutaja.com\/wp-content\/uploads\/2021\/11\/vulli-zirafa-sophie-embalaza-timeless-ajatutaja-1.jpeg\" \/>\n\t<meta property=\"og:image:width\" content=\"800\" \/>\n\t<meta property=\"og:image:height\" content=\"800\" \/>\n\t<meta property=\"og:image:type\" content=\"image\/jpeg\" \/>\n<meta name=\"twitter:card\" content=\"summary_large_image\" \/>\n<meta name=\"twitter:label1\" content=\"Procijenjeno vrijeme \u010ditanja\" \/>\n\t<meta name=\"twitter:data1\" content=\"2 minute\" \/>\n<script type=\"application\/ld+json\" class=\"yoast-schema-graph\">{\"@context\":\"https:\\\/\\\/schema.org\",\"@graph\":[{\"@type\":\"WebPage\",\"@id\":\"https:\\\/\\\/ajatutaja.com\\\/izdelek\\\/zirafa-sophie-la-girafe-vulli\\\/\",\"url\":\"https:\\\/\\\/ajatutaja.com\\\/izdelek\\\/zirafa-sophie-la-girafe-vulli\\\/\",\"name\":\"\u017dirafa Sophie la Girafe VULLI | Ajatutaja\",\"isPartOf\":{\"@id\":\"https:\\\/\\\/ajatutaja.com\\\/#website\"},\"primaryImageOfPage\":{\"@id\":\"https:\\\/\\\/ajatutaja.com\\\/izdelek\\\/zirafa-sophie-la-girafe-vulli\\\/#primaryimage\"},\"image\":{\"@id\":\"https:\\\/\\\/ajatutaja.com\\\/izdelek\\\/zirafa-sophie-la-girafe-vulli\\\/#primaryimage\"},\"thumbnailUrl\":\"https:\\\/\\\/ajatutaja.com\\\/wp-content\\\/uploads\\\/2021\\\/11\\\/vulli-zirafa-sophie-embalaza-timeless-ajatutaja-1.jpeg\",\"datePublished\":\"2015-11-26T13:42:38+00:00\",\"dateModified\":\"2026-03-12T13:55:48+00:00\",\"description\":\"\u017dirafa Sophie je ro\u010dno izdelana igra\u010da - iz naravnega materiala - kav\u010duka. Mal\u010dki si z nogicami \u017eirafe olaj\u0161ajo bole\u010dine pri izra\u0161\u010danju prvih zobkov.\",\"breadcrumb\":{\"@id\":\"https:\\\/\\\/ajatutaja.com\\\/izdelek\\\/zirafa-sophie-la-girafe-vulli\\\/#breadcrumb\"},\"inLanguage\":\"hr\",\"potentialAction\":[{\"@type\":\"ReadAction\",\"target\":[\"https:\\\/\\\/ajatutaja.com\\\/izdelek\\\/zirafa-sophie-la-girafe-vulli\\\/\"]}]},{\"@type\":\"ImageObject\",\"inLanguage\":\"hr\",\"@id\":\"https:\\\/\\\/ajatutaja.com\\\/izdelek\\\/zirafa-sophie-la-girafe-vulli\\\/#primaryimage\",\"url\":\"https:\\\/\\\/ajatutaja.com\\\/wp-content\\\/uploads\\\/2021\\\/11\\\/vulli-zirafa-sophie-embalaza-timeless-ajatutaja-1.jpeg\",\"contentUrl\":\"https:\\\/\\\/ajatutaja.com\\\/wp-content\\\/uploads\\\/2021\\\/11\\\/vulli-zirafa-sophie-embalaza-timeless-ajatutaja-1.jpeg\",\"width\":800,\"height\":800},{\"@type\":\"BreadcrumbList\",\"@id\":\"https:\\\/\\\/ajatutaja.com\\\/izdelek\\\/zirafa-sophie-la-girafe-vulli\\\/#breadcrumb\",\"itemListElement\":[{\"@type\":\"ListItem\",\"position\":1,\"name\":\"Home\",\"item\":\"https:\\\/\\\/ajatutaja.com\\\/hr\\\/\"},{\"@type\":\"ListItem\",\"position\":2,\"name\":\"Trgovina\",\"item\":\"https:\\\/\\\/ajatutaja.com\\\/hr\\\/trgovina\\\/\"},{\"@type\":\"ListItem\",\"position\":3,\"name\":\"\u017dirafa Sophie la Girafe VULLI\"}]},{\"@type\":\"WebSite\",\"@id\":\"https:\\\/\\\/ajatutaja.com\\\/#website\",\"url\":\"https:\\\/\\\/ajatutaja.com\\\/\",\"name\":\"Ajatutaja\",\"description\":\"Otro\u0161ka spletna trgovina AJATUTAJA\",\"publisher\":{\"@id\":\"https:\\\/\\\/ajatutaja.com\\\/#organization\"},\"potentialAction\":[{\"@type\":\"SearchAction\",\"target\":{\"@type\":\"EntryPoint\",\"urlTemplate\":\"https:\\\/\\\/ajatutaja.com\\\/?s={search_term_string}\"},\"query-input\":{\"@type\":\"PropertyValueSpecification\",\"valueRequired\":true,\"valueName\":\"search_term_string\"}}],\"inLanguage\":\"hr\"},{\"@type\":\"Organization\",\"@id\":\"https:\\\/\\\/ajatutaja.com\\\/#organization\",\"name\":\"Ajatutaja\",\"url\":\"https:\\\/\\\/ajatutaja.com\\\/\",\"logo\":{\"@type\":\"ImageObject\",\"inLanguage\":\"hr\",\"@id\":\"https:\\\/\\\/ajatutaja.com\\\/#\\\/schema\\\/logo\\\/image\\\/\",\"url\":\"https:\\\/\\\/ajatutaja.com\\\/wp-content\\\/uploads\\\/2021\\\/10\\\/logo.png\",\"contentUrl\":\"https:\\\/\\\/ajatutaja.com\\\/wp-content\\\/uploads\\\/2021\\\/10\\\/logo.png\",\"width\":555,\"height\":150,\"caption\":\"Ajatutaja\"},\"image\":{\"@id\":\"https:\\\/\\\/ajatutaja.com\\\/#\\\/schema\\\/logo\\\/image\\\/\"}}]}<\/script>\n<!-- \/ Yoast SEO plugin. -->","yoast_head_json":{"title":"\u017dirafa Sophie la Girafe VULLI | Ajatutaja","description":"\u017dirafa Sophie je ro\u010dno izdelana igra\u010da - iz naravnega materiala - kav\u010duka. Mal\u010dki si z nogicami \u017eirafe olaj\u0161ajo bole\u010dine pri izra\u0161\u010danju prvih zobkov.","robots":{"index":"index","follow":"follow","max-snippet":"max-snippet:-1","max-image-preview":"max-image-preview:large","max-video-preview":"max-video-preview:-1"},"canonical":"https:\/\/ajatutaja.com\/izdelek\/zirafa-sophie-la-girafe-vulli\/","og_locale":"hr_HR","og_type":"article","og_title":"\u017dirafa Sophie la Girafe VULLI | Ajatutaja","og_description":"\u017dirafa Sophie je ro\u010dno izdelana igra\u010da - iz naravnega materiala - kav\u010duka. Mal\u010dki si z nogicami \u017eirafe olaj\u0161ajo bole\u010dine pri izra\u0161\u010danju prvih zobkov.","og_url":"https:\/\/ajatutaja.com\/izdelek\/zirafa-sophie-la-girafe-vulli\/","og_site_name":"Ajatutaja","article_modified_time":"2026-03-12T13:55:48+00:00","og_image":[{"width":800,"height":800,"url":"https:\/\/ajatutaja.com\/wp-content\/uploads\/2021\/11\/vulli-zirafa-sophie-embalaza-timeless-ajatutaja-1.jpeg","type":"image\/jpeg"}],"twitter_card":"summary_large_image","twitter_misc":{"Procijenjeno vrijeme \u010ditanja":"2 minute"},"schema":{"@context":"https:\/\/schema.org","@graph":[{"@type":"WebPage","@id":"https:\/\/ajatutaja.com\/izdelek\/zirafa-sophie-la-girafe-vulli\/","url":"https:\/\/ajatutaja.com\/izdelek\/zirafa-sophie-la-girafe-vulli\/","name":"\u017dirafa Sophie la Girafe VULLI | Ajatutaja","isPartOf":{"@id":"https:\/\/ajatutaja.com\/#website"},"primaryImageOfPage":{"@id":"https:\/\/ajatutaja.com\/izdelek\/zirafa-sophie-la-girafe-vulli\/#primaryimage"},"image":{"@id":"https:\/\/ajatutaja.com\/izdelek\/zirafa-sophie-la-girafe-vulli\/#primaryimage"},"thumbnailUrl":"https:\/\/ajatutaja.com\/wp-content\/uploads\/2021\/11\/vulli-zirafa-sophie-embalaza-timeless-ajatutaja-1.jpeg","datePublished":"2015-11-26T13:42:38+00:00","dateModified":"2026-03-12T13:55:48+00:00","description":"\u017dirafa Sophie je ro\u010dno izdelana igra\u010da - iz naravnega materiala - kav\u010duka. Mal\u010dki si z nogicami \u017eirafe olaj\u0161ajo bole\u010dine pri izra\u0161\u010danju prvih zobkov.","breadcrumb":{"@id":"https:\/\/ajatutaja.com\/izdelek\/zirafa-sophie-la-girafe-vulli\/#breadcrumb"},"inLanguage":"hr","potentialAction":[{"@type":"ReadAction","target":["https:\/\/ajatutaja.com\/izdelek\/zirafa-sophie-la-girafe-vulli\/"]}]},{"@type":"ImageObject","inLanguage":"hr","@id":"https:\/\/ajatutaja.com\/izdelek\/zirafa-sophie-la-girafe-vulli\/#primaryimage","url":"https:\/\/ajatutaja.com\/wp-content\/uploads\/2021\/11\/vulli-zirafa-sophie-embalaza-timeless-ajatutaja-1.jpeg","contentUrl":"https:\/\/ajatutaja.com\/wp-content\/uploads\/2021\/11\/vulli-zirafa-sophie-embalaza-timeless-ajatutaja-1.jpeg","width":800,"height":800},{"@type":"BreadcrumbList","@id":"https:\/\/ajatutaja.com\/izdelek\/zirafa-sophie-la-girafe-vulli\/#breadcrumb","itemListElement":[{"@type":"ListItem","position":1,"name":"Home","item":"https:\/\/ajatutaja.com\/hr\/"},{"@type":"ListItem","position":2,"name":"Trgovina","item":"https:\/\/ajatutaja.com\/hr\/trgovina\/"},{"@type":"ListItem","position":3,"name":"\u017dirafa Sophie la Girafe VULLI"}]},{"@type":"WebSite","@id":"https:\/\/ajatutaja.com\/#website","url":"https:\/\/ajatutaja.com\/","name":"Ajatutaja","description":"Otro\u0161ka spletna trgovina AJATUTAJA","publisher":{"@id":"https:\/\/ajatutaja.com\/#organization"},"potentialAction":[{"@type":"SearchAction","target":{"@type":"EntryPoint","urlTemplate":"https:\/\/ajatutaja.com\/?s={search_term_string}"},"query-input":{"@type":"PropertyValueSpecification","valueRequired":true,"valueName":"search_term_string"}}],"inLanguage":"hr"},{"@type":"Organization","@id":"https:\/\/ajatutaja.com\/#organization","name":"Ajatutaja","url":"https:\/\/ajatutaja.com\/","logo":{"@type":"ImageObject","inLanguage":"hr","@id":"https:\/\/ajatutaja.com\/#\/schema\/logo\/image\/","url":"https:\/\/ajatutaja.com\/wp-content\/uploads\/2021\/10\/logo.png","contentUrl":"https:\/\/ajatutaja.com\/wp-content\/uploads\/2021\/10\/logo.png","width":555,"height":150,"caption":"Ajatutaja"},"image":{"@id":"https:\/\/ajatutaja.com\/#\/schema\/logo\/image\/"}}]}},"brands":[{"id":2452,"name":"Igranje","slug":"igranje"},{"id":2454,"name":"Vulli","slug":"vulli-igranje"}],"_links":{"self":[{"href":"https:\/\/ajatutaja.com\/hr\/wp-json\/wp\/v2\/product\/16057","targetHints":{"allow":["GET"]}}],"collection":[{"href":"https:\/\/ajatutaja.com\/hr\/wp-json\/wp\/v2\/product"}],"about":[{"href":"https:\/\/ajatutaja.com\/hr\/wp-json\/wp\/v2\/types\/product"}],"wp:featuredmedia":[{"embeddable":true,"href":"https:\/\/ajatutaja.com\/hr\/wp-json\/wp\/v2\/media\/16058"}],"wp:attachment":[{"href":"https:\/\/ajatutaja.com\/hr\/wp-json\/wp\/v2\/media?parent=16057"}],"wp:term":[{"taxonomy":"pwb-brand","embeddable":true,"href":"https:\/\/ajatutaja.com\/hr\/wp-json\/wp\/v2\/pwb-brand?post=16057"},{"taxonomy":"product_brand","embeddable":true,"href":"https:\/\/ajatutaja.com\/hr\/wp-json\/wp\/v2\/product_brand?post=16057"},{"taxonomy":"product_cat","embeddable":true,"href":"https:\/\/ajatutaja.com\/hr\/wp-json\/wp\/v2\/product_cat?post=16057"},{"taxonomy":"product_tag","embeddable":true,"href":"https:\/\/ajatutaja.com\/hr\/wp-json\/wp\/v2\/product_tag?post=16057"}],"curies":[{"name":"wp","href":"https:\/\/api.w.org\/{rel}","templated":true}]}}