{"id":80182,"date":"2023-08-10T19:17:41","date_gmt":"2023-08-10T17:17:41","guid":{"rendered":"https:\/\/ajatutaja.com\/wishlist\/"},"modified":"2025-09-12T17:08:19","modified_gmt":"2025-09-12T15:08:19","slug":"wishlist","status":"publish","type":"page","link":"https:\/\/ajatutaja.com\/hr\/wishlist\/","title":{"rendered":"Moja lista \u017eelja"},"content":{"rendered":"[vc_row][vc_column][vc_column_text]Ova stranica namijenjena je spremanju proizvoda koji su ti najdra\u017ei!\r\n\r\nKlikom na \u2764 kreirajte svoju listu \u017eelja proizvoda \u2013 za djetetovo ro\u0111enje, kao dar za ro\u0111endan ili kr\u0161tenje. Sastavite svoju &#8220;Wish list&#8221; i primajte samo poklone koji vam se svi\u0111aju i koje zaista \u017eelite \u2764. Odabrane proizvode zatim mo\u017eete podijeliti sa svojim najbli\u017eim prijateljima i rodbinom. Oni \u0107e s veseljem naru\u010diti proizvod i sigurno vas razveseliti poklonom.\r\n<h3>Kako funkcionira kreiranje i dijeljenje Liste \u017eelja?<\/h3>\r\n<ol>\r\n \t<li><a href=\"https:\/\/ajatutaja.com\/hr\/moj-racun\/\">Prijavite se registracijom<\/a> na web stranici ajatutaja.com<\/li>\r\n \t<li>Kliknite na \u2764 kod proizvoda koji vam se svi\u0111a i on \u0107e se spremiti na listu \u017eelja. Mogu\u0107e je dodati i <a href=\"https:\/\/ajatutaja.com\/hr\/kategorija\/pokloni\/poklon-bonovi\/\">Poklon bonove<\/a><\/li>\r\n \t<li>Klikom na \u2764 u izborniku otvara se va\u0161a lista \u017eelja, gdje se nalaze proizvodi koje ste odabrali<\/li>\r\n \t<li>Donju poveznicu zatim podijelite sa svojim bli\u017enjima<\/li>\r\n \t<li>Osobe kojima ste poslali poveznicu imaju uvid u listu odnosno &#8220;Wish list&#8221;. Tamo mogu naru\u010diti i platiti proizvod. Mogu\u0107a je dostava na ku\u0107nu adresu ili osobno preuzimanje u <a href=\"https:\/\/ajatutaja.com\/hr\/lokacija-trgovine\/\">trgovini Ajatutaja u Kopru<\/a><\/li>\r\n \t<li>Lista \u017eelja se redovito a\u017eurira. Tako \u0107ete vi i svi s kojima ste podijelili poveznicu znati koji proizvod ve\u0107 imate i \u0161to jo\u0161 \u017eelite ili trebate.<\/li>\r\n<\/ol>\r\n\n\n\n\n<form\n\tid=\"yith-wcwl-form\"\n\taction=\"https:\/\/ajatutaja.com\/hr\/wishlist\/\"\n\tmethod=\"post\"\n\tclass=\"woocommerce yith-wcwl-form wishlist-fragment\"\n\tdata-fragment-options=\"{&quot;per_page&quot;:5,&quot;current_page&quot;:1,&quot;pagination&quot;:&quot;no&quot;,&quot;wishlist_id&quot;:false,&quot;action_params&quot;:false,&quot;no_interactions&quot;:false,&quot;layout&quot;:&quot;&quot;,&quot;wishlist&quot;:false,&quot;is_default&quot;:true,&quot;is_custom_list&quot;:false,&quot;wishlist_token&quot;:&quot;&quot;,&quot;is_private&quot;:false,&quot;count&quot;:0,&quot;page_title&quot;:&quot;Izdelki&quot;,&quot;default_wishlsit_title&quot;:&quot;Izdelki&quot;,&quot;page_links&quot;:false,&quot;is_user_logged_in&quot;:false,&quot;is_user_owner&quot;:true,&quot;can_user_edit_title&quot;:false,&quot;show_price&quot;:true,&quot;show_dateadded&quot;:false,&quot;show_stock_status&quot;:true,&quot;show_add_to_cart&quot;:true,&quot;show_remove_product&quot;:true,&quot;add_to_cart_text&quot;:&quot;V ko\\u0161arico&quot;,&quot;show_ask_estimate_button&quot;:false,&quot;ask_estimate_url&quot;:&quot;&quot;,&quot;price_excl_tax&quot;:false,&quot;show_cb&quot;:false,&quot;show_quantity&quot;:false,&quot;show_variation&quot;:false,&quot;show_price_variations&quot;:false,&quot;show_update&quot;:false,&quot;enable_drag_n_drop&quot;:false,&quot;enable_add_all_to_cart&quot;:false,&quot;move_to_another_wishlist&quot;:false,&quot;repeat_remove_button&quot;:false,&quot;show_last_column&quot;:true,&quot;heading_icon&quot;:&quot;&lt;i class=\\&quot;fa heart-outline\\&quot;&gt;&lt;\\\/i&gt;&quot;,&quot;share_enabled&quot;:false,&quot;template_part&quot;:&quot;view&quot;,&quot;additional_info&quot;:false,&quot;available_multi_wishlist&quot;:false,&quot;form_action&quot;:&quot;https:\\\/\\\/ajatutaja.com\\\/hr\\\/wishlist\\\/&quot;,&quot;item&quot;:&quot;wishlist&quot;}\"\n>\n\n\t<!-- TITLE -->\n\t\t\t<div class=\"wishlist-title-container\">\n\t\t\t<div class=\"wishlist-title \">\n\t\t\t\t<h2>Izdelki<\/h2>\t\t\t\t\t\t\t<\/div>\n\t\t\t\t\t<\/div>\n\t\n\n<!-- WISHLIST TABLE -->\n<table\n\tclass=\"shop_table cart wishlist_table wishlist_view traditional responsive   \"\n\tdata-pagination=\"no\" data-per-page=\"5\" data-page=\"1\"\n\tdata-id=\"\" data-token=\"\">\n\n\t\n\t<thead>\n\t<tr>\n\t\t\n\t\t\t\t\t\t\t\t<th class=\"product-remove\">\n\t\t\t\t<span class=\"nobr\">\n\t\t\t\t\t\t\t\t\t<\/span>\n\t\t\t<\/th>\n\t\t\n\t\t<th class=\"product-thumbnail\"><\/th>\n\n\t\t<th class=\"product-name\">\n\t\t\t<span class=\"nobr\">\n\t\t\t\tProduct name\t\t\t<\/span>\n\t\t<\/th>\n\n\t\t\t\t\t\t\t\t<th class=\"product-price\">\n\t\t\t\t<span class=\"nobr\">\n\t\t\t\t\tUnit price\t\t\t\t<\/span>\n\t\t\t<\/th>\n\t\t\n\t\t\n\t\t\t\t\t\t\t\t<th class=\"product-stock-status\">\n\t\t\t\t<span class=\"nobr\">\n\t\t\t\t\tStock status\t\t\t\t<\/span>\n\t\t\t<\/th>\n\t\t\n\t\t\t\t\t\t\t\t<th class=\"product-add-to-cart\">\n\t\t\t\t<span class=\"nobr\">\n\t\t\t\t\t\t\t\t\t<\/span>\n\t\t\t<\/th>\n\t\t\n\t\t\t<\/tr>\n\t<\/thead>\n\n\t<tbody class=\"wishlist-items-wrapper\">\n\t\t\t<tr>\n\t\t\t\t\t\t<td colspan=\"6\" class=\"wishlist-empty\">No products added to the wishlist<\/td>\n\t\t<\/tr>\n\t\t\t<\/tbody>\n\n<\/table>\n\n<div class=\"yith_wcwl_wishlist_footer\">\n\t\n\n\t\n\n\t\n\t<\/div>\n\n<input type=\"hidden\" id=\"yith_wcwl_edit_wishlist\" name=\"yith_wcwl_edit_wishlist\" value=\"2dc592d0a7\" \/><input type=\"hidden\" name=\"_wp_http_referer\" value=\"\/hr\/wp-json\/wp\/v2\/pages\/80182\" \/><input type=\"hidden\" value=\"\" name=\"wishlist_id\" id=\"wishlist_id\">\n\n\n<\/form>\n\n\n\n\r\n\r\n[\/vc_column_text][\/vc_column][\/vc_row]<!-- \/wp:post-content -->","protected":false},"excerpt":{"rendered":"<p>[vc_row][vc_column][vc_column_text]Ova stranica namijenjena je spremanju proizvoda koji su ti najdra\u017ei! Klikom na \u2764 kreirajte svoju listu \u017eelja proizvoda \u2013 za\u2026<\/p>\n","protected":false},"author":1,"featured_media":0,"parent":0,"menu_order":0,"comment_status":"closed","ping_status":"closed","template":"","meta":{"footnotes":""},"class_list":["post-80182","page","type-page","status-publish","hentry"],"yoast_head":"<!-- This site is optimized with the Yoast SEO plugin v27.3 - https:\/\/yoast.com\/product\/yoast-seo-wordpress\/ -->\n<title>Moja lista \u017eelja | Ajatutaja<\/title>\n<meta name=\"description\" content=\"Klikom na \u2764 kreirajte svoju listu \u017eelja proizvoda u AJATUTAJA. Sastavite svoju &quot;Wish list&quot;, podijelite je s najbli\u017eima i primajte samo poklone koji vam se svi\u0111aju i koje zaista \u017eelite i trebate.\" \/>\n<meta name=\"robots\" content=\"index, follow, max-snippet:-1, max-image-preview:large, max-video-preview:-1\" \/>\n<link rel=\"canonical\" href=\"https:\/\/ajatutaja.com\/hr\/wishlist\/\" \/>\n<meta property=\"og:locale\" content=\"hr_HR\" \/>\n<meta property=\"og:type\" content=\"article\" \/>\n<meta property=\"og:title\" content=\"Moja lista \u017eelja | Ajatutaja\" \/>\n<meta property=\"og:description\" content=\"Klikom na \u2764 kreirajte svoju listu \u017eelja proizvoda u AJATUTAJA. Sastavite svoju &quot;Wish list&quot;, podijelite je s najbli\u017eima i primajte samo poklone koji vam se svi\u0111aju i koje zaista \u017eelite i trebate.\" \/>\n<meta property=\"og:url\" content=\"https:\/\/ajatutaja.com\/hr\/wishlist\/\" \/>\n<meta property=\"og:site_name\" content=\"Ajatutaja\" \/>\n<meta property=\"article:modified_time\" content=\"2025-09-12T15:08:19+00:00\" \/>\n<meta name=\"twitter:card\" content=\"summary_large_image\" \/>\n<meta name=\"twitter:label1\" content=\"Procijenjeno vrijeme \u010ditanja\" \/>\n\t<meta name=\"twitter:data1\" content=\"1 minuta\" \/>\n<script type=\"application\/ld+json\" class=\"yoast-schema-graph\">{\"@context\":\"https:\\\/\\\/schema.org\",\"@graph\":[{\"@type\":\"WebPage\",\"@id\":\"https:\\\/\\\/ajatutaja.com\\\/hr\\\/wishlist\\\/\",\"url\":\"https:\\\/\\\/ajatutaja.com\\\/hr\\\/wishlist\\\/\",\"name\":\"Moja lista \u017eelja | Ajatutaja\",\"isPartOf\":{\"@id\":\"https:\\\/\\\/ajatutaja.com\\\/#website\"},\"datePublished\":\"2023-08-10T17:17:41+00:00\",\"dateModified\":\"2025-09-12T15:08:19+00:00\",\"description\":\"Klikom na \u2764 kreirajte svoju listu \u017eelja proizvoda u AJATUTAJA. Sastavite svoju \\\"Wish list\\\", podijelite je s najbli\u017eima i primajte samo poklone koji vam se svi\u0111aju i koje zaista \u017eelite i trebate.\",\"breadcrumb\":{\"@id\":\"https:\\\/\\\/ajatutaja.com\\\/hr\\\/wishlist\\\/#breadcrumb\"},\"inLanguage\":\"hr\",\"potentialAction\":[{\"@type\":\"ReadAction\",\"target\":[\"https:\\\/\\\/ajatutaja.com\\\/hr\\\/wishlist\\\/\"]}]},{\"@type\":\"BreadcrumbList\",\"@id\":\"https:\\\/\\\/ajatutaja.com\\\/hr\\\/wishlist\\\/#breadcrumb\",\"itemListElement\":[{\"@type\":\"ListItem\",\"position\":1,\"name\":\"Home\",\"item\":\"https:\\\/\\\/ajatutaja.com\\\/hr\\\/\"},{\"@type\":\"ListItem\",\"position\":2,\"name\":\"Moja lista \u017eelja\"}]},{\"@type\":\"WebSite\",\"@id\":\"https:\\\/\\\/ajatutaja.com\\\/#website\",\"url\":\"https:\\\/\\\/ajatutaja.com\\\/\",\"name\":\"Ajatutaja\",\"description\":\"Otro\u0161ka spletna trgovina AJATUTAJA\",\"publisher\":{\"@id\":\"https:\\\/\\\/ajatutaja.com\\\/#organization\"},\"potentialAction\":[{\"@type\":\"SearchAction\",\"target\":{\"@type\":\"EntryPoint\",\"urlTemplate\":\"https:\\\/\\\/ajatutaja.com\\\/?s={search_term_string}\"},\"query-input\":{\"@type\":\"PropertyValueSpecification\",\"valueRequired\":true,\"valueName\":\"search_term_string\"}}],\"inLanguage\":\"hr\"},{\"@type\":\"Organization\",\"@id\":\"https:\\\/\\\/ajatutaja.com\\\/#organization\",\"name\":\"Ajatutaja\",\"url\":\"https:\\\/\\\/ajatutaja.com\\\/\",\"logo\":{\"@type\":\"ImageObject\",\"inLanguage\":\"hr\",\"@id\":\"https:\\\/\\\/ajatutaja.com\\\/#\\\/schema\\\/logo\\\/image\\\/\",\"url\":\"https:\\\/\\\/ajatutaja.com\\\/wp-content\\\/uploads\\\/2021\\\/10\\\/logo.png\",\"contentUrl\":\"https:\\\/\\\/ajatutaja.com\\\/wp-content\\\/uploads\\\/2021\\\/10\\\/logo.png\",\"width\":555,\"height\":150,\"caption\":\"Ajatutaja\"},\"image\":{\"@id\":\"https:\\\/\\\/ajatutaja.com\\\/#\\\/schema\\\/logo\\\/image\\\/\"}}]}<\/script>\n<!-- \/ Yoast SEO plugin. -->","yoast_head_json":{"title":"Moja lista \u017eelja | Ajatutaja","description":"Klikom na \u2764 kreirajte svoju listu \u017eelja proizvoda u AJATUTAJA. Sastavite svoju \"Wish list\", podijelite je s najbli\u017eima i primajte samo poklone koji vam se svi\u0111aju i koje zaista \u017eelite i trebate.","robots":{"index":"index","follow":"follow","max-snippet":"max-snippet:-1","max-image-preview":"max-image-preview:large","max-video-preview":"max-video-preview:-1"},"canonical":"https:\/\/ajatutaja.com\/hr\/wishlist\/","og_locale":"hr_HR","og_type":"article","og_title":"Moja lista \u017eelja | Ajatutaja","og_description":"Klikom na \u2764 kreirajte svoju listu \u017eelja proizvoda u AJATUTAJA. Sastavite svoju \"Wish list\", podijelite je s najbli\u017eima i primajte samo poklone koji vam se svi\u0111aju i koje zaista \u017eelite i trebate.","og_url":"https:\/\/ajatutaja.com\/hr\/wishlist\/","og_site_name":"Ajatutaja","article_modified_time":"2025-09-12T15:08:19+00:00","twitter_card":"summary_large_image","twitter_misc":{"Procijenjeno vrijeme \u010ditanja":"1 minuta"},"schema":{"@context":"https:\/\/schema.org","@graph":[{"@type":"WebPage","@id":"https:\/\/ajatutaja.com\/hr\/wishlist\/","url":"https:\/\/ajatutaja.com\/hr\/wishlist\/","name":"Moja lista \u017eelja | Ajatutaja","isPartOf":{"@id":"https:\/\/ajatutaja.com\/#website"},"datePublished":"2023-08-10T17:17:41+00:00","dateModified":"2025-09-12T15:08:19+00:00","description":"Klikom na \u2764 kreirajte svoju listu \u017eelja proizvoda u AJATUTAJA. Sastavite svoju \"Wish list\", podijelite je s najbli\u017eima i primajte samo poklone koji vam se svi\u0111aju i koje zaista \u017eelite i trebate.","breadcrumb":{"@id":"https:\/\/ajatutaja.com\/hr\/wishlist\/#breadcrumb"},"inLanguage":"hr","potentialAction":[{"@type":"ReadAction","target":["https:\/\/ajatutaja.com\/hr\/wishlist\/"]}]},{"@type":"BreadcrumbList","@id":"https:\/\/ajatutaja.com\/hr\/wishlist\/#breadcrumb","itemListElement":[{"@type":"ListItem","position":1,"name":"Home","item":"https:\/\/ajatutaja.com\/hr\/"},{"@type":"ListItem","position":2,"name":"Moja lista \u017eelja"}]},{"@type":"WebSite","@id":"https:\/\/ajatutaja.com\/#website","url":"https:\/\/ajatutaja.com\/","name":"Ajatutaja","description":"Otro\u0161ka spletna trgovina AJATUTAJA","publisher":{"@id":"https:\/\/ajatutaja.com\/#organization"},"potentialAction":[{"@type":"SearchAction","target":{"@type":"EntryPoint","urlTemplate":"https:\/\/ajatutaja.com\/?s={search_term_string}"},"query-input":{"@type":"PropertyValueSpecification","valueRequired":true,"valueName":"search_term_string"}}],"inLanguage":"hr"},{"@type":"Organization","@id":"https:\/\/ajatutaja.com\/#organization","name":"Ajatutaja","url":"https:\/\/ajatutaja.com\/","logo":{"@type":"ImageObject","inLanguage":"hr","@id":"https:\/\/ajatutaja.com\/#\/schema\/logo\/image\/","url":"https:\/\/ajatutaja.com\/wp-content\/uploads\/2021\/10\/logo.png","contentUrl":"https:\/\/ajatutaja.com\/wp-content\/uploads\/2021\/10\/logo.png","width":555,"height":150,"caption":"Ajatutaja"},"image":{"@id":"https:\/\/ajatutaja.com\/#\/schema\/logo\/image\/"}}]}},"_links":{"self":[{"href":"https:\/\/ajatutaja.com\/hr\/wp-json\/wp\/v2\/pages\/80182","targetHints":{"allow":["GET"]}}],"collection":[{"href":"https:\/\/ajatutaja.com\/hr\/wp-json\/wp\/v2\/pages"}],"about":[{"href":"https:\/\/ajatutaja.com\/hr\/wp-json\/wp\/v2\/types\/page"}],"author":[{"embeddable":true,"href":"https:\/\/ajatutaja.com\/hr\/wp-json\/wp\/v2\/users\/1"}],"replies":[{"embeddable":true,"href":"https:\/\/ajatutaja.com\/hr\/wp-json\/wp\/v2\/comments?post=80182"}],"version-history":[{"count":4,"href":"https:\/\/ajatutaja.com\/hr\/wp-json\/wp\/v2\/pages\/80182\/revisions"}],"predecessor-version":[{"id":80322,"href":"https:\/\/ajatutaja.com\/hr\/wp-json\/wp\/v2\/pages\/80182\/revisions\/80322"}],"wp:attachment":[{"href":"https:\/\/ajatutaja.com\/hr\/wp-json\/wp\/v2\/media?parent=80182"}],"curies":[{"name":"wp","href":"https:\/\/api.w.org\/{rel}","templated":true}]}}